{"id":996,"date":"2026-03-24T23:14:07","date_gmt":"2026-03-24T23:14:07","guid":{"rendered":"http:\/\/sabeono.com\/?page_id=996"},"modified":"2026-03-24T23:14:07","modified_gmt":"2026-03-24T23:14:07","slug":"propecia-genericu-oiged-sailitustingimused","status":"publish","type":"page","link":"http:\/\/sabeono.com\/?page_id=996","title":{"rendered":"Propecia Genericu \u00f5iged s\u00e4ilitustingimused"},"content":{"rendered":"<h1>Kuidas Propecia Genericut s\u00e4ilitada, sellega reisida ja uuesti t\u00e4ita<\/h1>\n<p>See juhend annab p\u00f5hjalikku n\u00f5u Propecia Genericu ladustamise, reisimise ja t\u00e4itmisv\u00f5imaluste kohta, tagades selle t\u00f5hususe ja k\u00e4ttesaadavuse siis, kui seda k\u00f5ige rohkem vajate.<\/p>\n<h2>Propecia Genericu \u00f5iged s\u00e4ilitustingimused<\/h2>\n<p>Propecia Genericu \u00f5ige s\u00e4ilitamine on selle t\u00f5hususe s\u00e4ilitamiseks \u00fclioluline. Ideaalis tuleks ravimit hoida originaalpakendis, mis on loodud kaitsma seda v\u00e4liste tegurite eest, mis v\u00f5ivad selle kvaliteeti halvendada. Originaalpakend sisaldab sageli konkreetseid juhiseid ja teavet ravimi kohta, mis v\u00f5ib olla \u00f5ige kasutamise ja identifitseerimise jaoks otsustava t\u00e4htsusega.<\/p>\n<p>V\u00e4ltige ravimi asetamist kohtadesse, kus esineb sagedasi temperatuurimuutusi v\u00f5i niiskuse k\u00f5ikumisi, n\u00e4iteks vannituppa v\u00f5i k\u00f6\u00f6ki. Selle asemel hoidke seda kuivas jahedas kohas, kaitstuna otsese p\u00e4ikesevalguse eest. See tava aitab v\u00e4ltida ravimi t\u00f5hususe enneaegset kaotamist, tagades, et iga teie v\u00f5etud annus on nii t\u00f5hus, kui teie tervishoiuteenuse osutaja on ette n\u00e4inud.<\/p>\n<h2>Propecia Genericu temperatuuri kaalutlused<\/h2>\n<p>Temperatuuril on ravimite s\u00e4ilitamisel oluline roll. Propecia Genericut tuleks ideaalis hoida toatemperatuuril, tavaliselt vahemikus 20 kuni 25 kraadi Celsiuse j\u00e4rgi. \u00c4\u00e4rmuslikud temperatuurid v\u00f5ivad kahjustada ravimi stabiilsust, mis v\u00f5ib viia efektiivsuse v\u00e4henemiseni v\u00f5i keemilise koostise muutumiseni.<\/p>\n<p>Eriti kuuma v\u00f5i k\u00fclma ilmaga v\u00f5ib osutuda vajalikuks v\u00f5tta t\u00e4iendavaid ettevaatusabin\u00f5usid. Kui elate \u00e4\u00e4rmuslike temperatuuridega kliimas, kaaluge isoleeritud konteineri kasutamist, et s\u00e4ilitada ravimite jaoks stabiilne keskkond. See on eriti oluline, kui teie kodus pole kliimaseadet, kuna k\u00f5ikumine v\u00f5ib olla \u00fcsna m\u00e4rkimisv\u00e4\u00e4rne.<\/p>\n<h2>Propecia Genericu kaitsmine niiskuse eest<\/h2>\n<p>Niiskus on teine \u200b\u200btegur, mis v\u00f5ib Propecia Genericu kvaliteeti halvendada. Kokkupuude niiskusega v\u00f5ib p\u00f5hjustada ravimi kleepumist v\u00f5i lahustumist, mis mitte ainult ei m\u00f5juta selle v\u00e4limust, vaid v\u00f5ib m\u00f5jutada ka selle t\u00f5husust. Selle riski v\u00e4hendamiseks veenduge, et konteiner oleks alati p\u00e4rast iga kasutamist tihedalt suletud.<\/p>\n<p>Kaaluge hoiukohas kuivatusaine v\u00f5i niiskuse absorbeerija kasutamist. Need v\u00f5ivad aidata s\u00e4ilitada kuiva keskkonda, eriti niiskes kliimas. Kuid \u00e4rge asetage neid otse ravimipudelisse, kuna see v\u00f5ib tahtmatult sinna sattuda saasteaineid v\u00f5i kemikaale, mis v\u00f5ivad ravimiga suhelda.<\/p>\n<h2>Reisimine Propecia Genericuga: olulised n\u00e4pun\u00e4ited<\/h2>\n<p>Propecia Genericuga reisides on ettevalmistus v\u00f5tmeks. Alustuseks kontrollige, kui palju ravimeid te reisi jooksul vajate, sealhulgas m\u00f5ned lisap\u00e4evad hilinemise korral. See v\u00f5ib \u00e4ra hoida ootamatuid puudusi, mis v\u00f5ivad teie ravire\u017eiimi h\u00e4irida.<\/p>\n<p>Kui lendate, veenduge, et ravim oleks pakitud teie k\u00e4sipagasikotti. See hoiab selle ligip\u00e4\u00e4setavana ja hoiab \u00e4ra k\u00f5ik probleemid, kui teie \u00e4raantav pagas on valesti paigutatud. Lisaks kandke kaasas oma retsepti koopiat v\u00f5i arsti m\u00e4rkust, et selgitada ravimi vajalikkust, kui reisite kontrollpunktides k\u00fcsite.<\/p>\n<h2>Propecia Generic pakkimine lennureiside jaoks<\/h2>\n<p>Lennureisid v\u00f5ivad olla eriti keerulised, kuna on kehtestatud ranged turvareeglid ning vajadus juhtida salongi r\u00f5hu- ja temperatuurimuutusi. Propecia Genericu kaitsmiseks pakkige see l\u00e4bipaistvasse, taassuletavasse kilekotti koos k\u00f5igi vajalike dokumentidega, nagu teie retsept v\u00f5i tervishoiuteenuse osutaja m\u00e4rkus.<\/p>\n<p>Hoidke oma ravimeid k\u00e4sipagasis kergesti ligip\u00e4\u00e4setavas kohas. <a href=\"https:\/\/hooldusapteek.org\/propecia-generic-hind-veebis-ilma-retseptita\">Finasteride Kulu<\/a> See mitte ainult ei lihtsusta turvakontrolli protsessi, vaid tagab ka kiire juurdep\u00e4\u00e4su lennu ajal, kui peaksite annuse v\u00f5tma. Pidage meeles, et salongi temperatuurid v\u00f5ivad varieeruda, nii et hoidke ravimeid koti p\u00f5hisahtlis, v\u00e4ltides kokkupuudet otsese p\u00e4ikesevalguse v\u00f5i soojusallikatega.<\/p>\n<h2>\u00d5iguslikud kaalutlused Propecia Genericuga reisimisel<\/h2>\n<p>Erinevates riikides kehtivad ravimite kohta erinevad eeskirjad ja enne reisimist on oluline neist aru saada. M\u00f5nes riigis on ravimite, sealhulgas Propecia Genericu \u00fcle range kontroll. V\u00f5imalike juriidiliste probleemide v\u00e4ltimiseks uurige oma sihtriigi juriidilisi n\u00f5udeid.<\/p>\n<p>M\u00f5nel juhul peate v\u00f5ib-olla riiki sisenedes deklareerima oma ravimid. Seda protsessi v\u00f5ib h\u00f5lbustada retsepti koopia ja arsti kirja olemasolu. Samuti on m\u00f5istlik k\u00fcsida k\u00fclastatava riigi saatkonnast v\u00f5i konsulaadist konkreetseid juhiseid ravimite kaasaskandmise kohta.<\/p>\n<h2>Propecia Genericu ohutuse tagamine reisi ajal<\/h2>\n<p>Propecia Genericu ohutuse tagamiseks reisi ajal j\u00e4lgige keskkonnatingimusi, millega see kokku puutub. V\u00e4ltige ravimi j\u00e4tmist autosse v\u00f5i mujale, kus see v\u00f5ib olla \u00e4\u00e4rmuslikel temperatuuridel. Kui olete pikal reisil, kaaluge stabiilse keskkonna s\u00e4ilitamiseks kaasaskantava jahuti kasutamist.<\/p>\n<p>Lisaks pidage meeles ravimi aegumiskuup\u00e4eva. Reisimine v\u00f5ib m\u00f5nikord teie kasutusperioodi ootamatult pikendada, seega veenduge, et teil oleks enne ravimi aegumist piisavalt aega. Kontrollige regulaarselt tahvelarvutite seisukorda, et veenduda, et need pole transpordi ajal kahjustatud.<\/p>\n<h2>Propecia geneerilise retsepti uuesti t\u00e4itmine<\/h2>\n<p>Propecia Genericu retsepti uuesti t\u00e4itmine on lihtne protsess, kuid see n\u00f5uab ravi j\u00e4rjepidevuse tagamiseks t\u00e4helepanu detailidele. Alustuseks j\u00e4lgige oma j\u00e4relej\u00e4\u00e4nud varusid ja alustage t\u00e4itmisprotsessi, kui teil on j\u00e4\u00e4nud umbes n\u00e4dala jagu ravimeid. See puhverperiood v\u00f5tab arvesse v\u00f5imalikke viivitusi t\u00f6\u00f6tlemisel v\u00f5i tarnimisel.<\/p>\n<p>V\u00f5tke \u00fchendust oma apteekiga, et kinnitada ravimite saadavust ja ajastada t\u00e4itmine. M\u00f5ned apteegid pakuvad automaatset t\u00e4itmisteenust, mis v\u00f5ib olla mugav valik, kui teil on j\u00e4rjepidev retseptide v\u00e4ljakirjutamise ajakava. Kontrollige alati, et v\u00e4ljastatud ravim vastaks teie tervishoiuteenuse osutaja antud retsepti \u00fcksikasjadele.<\/p>\n<h2>Internetis vs. Propecia Genericu t\u00e4itmisv\u00f5imalused poes<\/h2>\n<p>Propecia Generic retseptide uuesti t\u00e4itmist saab teha kas veebis v\u00f5i poes, millest iga\u00fchel on oma eelised. Veebip\u00f5hine t\u00e4itmine on mugav ja v\u00f5imaldab sageli ka kojutoomist, mis sobib ideaalselt neile, kellel on kiire graafik v\u00f5i liikumisprobleemid. Paljud Interneti-apteegid pakuvad automaatseid meeldetuletusi ja t\u00e4itmisteenuseid, tagades, et te ei j\u00e4ta kunagi annust vahele.<\/p>\n<p>Kaupluses t\u00e4itmine seevastu annab v\u00f5imaluse vahetuks suhtlemiseks apteekriga, kes oskab n\u00f5u anda ja vastata k\u00f5ikidele ravimiga seotud k\u00fcsimustele. See valik v\u00f5ib olla kasulik neile, kes eelistavad n\u00e4ost n\u00e4kku suhtlemist v\u00f5i vajavad kohest juurdep\u00e4\u00e4su oma ravimitele.<\/p>\n<h2>Propecia \u00fcldiste t\u00e4itmiste haldamine v\u00e4lismaal<\/h2>\n<p>Propecia Genericu t\u00e4itmine v\u00e4lismaal n\u00f5uab hoolikat planeerimist. Enne reisimist kontrollige, kas teie olemasolev retsept kehtib teie sihtriigis. M\u00f5nel juhul peate v\u00f5ib-olla hankima kohalikult tervishoiuteenuse osutajalt uue retsepti.<\/p>\n<p>Kaaluge enne lahkumist apteegis veebikonto loomist, mis v\u00f5ib v\u00e4lismaalt t\u00e4itmist lihtsustada. Teise v\u00f5imalusena uurige oma sihtkoha kohalikke apteeke, mis v\u00f5ivad teie retsepti t\u00e4ita. Protsessi h\u00f5lbustamiseks kandke alati kaasas oma retsepti koopiat ja arstilt saadud kirja.<\/p>\n<h2>Propecia Genericu retseptim\u00e4rgiste m\u00f5istmine<\/h2>\n<p>Propecia Genericu retseptim\u00e4rgistuse m\u00f5istmine on \u00f5igeks kasutamiseks \u00fclioluline. Silt sisaldab olulist teavet, nagu annus, sagedus ja mis tahes konkreetsed juhised teie tervishoiuteenuse osutajalt. See v\u00f5ib sisaldada ka hoiatusi v\u00f5imalike k\u00f5rvaltoimete v\u00f5i koostoimete kohta teiste ravimitega.<\/p>\n<p>V\u00f5tke aega ja lugege hoolikalt etikett ja pidage n\u00f5u oma apteekriga v\u00f5i arstiga, kui teil on k\u00fcsimusi. Etiketil olevate juhiste j\u00e4rgimine aitab tagada ravimi efektiivsuse, minimeerides samal ajal k\u00f5rvaltoimete riski.<\/p>\n<h2>Propecia \u00fcldise doseerimise ja t\u00e4itmiste j\u00e4lgimine<\/h2>\n<p>Propecia Genericu annuste ja t\u00e4itmiste j\u00e4lgimine v\u00f5ib v\u00e4ltida ravi katkestusi. Kaaluge ravimihaldusrakenduse kasutamist, mis v\u00f5ib saata meeldetuletusi, kui on aeg annus v\u00f5tta v\u00f5i retsepti uuesti t\u00e4ita. Need vahendid v\u00f5ivad olla j\u00e4rjepideva raviskeemi s\u00e4ilitamisel hindamatud.<\/p>\n<p>Veel \u00fcks t\u00f5hus strateegia on isikliku ravip\u00e4eviku pidamine. See v\u00f5ib sisaldada m\u00e4rkusi selle kohta, millal te ravimit v\u00f5tsite, mis tahes k\u00f5rvaltoimeid ja millal on vaja t\u00e4iteaineid tellida. Sellised kirjed v\u00f5ivad olla kasulikud raviplaani optimeerimiseks tervishoiuteenuse osutajaga konsulteerimisel.<\/p>\n<h2>Propecia \u00fcldiste t\u00e4iteainetega seotud levinud probleemide lahendamine<\/h2>\n<p>Propecia Genericu uuesti t\u00e4itmine v\u00f5ib m\u00f5nikord tekitada probleeme, nagu laovarude nappus v\u00f5i t\u00f6\u00f6tlemise viivitused. Kui teil tekivad need probleemid, v\u00f5tke kohe \u00fchendust oma apteekiga, et arutada alternatiivseid v\u00f5imalusi. Nad v\u00f5ivad soovitada teist kaubam\u00e4rki v\u00f5i ajutist lahendust, kuni teie tavaline ravim on saadaval.<\/p>\n<p>Kui kindlustuskaitse on muret tekitav, r\u00e4\u00e4kige oma apteekri v\u00f5i tervishoiuteenuse osutajaga v\u00f5imalikest asendustest v\u00f5i finantsabiprogrammidest. Proaktiivne tegutsemine nende probleemide lahendamisel v\u00f5ib aidata teil ravi j\u00e4tkata ilma oluliste katkestusteta.<\/p>\n<h2>N\u00e4pun\u00e4iteid Propecia Genericu otsa l\u00f5ppemise v\u00e4ltimiseks<\/h2>\n<p>Propecia Genericu ammendumise v\u00e4ltimiseks looge oma tarnete haldamiseks ennetav l\u00e4henemisviis. Vaadake regulaarselt \u00fcle oma ravimivarud ja m\u00e4\u00e4rake meeldetuletused, et alustada t\u00e4itmist, enne kui teie varu on l\u00f5ppenud. See etten\u00e4gelikkus v\u00f5ib \u00e4ra hoida l\u00fcnki teie ravis, mis v\u00f5ib m\u00f5jutada ravimi efektiivsust.<\/p>\n<p>Kaaluge apteegi automaatse t\u00e4itmisteenusega liitumist, mis v\u00f5ib pakkuda meelerahu, tagades, et teie retsept t\u00e4idetakse kiiresti. Lisaks pidage alati paigas situatsiooniplaan, n\u00e4iteks teadke l\u00e4hedal asuvate apteekide asukohta v\u00f5i omage reisimisel varuvaru.<\/p>\n<h2>Tervishoiuteenuste osutajatega konsulteerimine Propecia \u00fcldise kasutamise ja t\u00e4itmiste kohta<\/h2>\n<p>Regulaarsed konsultatsioonid oma tervishoiuteenuse osutajaga on Propecia Genericu kasutamise t\u00f5husaks haldamiseks h\u00e4davajalikud. Arutage oma muresid v\u00f5i k\u00f5rvaltoimeid, kuna v\u00f5ib osutuda vajalikuks annuse kohandamine v\u00f5i ravimi muutmine. Teie arst v\u00f5ib anda ka \u00fclevaate uusimate raviv\u00f5imaluste ja edusammude kohta.<\/p>\n<p>Veenduge, et teil on oma raviplaanist ja t\u00e4itmiskavast selge arusaam. Avatud suhtlus oma tervishoiuteenuse osutajaga aitab kohandada ravi vastavalt teie vajadustele, tagades optimaalsed tulemused. Tundke alati \u00f5igust esitada k\u00fcsimusi ja otsida selgitusi oma ravimite haldamise mis tahes aspektide kohta.<\/p>\n","protected":false},"excerpt":{"rendered":"<p>Kuidas Propecia Genericut s\u00e4ilitada, sellega reisida ja uuesti t\u00e4ita See juhend annab p\u00f5hjalikku n\u00f5u Propecia Genericu ladustamise, reisimise ja t\u00e4itmisv\u00f5imaluste kohta, tagades selle t\u00f5hususe ja k\u00e4ttesaadavuse siis, kui seda k\u00f5ige rohkem vajate. Propecia Genericu \u00f5iged s\u00e4ilitustingimused Propecia Genericu \u00f5ige s\u00e4ilitamine on selle t\u00f5hususe s\u00e4ilitamiseks \u00fclioluline. Ideaalis tuleks ravimit hoida originaalpakendis, mis on loodud kaitsma seda &hellip; <a href=\"http:\/\/sabeono.com\/?page_id=996\" class=\"more-link\">Continue reading <span class=\"screen-reader-text\">Propecia Genericu \u00f5iged s\u00e4ilitustingimused<\/span> <span class=\"meta-nav\">&rarr;<\/span><\/a><\/p>\n","protected":false},"author":1,"featured_media":0,"parent":0,"menu_order":0,"comment_status":"closed","ping_status":"closed","template":"","meta":{"footnotes":""},"_links":{"self":[{"href":"http:\/\/sabeono.com\/index.php?rest_route=\/wp\/v2\/pages\/996"}],"collection":[{"href":"http:\/\/sabeono.com\/index.php?rest_route=\/wp\/v2\/pages"}],"about":[{"href":"http:\/\/sabeono.com\/index.php?rest_route=\/wp\/v2\/types\/page"}],"author":[{"embeddable":true,"href":"http:\/\/sabeono.com\/index.php?rest_route=\/wp\/v2\/users\/1"}],"replies":[{"embeddable":true,"href":"http:\/\/sabeono.com\/index.php?rest_route=%2Fwp%2Fv2%2Fcomments&post=996"}],"version-history":[{"count":1,"href":"http:\/\/sabeono.com\/index.php?rest_route=\/wp\/v2\/pages\/996\/revisions"}],"predecessor-version":[{"id":997,"href":"http:\/\/sabeono.com\/index.php?rest_route=\/wp\/v2\/pages\/996\/revisions\/997"}],"wp:attachment":[{"href":"http:\/\/sabeono.com\/index.php?rest_route=%2Fwp%2Fv2%2Fmedia&parent=996"}],"curies":[{"name":"wp","href":"https:\/\/api.w.org\/{rel}","templated":true}]}}