{"id":994,"date":"2026-03-24T23:10:40","date_gmt":"2026-03-24T23:10:40","guid":{"rendered":"http:\/\/sabeono.com\/?page_id=994"},"modified":"2026-03-24T23:10:40","modified_gmt":"2026-03-24T23:10:40","slug":"pochopeni-vidalisty-prehled","status":"publish","type":"page","link":"http:\/\/sabeono.com\/?page_id=994","title":{"rendered":"Pochopen\u00ed Vidalisty: P\u0159ehled"},"content":{"rendered":"<h1>V\u00fdhody a \u00fa\u010dinnost Vidalista<\/h1>\n<p>Vidalista je l\u00e9k \u0161iroce pou\u017e\u00edvan\u00fd k l\u00e9\u010db\u011b erektiln\u00ed dysfunkce (ED) s mnoha v\u00fdhodami a \u00favahami pro efektivn\u00ed pou\u017eit\u00ed.<\/p>\n<h2>Pochopen\u00ed Vidalisty: P\u0159ehled<\/h2>\n<p>Vidalista je farmaceutick\u00fd p\u0159\u00edpravek b\u011b\u017en\u011b p\u0159edepisovan\u00fd k l\u00e9\u010db\u011b erektiln\u00ed dysfunkce (ED) u mu\u017e\u016f. Vidalista, vyroben\u00fd s \u00fa\u010dinnou l\u00e1tkou tadalafil, pat\u0159\u00ed do t\u0159\u00eddy l\u00e9k\u016f zn\u00e1m\u00fdch jako inhibitory fosfodiester\u00e1zy typu 5 (PDE5). Tyto l\u00e9ky p\u016fsob\u00ed tak, \u017ee zvy\u0161uj\u00ed pr\u016ftok krve do penisu, \u010d\u00edm\u017e usnad\u0148uj\u00ed dosa\u017een\u00ed a udr\u017een\u00ed erekce vhodn\u00e9 pro sexu\u00e1ln\u00ed aktivitu.<\/p>\n<p>Jako obl\u00edben\u00e1 volba mezi l\u00e9\u010dbou ED je Vidalista k dispozici v r\u016fzn\u00fdch d\u00e1vk\u00e1ch, co\u017e umo\u017e\u0148uje zdravotn\u00edk\u016fm p\u0159izp\u016fsobit l\u00e9ky individu\u00e1ln\u00edm pot\u0159eb\u00e1m pacienta. L\u00e9k se obecn\u011b u\u017e\u00edv\u00e1 peror\u00e1ln\u011b, p\u0159i\u010dem\u017e \u00fa\u010dinky obvykle trvaj\u00ed a\u017e 36 hodin, co\u017e mu vyslou\u017eilo p\u0159ezd\u00edvku &quot;v\u00edkendov\u00e1 pilulka&quot;. Tato prodlou\u017een\u00e1 doba p\u016fsoben\u00ed m\u016f\u017ee u\u017eivatel\u016fm poskytnout v\u011bt\u0161\u00ed spont\u00e1nnost a flexibilitu.<\/p>\n<h2>Jak Vidalista p\u016fsob\u00ed v t\u011ble<\/h2>\n<p>Mechanismus \u00fa\u010dinku p\u0159\u00edpravku Vidalista zahrnuje inhibici enzymu PDE5, kter\u00fd se nach\u00e1z\u00ed v bu\u0148k\u00e1ch hladk\u00e9ho svalstva penisu. Blokov\u00e1n\u00edm tohoto enzymu zabra\u0148uje Vidalista rozkladu cyklick\u00e9ho guanosinmonofosf\u00e1tu (cGMP), molekuly, kter\u00e1 hraje kl\u00ed\u010dovou roli p\u0159i regulaci pr\u016ftoku krve. V d\u016fsledku toho se hladiny cGMP zvy\u0161uj\u00ed, co\u017e vede k relaxaci hladk\u00fdch sval\u016f a dilataci krevn\u00edch c\u00e9v v tk\u00e1ni penisu.<\/p>\n<p>Tato fyziologick\u00e1 zm\u011bna zvy\u0161uje pr\u016ftok krve, co\u017e usnad\u0148uje dosa\u017een\u00ed erekce v kombinaci se sexu\u00e1ln\u00ed stimulac\u00ed. Na rozd\u00edl od jin\u00fdch l\u00e9k\u016f na ED m\u00e1 tadalafil, aktivn\u00ed slo\u017eka p\u0159\u00edpravku Vidalista, del\u0161\u00ed polo\u010das rozpadu, co\u017e odpov\u00edd\u00e1 jeho prodlou\u017een\u00e9mu \u00fa\u010dinku. To m\u016f\u017ee b\u00fdt zvl\u00e1\u0161t\u011b v\u00fdhodn\u00e9 pro ty, kte\u0159\u00ed hledaj\u00ed p\u0159irozen\u011bj\u0161\u00ed a m\u00e9n\u011b \u010dasov\u011b omezen\u00fd p\u0159\u00edstup k l\u00e9\u010db\u011b erektiln\u00ed dysfunkce.<\/p>\n<h2>Kl\u00ed\u010dov\u00e9 v\u00fdhody pou\u017e\u00edv\u00e1n\u00ed Vidalista<\/h2>\n<p>Jednou z hlavn\u00edch v\u00fdhod p\u0159\u00edpravku Vidalista je jeho dlouhodob\u00fd \u00fa\u010dinek, kter\u00fd m\u016f\u017ee trvat a\u017e 36 hodin. Tato charakteristika poskytuje \u0161ir\u0161\u00ed okno pro sexu\u00e1ln\u00ed aktivitu, sni\u017euje tlak a \u010dasov\u00e1 omezen\u00ed \u010dasto spojen\u00e1 s l\u00e9ky na ED. Tato flexibilita m\u016f\u017ee zlep\u0161it sexu\u00e1ln\u00ed z\u00e1\u017eitek, tak\u017ee je m\u00e9n\u011b organizovan\u00fd a spont\u00e1nn\u011bj\u0161\u00ed.<\/p>\n<p>Krom\u011b toho bylo prok\u00e1z\u00e1no, \u017ee Vidalista \u00fa\u010dinn\u011b zlep\u0161uje erektiln\u00ed funkci u \u0161irok\u00e9 populace, v\u010detn\u011b mu\u017e\u016f se z\u00e1kladn\u00edmi zdravotn\u00edmi probl\u00e9my, jako je diabetes a hypertenze. Jeho \u00fa\u010dinnost v kombinaci s dobr\u00fdm bezpe\u010dnostn\u00edm profilem z n\u011bj \u010din\u00ed \u0161iroce p\u0159ij\u00edmanou mo\u017enost l\u00e9\u010dby. Krom\u011b toho dostupnost r\u016fzn\u00fdch d\u00e1vek znamen\u00e1, \u017ee l\u00e9\u010dbu lze p\u0159izp\u016fsobit tak, aby vyhovovala individu\u00e1ln\u00ed sn\u00e1\u0161enlivosti a \u00fa\u010dinnosti a minimalizovala potenci\u00e1ln\u00ed vedlej\u0161\u00ed \u00fa\u010dinky.<\/p>\n<h2>Role Vidalisty p\u0159i l\u00e9\u010db\u011b erektiln\u00ed dysfunkce<\/h2>\n<p>Erektiln\u00ed dysfunkce m\u016f\u017ee v\u00fdznamn\u011b ovlivnit kvalitu \u017eivota mu\u017ee a ovlivnit jak sebev\u011bdom\u00ed, tak intimn\u00ed vztahy. Vidalista hraje kl\u00ed\u010dovou roli p\u0159i zm\u00edr\u0148ov\u00e1n\u00ed p\u0159\u00edznak\u016f ED, \u010d\u00edm\u017e zlep\u0161uje sexu\u00e1ln\u00ed v\u00fdkonnost a sebev\u011bdom\u00ed. T\u00edm, \u017ee umo\u017e\u0148uje konzistentn\u011bj\u0161\u00ed erekci, m\u016f\u017ee obnovit sexu\u00e1ln\u00ed funkce a spokojenost pro jednotlivce i jejich partnera.<\/p>\n<p>Pro mnoho mu\u017e\u016f je psychick\u00e1 z\u00e1t\u011b\u017e ED stejn\u011b vysiluj\u00edc\u00ed jako fyzick\u00e9 p\u0159\u00edznaky. Vidalista t\u00edm, \u017ee poskytuje spolehliv\u00e9 \u0159e\u0161en\u00ed probl\u00e9m\u016f s erekc\u00ed, m\u016f\u017ee tak\u00e9 pomoci zm\u00edrnit tyto psychick\u00e9 stresy. \u00da\u010dinnost l\u00e9ku v l\u00e9\u010db\u011b ED byla podpo\u0159ena klinick\u00fdmi studiemi, kter\u00e9 prok\u00e1zaly v\u00fdznamn\u00e9 zlep\u0161en\u00ed erektiln\u00ed funkce ve srovn\u00e1n\u00ed s placebem.<\/p>\n<h2>Porovn\u00e1n\u00ed p\u0159\u00edpravku Vidalista s jin\u00fdmi l\u00e9ky na ED<\/h2>\n<p>P\u0159i srovn\u00e1v\u00e1n\u00ed p\u0159\u00edpravku Vidalista s jin\u00fdmi <a href=\"https:\/\/lekdomu.cz\/koupit-vidalista-online-bez-predpisu\">Vidalista 60mg Cena<\/a> l\u00e9ky na ED, jako je sildenafil (Viagra) a vardenafil (Levitra), se objevuje n\u011bkolik rozd\u00edl\u016f. Jedn\u00edm z nejpozoruhodn\u011bj\u0161\u00edch rozd\u00edl\u016f je d\u00e9lka p\u016fsoben\u00ed. Zat\u00edmco Viagra a Levitra obvykle trvaj\u00ed p\u0159ibli\u017en\u011b 4 a\u017e 6 hodin, \u00fa\u010dinky p\u0159\u00edpravku Vidalista mohou p\u0159etrv\u00e1vat a\u017e 36 hodin, co\u017e nab\u00edz\u00ed v\u011bt\u0161\u00ed flexibilitu a sni\u017euje pot\u0159ebu p\u0159esn\u00e9ho na\u010dasov\u00e1n\u00ed p\u0159ed sexu\u00e1ln\u00ed aktivitou.<\/p>\n<p>Dal\u0161\u00edm aspektem, kter\u00fd je t\u0159eba zv\u00e1\u017eit, je n\u00e1stup \u00fa\u010dinku. Vidalista m\u016f\u017ee trvat o n\u011bco d\u00e9le, ne\u017e se nastartuje ve srovn\u00e1n\u00ed s Viagrou, kter\u00e1 je \u010dasto preferov\u00e1na pro jej\u00ed rychlej\u0161\u00ed \u00fa\u010dinek. To je v\u0161ak vyv\u00e1\u017eeno prodlou\u017een\u00fdm trv\u00e1n\u00edm Vidalisty. Profily vedlej\u0161\u00edch \u00fa\u010dink\u016f jsou u t\u011bchto l\u00e9k\u016f relativn\u011b podobn\u00e9, i kdy\u017e individu\u00e1ln\u00ed tolerance se m\u016f\u017ee li\u0161it. Nakonec v\u00fdb\u011br mezi t\u011bmito l\u00e9ky \u010dasto z\u00e1vis\u00ed na osobn\u00edch preferenc\u00edch, pot\u0159eb\u00e1ch \u017eivotn\u00edho stylu a l\u00e9ka\u0159sk\u00e9 rad\u011b.<\/p>\n<h2>Pokyny pro d\u00e1vkov\u00e1n\u00ed a pod\u00e1v\u00e1n\u00ed p\u0159\u00edpravku Vidalista<\/h2>\n<p>Doporu\u010den\u00e1 po\u010d\u00e1te\u010dn\u00ed d\u00e1vka p\u0159\u00edpravku Vidalista je obvykle 10 mg, u\u017e\u00edv\u00e1 se p\u0159ed o\u010dek\u00e1vanou sexu\u00e1ln\u00ed aktivitou. V z\u00e1vislosti na \u00fa\u010dinnosti a sn\u00e1\u0161enlivosti v\u0161ak lze d\u00e1vku upravit na maxim\u00e1ln\u011b 20 mg nebo sn\u00ed\u017eit na 5 mg. Je velmi d\u016fle\u017eit\u00e9, aby byl p\u0159\u00edpravek Vidalista u\u017e\u00edv\u00e1n podle pokyn\u016f poskytovatele zdravotn\u00ed p\u00e9\u010de, aby se optimalizovala \u00fa\u010dinnost a minimalizovalo riziko ne\u017e\u00e1douc\u00edch reakc\u00ed.<\/p>\n<p>Vidalista lze u\u017e\u00edvat s j\u00eddlem nebo bez j\u00eddla, ale doporu\u010duje se vyhnout se t\u011b\u017ek\u00fdm nebo tu\u010dn\u00fdm j\u00eddl\u016fm, kter\u00e1 mohou odd\u00e1lit n\u00e1stup. Krom\u011b toho by se nem\u011bl pou\u017e\u00edvat v\u00edce ne\u017e jednou za 24 hodin. Pacient\u016fm se doporu\u010duje, aby dodr\u017eovali doporu\u010den\u00ed sv\u00e9ho p\u0159edepisuj\u00edc\u00edho l\u00e9ka\u0159e, proto\u017ee optim\u00e1ln\u00ed d\u00e1vka se m\u016f\u017ee li\u0161it v z\u00e1vislosti na individu\u00e1ln\u00edm zdravotn\u00edm stavu a reakci na l\u00e9k.<\/p>\n<h2>Potenci\u00e1ln\u00ed vedlej\u0161\u00ed \u00fa\u010dinky p\u0159\u00edpravku Vidalista<\/h2>\n<p>Zat\u00edmco Vidalista je obecn\u011b dob\u0159e sn\u00e1\u0161en, stejn\u011b jako v\u0161echny l\u00e9ky, m\u016f\u017ee zp\u016fsobit ne\u017e\u00e1douc\u00ed \u00fa\u010dinky. Mezi \u010dast\u00e9 ne\u017e\u00e1douc\u00ed \u00fa\u010dinky pat\u0159\u00ed bolesti hlavy, n\u00e1valy horka, poruchy tr\u00e1ven\u00ed, ucpan\u00fd nos a z\u00e1vrat\u011b. Ty jsou obvykle m\u00edrn\u00e9 a maj\u00ed tendenci se sni\u017eovat, jak se t\u011blo p\u0159izp\u016fsobuje medikaci. Pokud v\u0161ak tyto \u00fa\u010dinky p\u0159etrv\u00e1vaj\u00ed nebo se zhor\u0161uj\u00ed, je d\u016fle\u017eit\u00e9 vyhledat l\u00e9ka\u0159skou pomoc.<\/p>\n<p>Z\u00e1va\u017en\u00e9 ne\u017e\u00e1douc\u00ed \u00fa\u010dinky jsou vz\u00e1cn\u00e9, ale mohou zahrnovat n\u00e1hlou ztr\u00e1tu zraku, zvon\u011bn\u00ed v u\u0161\u00edch nebo prodlou\u017eenou erekci trvaj\u00edc\u00ed d\u00e9le ne\u017e \u010dty\u0159i hodiny (priapismus), co\u017e vy\u017eaduje okam\u017eitou l\u00e9ka\u0159skou pomoc. Pacienti s ji\u017e existuj\u00edc\u00edm kardiovaskul\u00e1rn\u00edm onemocn\u011bn\u00edm by m\u011bli p\u0159\u00edpravek Vidalista pou\u017e\u00edvat s opatrnost\u00ed, proto\u017ee sexu\u00e1ln\u00ed aktivita sama o sob\u011b p\u0159edstavuje riziko pro srdce. Je z\u00e1sadn\u00ed, aby si u\u017eivatel\u00e9 byli v\u011bdomi t\u011bchto potenci\u00e1ln\u00edch rizik a prodiskutovali jak\u00e9koli obavy se sv\u00fdm poskytovatelem zdravotn\u00ed p\u00e9\u010de.<\/p>\n<h2>Kdo by m\u011bl zv\u00e1\u017eit pou\u017eit\u00ed Vidalista<\/h2>\n<p>Vidalista je prim\u00e1rn\u011b ur\u010den pro dosp\u011bl\u00e9 mu\u017ee trp\u00edc\u00ed erektiln\u00ed dysfunkc\u00ed. Nen\u00ed vhodn\u00fd pro \u017eeny ani d\u011bti. Mu\u017ei, kte\u0159\u00ed zjist\u00ed, \u017ee jejich ED ovliv\u0148uje kvalitu jejich \u017eivota, vztahy nebo sebev\u011bdom\u00ed, mohou m\u00edt prosp\u011bch z projedn\u00e1n\u00ed t\u00e9to mo\u017enosti l\u00e9\u010dby se sv\u00fdm poskytovatelem zdravotn\u00ed p\u00e9\u010de. Je zvl\u00e1\u0161t\u011b u\u017eite\u010dn\u00fd pro ty, kte\u0159\u00ed hledaj\u00ed l\u00e9ky na ED s del\u0161\u00ed dobou \u00fa\u010dinku.<\/p>\n<p>Vidalista v\u0161ak nemus\u00ed b\u00fdt vhodn\u00fd pro ka\u017ed\u00e9ho. Nedoporu\u010duje se mu\u017e\u016fm, kte\u0159\u00ed u\u017e\u00edvaj\u00ed nitr\u00e1ty na bolest na hrudi nebo t\u011bm, kte\u0159\u00ed maj\u00ed z\u00e1va\u017en\u00e9 srde\u010dn\u00ed nebo jatern\u00ed probl\u00e9my. K ur\u010den\u00ed vhodnosti p\u0159\u00edpravku Vidalista je nezbytn\u00e1 d\u016fkladn\u00e1 l\u00e9ka\u0159sk\u00e1 konzultace s ohledem na p\u0159\u00edpadn\u00e9 l\u00e9kov\u00e9 interakce nebo kontraindikace na z\u00e1klad\u011b zdravotn\u00edho profilu jednotlivce.<\/p>\n<h2>Vidalista: Zku\u0161enosti a posudky pacient\u016f<\/h2>\n<p>Ohlasy pacient\u016f poskytuj\u00ed cenn\u00e9 poznatky o skute\u010dn\u00e9 efektivit\u011b a spokojenosti u\u017eivatel\u016f Vidalista. Mnoho u\u017eivatel\u016f uv\u00e1d\u00ed v\u00fdznamn\u00e9 zlep\u0161en\u00ed ve sv\u00e9 schopnosti dos\u00e1hnout a udr\u017eet erekci, co\u017e se prom\u00edt\u00e1 do zv\u00fd\u0161en\u00e9ho sexu\u00e1ln\u00edho uspokojen\u00ed. Prodlou\u017een\u00e9 trv\u00e1n\u00ed \u00fa\u010dinku je \u010dasto zd\u016fraz\u0148ov\u00e1no jako hlavn\u00ed v\u00fdhoda, kter\u00e1 nab\u00edz\u00ed v\u011bt\u0161\u00ed flexibilitu ve srovn\u00e1n\u00ed s jin\u00fdmi l\u00e9\u010dbami ED.<\/p>\n<p>Zku\u0161enosti se v\u0161ak mohou li\u0161it, n\u011bkte\u0159\u00ed u\u017eivatel\u00e9 zaznamen\u00e1vaj\u00ed vedlej\u0161\u00ed \u00fa\u010dinky, jako jsou bolesti hlavy nebo n\u00e1valy horka. Navzdory tomu je celkov\u00fd konsenzus mezi u\u017eivateli sp\u00ed\u0161e pozitivn\u00ed, p\u0159i\u010dem\u017e mnoz\u00ed vyjad\u0159uj\u00ed vd\u011b\u010dnost za obnovenou d\u016fv\u011bru a zlep\u0161enou dynamiku vztah\u016f. Tyto posudky podtrhuj\u00ed d\u016fle\u017eitost personalizovan\u00fdch l\u00e9\u010debn\u00fdch pl\u00e1n\u016f, proto\u017ee individu\u00e1ln\u00ed reakce se mohou li\u0161it.<\/p>\n<h2>Vidalista v kontextu zdrav\u00e9ho \u017eivotn\u00edho stylu<\/h2>\n<p>Zat\u00edmco Vidalista dok\u00e1\u017ee \u00fa\u010dinn\u011b \u0159e\u0161it fyzick\u00e9 p\u0159\u00edznaky ED, je nej\u00fa\u010dinn\u011bj\u0161\u00ed, kdy\u017e je integrov\u00e1n do \u0161ir\u0161\u00edho p\u0159\u00edstupu ke zdrav\u00ed a pohod\u011b. Udr\u017eov\u00e1n\u00ed zdrav\u00e9ho \u017eivotn\u00edho stylu, v\u010detn\u011b vyv\u00e1\u017een\u00e9 stravy, pravideln\u00e9ho cvi\u010den\u00ed a zvl\u00e1d\u00e1n\u00ed stresu, m\u016f\u017ee zv\u00fd\u0161it celkovou \u00fa\u010dinnost p\u0159\u00edpravku Vidalista. Tyto faktory \u017eivotn\u00edho stylu mohou nejen zlep\u0161it erektiln\u00ed funkci, ale tak\u00e9 p\u0159isp\u011bt k lep\u0161\u00edmu celkov\u00e9mu zdrav\u00ed.<\/p>\n<p>Fyzick\u00e9 p\u0159\u00ednosy p\u0159\u00edpravku Vidalista mohou nav\u00edc doplnit \u0159e\u0161en\u00ed psychologick\u00fdch faktor\u016f, jako je \u00fazkost nebo deprese, prost\u0159ednictv\u00edm poradenstv\u00ed nebo terapie. Holistick\u00fd p\u0159\u00edstup m\u016f\u017ee v\u00e9st k udr\u017eiteln\u011bj\u0161\u00edmu zlep\u0161en\u00ed sexu\u00e1ln\u00edho zdrav\u00ed a osobn\u00ed pohody a pos\u00edlit v\u00fdhody l\u00e9k\u016f.<\/p>\n<h2>Vliv Vidalisty na dynamiku vztah\u016f<\/h2>\n<p>Erektiln\u00ed dysfunkce m\u016f\u017ee v\u00fdznamn\u011b zat\u011b\u017eovat intimn\u00ed vztahy, co\u017e vede k frustraci a omezen\u00ed intimity. Efektivn\u00edm \u0159\u00edzen\u00edm ED m\u016f\u017ee Vidalista pomoci obnovit d\u016fv\u011bru a zlep\u0161it komunikaci mezi partnery. Zaji\u0161t\u011bn\u00ed spolehliv\u00e9 erektiln\u00ed funkce m\u016f\u017ee sn\u00ed\u017eit \u00fazkost z v\u00fdkonu, co\u017e umo\u017e\u0148uje p\u00e1r\u016fm soust\u0159edit se na sv\u00e9 emocion\u00e1ln\u00ed spojen\u00ed.<\/p>\n<p>Krom\u011b toho m\u016f\u017ee prodlou\u017een\u00e9 trv\u00e1n\u00ed \u00fa\u010dinnosti Vidalista usnadnit spont\u00e1nn\u011bj\u0161\u00ed a uvoln\u011bn\u011bj\u0161\u00ed interakce a zv\u00fd\u0161it celkovou spokojenost ve vztahu. Otev\u0159en\u00e1 komunikace o pou\u017e\u00edv\u00e1n\u00ed Vidalista a jak\u00fdchkoli souvisej\u00edc\u00edch v\u00fdzv\u00e1ch m\u016f\u017ee d\u00e1le pos\u00edlit pouto mezi partnery a vytvo\u0159it podp\u016frn\u00e9 a ch\u00e1paj\u00edc\u00ed prost\u0159ed\u00ed.<\/p>\n<h2>Vidalista: Dlouhodob\u00e9 pou\u017e\u00edv\u00e1n\u00ed a \u00fa\u010dinnost<\/h2>\n<p>Bylo prok\u00e1z\u00e1no, \u017ee dlouhodob\u00e9 u\u017e\u00edv\u00e1n\u00ed p\u0159\u00edpravku Vidalista si zachov\u00e1v\u00e1 jeho \u00fa\u010dinnost p\u0159i zvl\u00e1d\u00e1n\u00ed erektiln\u00ed dysfunkce. Mnoho mu\u017e\u016f nad\u00e1le poci\u0165uje zlep\u0161enou erektiln\u00ed funkci a spokojenost s pokra\u010duj\u00edc\u00ed l\u00e9\u010dbou. Je v\u0161ak nezbytn\u00e9 m\u00edt pravideln\u00e9 konzultace s poskytovatelem zdravotn\u00ed p\u00e9\u010de za \u00fa\u010delem sledov\u00e1n\u00ed \u00fa\u010dinnosti a \u0159e\u0161en\u00ed jak\u00fdchkoliv vznikaj\u00edc\u00edch zdravotn\u00edch probl\u00e9m\u016f.<\/p>\n<p>N\u011bkter\u00e9 obavy z dlouhodob\u00e9ho u\u017e\u00edv\u00e1n\u00ed zahrnuj\u00ed potenci\u00e1l psychick\u00e9 z\u00e1vislosti, kdy se jednotlivci mohou c\u00edtit z\u00e1visl\u00ed na l\u00e9ku pro sexu\u00e1ln\u00ed v\u00fdkonnost. To podtrhuje d\u016fle\u017eitost vyv\u00e1\u017een\u00e9ho p\u0159\u00edstupu, kter\u00fd zahrnuje \u00fapravy \u017eivotn\u00edho stylu a emo\u010dn\u00ed podporu spolu s farmakologickou l\u00e9\u010dbou.<\/p>\n<h2>Konzultace se zdravotnick\u00fdmi odborn\u00edky ohledn\u011b Vidalista<\/h2>\n<p>P\u0159ed zah\u00e1jen\u00edm l\u00e9\u010dby p\u0159\u00edpravkem Vidalista je d\u016fle\u017eit\u00e9 poradit se se zdravotnick\u00fdm pracovn\u00edkem, abyste se ujistili, \u017ee se jedn\u00e1 o vhodnou mo\u017enost l\u00e9\u010dby. D\u016fkladn\u00e9 vyhodnocen\u00ed pom\u016f\u017ee ur\u010dit spr\u00e1vn\u00e9 d\u00e1vkov\u00e1n\u00ed a identifikovat p\u0159\u00edpadn\u00e9 kontraindikace. Aby se p\u0159ede\u0161lo ne\u017e\u00e1douc\u00edm interakc\u00edm, pacienti by m\u011bli poskytnout kompletn\u00ed anamn\u00e9zu, v\u010detn\u011b jak\u00fdchkoli preexistuj\u00edc\u00edch stav\u016f a \u200b\u200bsou\u010dasn\u00fdch l\u00e9k\u016f.<\/p>\n<p>Doporu\u010duje se pravideln\u00e9 sledov\u00e1n\u00ed, aby se posoudila \u00fa\u010dinnost l\u00e9ku a provedly se nezbytn\u00e9 \u00fapravy. Otev\u0159en\u00e1 komunikace s poskytovatelem zdravotn\u00ed p\u00e9\u010de m\u016f\u017ee tak\u00e9 pomoci \u0159e\u0161it jak\u00e9koli obavy nebo vedlej\u0161\u00ed \u00fa\u010dinky, kter\u00e9 se mohou objevit b\u011bhem l\u00e9\u010dby, a zajistit tak bezpe\u010dnou a efektivn\u00ed zku\u0161enost s Vidalista.<\/p>\n<h2>Vidalista a jeho dostupnost na britsk\u00e9m trhu<\/h2>\n<p>Ve Spojen\u00e9m kr\u00e1lovstv\u00ed je Vidalista dostupn\u00fd na p\u0159edpis, co\u017e umo\u017e\u0148uje poskytovatel\u016fm zdravotn\u00ed p\u00e9\u010de p\u0159izp\u016fsobit jeho pou\u017eit\u00ed individu\u00e1ln\u00edm pot\u0159eb\u00e1m pacient\u016f. L\u00e9k je dostupn\u00fd v l\u00e9k\u00e1rn\u00e1ch a lze jej tak\u00e9 z\u00edskat prost\u0159ednictv\u00edm renomovan\u00fdch online slu\u017eeb, pokud je k dispozici p\u0159edpis od kvalifikovan\u00e9ho poskytovatele zdravotn\u00ed p\u00e9\u010de. To zaji\u0161\u0165uje, \u017ee pacienti dostanou origin\u00e1ln\u00ed produkty a n\u00e1le\u017eit\u00e9 l\u00e9ka\u0159sk\u00e9 poradenstv\u00ed.<\/p>\n<p>Dostupnost Vidalista je dopln\u011bna jeho n\u00e1kladovou efektivitou, kter\u00e1 nab\u00edz\u00ed relativn\u011b dostupnou mo\u017enost ve srovn\u00e1n\u00ed s n\u011bkter\u00fdmi zna\u010dkov\u00fdmi alternativami. D\u00edky tomu je atraktivn\u00ed volbou pro mnoho pacient\u016f, kte\u0159\u00ed hledaj\u00ed \u00fa\u010dinnou l\u00e9\u010dbu ED. P\u0159esto se pacient\u016fm doporu\u010duje, aby zajistili, \u017ee z\u00edskaj\u00ed p\u0159\u00edpravek Vidalista z d\u016fv\u011bryhodn\u00fdch zdroj\u016f, aby byla zaru\u010dena kvalita a bezpe\u010dnost l\u00e9ku.<\/p>\n","protected":false},"excerpt":{"rendered":"<p>V\u00fdhody a \u00fa\u010dinnost Vidalista Vidalista je l\u00e9k \u0161iroce pou\u017e\u00edvan\u00fd k l\u00e9\u010db\u011b erektiln\u00ed dysfunkce (ED) s mnoha v\u00fdhodami a \u00favahami pro efektivn\u00ed pou\u017eit\u00ed. Pochopen\u00ed Vidalisty: P\u0159ehled Vidalista je farmaceutick\u00fd p\u0159\u00edpravek b\u011b\u017en\u011b p\u0159edepisovan\u00fd k l\u00e9\u010db\u011b erektiln\u00ed dysfunkce (ED) u mu\u017e\u016f. Vidalista, vyroben\u00fd s \u00fa\u010dinnou l\u00e1tkou tadalafil, pat\u0159\u00ed do t\u0159\u00eddy l\u00e9k\u016f zn\u00e1m\u00fdch jako inhibitory fosfodiester\u00e1zy typu 5 (PDE5). &hellip; <a href=\"http:\/\/sabeono.com\/?page_id=994\" class=\"more-link\">Continue reading <span class=\"screen-reader-text\">Pochopen\u00ed Vidalisty: P\u0159ehled<\/span> <span class=\"meta-nav\">&rarr;<\/span><\/a><\/p>\n","protected":false},"author":1,"featured_media":0,"parent":0,"menu_order":0,"comment_status":"closed","ping_status":"closed","template":"","meta":{"footnotes":""},"_links":{"self":[{"href":"http:\/\/sabeono.com\/index.php?rest_route=\/wp\/v2\/pages\/994"}],"collection":[{"href":"http:\/\/sabeono.com\/index.php?rest_route=\/wp\/v2\/pages"}],"about":[{"href":"http:\/\/sabeono.com\/index.php?rest_route=\/wp\/v2\/types\/page"}],"author":[{"embeddable":true,"href":"http:\/\/sabeono.com\/index.php?rest_route=\/wp\/v2\/users\/1"}],"replies":[{"embeddable":true,"href":"http:\/\/sabeono.com\/index.php?rest_route=%2Fwp%2Fv2%2Fcomments&post=994"}],"version-history":[{"count":1,"href":"http:\/\/sabeono.com\/index.php?rest_route=\/wp\/v2\/pages\/994\/revisions"}],"predecessor-version":[{"id":995,"href":"http:\/\/sabeono.com\/index.php?rest_route=\/wp\/v2\/pages\/994\/revisions\/995"}],"wp:attachment":[{"href":"http:\/\/sabeono.com\/index.php?rest_route=%2Fwp%2Fv2%2Fmedia&parent=994"}],"curies":[{"name":"wp","href":"https:\/\/api.w.org\/{rel}","templated":true}]}}