{"id":957,"date":"2026-03-24T10:12:46","date_gmt":"2026-03-24T10:12:46","guid":{"rendered":"http:\/\/sabeono.com\/?page_id=957"},"modified":"2026-03-24T10:12:46","modified_gmt":"2026-03-24T10:12:46","slug":"a-red-viagra-megertese-mi-ez","status":"publish","type":"page","link":"http:\/\/sabeono.com\/?page_id=957","title":{"rendered":"A Red Viagra meg\u00e9rt\u00e9se: mi ez??"},"content":{"rendered":"<h1>V\u00f6r\u00f6s Viagra \u00e9s cukorbetegs\u00e9g: haszn\u00e1lhatod??<\/h1>\n<p>A Red Viagra \u00e9s a cukorbetegs\u00e9g k\u00f6z\u00f6tti kapcsolat felt\u00e1r\u00e1sa sor\u00e1n ez a cikk megvizsg\u00e1lja biztons\u00e1goss\u00e1g\u00e1t, hat\u00e9konys\u00e1g\u00e1t \u00e9s a cukorbetegek mereved\u00e9si zavar\u00e1nak kezel\u00e9s\u00e9nek alternat\u00edv\u00e1it.<\/p>\n<h2>A Red Viagra meg\u00e9rt\u00e9se: mi ez??<\/h2>\n<p>A Red Viagra a j\u00f3l ismert szildenafil gy\u00f3gyszer egy v\u00e1ltozata, amelyet \u00e1ltal\u00e1ban az erekci\u00f3s diszfunkci\u00f3 (ED) kezel\u00e9s\u00e9re haszn\u00e1lnak. K\u00e9k megfelel\u0151j\u00e9hez hasonl\u00f3an a Red Viagra c\u00e9lja a p\u00e9nisz v\u00e9r\u00e1raml\u00e1s\u00e1nak fokoz\u00e1sa, el\u0151seg\u00edtve az erekci\u00f3t a szexu\u00e1lis stimul\u00e1ci\u00f3 hat\u00e1s\u00e1ra. A jellegzetes piros pirula gyakran valamivel gyorsabban hat, \u00edgy vonz\u00f3 azok sz\u00e1m\u00e1ra, akik azonnali megold\u00e1st keresnek az ED-probl\u00e9m\u00e1kra.<\/p>\n<p>B\u00e1r a Red Viagra nem \u00f6n\u00e1ll\u00f3 m\u00e1rka, egyes piacokon n\u00e9pszer\u0171s\u00e9gre tett szert, mint a hagyom\u00e1nyos Sildenafil hat\u00e9kony alternat\u00edv\u00e1ja. B\u00e1r a n\u00e9v k\u00fcl\u00f6nbs\u00e9get sugall, fontos megjegyezni, hogy az els\u0151dleges hat\u00f3anyag ugyanaz marad. Ez\u00e9rt a felhaszn\u00e1l\u00f3knak hasonl\u00f3 hat\u00e1sokra kell sz\u00e1m\u00edtaniuk, felt\u00e9ve, hogy a term\u00e9k eredeti \u00e9s j\u00f3 h\u00edr\u0171 besz\u00e1ll\u00edt\u00f3kt\u00f3l sz\u00e1rmazik.<\/p>\n<h2>Hogyan m\u0171k\u00f6dik a v\u00f6r\u00f6s Viagra a szervezetben<\/h2>\n<p>A Red Viagra az 5-\u00f6s t\u00edpus\u00fa foszfodi\u00e9szter\u00e1z (PDE5) enzim g\u00e1tl\u00e1s\u00e1val m\u0171k\u00f6dik, amely els\u0151sorban a p\u00e9niszsz\u00f6vetben tal\u00e1lhat\u00f3. Ez a g\u00e1tl\u00e1s seg\u00edt fenntartani a ciklikus guanozin-monofoszf\u00e1t (cGMP) magasabb szintj\u00e9t, amely molekula ellaz\u00edtja a simaizomzatot \u00e9s fokozza a v\u00e9r\u00e1raml\u00e1st. Az eredm\u00e9ny egy olyan erekci\u00f3, amely szexu\u00e1lis izgalom eset\u00e9n \u00e9rhet\u0151 el \u00e9s tarthat\u00f3 fenn.<\/p>\n<p>Lenyel\u00e9s ut\u00e1n a Red Viagra felsz\u00edv\u00f3dik a v\u00e9r\u00e1ramba, \u00e9s 30-60 percen bel\u00fcl kezd hatni. A hat\u00e1sok ak\u00e1r n\u00e9gy \u00f3r\u00e1n \u00e1t is eltarthatnak, lehet\u0151v\u00e9 t\u00e9ve a spontanit\u00e1s bizonyos fok\u00e1t az intim tal\u00e1lkoz\u00e1sok sor\u00e1n. Fontos azonban eml\u00e9kezni arra, hogy a szexu\u00e1lis stimul\u00e1ci\u00f3 sz\u00fcks\u00e9ges ahhoz, hogy a gy\u00f3gyszer hat\u00e9kony legyen; an\u00e9lk\u00fcl nem okoz erekci\u00f3t.<\/p>\n<h2>Cukorbetegs\u00e9g \u00e9s mereved\u00e9si zavar: a kapcsolat<\/h2>\n<p>Az erekci\u00f3s zavar gyakori sz\u00f6v\u0151dm\u00e9ny a cukorbeteg f\u00e9rfiak k\u00f6r\u00e9ben, a cukorbeteg f\u00e9rfiak k\u00f6r\u00fclbel\u00fcl 35-75%-\u00e1t \u00e9rinti. Az \u00e1llapot gyakran \u00f6sszef\u00fcgg azzal a k\u00e1rosod\u00e1ssal, amelyet a magas v\u00e9rcukorszint okoz az erekben \u00e9s az idegekben, amelyek az erekci\u00f3 el\u00e9r\u00e9s\u00e9nek kulcsfontoss\u00e1g\u00fa \u00f6sszetev\u0151i. Ezenk\u00edv\u00fcl a cukorbetegs\u00e9g a nitrog\u00e9n-monoxid szintj\u00e9nek cs\u00f6kken\u00e9s\u00e9hez vezethet, amely az erekci\u00f3s folyamatban r\u00e9szt vev\u0151 vegyi anyag.<\/p>\n<p>Az olyan pszich\u00e9s t\u00e9nyez\u0151k, mint a szorong\u00e1s \u00e9s a depresszi\u00f3, amelyek a kr\u00f3nikus betegs\u00e9gekkel, p\u00e9ld\u00e1ul a cukorbetegs\u00e9ggel k\u00fczd\u0151 egy\u00e9nekben gyakoriak, szint\u00e9n s\u00falyosb\u00edthatj\u00e1k az ED-t. A fizikai \u00e9s \u00e9rzelmi t\u00e9nyez\u0151k ezen \u00f6sszetett k\u00f6lcs\u00f6nhat\u00e1sa gyakran sokoldal\u00fa kezel\u00e9si megk\u00f6zel\u00edt\u00e9st ig\u00e9nyel a cukorbetegek ED hat\u00e9kony kezel\u00e9s\u00e9re.<\/p>\n<h2>Biztons\u00e1gos-e a Red Viagra a cukorbetegek sz\u00e1m\u00e1ra?<\/h2>\n<p>A Red Viagra szed\u00e9s\u00e9t fontolgat\u00f3 cukorbetegek sz\u00e1m\u00e1ra a biztons\u00e1g a legfontosabb szempont. \u00c1ltal\u00e1ban a Sildenafil, a Red Viagra hat\u00f3anyaga biztons\u00e1gosnak tekinthet\u0151 a legt\u00f6bb cukorbeteg sz\u00e1m\u00e1ra. L\u00e9tfontoss\u00e1g\u00fa azonban, hogy konzult\u00e1ljon egy eg\u00e9szs\u00e9g\u00fcgyi szakemberrel, hogy megbizonyosodjon arr\u00f3l, hogy az adott eg\u00e9szs\u00e9gi \u00e1llapotnak megfelel\u0151, k\u00fcl\u00f6n\u00f6sen, ha m\u00e1s sz\u00edv- \u00e9s \u00e9rrendszeri probl\u00e9m\u00e1k is fenn\u00e1llnak.<\/p>\n<p>A nemk\u00edv\u00e1natos reakci\u00f3k megel\u0151z\u00e9se \u00e9rdek\u00e9ben gondosan kezelni kell a lehets\u00e9ges k\u00f6lcs\u00f6nhat\u00e1sokat m\u00e1s cukorbetegs\u00e9g gy\u00f3gyszerekkel, p\u00e9ld\u00e1ul nitr\u00e1tokkal, amelyeket gyakran sz\u00edvbetegs\u00e9gekre \u00edrnak fel. Egy alapos orvosi \u00e9rt\u00e9kel\u00e9s seg\u00edthet meghat\u00e1rozni a Red Viagra cukorbetegek sz\u00e1m\u00e1ra val\u00f3 alkalmass\u00e1g\u00e1t, szem el\u0151tt tartva az \u00e1ltal\u00e1nos eg\u00e9szs\u00e9gi profilt \u00e9s a gy\u00f3gyszeres kezel\u00e9si rendet.<\/p>\n<h2>A Red Viagra lehets\u00e9ges el\u0151nyei a cukorbetegek sz\u00e1m\u00e1ra<\/h2>\n<p>A Red Viagra sz\u00e1mos lehets\u00e9ges el\u0151nyt k\u00edn\u00e1l az erekci\u00f3s zavarral k\u00fczd\u0151 cukorbetegek sz\u00e1m\u00e1ra. A v\u00e9r\u00e1raml\u00e1s jav\u00edt\u00e1s\u00e1val hozz\u00e1j\u00e1rulhat a szexu\u00e1lis funkci\u00f3k helyre\u00e1ll\u00edt\u00e1s\u00e1hoz, ami jelent\u0151sen jav\u00edthatja az \u00e9letmin\u0151s\u00e9get \u00e9s az \u00e9rzelmi j\u00f3l\u00e9tet. Sokak sz\u00e1m\u00e1ra az intimit\u00e1s helyre\u00e1ll\u00edt\u00e1sa elengedhetetlen szempont a teljes \u00e9lethez a cukorbetegs\u00e9g kih\u00edv\u00e1sai ellen\u00e9re.<\/p>\n<p>Ezenk\u00edv\u00fcl az ED sikeres kezel\u00e9se n\u00f6velheti az <a href=\"https:\/\/digitalispatika.com\/vasarolni-red-viagra-veny-nelkul\">https:\/\/digitalispatika.com\/vasarolni-red-viagra-veny-nelkul<\/a> \u00f6nbecs\u00fcl\u00e9st \u00e9s cs\u00f6kkentheti a szexu\u00e1lis eg\u00e9szs\u00e9g\u00fcgyi probl\u00e9m\u00e1kkal gyakran \u00f6sszef\u00fcgg\u0151 pszichol\u00f3giai terheket. Ha egy \u00e1tfog\u00f3 kezel\u00e9si terv r\u00e9szek\u00e9nt alkalmazz\u00e1k, a Red Viagra hozz\u00e1j\u00e1rulhat egy kiel\u00e9g\u00edt\u0151bb \u00e9s kiegyens\u00falyozottabb szem\u00e9lyes \u00e9lethez, meger\u0151s\u00edtve a fizikai \u00e9s \u00e9rzelmi eg\u00e9szs\u00e9g\u00fcgyi sz\u00fcks\u00e9gletek kiel\u00e9g\u00edt\u00e9s\u00e9nek fontoss\u00e1g\u00e1t.<\/p>\n<h2>A Red Viagra mell\u00e9khat\u00e1sai cukorbetegekn\u00e9l<\/h2>\n<p>B\u00e1r hat\u00e9kony, a Red Viagra mell\u00e9khat\u00e1sokat is okozhat, amelyek \u00f6sszetett eg\u00e9szs\u00e9g\u00fcgyi profiljuk miatt fokozottabban jelentkezhetnek cukorbetegekn\u00e9l. A gyakori mell\u00e9khat\u00e1sok k\u00f6z\u00e9 tartozik a fejf\u00e1j\u00e1s, az arc kipirul\u00e1sa, az orrdugul\u00e1s \u00e9s a sz\u00e9d\u00fcl\u00e9s. Ezek a hat\u00e1sok \u00e1ltal\u00e1ban enyh\u00e9k \u00e9s \u00e1tmenetiek, de n\u00e9h\u00e1ny felhaszn\u00e1l\u00f3 sz\u00e1m\u00e1ra zavar\u00f3ak lehetnek.<\/p>\n<p>A s\u00falyosabb mell\u00e9khat\u00e1sok, b\u00e1r ritk\u00e1k, magukban foglalhatj\u00e1k a hirtelen l\u00e1t\u00e1s- vagy hall\u00e1sveszt\u00e9st \u00e9s a priapizmust, az elh\u00faz\u00f3d\u00f3 \u00e9s f\u00e1jdalmas erekci\u00f3t. A cukorbetegeknek \u00e9bernek kell lenni\u00fck a Red Viagra-kezel\u00e9sre adott v\u00e1laszuk nyomon k\u00f6vet\u00e9sekor, \u00e9s minden szokatlan t\u00fcnetet halad\u00e9ktalanul jelenteni kell eg\u00e9szs\u00e9g\u00fcgyi szolg\u00e1ltat\u00f3juknak a lehets\u00e9ges kock\u00e1zatok cs\u00f6kkent\u00e9se \u00e9rdek\u00e9ben.<\/p>\n<h2>Konzult\u00e1ljon orvos\u00e1val: alapvet\u0151 k\u00e9rd\u00e9sek<\/h2>\n<p>A Red Viagra szed\u00e9s\u00e9nek megkezd\u00e9se el\u0151tt d\u00f6nt\u0151 fontoss\u00e1g\u00fa, hogy a cukorbetegek ny\u00edltan besz\u00e9ljenek orvosukkal. A kulcsk\u00e9rd\u00e9sek a k\u00f6vetkez\u0151k lehetnek: &quot;Hogyan fog k\u00f6lcs\u00f6nhat\u00e1sba l\u00e9pni a Red Viagra a jelenlegi gy\u00f3gyszereimmel??&quot; \u00e9s &quot;Melyek az eg\u00e9szs\u00e9gi \u00e1llapotomra jellemz\u0151 lehets\u00e9ges kock\u00e1zatok?&quot; Ezek a k\u00e9rd\u00e9sek seg\u00edtenek a kezel\u00e9si tervet az egy\u00e9n ig\u00e9nyeihez igaz\u00edtani, biztos\u00edtva a gy\u00f3gyszer biztons\u00e1gos \u00e9s hat\u00e9kony alkalmaz\u00e1s\u00e1t.<\/p>\n<p>Ezenk\u00edv\u00fcl a megfelel\u0151 adagol\u00e1s \u00e9s id\u0151z\u00edt\u00e9s meg\u00e9rt\u00e9se maximaliz\u00e1lhatja az el\u0151ny\u00f6ket, mik\u00f6zben minimaliz\u00e1lja a mell\u00e9khat\u00e1sokat. A betegeknek felhatalmaz\u00e1st kell \u00e9rezni\u00fck arra, hogy megvitass\u00e1k aggodalmukat \u00e9s kifejezz\u00e9k kezel\u00e9si c\u00e9ljaikat, lehet\u0151v\u00e9 t\u00e9ve az erekci\u00f3s diszfunkci\u00f3 kezel\u00e9s\u00e9nek egy\u00fcttm\u0171k\u00f6d\u00e9s\u00e9t.<\/p>\n<h2>Alternat\u00edv kezel\u00e9sek a cukorbetegek mereved\u00e9si zavar\u00e1ra<\/h2>\n<p>Azok a cukorbetegek, akik esetleg rosszul toler\u00e1lj\u00e1k a Red Viagr\u00e1t, alternat\u00edv kezel\u00e9sek \u00e1llnak rendelkez\u00e9sre. Ide tartoznak az egy\u00e9b PDE5-g\u00e1tl\u00f3k, p\u00e9ld\u00e1ul a Tadalafil \u00e9s a Vardenafil, amelyek elt\u00e9r\u0151 hat\u00e1startamot \u00e9s adagol\u00e1si lehet\u0151s\u00e9geket k\u00edn\u00e1lnak. Egyes betegek \u00e9letst\u00edlusuknak \u00e9s eg\u00e9szs\u00e9g\u00fcgyi sz\u00fcks\u00e9gleteiknek megfelel\u0151bbnek tal\u00e1lhatj\u00e1k ezeket az alternat\u00edv\u00e1kat.<\/p>\n<p>Nem gy\u00f3gyszeres lehet\u0151s\u00e9gek, p\u00e9ld\u00e1ul v\u00e1kuumos erekci\u00f3s eszk\u00f6z\u00f6k, p\u00e9niszinjekci\u00f3k \u00e9s p\u00e9niszimplant\u00e1tumok is m\u00e9rlegelhet\u0151k. Ezek a kezel\u00e9sek, b\u00e1r invaz\u00edvabbak, hat\u00e9kony megold\u00e1sokat k\u00edn\u00e1lhatnak azok sz\u00e1m\u00e1ra, akik nem tudnak or\u00e1lis gy\u00f3gyszereket haszn\u00e1lni. Az eg\u00e9szs\u00e9g\u00fcgyi szolg\u00e1ltat\u00f3 seg\u00edthet a betegeknek ezeken a lehet\u0151s\u00e9geken \u00e1tvezetni, biztos\u00edtva, hogy a helyzet\u00fcknek legink\u00e1bb megfelel\u0151 kezel\u00e9st v\u00e1lassz\u00e1k.<\/p>\n<h2>\u00c9letm\u00f3dv\u00e1lt\u00e1sok az erekci\u00f3s zavarok jav\u00edt\u00e1sa \u00e9rdek\u00e9ben<\/h2>\n<p>Az eg\u00e9szs\u00e9gesebb \u00e9letm\u00f3ddal kapcsolatos szok\u00e1sok alkalmaz\u00e1sa jelent\u0151sen befoly\u00e1solhatja az erekci\u00f3s funkci\u00f3t, k\u00fcl\u00f6n\u00f6sen a cukorbetegs\u00e9gben szenved\u0151k eset\u00e9ben. A rendszeres testmozg\u00e1s, a kiegyens\u00falyozott \u00e9trend \u00e9s az eg\u00e9szs\u00e9ges tests\u00faly meg\u0151rz\u00e9se jav\u00edthatja a sz\u00edv- \u00e9s \u00e9rrendszeri eg\u00e9szs\u00e9get \u00e9s a v\u00e9rcukorszint szab\u00e1lyoz\u00e1s\u00e1t, mindkett\u0151 kulcsfontoss\u00e1g\u00fa az ED hat\u00e9kony kezel\u00e9s\u00e9ben.<\/p>\n<p>Az alkoholfogyaszt\u00e1s cs\u00f6kkent\u00e9se \u00e9s a doh\u00e1nyz\u00e1s abbahagy\u00e1sa szint\u00e9n el\u0151ny\u00f6s, mivel ezek a szok\u00e1sok s\u00falyosb\u00edthatj\u00e1k a mereved\u00e9si zavarokat. A stresszkezel\u00e9si technik\u00e1k, mint p\u00e9ld\u00e1ul az \u00e9ber figyelem \u00e9s a tan\u00e1csad\u00e1s, kezelhetik az ED pszichol\u00f3giai vonatkoz\u00e1sait, holisztikus megk\u00f6zel\u00edt\u00e9st teremtve a kezel\u00e9shez, amely mind a fizikai, mind a ment\u00e1lis eg\u00e9szs\u00e9get fel\u00f6leli.<\/p>\n<h2>A Red Viagra \u00f6sszehasonl\u00edt\u00e1sa m\u00e1s ED-gy\u00f3gyszerekkel<\/h2>\n<p>A Red Viagra m\u00e1s ED-gy\u00f3gyszerekkel, mint p\u00e9ld\u00e1ul a Tadalafil \u00e9s a Vardenafil \u00f6sszehasonl\u00edt\u00e1sakor t\u00f6bb t\u00e9nyez\u0151 is szerepet j\u00e1tszik. A Red Viagra, ak\u00e1rcsak a Sildenafil, jellemz\u0151en gyorsan hat, \u00edgy alkalmas spont\u00e1n haszn\u00e1latra. Ezzel szemben a Tadalafil hosszabb lehet\u0151s\u00e9get k\u00edn\u00e1l, ak\u00e1r 36 \u00f3r\u00e1t is, amit n\u00e9h\u00e1ny felhaszn\u00e1l\u00f3 k\u00e9nyelmesebbnek tal\u00e1l.<\/p>\n<p>Minden gy\u00f3gyszernek megvan a maga mell\u00e9khat\u00e1s-profilja \u00e9s lehets\u00e9ges k\u00f6lcs\u00f6nhat\u00e1sai, amelyek a kezel\u00e9s szem\u00e9lyre szabott megk\u00f6zel\u00edt\u00e9s\u00e9t teszik sz\u00fcks\u00e9gess\u00e9. Egyes betegek jobban reag\u00e1lhatnak az egyik gy\u00f3gyszerre, mint a m\u00e1sikra, az anyagcsere egy\u00e9ni elt\u00e9r\u00e9sei \u00e9s az alapvet\u0151 eg\u00e9szs\u00e9gi \u00e1llapotok miatt. Az eg\u00e9szs\u00e9g\u00fcgyi szolg\u00e1ltat\u00f3val folytatott konzult\u00e1ci\u00f3 seg\u00edthet a legmegfelel\u0151bb lehet\u0151s\u00e9g kiv\u00e1laszt\u00e1s\u00e1ban.<\/p>\n<h2>A cukorbetegs\u00e9g kezel\u00e9se a szexu\u00e1lis eg\u00e9szs\u00e9g jav\u00edt\u00e1sa \u00e9rdek\u00e9ben<\/h2>\n<p>A cukorbetegs\u00e9g hat\u00e9kony kezel\u00e9se a szexu\u00e1lis eg\u00e9szs\u00e9g jav\u00edt\u00e1s\u00e1nak \u00e9s az erekci\u00f3s zavarok kock\u00e1zat\u00e1nak cs\u00f6kkent\u00e9s\u00e9nek sarokk\u00f6ve. A v\u00e9rcukorszint c\u00e9ltartom\u00e1nyon bel\u00fcli tart\u00e1sa megel\u0151zheti az \u00e9rrendszeri \u00e9s neurol\u00f3giai k\u00e1rosod\u00e1st, amely gyakran ED-hez vezet. A rendszeres monitoroz\u00e1s \u00e9s a cukorbetegs\u00e9g kezel\u00e9si terv\u00e9nek m\u00f3dos\u00edt\u00e1sa kulcsfontoss\u00e1g\u00fa.<\/p>\n<p>A rendszeres orvosi ellen\u0151rz\u00e9sek seg\u00edthetnek a lehets\u00e9ges sz\u00f6v\u0151dm\u00e9nyek id\u0151ben t\u00f6rt\u00e9n\u0151 felismer\u00e9s\u00e9ben \u00e9s kezel\u00e9s\u00e9ben. Ezenk\u00edv\u00fcl az \u00e1tfog\u00f3 diab\u00e9teszes oktat\u00e1s \u00e9s az eg\u00e9szs\u00e9g\u00fcgyi csapatok t\u00e1mogat\u00e1sa k\u00e9pess\u00e9 teheti a betegeket arra, hogy akt\u00edv szerepet v\u00e1llaljanak \u00e1llapotuk kezel\u00e9s\u00e9ben, ami v\u00e9gs\u0151 soron jobb szexu\u00e1lis \u00e9s \u00e1ltal\u00e1nos eg\u00e9szs\u00e9g\u00fcgyi eredm\u00e9nyekhez vezet.<\/p>\n<h2>Val\u00f3s tapasztalatok: Cukorbetegek Red Viagra haszn\u00e1lata eset\u00e9n<\/h2>\n<p>Sok cukorbeteg osztotta meg pozit\u00edv tapasztalatait a Red Viagr\u00e1val kapcsolatban, megjegyezve, hogy javult szexu\u00e1lis eg\u00e9szs\u00e9ge \u00e9s \u00e1ltal\u00e1nos \u00e9letmin\u0151s\u00e9ge. Ezek a szem\u00e9lyes besz\u00e1mol\u00f3k gyakran kiemelik az erekci\u00f3s diszfunkci\u00f3 sikeres kezel\u00e9s\u00e9b\u0151l fakad\u00f3 megn\u00f6vekedett \u00f6nbizalmat \u00e9s el\u00e9gedetts\u00e9get.<\/p>\n<p>Azonban nem minden tapasztalat \u00e1ltal\u00e1nosan pozit\u00edv. Egyes felhaszn\u00e1l\u00f3k mell\u00e9khat\u00e1sokr\u00f3l vagy m\u00e1s gy\u00f3gyszerekkel val\u00f3 k\u00f6lcs\u00f6nhat\u00e1sokr\u00f3l sz\u00e1molnak be, hangs\u00falyozva a szem\u00e9lyre szabott orvosi tan\u00e1csad\u00e1s fontoss\u00e1g\u00e1t. Ezek a v\u00e1ltozatos tapasztalatok azt mutatj\u00e1k, hogy gondos, megfontolt megk\u00f6zel\u00edt\u00e9sre van sz\u00fcks\u00e9g a Red Viagra cukorbetegs\u00e9g kezel\u00e9si terv\u00e9be val\u00f3 integr\u00e1l\u00e1sakor.<\/p>\n<h2>M\u00edtoszok \u00e9s t\u00e9vhitek a v\u00f6r\u00f6s Viagr\u00e1r\u00f3l \u00e9s a cukorbetegs\u00e9gr\u0151l<\/h2>\n<p>Sz\u00e1mos m\u00edtosz kering a Red Viagra cukorbetegek k\u00f6r\u00e9ben t\u00f6rt\u00e9n\u0151 haszn\u00e1lat\u00e1val kapcsolatban. Az egyik gyakori t\u00e9vhit az, hogy tart\u00f3san gy\u00f3gy\u00edtja az erekci\u00f3s zavarokat. Val\u00f3j\u00e1ban \u00e1tmeneti megold\u00e1st k\u00edn\u00e1l, amely ink\u00e1bb a t\u00fcneteket kezeli, nem pedig a kiv\u00e1lt\u00f3 okokat.<\/p>\n<p>Egy m\u00e1sik m\u00edtosz az, hogy a Red Viagra nem biztons\u00e1gos minden cukorbeteg sz\u00e1m\u00e1ra, ami nem pontos. B\u00e1r nem mindenki sz\u00e1m\u00e1ra alkalmas, sok cukorbeteg biztons\u00e1gosan haszn\u00e1lhatja orvosi fel\u00fcgyelet mellett. E m\u00edtoszok eloszlat\u00e1sa seg\u00edthet az egy\u00e9neknek abban, hogy t\u00e1j\u00e9kozott d\u00f6nt\u00e9seket hozzanak kezel\u00e9si lehet\u0151s\u00e9geiket illet\u0151en.<\/p>\n<h2>A v\u00e9rcukorszint ellen\u0151rz\u00e9s\u00e9nek fontoss\u00e1ga<\/h2>\n<p>A v\u00e9rcukorszint rendszeres ellen\u0151rz\u00e9se elengedhetetlen a Red Viagra-t haszn\u00e1l\u00f3 cukorbetegek sz\u00e1m\u00e1ra. A stabil v\u00e9rcukorszint n\u00f6velheti az ED-gy\u00f3gyszerek hat\u00e9konys\u00e1g\u00e1t \u00e9s cs\u00f6kkentheti a k\u00e1ros hat\u00e1sok kock\u00e1zat\u00e1t. A v\u00e9rcukorszint-emelked\u00e9sek vagy -cs\u00f6kken\u00e9sek megnehez\u00edthetik az erekci\u00f3s diszfunkci\u00f3 kezel\u00e9s\u00e9t.<\/p>\n<p>A betegeknek t\u00f6rekedni\u00fck kell arra, hogy gl\u00fck\u00f3zszintj\u00fcket az aj\u00e1nlott tartom\u00e1nyon bel\u00fcl tarts\u00e1k, \u00e9s szorosan egy\u00fctt kell m\u0171k\u00f6dni\u00fck az eg\u00e9szs\u00e9g\u00fcgyi szolg\u00e1ltat\u00f3kkal a kezel\u00e9si tervek sz\u00fcks\u00e9g szerinti m\u00f3dos\u00edt\u00e1sa \u00e9rdek\u00e9ben. A technol\u00f3giai fejleszt\u00e9sek, mint p\u00e9ld\u00e1ul a folyamatos gl\u00fck\u00f3zmonitoroz\u00f3 rendszerek, seg\u00edthetnek az optim\u00e1lis kontroll fenntart\u00e1s\u00e1ban \u00e9s az \u00e1ltal\u00e1nos eg\u00e9szs\u00e9gi \u00e1llapot jav\u00edt\u00e1s\u00e1ban.<\/p>\n<h2>A v\u00f6r\u00f6s Viagra \u00e9s a cukorbetegs\u00e9g j\u00f6v\u0151beli kutat\u00e1sa<\/h2>\n<p>M\u00edg a megl\u00e9v\u0151 tanulm\u00e1nyok betekint\u00e9st ny\u00fajtanak a Red Viagra cukorbetegek sz\u00e1m\u00e1ra t\u00f6rt\u00e9n\u0151 haszn\u00e1lat\u00e1ba, folyamatos kutat\u00e1sra van sz\u00fcks\u00e9g a kezel\u00e9si eredm\u00e9nyek elm\u00e9ly\u00edt\u00e9s\u00e9hez \u00e9s jav\u00edt\u00e1s\u00e1hoz. A j\u00f6v\u0151beli kutat\u00e1sok felt\u00e1rhatj\u00e1k a Red Viagra cukorbetegekn\u00e9l t\u00f6rt\u00e9n\u0151 haszn\u00e1lat\u00e1nak hossz\u00fa t\u00e1v\u00fa hat\u00e1sait, valamint \u00faj k\u00e9sz\u00edtm\u00e9nyek kifejleszt\u00e9s\u00e9t, amelyek kifejezetten a cukorbetegek egyedi ig\u00e9nyeit el\u00e9g\u00edtik ki.<\/p>\n<p>Ezenk\u00edv\u00fcl a cukorbetegs\u00e9g kezel\u00e9se \u00e9s az erekci\u00f3s diszfunkci\u00f3 k\u00f6z\u00f6tti k\u00f6lcs\u00f6nhat\u00e1sra \u00f6sszpontos\u00edt\u00f3 tanulm\u00e1nyok \u00e9rt\u00e9kes inform\u00e1ci\u00f3kkal szolg\u00e1lhatnak a holisztikus gondoz\u00e1si strat\u00e9gi\u00e1khoz. A kutat\u00e1s el\u0151rehaladt\u00e1val lehet\u0151s\u00e9g ny\u00edlik arra, hogy jav\u00edtott ter\u00e1pi\u00e1s lehet\u0151s\u00e9geket k\u00edn\u00e1ljon, v\u00e9gs\u0151 soron vil\u00e1gszerte jav\u00edtva a cukorbetegek \u00e9letmin\u0151s\u00e9g\u00e9t.<\/p>\n","protected":false},"excerpt":{"rendered":"<p>V\u00f6r\u00f6s Viagra \u00e9s cukorbetegs\u00e9g: haszn\u00e1lhatod?? A Red Viagra \u00e9s a cukorbetegs\u00e9g k\u00f6z\u00f6tti kapcsolat felt\u00e1r\u00e1sa sor\u00e1n ez a cikk megvizsg\u00e1lja biztons\u00e1goss\u00e1g\u00e1t, hat\u00e9konys\u00e1g\u00e1t \u00e9s a cukorbetegek mereved\u00e9si zavar\u00e1nak kezel\u00e9s\u00e9nek alternat\u00edv\u00e1it. A Red Viagra meg\u00e9rt\u00e9se: mi ez?? A Red Viagra a j\u00f3l ismert szildenafil gy\u00f3gyszer egy v\u00e1ltozata, amelyet \u00e1ltal\u00e1ban az erekci\u00f3s diszfunkci\u00f3 (ED) kezel\u00e9s\u00e9re haszn\u00e1lnak. K\u00e9k megfelel\u0151j\u00e9hez hasonl\u00f3an &hellip; <a href=\"http:\/\/sabeono.com\/?page_id=957\" class=\"more-link\">Continue reading <span class=\"screen-reader-text\">A Red Viagra meg\u00e9rt\u00e9se: mi ez??<\/span> <span class=\"meta-nav\">&rarr;<\/span><\/a><\/p>\n","protected":false},"author":1,"featured_media":0,"parent":0,"menu_order":0,"comment_status":"closed","ping_status":"closed","template":"","meta":{"footnotes":""},"_links":{"self":[{"href":"http:\/\/sabeono.com\/index.php?rest_route=\/wp\/v2\/pages\/957"}],"collection":[{"href":"http:\/\/sabeono.com\/index.php?rest_route=\/wp\/v2\/pages"}],"about":[{"href":"http:\/\/sabeono.com\/index.php?rest_route=\/wp\/v2\/types\/page"}],"author":[{"embeddable":true,"href":"http:\/\/sabeono.com\/index.php?rest_route=\/wp\/v2\/users\/1"}],"replies":[{"embeddable":true,"href":"http:\/\/sabeono.com\/index.php?rest_route=%2Fwp%2Fv2%2Fcomments&post=957"}],"version-history":[{"count":1,"href":"http:\/\/sabeono.com\/index.php?rest_route=\/wp\/v2\/pages\/957\/revisions"}],"predecessor-version":[{"id":958,"href":"http:\/\/sabeono.com\/index.php?rest_route=\/wp\/v2\/pages\/957\/revisions\/958"}],"wp:attachment":[{"href":"http:\/\/sabeono.com\/index.php?rest_route=%2Fwp%2Fv2%2Fmedia&parent=957"}],"curies":[{"name":"wp","href":"https:\/\/api.w.org\/{rel}","templated":true}]}}