{"id":939,"date":"2026-03-24T08:55:44","date_gmt":"2026-03-24T08:55:44","guid":{"rendered":"http:\/\/sabeono.com\/?page_id=939"},"modified":"2026-03-24T08:55:44","modified_gmt":"2026-03-24T08:55:44","slug":"uvod-do-viagra-oral-jelly-a-levitra-vardenafil","status":"publish","type":"page","link":"http:\/\/sabeono.com\/?page_id=939","title":{"rendered":"\u00davod do Viagra Oral Jelly a Levitra (vardenafil)"},"content":{"rendered":"<h1>Viagra Oral Jelly vs Levitra (vardenafil): n\u00e1stup, trvanie, ved\u013eaj\u0161ie \u00fa\u010dinky, cena<\/h1>\n<p>Tento \u010dl\u00e1nok sk\u00fama rozdiely medzi Viagra Oral Jelly a Levitrou, sk\u00fama ich n\u00e1stup, trvanie, ved\u013eaj\u0161ie \u00fa\u010dinky a n\u00e1klady, aby pomohol pou\u017e\u00edvate\u013eom robi\u0165 informovan\u00e9 rozhodnutia.<\/p>\n<h2>\u00davod do Viagra Oral Jelly a Levitra (vardenafil)<\/h2>\n<p>Viagra Oral Jelly a Levitra s\u00fa ob\u013e\u00faben\u00e9 sp\u00f4soby lie\u010dby erektilnej dysfunkcie (ED), stavu, ktor\u00fd postihuje mili\u00f3ny mu\u017eov na celom svete. Zatia\u013e \u010do obe lieky s\u00fa zameran\u00e9 na zlep\u0161enie erektilnej funkcie, l\u00ed\u0161ia sa formou, pod\u00e1van\u00edm a \u0161pecifick\u00fdmi akt\u00edvnymi zlo\u017ekami. Viagra Oral Jelly, nov\u0161ia inov\u00e1cia, pon\u00faka pohodln\u00fa a diskr\u00e9tnu alternat\u00edvu k tradi\u010dnej tabletovej forme Viagry, ktor\u00e1 vyu\u017e\u00edva rovnak\u00fa akt\u00edvnu zlo\u017eku, sildenafil citr\u00e1t. Naopak, Levitra, formulovan\u00e1 s vardenafilom, poskytuje \u010fal\u0161iu \u00fa\u010dinn\u00fa mo\u017enos\u0165 pre t\u00fdch, ktor\u00ed h\u013eadaj\u00fa \u00fa\u013eavu od ED.<\/p>\n<p>V\u00fdber medzi t\u00fdmito dvoma liekmi \u010dasto z\u00e1vis\u00ed od r\u00f4znych faktorov vr\u00e1tane osobn\u00fdch preferenci\u00ed, anamn\u00e9zy a \u0161pecifick\u00fdch \u00favah o \u017eivotnom \u0161t\u00fdle. Pochopenie nuanci\u00ed ka\u017ed\u00e9ho m\u00f4\u017ee pou\u017e\u00edvate\u013eom umo\u017eni\u0165 vybra\u0165 si lie\u010dbu, ktor\u00e1 najlep\u0161ie vyhovuje ich potreb\u00e1m.<\/p>\n<h2>Mechanizmus \u00fa\u010dinku: Ako funguje Viagra Oral Jelly a Levitra<\/h2>\n<p>Viagra Oral Jelly aj Levitra funguj\u00fa inhib\u00edciou enz\u00fdmu fosfodiester\u00e1zy typu 5 (PDE5), ktor\u00fd sa nach\u00e1dza v krvn\u00fdch cievach penisu. T\u00e1to inhib\u00edcia vedie k relax\u00e1cii hladk\u00fdch svalov a zv\u00fd\u0161en\u00e9mu prietoku krvi, \u010do u\u013eah\u010duje dosiahnutie a udr\u017eanie erekcie v reakcii na sexu\u00e1lnu stimul\u00e1ciu. Napriek podobn\u00fdm mechanizmom s\u00fa akt\u00edvne zlo\u017eky \u2013 sildenafil vo Viagre a vardenafil v Levitre \u2013 odli\u0161n\u00e9 zl\u00fa\u010deniny.<\/p>\n<p>Sildenafil a vardenafil s\u00fa klasifikovan\u00e9 ako inhib\u00edtory PDE5, ale ich chemick\u00e1 \u0161trukt\u00fara sa mierne l\u00ed\u0161i, \u010do m\u00f4\u017ee ovplyvni\u0165 ich n\u00e1stup a trvanie \u00fa\u010dinku. Tieto rozdiely m\u00f4\u017eu tie\u017e ovplyvni\u0165, ako jednotlivci metabolizuj\u00fa lieky, \u010do prispieva k variabilite \u00fa\u010dinnosti a ved\u013eaj\u0161\u00edch \u00fa\u010dinkov medzi u\u017e\u00edvate\u013emi.<\/p>\n<h2>N\u00e1stup \u00fa\u010dinku: Porovnanie Viagra Oral Jelly a Levitra<\/h2>\n<p>N\u00e1stup \u00fa\u010dinku je pre mnoh\u00fdch pou\u017e\u00edvate\u013eov kritick\u00fdm faktorom, preto\u017ee ur\u010duje, ako r\u00fdchlo liek za\u010dne p\u00f4sobi\u0165 po po\u017eit\u00ed. Viagra Oral Jelly m\u00e1 v\u00fdhodu r\u00fdchlej\u0161ieho n\u00e1stupu \u00fa\u010dinku v porovnan\u00ed s tabletov\u00fdm n\u00e1protivkom, zvy\u010dajne sa prejav\u00ed do 15 a\u017e 30 min\u00fat. Je to do zna\u010dnej miery sp\u00f4soben\u00e9 jeho \u017eel\u00e9 formul\u00e1ciou, ktor\u00e1 umo\u017e\u0148uje r\u00fdchlej\u0161ie vstreb\u00e1vanie cez sliznice.<\/p>\n<p>Na druhej strane, Levitra zvy\u010dajne trv\u00e1 asi 30 a\u017e 60 min\u00fat, k\u00fdm dosiahne svoj pln\u00fd \u00fa\u010dinok. Aj ke\u010f nemus\u00ed p\u00f4sobi\u0165 tak r\u00fdchlo ako Viagra Oral Jelly, n\u00e1stup Levitry je st\u00e1le konkurencieschopn\u00fd a je v prijate\u013enom rozsahu pre mnoh\u00fdch pou\u017e\u00edvate\u013eov, ktor\u00ed h\u013eadaj\u00fa v\u010dasn\u00e9 v\u00fdsledky.<\/p>\n<h2>Trvanie \u00fa\u010dinkov: Ako dlho vydr\u017eia Viagra Oral Jelly a Levitra?<\/h2>\n<p>Trvanie \u00fa\u010dinku t\u00fdchto liekov je \u010fal\u0161\u00edm d\u00f4le\u017eit\u00fdm faktorom pri v\u00fdbere spr\u00e1vnej lie\u010dby. Viagra Oral Jelly vo v\u0161eobecnosti pon\u00faka \u00fa\u010dinky, ktor\u00e9 trvaj\u00fa 4 a\u017e 6 hod\u00edn a poskytuj\u00fa vhodn\u00e9 okno pre sexu\u00e1lnu aktivitu bez zbyto\u010dn\u00e9ho tlaku na na\u010dasovanie.<\/p>\n<p>Levitra je zn\u00e1ma svoj\u00edm o nie\u010do dlh\u0161\u00edm trvan\u00edm, pri\u010dom \u00fa\u010dinky trvaj\u00fa pribli\u017ene 4 a\u017e 8 hod\u00edn. Tento pred\u013a\u017een\u00fd \u010dasov\u00fd r\u00e1mec m\u00f4\u017ee by\u0165 v\u00fdhodn\u00fd pre pou\u017e\u00edvate\u013eov, ktor\u00ed uprednost\u0148uj\u00fa dlh\u0161ie obdobie \u00fa\u010dinnosti, \u010do umo\u017e\u0148uje v\u00e4\u010d\u0161iu spont\u00e1nnos\u0165 pri ich sexu\u00e1lnych stretnutiach.<\/p>\n<h2>\u010cast\u00e9 ved\u013eaj\u0161ie \u00fa\u010dinky Viagra Oral Jelly<\/h2>\n<p>Tak ako v\u0161etky lieky, aj Viagra Oral Jelly m\u00f4\u017ee sp\u00f4sobova\u0165 ved\u013eaj\u0161ie \u00fa\u010dinky, hoci s\u00fa vo v\u0161eobecnosti mierne a prechodn\u00e9. Be\u017ene hl\u00e1sen\u00e9 probl\u00e9my zah\u0155\u0148aj\u00fa bolesti hlavy, s\u010dervenanie tv\u00e1re a poruchy tr\u00e1venia. Niektor\u00ed pou\u017e\u00edvatelia m\u00f4\u017eu tie\u017e poci\u0165ova\u0165 upchat\u00fd nos, z\u00e1vraty alebo poruchy videnia, ako je zv\u00fd\u0161en\u00e1 citlivos\u0165 na svetlo alebo rozmazan\u00e9 videnie.<\/p>\n<p>Je d\u00f4le\u017eit\u00e9, aby pou\u017e\u00edvatelia zostali informovan\u00ed o <a href=\"https:\/\/expresnelieky.org\/viagra-oral-jelly-cena-bez-predpisu\">https:\/\/expresnelieky.org\/viagra-oral-jelly-cena-bez-predpisu<\/a> t\u00fdchto potenci\u00e1lnych ved\u013eaj\u0161\u00edch \u00fa\u010dinkoch a aby sa poradili s poskytovate\u013eom zdravotnej starostlivosti, ak poci\u0165uj\u00fa ak\u00e9ko\u013evek pretrv\u00e1vaj\u00face alebo znepokojuj\u00face pr\u00edznaky. Na zmiernenie t\u00fdchto \u00fa\u010dinkov m\u00f4\u017ee by\u0165 potrebn\u00e1 \u00faprava d\u00e1vkovania alebo alternat\u00edvna lie\u010dba.<\/p>\n<h2>\u010cast\u00e9 ved\u013eaj\u0161ie \u00fa\u010dinky lieku Levitra (vardenafil)<\/h2>\n<p>Levitra m\u00e1 podobn\u00fd profil ved\u013eaj\u0161\u00edch \u00fa\u010dinkov ako Viagra Oral Jelly, pri\u010dom naj\u010dastej\u0161ie s\u00fa hl\u00e1sen\u00e9 bolesti hlavy a n\u00e1valy hor\u00fa\u010davy. \u010eal\u0161ie \u010dast\u00e9 ved\u013eaj\u0161ie \u00fa\u010dinky zah\u0155\u0148aj\u00fa upchat\u00fd nos, \u017eal\u00fado\u010dn\u00fa nevo\u013enos\u0165 a z\u00e1vraty. Niektor\u00ed pou\u017e\u00edvatelia m\u00f4\u017eu poci\u0165ova\u0165 aj bolesti chrbta alebo svalov.<\/p>\n<p>Aj ke\u010f s\u00fa tieto ved\u013eaj\u0161ie \u00fa\u010dinky zvy\u010dajne mierne, mali by sa monitorova\u0165, najm\u00e4 ak pretrv\u00e1vaj\u00fa. Konzult\u00e1cia so zdravotn\u00edckym pracovn\u00edkom m\u00f4\u017ee pom\u00f4c\u0165 vyrie\u0161i\u0165 ak\u00e9ko\u013evek obavy a zaisti\u0165 bezpe\u010dn\u00e9 pou\u017e\u00edvanie lieku Levitra.<\/p>\n<h2>Z\u00e1va\u017en\u00e9 ved\u013eaj\u0161ie \u00fa\u010dinky a rizik\u00e1 Viagra Oral Jelly a Levitra<\/h2>\n<p>Hoci s\u00fa oba lieky vo v\u0161eobecnosti bezpe\u010dn\u00e9, nes\u00fa so sebou riziko z\u00e1va\u017en\u00fdch ved\u013eaj\u0161\u00edch \u00fa\u010dinkov, najm\u00e4 ak sa pou\u017e\u00edvaj\u00fa nespr\u00e1vne alebo u jedincov s ur\u010dit\u00fdmi zdravotn\u00fdmi probl\u00e9mami. Zriedkav\u00e9, ale z\u00e1va\u017en\u00e9 ved\u013eaj\u0161ie \u00fa\u010dinky m\u00f4\u017eu zah\u0155\u0148a\u0165 n\u00e1hlu stratu zraku, stratu sluchu alebo pred\u013a\u017een\u00fa erekciu trvaj\u00facu viac ako \u0161tyri hodiny (priapizmus), ktor\u00e9 si vy\u017eaduj\u00fa okam\u017eit\u00fa lek\u00e1rsku pomoc.<\/p>\n<p>Osoby s kardiovaskul\u00e1rnymi ochoreniami, osoby u\u017e\u00edvaj\u00face nitr\u00e1ty alebo osoby s m\u0155tvicou alebo srdcov\u00fdm infarktom v anamn\u00e9ze by mali by\u0165 opatrn\u00ed a pred pou\u017eit\u00edm t\u00fdchto liekov vyh\u013eada\u0165 lek\u00e1rsku pomoc. D\u00f4kladn\u00e9 pos\u00fadenie zdravotn\u00e9ho stavu odborn\u00edkom m\u00f4\u017ee pom\u00f4c\u0165 zmierni\u0165 tieto rizik\u00e1.<\/p>\n<h2>Porovnanie cien: Viagra Oral Jelly vs Levitra<\/h2>\n<p>Cena je \u010dasto d\u00f4le\u017eit\u00fdm faktorom pri v\u00fdbere lieku na erektiln\u00fa dysfunkciu. Viagra Oral Jelly m\u00e1 tendenciu by\u0165 cenovo dostupnej\u0161ia ako jej tabletov\u00fd n\u00e1protivok kv\u00f4li svojej v\u0161eobecnej dostupnosti. Ceny sa m\u00f4\u017eu l\u00ed\u0161i\u0165 v z\u00e1vislosti od zna\u010dky, d\u00e1vkovania a n\u00e1kupn\u00e9ho kan\u00e1la, ale vo v\u0161eobecnosti pon\u00faka cenovo v\u00fdhodn\u00fa alternat\u00edvu bez kompromisov v \u00fa\u010dinnosti.<\/p>\n<p>Levitra, hoci je o nie\u010do drah\u0161ia ako niektor\u00e9 generick\u00e9 mo\u017enosti, zost\u00e1va ob\u013e\u00fabenou vo\u013ebou pre t\u00fdch, ktor\u00ed uprednost\u0148uj\u00fa jej \u0161pecifick\u00e9 v\u00fdhody. Poistn\u00e9 krytie a ceny lek\u00e1rn\u00ed m\u00f4\u017eu ovplyvni\u0165 kone\u010dn\u00e9 n\u00e1klady, preto sa pou\u017e\u00edvate\u013eom odpor\u00fa\u010da presk\u00fama\u0165 r\u00f4zne mo\u017enosti a potenci\u00e1lne diskutova\u0165 so svoj\u00edm poskytovate\u013eom zdravotnej starostlivosti o usmernen\u00ed o cenovo dostupn\u00fdch mo\u017enostiach.<\/p>\n<h2>Po\u017eiadavky na dostupnos\u0165 a predpis<\/h2>\n<p>Viagra Oral Jelly aj Levitra vy\u017eaduj\u00fa vo v\u00e4\u010d\u0161ine regi\u00f3nov lek\u00e1rsky predpis, \u010d\u00edm sa zabezpe\u010d\u00ed, \u017ee ich pou\u017eitie je bezpe\u010dn\u00e9 a primeran\u00e9 zdravotn\u00e9mu stavu pou\u017e\u00edvate\u013ea. T\u00e1to po\u017eiadavka na predpis tie\u017e pom\u00e1ha predch\u00e1dza\u0165 nespr\u00e1vnemu pou\u017eitiu a zais\u0165uje, \u017ee u\u017e\u00edvatelia dostan\u00fa vhodn\u00e9 usmernenia o d\u00e1vkovan\u00ed a mo\u017en\u00fdch interakci\u00e1ch.<\/p>\n<p>Tieto lieky s\u00fa vo v\u0161eobecnosti dostupn\u00e9 vo v\u00e4\u010d\u0161ine lek\u00e1rn\u00ed vr\u00e1tane online predajn\u00ed, ktor\u00e9 pou\u017e\u00edvate\u013eom pon\u00fakaj\u00fa pohodlie. Je d\u00f4le\u017eit\u00e9 nakupova\u0165 z renomovan\u00fdch zdrojov, aby ste sa vyhli fal\u0161ovaniu v\u00fdrobkov, ktor\u00e9 m\u00f4\u017eu predstavova\u0165 v\u00e1\u017ene zdravotn\u00e9 rizik\u00e1.<\/p>\n<h2>Pou\u017e\u00edvate\u013esk\u00e9 sk\u00fasenosti a referencie<\/h2>\n<p>Sk\u00fasenosti pou\u017e\u00edvate\u013eov s liekmi Viagra Oral Jelly a Levitra sa zna\u010dne l\u00ed\u0161ia, pri\u010dom osobn\u00e9 posudky \u010dasto zd\u00f4raz\u0148uj\u00fa \u00fa\u010dinnos\u0165 a pohodlie zvolenej lie\u010dby. Mnoho u\u017e\u00edvate\u013eov oce\u0148uje diskr\u00e9tny a r\u00fdchlo p\u00f4sobiaci charakter Viagra Oral Jelly, pri\u010dom za v\u00fdznamn\u00e9 v\u00fdhody pova\u017euje jednoduch\u00e9 pou\u017eitie a r\u00fdchly n\u00e1stup \u00fa\u010dinku.<\/p>\n<p>Podobne aj Levitra dost\u00e1va pozit\u00edvnu sp\u00e4tn\u00fa v\u00e4zbu pre svoju spo\u013eahlivos\u0165 a o nie\u010do dlh\u0161ie trvanie. Pou\u017e\u00edvatelia \u010dasto uv\u00e1dzaj\u00fa spokojnos\u0165 s jeho v\u00fdkonom a flexibilitou, ktor\u00fa poskytuje pri sexu\u00e1lnej aktivite. Presk\u00famanie mno\u017estva posudkov m\u00f4\u017ee poskytn\u00fa\u0165 poh\u013ead na pou\u017e\u00edvanie a efektivitu v re\u00e1lnom svete, \u010do pom\u00f4\u017ee potenci\u00e1lnym pou\u017e\u00edvate\u013eom nastavi\u0165 realistick\u00e9 o\u010dak\u00e1vania.<\/p>\n<h2>Viagra Oral Jelly vs Levitra: \u010co je efekt\u00edvnej\u0161ie?<\/h2>\n<p>Ur\u010denie, ktor\u00fd liek je \u00fa\u010dinnej\u0161\u00ed, z\u00e1vis\u00ed vo ve\u013ekej miere od individu\u00e1lnej reakcie a preferenci\u00ed. R\u00fdchly n\u00e1stup a jednoduch\u00e9 pod\u00e1vanie Viagra Oral Jelly z nej rob\u00ed siln\u00e9ho konkurenta pre t\u00fdch, ktor\u00ed h\u013eadaj\u00fa r\u00fdchle v\u00fdsledky bez potreby vody na prehltnutie pilulky.<\/p>\n<p>Dlh\u0161ie trvanie a konzistentn\u00fd v\u00fdkon Levitra pon\u00faka presved\u010div\u00fa mo\u017enos\u0165 pre t\u00fdch, ktor\u00ed s\u00fa ochotn\u00ed po\u010dka\u0165 na za\u010diatok o nie\u010do dlh\u0161ie. V kone\u010dnom d\u00f4sledku je efektivita subjekt\u00edvna a pou\u017e\u00edvatelia mo\u017eno bud\u00fa musie\u0165 experimentova\u0165 s oboma mo\u017enos\u0165ami, aby ur\u010dili, ktor\u00e1 najlep\u0161ie vyhovuje ich \u017eivotn\u00e9mu \u0161t\u00fdlu a potreb\u00e1m.<\/p>\n<h2>\u00davahy o \u017eivotnom \u0161t\u00fdle a liekov\u00e9 interakcie<\/h2>\n<p>Faktory \u017eivotn\u00e9ho \u0161t\u00fdlu, ako je strava, konzum\u00e1cia alkoholu a celkov\u00e9 zdravie, m\u00f4\u017eu ovplyvni\u0165 \u00fa\u010dinnos\u0165 Viagra Oral Jelly a Levitra. Napr\u00edklad jedl\u00e1 s vysok\u00fdm obsahom tuku m\u00f4\u017eu oddiali\u0165 \u00fa\u010dinok t\u00fdchto liekov a nadmern\u00fd pr\u00edjem alkoholu m\u00f4\u017ee zhor\u0161i\u0165 ved\u013eaj\u0161ie \u00fa\u010dinky alebo zn\u00ed\u017ei\u0165 \u00fa\u010dinnos\u0165.<\/p>\n<p>D\u00f4le\u017eit\u00fdm faktorom s\u00fa aj liekov\u00e9 interakcie. Obidva lieky by sa nemali pou\u017e\u00edva\u0165 spolu s nitr\u00e1tmi, niektor\u00fdmi antifung\u00e1lnymi liekmi alebo inhib\u00edtormi HIV prote\u00e1zy. Konzult\u00e1cia s poskytovate\u013eom zdravotnej starostlivosti m\u00f4\u017ee pom\u00f4c\u0165 identifikova\u0165 potenci\u00e1lne interakcie a pod\u013ea toho upravi\u0165 pl\u00e1ny lie\u010dby.<\/p>\n<h2>Ako si vybra\u0165 medzi Viagra Oral Jelly a Levitra<\/h2>\n<p>V\u00fdber medzi Viagrou Oral Jelly a Levitrou zah\u0155\u0148a zv\u00e1\u017eenie nieko\u013ek\u00fdch faktorov, vr\u00e1tane n\u00e1stupu a trvania \u00fa\u010dinku, ved\u013eaj\u0161\u00edch \u00fa\u010dinkov, ceny a osobn\u00fdch preferenci\u00ed. D\u00f4kladn\u00e1 diskusia s poskytovate\u013eom zdravotnej starostlivosti m\u00f4\u017ee poskytn\u00fa\u0165 cenn\u00e9 rady na z\u00e1klade anamn\u00e9zy, \u017eivotn\u00e9ho \u0161t\u00fdlu a \u0161pecifick\u00fdch potrieb.<\/p>\n<p>Pri tomto rozhodovan\u00ed m\u00f4\u017eu zohr\u00e1va\u0165 \u00falohu aj pokusy a omyly, preto\u017ee individu\u00e1lne reakcie na tieto lieky sa m\u00f4\u017eu l\u00ed\u0161i\u0165. Monitorovanie \u00fa\u010dinkov a ved\u013eaj\u0161\u00edch \u00fa\u010dinkov ka\u017ed\u00e9ho z nich m\u00f4\u017ee pom\u00f4c\u0165 pou\u017e\u00edvate\u013eom urobi\u0165 informovan\u00e9 rozhodnutie, ktor\u00e9 zlep\u0161\u00ed kvalitu ich \u017eivota.<\/p>\n<h2>Z\u00e1ver: Urobi\u0165 informovan\u00e9 rozhodnutie<\/h2>\n<p>Na z\u00e1ver, Viagra Oral Jelly aj Levitra pon\u00fakaj\u00fa efekt\u00edvne rie\u0161enia pre erektiln\u00fa dysfunkciu, pri\u010dom ka\u017ed\u00e9 m\u00e1 svoje vlastn\u00e9 v\u00fdhody. Pochopenie rozdielov v n\u00e1stupe, trvan\u00ed, ved\u013eaj\u0161\u00edch \u00fa\u010dinkoch a n\u00e1kladoch m\u00f4\u017ee pou\u017e\u00edvate\u013eom umo\u017eni\u0165 robi\u0165 informovan\u00e9 rozhodnutia. Spolupr\u00e1ca s poskytovate\u013emi zdravotnej starostlivosti je nevyhnutn\u00e1 na zabezpe\u010denie bezpe\u010dn\u00e9ho a efekt\u00edvneho pou\u017e\u00edvania prisp\u00f4soben\u00e9ho individu\u00e1lnym okolnostiam.<\/p>\n<p>V kone\u010dnom d\u00f4sledku by v\u00fdber medzi t\u00fdmito liekmi mal by\u0165 v s\u00falade s osobn\u00fdmi preferenciami a lek\u00e1rskymi radami, \u010do vedie k zlep\u0161eniu sexu\u00e1lneho zdravia a celkovej pohody.<\/p>\n<h2>\u010casto kladen\u00e9 ot\u00e1zky o Viagra Oral Jelly a Levitra<\/h2>\n<p>Pri zva\u017eovan\u00ed Viagra Oral Jelly a Levitra \u010dasto vznikaj\u00fa be\u017en\u00e9 ot\u00e1zky t\u00fdkaj\u00face sa ich pou\u017eitia, \u00fa\u010dinnosti a bezpe\u010dnosti. Pou\u017e\u00edvatelia sa \u010dasto p\u00fdtaj\u00fa na najlep\u0161\u00ed \u010das na u\u017e\u00edvanie t\u00fdchto liekov, potenci\u00e1lne interakcie s jedlom a n\u00e1pojmi a na to, \u010do robi\u0165 v pr\u00edpade vynechania d\u00e1vky alebo ved\u013eaj\u0161\u00edch \u00fa\u010dinkov.<\/p>\n<p>Pre pou\u017e\u00edvate\u013eov je d\u00f4le\u017eit\u00e9, aby mali pr\u00edstup k spo\u013eahliv\u00fdm inform\u00e1ci\u00e1m a aby sa poradili s odborn\u00edkmi v oblasti zdravotnej starostlivosti o personalizovan\u00e9 rady. Pochopenie t\u00fdchto aspektov m\u00f4\u017ee zmierni\u0165 obavy a zabezpe\u010di\u0165 pozit\u00edvnu sk\u00fasenos\u0165 s ktor\u00fdmko\u013evek liekom.<\/p>\n","protected":false},"excerpt":{"rendered":"<p>Viagra Oral Jelly vs Levitra (vardenafil): n\u00e1stup, trvanie, ved\u013eaj\u0161ie \u00fa\u010dinky, cena Tento \u010dl\u00e1nok sk\u00fama rozdiely medzi Viagra Oral Jelly a Levitrou, sk\u00fama ich n\u00e1stup, trvanie, ved\u013eaj\u0161ie \u00fa\u010dinky a n\u00e1klady, aby pomohol pou\u017e\u00edvate\u013eom robi\u0165 informovan\u00e9 rozhodnutia. \u00davod do Viagra Oral Jelly a Levitra (vardenafil) Viagra Oral Jelly a Levitra s\u00fa ob\u013e\u00faben\u00e9 sp\u00f4soby lie\u010dby erektilnej dysfunkcie (ED), &hellip; <a href=\"http:\/\/sabeono.com\/?page_id=939\" class=\"more-link\">Continue reading <span class=\"screen-reader-text\">\u00davod do Viagra Oral Jelly a Levitra (vardenafil)<\/span> <span class=\"meta-nav\">&rarr;<\/span><\/a><\/p>\n","protected":false},"author":1,"featured_media":0,"parent":0,"menu_order":0,"comment_status":"closed","ping_status":"closed","template":"","meta":{"footnotes":""},"_links":{"self":[{"href":"http:\/\/sabeono.com\/index.php?rest_route=\/wp\/v2\/pages\/939"}],"collection":[{"href":"http:\/\/sabeono.com\/index.php?rest_route=\/wp\/v2\/pages"}],"about":[{"href":"http:\/\/sabeono.com\/index.php?rest_route=\/wp\/v2\/types\/page"}],"author":[{"embeddable":true,"href":"http:\/\/sabeono.com\/index.php?rest_route=\/wp\/v2\/users\/1"}],"replies":[{"embeddable":true,"href":"http:\/\/sabeono.com\/index.php?rest_route=%2Fwp%2Fv2%2Fcomments&post=939"}],"version-history":[{"count":1,"href":"http:\/\/sabeono.com\/index.php?rest_route=\/wp\/v2\/pages\/939\/revisions"}],"predecessor-version":[{"id":940,"href":"http:\/\/sabeono.com\/index.php?rest_route=\/wp\/v2\/pages\/939\/revisions\/940"}],"wp:attachment":[{"href":"http:\/\/sabeono.com\/index.php?rest_route=%2Fwp%2Fv2%2Fmedia&parent=939"}],"curies":[{"name":"wp","href":"https:\/\/api.w.org\/{rel}","templated":true}]}}