{"id":927,"date":"2026-03-24T07:36:51","date_gmt":"2026-03-24T07:36:51","guid":{"rendered":"http:\/\/sabeono.com\/?page_id=927"},"modified":"2026-03-24T07:36:51","modified_gmt":"2026-03-24T07:36:51","slug":"az-erekcios-diszfunkcio-ed-es-a-kezelesi-lehetosegek-megertese-2","status":"publish","type":"page","link":"http:\/\/sabeono.com\/?page_id=927","title":{"rendered":"Az erekci\u00f3s diszfunkci\u00f3 (ED) \u00e9s a kezel\u00e9si lehet\u0151s\u00e9gek meg\u00e9rt\u00e9se"},"content":{"rendered":"<h1>M\u00e9rlegelend\u0151 gy\u00f3gyszerk\u00f6lcs\u00f6nhat\u00e1sok az ED-gy\u00f3gyszerekkel (alkohol, nitr\u00e1tok, alfa-blokkol\u00f3k): biztons\u00e1gi ellen\u0151rz\u0151 lista a v\u00e1s\u00e1rl\u00e1s el\u0151tt<\/h1>\n<p>A mereved\u00e9si zavar (ED) elleni gy\u00f3gyszerek \u00e9s m\u00e1s anyagok, p\u00e9ld\u00e1ul alkohol, nitr\u00e1tok \u00e9s alfa-blokkol\u00f3k k\u00f6z\u00f6tti \u00f6sszetett k\u00f6lcs\u00f6nhat\u00e1sok meg\u00e9rt\u00e9se kulcsfontoss\u00e1g\u00fa a biztons\u00e1gos \u00e9s hat\u00e9kony kezel\u00e9shez.<\/p>\n<h2>Az erekci\u00f3s diszfunkci\u00f3 (ED) \u00e9s a kezel\u00e9si lehet\u0151s\u00e9gek meg\u00e9rt\u00e9se<\/h2>\n<p>Az erekci\u00f3s diszfunkci\u00f3 (ED) egy gyakori \u00e1llapot, amely befoly\u00e1solja a f\u00e9rfiak azon k\u00e9pess\u00e9g\u00e9t, hogy el\u00e9rje vagy fenntartsa a szexu\u00e1lis kapcsolatra alkalmas erekci\u00f3t. Sz\u00e1mos t\u00e9nyez\u0151 okozhatja, bele\u00e9rtve a pszichol\u00f3giai probl\u00e9m\u00e1kat, a hormon\u00e1lis egyens\u00falyhi\u00e1nyt, a neurol\u00f3giai rendelleness\u00e9geket \u00e9s az \u00e9rrendszeri probl\u00e9m\u00e1kat. Az ED prevalenci\u00e1ja az \u00e9letkorral n\u00f6vekszik, de nem elker\u00fclhetetlen velej\u00e1r\u00f3ja az \u00f6reged\u00e9snek.<\/p>\n<p>Sz\u00e1mos kezel\u00e9si lehet\u0151s\u00e9g \u00e1ll rendelkez\u00e9sre az ED-re, az \u00e9letm\u00f3dv\u00e1lt\u00e1st\u00f3l \u00e9s a pszichol\u00f3giai tan\u00e1csad\u00e1st\u00f3l a gy\u00f3gyszerekig \u00e9s a seb\u00e9szeti beavatkoz\u00e1sokig. Az or\u00e1lis gy\u00f3gyszerek, mint p\u00e9ld\u00e1ul az 5-\u00f6s t\u00edpus\u00fa foszfodi\u00e9szter\u00e1z (PDE5) g\u00e1tl\u00f3k, gyakran a kezel\u00e9s els\u0151 vonal\u00e1t jelentik hat\u00e9konys\u00e1guk \u00e9s egyszer\u0171 haszn\u00e1latuk miatt. Egy\u00e9b kezel\u00e9si lehet\u0151s\u00e9gek k\u00f6z\u00e9 tartoznak a v\u00e1kuumos erekci\u00f3s eszk\u00f6z\u00f6k, a p\u00e9niszinjekci\u00f3k \u00e9s a p\u00e9niszimplant\u00e1tumok.<\/p>\n<h2>A gyakori ED-gy\u00f3gyszerek \u00e1ttekint\u00e9se<\/h2>\n<p>A leggyakrabban fel\u00edrt ED-gy\u00f3gyszerek a PDE5-g\u00e1tl\u00f3k, amelyek k\u00f6z\u00e9 tartozik a szildenafil (Viagra), a tadalafil (Cialis) \u00e9s a vardenafil (Levitra). Ezek a gy\u00f3gyszerek \u00fagy fejtik ki hat\u00e1sukat, hogy fokozz\u00e1k a nitrog\u00e9n-monoxid hat\u00e1s\u00e1t, egy term\u00e9szetes vegyi anyag, amelyet a szervezet termel a p\u00e9nisz izmainak ellaz\u00edt\u00e1s\u00e1ra, ez\u00e1ltal fokozza a v\u00e9r\u00e1raml\u00e1st \u00e9s lehet\u0151v\u00e9 teszi az erekci\u00f3t a szexu\u00e1lis stimul\u00e1ci\u00f3 hat\u00e1s\u00e1ra.<\/p>\n<p>Ezeknek a gy\u00f3gyszereknek mindegyike elt\u00e9r\u0151 hat\u00e1startammal \u00e9s kezdeti id\u0151vel rendelkezik. P\u00e9ld\u00e1ul a szildenafil \u00e1ltal\u00e1ban 30-60 percen bel\u00fcl fejti ki hat\u00e1s\u00e1t, \u00e9s k\u00f6r\u00fclbel\u00fcl 4-5 \u00f3r\u00e1ig tart, m\u00edg a tadalafil ak\u00e1r 36 \u00f3r\u00e1ig is hathat. Alapvet\u0151 fontoss\u00e1g\u00fa, hogy a betegek konzult\u00e1ljanak az eg\u00e9szs\u00e9g\u00fcgyi szolg\u00e1ltat\u00f3kkal, hogy meghat\u00e1rozz\u00e1k, melyik gy\u00f3gyszer felel meg legink\u00e1bb sz\u00fcks\u00e9gleteiknek \u00e9s \u00e9letm\u00f3djuknak.<\/p>\n<h2>Hogyan befoly\u00e1solja az alkohol az ED-gy\u00f3gyszereket<\/h2>\n<p>M\u00edg a m\u00e9rs\u00e9kelt alkoholfogyaszt\u00e1s \u00e1ltal\u00e1ban nem befoly\u00e1solja jelent\u0151sen az ED-gy\u00f3gyszereket, a t\u00falzott alkoholfogyaszt\u00e1s cs\u00f6kkentheti ezeknek a gy\u00f3gyszereknek a hat\u00e9konys\u00e1g\u00e1t. Az alkohol depressz\u00e1ns, \u00e9s nagy mennyis\u00e9gben ronthatja az idegrendszer azon k\u00e9pess\u00e9g\u00e9t, hogy reag\u00e1ljon a szexu\u00e1lis ingerekre, \u00edgy m\u00e9g ED-gy\u00f3gyszerek haszn\u00e1lata eset\u00e9n is nehezebb el\u00e9rni az erekci\u00f3t.<\/p>\n<p>Ezenk\u00edv\u00fcl az alkohol \u00e9s az ED-gy\u00f3gyszerekkel val\u00f3 kombin\u00e1l\u00e1sa n\u00f6velheti a k\u00e1ros mell\u00e9khat\u00e1sok, p\u00e9ld\u00e1ul sz\u00e9d\u00fcl\u00e9s, fejf\u00e1j\u00e1s \u00e9s v\u00e9rnyom\u00e1scs\u00f6kken\u00e9s kock\u00e1zat\u00e1t. Azok sz\u00e1m\u00e1ra, akik gyakran fogyasztanak alkoholt, tan\u00e1csos megbesz\u00e9lni az alkoholfogyaszt\u00e1st eg\u00e9szs\u00e9g\u00fcgyi szolg\u00e1ltat\u00f3val az ED-kezel\u00e9s megkezd\u00e9se el\u0151tt.<\/p>\n<h2>A nitr\u00e1tok ED-gy\u00f3gyszerekkel val\u00f3 kombin\u00e1l\u00e1s\u00e1nak kock\u00e1zatai<\/h2>\n<p>Az egyik legkritikusabb k\u00f6lcs\u00f6nhat\u00e1s, amellyel tiszt\u00e1ban kell lenni, az ED-gy\u00f3gyszerek \u00e9s a nitr\u00e1tok k\u00f6z\u00f6tt van. A nitr\u00e1tokat \u00e1ltal\u00e1ban mellkasi f\u00e1jdalom (angina) \u00e9s egy\u00e9b sz\u00edvbetegs\u00e9gek eset\u00e9n \u00edrj\u00e1k fel, \u00e9s a v\u00e9rerek kit\u00e1g\u00edt\u00e1s\u00e1val jav\u00edtj\u00e1k a v\u00e9r\u00e1raml\u00e1st. PDE5-g\u00e1tl\u00f3kkal kombin\u00e1lva a nitr\u00e1tok s\u00falyos v\u00e9rnyom\u00e1ses\u00e9st okozhatnak, ami sz\u00e9d\u00fcl\u00e9shez, \u00e1jul\u00e1shoz vagy ak\u00e1r sz\u00edvrohamhoz vagy sz\u00e9l\u00fct\u00e9shez vezethet.<\/p>\n<p>A nitr\u00e1tokat szed\u0151 betegek sz\u00e1m\u00e1ra kulcsfontoss\u00e1g\u00fa, hogy ker\u00fclj\u00e9k az ED-gy\u00f3gyszerek haszn\u00e1lat\u00e1t. Az eg\u00e9szs\u00e9g\u00fcgyi szolg\u00e1ltat\u00f3kat t\u00e1j\u00e9koztatni kell a beteg \u00e1ltal szedett \u00f6sszes gy\u00f3gyszerr\u0151l, hogy megakad\u00e1lyozz\u00e1k ezt a vesz\u00e9lyes k\u00f6lcs\u00f6nhat\u00e1st. Egyes esetekben alternat\u00edv kezel\u00e9si lehet\u0151s\u00e9geket lehet megvizsg\u00e1lni az ED-re, ha a nitr\u00e1tok nem hagyhat\u00f3k abba.<\/p>\n<h2>Interakci\u00f3 az alfa-blokkol\u00f3k \u00e9s az ED-gy\u00f3gyszerek k\u00f6z\u00f6tt<\/h2>\n<p>Az alfa-blokkol\u00f3k a gy\u00f3gyszerek egy m\u00e1sik csoportja, amelyek k\u00f6lcs\u00f6nhat\u00e1sba l\u00e9phetnek az ED-gy\u00f3gyszerekkel. Ezeket gyakran magas v\u00e9rnyom\u00e1s \u00e9s j\u00f3indulat\u00fa prosztata hiperpl\u00e1zia (BPH) kezel\u00e9s\u00e9re \u00edrj\u00e1k fel. Az alfa-blokkol\u00f3k az erek kit\u00e1gul\u00e1s\u00e1t is okozz\u00e1k, \u00e9s v\u00e9rnyom\u00e1ses\u00e9shez vezethetnek.<\/p>\n<p>ED gy\u00f3gyszerekkel egy\u00fctt szedve a kombin\u00e1lt v\u00e9rnyom\u00e1scs\u00f6kkent\u0151 <a href=\"https:\/\/gyors-patika.net\/\">https:\/\/gyors-patika.net\/<\/a> hat\u00e1sok jelent\u0151sek lehetnek. Az alfa-blokkol\u00f3kat szed\u0151 betegeknek alacsony d\u00f3zis\u00fa ED-gy\u00f3gyszerrel kell kezdeni\u00fck, \u00e9s orvosi fel\u00fcgyelet mellett fokozatosan n\u00f6velni\u00fck kell a mell\u00e9khat\u00e1sok elker\u00fcl\u00e9se \u00e9rdek\u00e9ben. A k\u00f6lcs\u00f6nhat\u00e1sok minimaliz\u00e1l\u00e1sa \u00e9rdek\u00e9ben fontos, hogy ezeknek a gy\u00f3gyszereknek az id\u0151z\u00edt\u00e9s\u00e9t id\u0151z\u00edtse.<\/p>\n<h2>Az ED-szerek \u00e9s az alkohol lehets\u00e9ges mell\u00e9khat\u00e1sai<\/h2>\n<p>Az ED-gy\u00f3gyszerek \u00e1ltal\u00e1ban j\u00f3l toler\u00e1lhat\u00f3k, de mell\u00e9khat\u00e1sokat okozhatnak, k\u00fcl\u00f6n\u00f6sen alkohollal egy\u00fctt alkalmazva. A gyakori mell\u00e9khat\u00e1sok k\u00f6z\u00e9 tartozik a fejf\u00e1j\u00e1s, kipirul\u00e1s, orrdugul\u00e1s \u00e9s gyomorpanasz. Ezek a hat\u00e1sok \u00e1ltal\u00e1ban enyh\u00e9k \u00e9s \u00e1tmenetiek, de az alkoholfogyaszt\u00e1s s\u00falyosb\u00edthatja \u0151ket.<\/p>\n<p>Egyes esetekben a felhaszn\u00e1l\u00f3k s\u00falyosabb mell\u00e9khat\u00e1sokat tapasztalhatnak, p\u00e9ld\u00e1ul l\u00e1t\u00e1sv\u00e1ltoz\u00e1sokat, hall\u00e1scs\u00f6kken\u00e9st vagy elh\u00faz\u00f3d\u00f3 erekci\u00f3t, amelyek azonnali orvosi ell\u00e1t\u00e1st ig\u00e9nyelnek. A betegeknek \u00f3vatosnak kell lenni\u00fck az alkohollal, \u00e9s figyelni\u00fck kell a szokatlan t\u00fcneteket az ED-kezel\u00e9s alatt.<\/p>\n<h2>Az ED-gy\u00f3gyszerek biztons\u00e1gos haszn\u00e1lat\u00e1nak ir\u00e1nyelvei<\/h2>\n<p>Az ED-gy\u00f3gyszerek biztons\u00e1gos haszn\u00e1lat\u00e1nak biztos\u00edt\u00e1sa \u00e9rdek\u00e9ben elengedhetetlen az el\u0151\u00edrt adagok betart\u00e1sa \u00e9s az aj\u00e1nlott mennyis\u00e9g t\u00fall\u00e9p\u00e9se. A javasoltn\u00e1l nagyobb adag bev\u00e9tele nem n\u00f6veli a gy\u00f3gyszer hat\u00e9konys\u00e1g\u00e1t, \u00e9s s\u00falyos eg\u00e9szs\u00e9g\u00fcgyi kock\u00e1zatokhoz vezethet.<\/p>\n<p>Az ED-gy\u00f3gyszereket csak sz\u00fcks\u00e9g szerint szabad bevenni, \u00e9s a felhaszn\u00e1l\u00f3knak ker\u00fclni\u00fck kell m\u00e1s ED-kezel\u00e9sekkel egy\u00fctt t\u00f6rt\u00e9n\u0151 alkalmaz\u00e1sukat, kiv\u00e9ve, ha eg\u00e9szs\u00e9g\u00fcgyi szakember tan\u00e1csolja. Az ir\u00e1nyelvek megfelel\u0151 betart\u00e1sa seg\u00edt maximaliz\u00e1lni a gy\u00f3gyszer el\u0151nyeit, mik\u00f6zben minimaliz\u00e1lja a lehets\u00e9ges kock\u00e1zatokat.<\/p>\n<h2>Konzult\u00e1ljon orvos\u00e1val az ED-gy\u00f3gyszerk\u00f6lcs\u00f6nhat\u00e1sokr\u00f3l<\/h2>\n<p>Miel\u0151tt b\u00e1rmilyen ED-gy\u00f3gyszert elkezdene szedni, alapvet\u0151 fontoss\u00e1g\u00fa, hogy alaposan konzult\u00e1ljon egy eg\u00e9szs\u00e9g\u00fcgyi szolg\u00e1ltat\u00f3val. Ennek a megbesz\u00e9l\u00e9snek mag\u00e1ban kell foglalnia az \u00f6sszes jelenlegi gy\u00f3gyszer \u00e1tfog\u00f3 \u00e1ttekint\u00e9s\u00e9t, bele\u00e9rtve a v\u00e9ny n\u00e9lk\u00fcl kaphat\u00f3 gy\u00f3gyszereket \u00e9s kieg\u00e9sz\u00edt\u0151ket is, az esetleges k\u00f6lcs\u00f6nhat\u00e1sok azonos\u00edt\u00e1sa \u00e9rdek\u00e9ben.<\/p>\n<p>A betegeknek ny\u00edltan meg kell besz\u00e9lni\u00fck \u00e9letm\u00f3djukat, bele\u00e9rtve az alkoholfogyaszt\u00e1st \u00e9s b\u00e1rmilyen rekre\u00e1ci\u00f3s droghaszn\u00e1latot, hogy szem\u00e9lyre szabott tan\u00e1csokat kapjanak. A rendszeres nyomon k\u00f6vet\u00e9s seg\u00edthet a kezel\u00e9s hat\u00e9konys\u00e1g\u00e1nak nyomon k\u00f6vet\u00e9s\u00e9ben \u00e9s a sz\u00fcks\u00e9ges kiigaz\u00edt\u00e1sokban.<\/p>\n<h2>A gy\u00f3gyszermell\u00e9khat\u00e1sok t\u00fcneteinek azonos\u00edt\u00e1sa<\/h2>\n<p>A gy\u00f3gyszermell\u00e9khat\u00e1sok t\u00fcneteinek felismer\u00e9se l\u00e9tfontoss\u00e1g\u00fa mindenki sz\u00e1m\u00e1ra, aki ED-gy\u00f3gyszert szed. Az olyan t\u00fcnetek, mint a s\u00falyos sz\u00e9d\u00fcl\u00e9s, hirtelen l\u00e1t\u00e1s- vagy hall\u00e1sveszt\u00e9s, mellkasi f\u00e1jdalom vagy n\u00e9gy \u00f3r\u00e1n\u00e1l tov\u00e1bb tart\u00f3 erekci\u00f3 (priapizmus) azonnali orvosi ell\u00e1t\u00e1st ig\u00e9nyelnek.<\/p>\n<p>A betegeket fel kell oktatni ezekr\u0151l a lehets\u00e9ges jelekr\u0151l, \u00e9s b\u00e1tor\u00edtani kell, hogy szokatlan t\u00fcnetek eset\u00e9n azonnal forduljanak orvoshoz. A korai beavatkoz\u00e1s megel\u0151zheti a sz\u00f6v\u0151dm\u00e9nyeket \u00e9s biztos\u00edtja a kezel\u00e9s biztons\u00e1gos folytat\u00e1s\u00e1t.<\/p>\n<h2>Alternat\u00edv\u00e1k az ED-gy\u00f3gyszerekre a vesz\u00e9lyeztetettek sz\u00e1m\u00e1ra<\/h2>\n<p>Azok az egy\u00e9nek, akik potenci\u00e1lis k\u00f6lcs\u00f6nhat\u00e1sok vagy egy\u00e9b eg\u00e9szs\u00e9g\u00fcgyi probl\u00e9m\u00e1k miatt nem szedhetnek ED-gy\u00f3gyszereket, alternat\u00edv kezel\u00e9sek \u00e1llnak rendelkez\u00e9sre. Ezek a lehet\u0151s\u00e9gek magukban foglalj\u00e1k a v\u00e1kuumos erekci\u00f3s eszk\u00f6z\u00f6ket, a p\u00e9nisz injekci\u00f3kat \u00e9s a pszichol\u00f3giai tan\u00e1csad\u00e1st olyan m\u00f6g\u00f6ttes probl\u00e9m\u00e1kra, mint a szorong\u00e1s vagy a depresszi\u00f3.<\/p>\n<p>Az \u00e9letm\u00f3dbeli v\u00e1ltoztat\u00e1sok, mint p\u00e9ld\u00e1ul a fogy\u00e1s, a testmozg\u00e1s \u00e9s a doh\u00e1nyz\u00e1s abbahagy\u00e1sa szint\u00e9n jav\u00edthatj\u00e1k az erekci\u00f3s funkci\u00f3t. Egyes betegek \u00fagy tal\u00e1lhatj\u00e1k, hogy ezeknek a megk\u00f6zel\u00edt\u00e9seknek az egyedi ig\u00e9nyeire szabott kombin\u00e1ci\u00f3ja ny\u00fajtja a legjobb eredm\u00e9nyeket.<\/p>\n<h2>A gy\u00f3gyszeres kezel\u00e9s el\u0151zm\u00e9nyeinek az eg\u00e9szs\u00e9g\u00fcgyi szolg\u00e1ltat\u00f3k fel\u00e9 val\u00f3 k\u00f6zl\u00e9s\u00e9nek fontoss\u00e1ga<\/h2>\n<p>A biztons\u00e1gos \u00e9s hat\u00e9kony ED-kezel\u00e9shez elengedhetetlen a p\u00e1ciens k\u00f3rt\u00f6rt\u00e9net\u00e9nek \u00e9s gy\u00f3gyszeres kezel\u00e9s\u00e9nek teljes k\u00f6r\u0171 nyilv\u00e1noss\u00e1gra hozatala. Az aktu\u00e1lis gy\u00f3gyszerekkel vagy eg\u00e9szs\u00e9g\u00fcgyi \u00e1llapotokkal kapcsolatos inform\u00e1ci\u00f3k visszatart\u00e1sa nem megfelel\u0151 fel\u00edr\u00e1st eredm\u00e9nyezhet, \u00e9s n\u00f6velheti a k\u00e1ros interakci\u00f3k kock\u00e1zat\u00e1t.<\/p>\n<p>A betegeket \u00f6szt\u00f6n\u00f6zni kell, hogy k\u00e9sz\u00edtsenek naprak\u00e9sz list\u00e1t gy\u00f3gyszereikr\u0151l, \u00e9s ossz\u00e1k meg minden eg\u00e9szs\u00e9g\u00fcgyi szolg\u00e1ltat\u00f3val, akit megl\u00e1togatnak. Az \u00e1tl\u00e1that\u00f3s\u00e1g biztos\u00edtja, hogy a kezel\u00e9si tervek biztons\u00e1gosak \u00e9s hat\u00e9konyak legyenek, cs\u00f6kkentve a nemk\u00edv\u00e1natos esem\u00e9nyek kock\u00e1zat\u00e1t.<\/p>\n<h2>Az eg\u00e9szs\u00e9g monitoroz\u00e1sa ED-gy\u00f3gyszerek haszn\u00e1lata k\u00f6zben<\/h2>\n<p>A rendszeres eg\u00e9szs\u00e9g\u00fcgyi ellen\u0151rz\u00e9s fontos az ED-gy\u00f3gyszereket haszn\u00e1l\u00f3 egy\u00e9nek sz\u00e1m\u00e1ra. Ez mag\u00e1ban foglalja a sz\u00edv- \u00e9s \u00e9rrendszeri eg\u00e9szs\u00e9gi \u00e1llapot felm\u00e9r\u00e9s\u00e9re szolg\u00e1l\u00f3 rutin ellen\u0151rz\u00e9seket, valamint a t\u00fcnetek vagy mell\u00e9khat\u00e1sok v\u00e1ltoz\u00e1s\u00e1nak megfigyel\u00e9s\u00e9t.<\/p>\n<p>A betegeket azt is tan\u00e1csolni kell, hogy halad\u00e9ktalanul jelents\u00e9k az \u00faj t\u00fcneteket vagy eg\u00e9szs\u00e9gi \u00e1llapotukban bek\u00f6vetkezett v\u00e1ltoz\u00e1sokat. Az eg\u00e9szs\u00e9g\u00fcgyi szolg\u00e1ltat\u00f3kkal val\u00f3 folyamatos kommunik\u00e1ci\u00f3 seg\u00edt abban, hogy a probl\u00e9m\u00e1kat gyorsan megoldj\u00e1k, \u00e9s a kezel\u00e9s hat\u00e9kony maradjon.<\/p>\n<h2>\u00c9letm\u00f3dv\u00e1lt\u00e1sok az ED-kezel\u00e9s t\u00e1mogat\u00e1s\u00e1ra<\/h2>\n<p>Az orvosi kezel\u00e9sek mellett az \u00e9letm\u00f3dbeli v\u00e1ltoztat\u00e1sok jelent\u0151sen t\u00e1mogathatj\u00e1k az ED kezel\u00e9s\u00e9t. A rendszeres fizikai aktivit\u00e1s, a kiegyens\u00falyozott \u00e9trend, az eg\u00e9szs\u00e9ges tests\u00faly meg\u0151rz\u00e9se \u00e9s a doh\u00e1nyz\u00e1s abbahagy\u00e1sa mind hozz\u00e1j\u00e1rulhatnak az erekci\u00f3s funkci\u00f3 jav\u00edt\u00e1s\u00e1hoz.<\/p>\n<p>A stressz cs\u00f6kkent\u00e9se mindfulness gyakorlatokkal vagy ter\u00e1pi\u00e1val szint\u00e9n el\u0151ny\u00f6s lehet. Ezek a v\u00e1ltoz\u00e1sok nemcsak az ED-kezel\u00e9sek hat\u00e9konys\u00e1g\u00e1t n\u00f6velik, hanem az \u00e1ltal\u00e1nos eg\u00e9szs\u00e9gi \u00e1llapotot \u00e9s az \u00e9letmin\u0151s\u00e9get is jav\u00edtj\u00e1k.<\/p>\n<h2>Mikor kell azonnali orvosi ell\u00e1t\u00e1st k\u00e9rni<\/h2>\n<p>Azonnali orvosi ell\u00e1t\u00e1sra van sz\u00fcks\u00e9g, ha az egy\u00e9n s\u00falyos mell\u00e9khat\u00e1sokat tapasztal az ED-gy\u00f3gyszerek miatt, p\u00e9ld\u00e1ul mellkasi f\u00e1jdalmat, s\u00falyos sz\u00e9d\u00fcl\u00e9st vagy eszm\u00e9letveszt\u00e9st. A priapizmus, az elh\u00faz\u00f3d\u00f3 \u00e9s f\u00e1jdalmas erekci\u00f3, s\u00fcrg\u0151s ell\u00e1t\u00e1st tesz sz\u00fcks\u00e9gess\u00e9 a maradand\u00f3 k\u00e1rosod\u00e1s megel\u0151z\u00e9se \u00e9rdek\u00e9ben.<\/p>\n<p>A betegeket t\u00e1j\u00e9koztatni kell e t\u00fcnetek felismer\u00e9s\u00e9r\u0151l, \u00e9s tan\u00e1csot kell adni, hogy forduljanak s\u00fcrg\u0151ss\u00e9gi ell\u00e1t\u00e1shoz, ha el\u0151fordulnak. A gyors cselekv\u00e9s m\u00e9rs\u00e9kelheti az ED-gy\u00f3gyszerk\u00f6lcs\u00f6nhat\u00e1sokkal \u00e9s mell\u00e9khat\u00e1sokkal kapcsolatos s\u00falyos eg\u00e9szs\u00e9g\u00fcgyi kock\u00e1zatokat.<\/p>\n<h2>Forr\u00e1sok az ED-gy\u00f3gyszerbiztons\u00e1ggal kapcsolatos tov\u00e1bbi inform\u00e1ci\u00f3khoz<\/h2>\n<p>Azok sz\u00e1m\u00e1ra, akik tov\u00e1bbi inform\u00e1ci\u00f3kat keresnek az ED-gy\u00f3gyszerek biztons\u00e1goss\u00e1g\u00e1r\u00f3l, az eg\u00e9szs\u00e9g\u00fcgyi szolg\u00e1ltat\u00f3kon, gy\u00f3gyszer\u00e9szeken \u00e9s j\u00f3 h\u00edr\u0171 eg\u00e9szs\u00e9g\u00fcgyi szervezeteken kereszt\u00fcl \u00e1llnak rendelkez\u00e9sre forr\u00e1sok. Ezek a forr\u00e1sok naprak\u00e9sz inform\u00e1ci\u00f3kkal szolg\u00e1lhatnak a gy\u00f3gyszerk\u00f6lcs\u00f6nhat\u00e1sokr\u00f3l, a mell\u00e9khat\u00e1sokr\u00f3l \u00e9s a biztons\u00e1gos haszn\u00e1latr\u00f3l.<\/p>\n<p>A megb\u00edzhat\u00f3 eg\u00e9szs\u00e9g\u00fcgyi webhelyekr\u0151l \u00e9s betegt\u00e1mogat\u00e1si csoportokr\u00f3l sz\u00e1rmaz\u00f3 oktat\u00e1si anyagok szint\u00e9n \u00e9rt\u00e9kes betekint\u00e9st \u00e9s t\u00e1mogat\u00e1st ny\u00fajthatnak az ED-t kezel\u0151 egy\u00e9nek sz\u00e1m\u00e1ra. A t\u00e1j\u00e9kozotts\u00e1g lehet\u0151v\u00e9 teszi a betegek sz\u00e1m\u00e1ra, hogy biztons\u00e1gos \u00e9s hat\u00e9kony d\u00f6nt\u00e9seket hozzanak kezel\u00e9s\u00fckkel kapcsolatban.<\/p>\n","protected":false},"excerpt":{"rendered":"<p>M\u00e9rlegelend\u0151 gy\u00f3gyszerk\u00f6lcs\u00f6nhat\u00e1sok az ED-gy\u00f3gyszerekkel (alkohol, nitr\u00e1tok, alfa-blokkol\u00f3k): biztons\u00e1gi ellen\u0151rz\u0151 lista a v\u00e1s\u00e1rl\u00e1s el\u0151tt A mereved\u00e9si zavar (ED) elleni gy\u00f3gyszerek \u00e9s m\u00e1s anyagok, p\u00e9ld\u00e1ul alkohol, nitr\u00e1tok \u00e9s alfa-blokkol\u00f3k k\u00f6z\u00f6tti \u00f6sszetett k\u00f6lcs\u00f6nhat\u00e1sok meg\u00e9rt\u00e9se kulcsfontoss\u00e1g\u00fa a biztons\u00e1gos \u00e9s hat\u00e9kony kezel\u00e9shez. Az erekci\u00f3s diszfunkci\u00f3 (ED) \u00e9s a kezel\u00e9si lehet\u0151s\u00e9gek meg\u00e9rt\u00e9se Az erekci\u00f3s diszfunkci\u00f3 (ED) egy gyakori \u00e1llapot, amely befoly\u00e1solja &hellip; <a href=\"http:\/\/sabeono.com\/?page_id=927\" class=\"more-link\">Continue reading <span class=\"screen-reader-text\">Az erekci\u00f3s diszfunkci\u00f3 (ED) \u00e9s a kezel\u00e9si lehet\u0151s\u00e9gek meg\u00e9rt\u00e9se<\/span> <span class=\"meta-nav\">&rarr;<\/span><\/a><\/p>\n","protected":false},"author":1,"featured_media":0,"parent":0,"menu_order":0,"comment_status":"closed","ping_status":"closed","template":"","meta":{"footnotes":""},"_links":{"self":[{"href":"http:\/\/sabeono.com\/index.php?rest_route=\/wp\/v2\/pages\/927"}],"collection":[{"href":"http:\/\/sabeono.com\/index.php?rest_route=\/wp\/v2\/pages"}],"about":[{"href":"http:\/\/sabeono.com\/index.php?rest_route=\/wp\/v2\/types\/page"}],"author":[{"embeddable":true,"href":"http:\/\/sabeono.com\/index.php?rest_route=\/wp\/v2\/users\/1"}],"replies":[{"embeddable":true,"href":"http:\/\/sabeono.com\/index.php?rest_route=%2Fwp%2Fv2%2Fcomments&post=927"}],"version-history":[{"count":1,"href":"http:\/\/sabeono.com\/index.php?rest_route=\/wp\/v2\/pages\/927\/revisions"}],"predecessor-version":[{"id":928,"href":"http:\/\/sabeono.com\/index.php?rest_route=\/wp\/v2\/pages\/927\/revisions\/928"}],"wp:attachment":[{"href":"http:\/\/sabeono.com\/index.php?rest_route=%2Fwp%2Fv2%2Fmedia&parent=927"}],"curies":[{"name":"wp","href":"https:\/\/api.w.org\/{rel}","templated":true}]}}