{"id":819,"date":"2026-03-23T16:48:07","date_gmt":"2026-03-23T16:48:07","guid":{"rendered":"http:\/\/sabeono.com\/?page_id=819"},"modified":"2026-03-23T16:48:07","modified_gmt":"2026-03-23T16:48:07","slug":"silagra-kasutamise-eelised-erektsioonihairete-korral","status":"publish","type":"page","link":"http:\/\/sabeono.com\/?page_id=819","title":{"rendered":"Silagra kasutamise eelised erektsioonih\u00e4irete korral"},"content":{"rendered":"<h1>K\u00f5ik, mida peaksite teadma enne Silagra ostmist<\/h1>\n<p>P\u00f5hjalik juhend Silagra, selle kasutuste, eeliste ja kaalutluste m\u00f5istmiseks enne ostmist.<\/p>\n<h2>Mis on Silagra ja kuidas see toimib?<\/h2>\n<p>Silagra on ravim, mida kasutatakse peamiselt meeste erektsioonih\u00e4irete (ED) raviks. See kuulub ravimite klassi, mida tuntakse 5. t\u00fc\u00fcpi fosfodiesteraasi (PDE5) inhibiitoritena. Inhibeerides ens\u00fc\u00fcmi PDE5, soodustab Silagra suurenenud verevoolu peenisesse, aidates seel\u00e4bi saavutada ja s\u00e4ilitada erektsiooni seksuaalse stimulatsiooni korral. See mehhanism sarnaneb teiste populaarsete ED-ravimitega, pakkudes usaldusv\u00e4\u00e4rset alternatiivi ravi otsivatele inimestele.<\/p>\n<p>Silagra t\u00f5husus s\u00f5ltub seksuaalsest erutusest, kuna see ei algata erektsiooni iseenesest. Selle asemel suurendab see loomulikku erektsioonireaktsiooni seksuaalsele stimulatsioonile. See muudab selle praktiliseks valikuks inimestele, kes soovivad s\u00e4ilitada oma seksuaaltegevuses spontaansust. Silagra toimimise m\u00f5istmine on kasutajate jaoks \u00fclioluline realistlike ootuste seadmiseks ja soovitud tulemuste saavutamiseks.<\/p>\n<h2>Silagra aktiivsed koostisosad<\/h2>\n<p>Silagra peamine toimeaine on sildenafiiltsitraat, sama \u00fchend, mida leidub laialt tuntud Viagras. Sildenafiiltsitraat l\u00f5\u00f5gastab peenise veresooni, v\u00f5imaldades suurendada verevoolu seksuaalse erutuse ajal. Seda aktiivset komponenti on p\u00f5hjalikult uuritud ja sellel on pikaajaline maine oma t\u00f5hususe poolest erektsioonih\u00e4irete ravis.<\/p>\n<p>Lisaks sildenafiiltsitraadile sisaldab Silagra mitmesuguseid inertseid koostisosi, mis aitavad kaasa ravimi koostisele ja stabiilsusele. Need mitteaktiivsed komponendid on olulised toimeaine t\u00f5husaks kohaletoimetamiseks, kuid ei aita kaasa ravitoimele. On oluline, et kasutajad oleksid teadlikud k\u00f5igist komponentidest, eriti kui neil on teatud ainete suhtes allergia v\u00f5i tundlikkus.<\/p>\n<h2>Silagra kasutamise eelised erektsioonih\u00e4irete korral<\/h2>\n<p>Silagra kasutamise peamine eelis on selle v\u00f5ime t\u00f5husalt hallata erektsioonih\u00e4ireid, aidates kasutajatel saavutada ja s\u00e4ilitada seksuaalvahekorraks sobivat erektsiooni. Paljude meeste jaoks t\u00e4hendab see olulist elukvaliteedi paranemist, parandades nii intiimsuhteid kui ka enesehinnangut. Lisaks on Silagra tuntud oma suhteliselt kiire toime alguse poolest, mis avaldub sageli 30\u201360 minuti jooksul.<\/p>\n<p>Veel \u00fcks Silagra eelis on selle kulut\u00f5husus v\u00f5rreldes m\u00f5ne kaubam\u00e4rgiga analoogiga. See pakub soodsamat v\u00f5imalust, ilma et see kahjustaks t\u00f5husust, muutes selle k\u00e4ttesaadavaks laiemale publikule. Veelgi enam, sildenafiiltsitraadi kui toimeaine tundmine annab kasutajatele kindlustunde selle ohutuse ja usaldusv\u00e4\u00e4rsuse suhtes, mida toetavad aastatepikkused uuringud ja kliiniline kasutamine.<\/p>\n<h2>Silagra soovitatav annus ja manustamine<\/h2>\n<p>Silagra soovitatav algannus enamikule kasutajatele on 50 mg, mis v\u00f5etakse umbes tund enne eeldatavat seksuaalset tegevust. S\u00f5ltuvalt ravimi efektiivsusest ja individuaalsest taluvusest v\u00f5ib annust kohandada kas 25 mg-ni v\u00f5i suurendada maksimaalselt 100 mg-ni. K\u00f5rvaltoimete riski minimeerimiseks on \u00fclioluline j\u00e4rgida neid juhiseid.<\/p>\n<p>Silagrat tuleb v\u00f5tta suu kaudu koos veega ja seda v\u00f5ib tarbida koos toiduga v\u00f5i ilma. Siiski peaksid kasutajad teadma, et rasvane eine v\u00f5ib ravimi toime algust edasi l\u00fckata. Soovitatav on mitte v\u00f5tta rohkem kui \u00fcks annus 24-tunnise perioodi jooksul. Soovitatud annuse j\u00e4rjepidev j\u00e4rgimine tagab optimaalsed tulemused ja ohutuse.<\/p>\n<h2>Silagra v\u00f5imalikud k\u00f5rvalm\u00f5jud ja riskid<\/h2>\n<p>Nagu k\u00f5ik ravimid, v\u00f5ib ka Silagra p\u00f5hjustada k\u00f5rvaltoimeid, kuigi k\u00f5igil neid ei teki. Sagedased k\u00f5rvaltoimed on peavalud, \u00f5hetus, seedeh\u00e4ired, ninakinnisus ja pearinglus. Need toimed on tavaliselt kerged ja ajutised ning taanduvad, kui keha kohaneb ravimiga.<\/p>\n<p>Siiski on Silagraga seotud t\u00f5sisemaid <a href=\"https:\/\/hooldusapteek.org\/silagra-hind-veebis-ilma-retseptita\">Silagra Veebis<\/a> riske, mis n\u00f5uavad ettevaatust. Harva v\u00f5ib see p\u00f5hjustada n\u00e4gemise v\u00f5i kuulmise \u00e4kilist langust v\u00f5i kaotust v\u00f5i erektsiooni, mis kestab kauem kui neli tundi (priapism). Need seisundid n\u00f5uavad viivitamatut arstiabi. On \u00fclioluline, et kasutajad oleksid nendest v\u00f5imalikest riskidest teavitatud ja otsiksid abi, kui neil tekivad t\u00f5sised v\u00f5i p\u00fcsivad s\u00fcmptomid.<\/p>\n<h2>Silagra ja teiste ravimite koostoimed<\/h2>\n<p>Silagra v\u00f5ib suhelda teatud ravimitega, mis v\u00f5ib m\u00f5jutada selle efektiivsust v\u00f5i suurendada k\u00f5rvaltoimete riski. Eelk\u00f5ige ei tohiks seda v\u00f5tta koos nitraatidega, mis on sageli ette n\u00e4htud valu rinnus, kuna see v\u00f5ib p\u00f5hjustada verer\u00f5hu ohtlikku langust. Muud ravimid, mis v\u00f5ivad interakteeruda, h\u00f5lmavad teatud alfa-blokaatoreid, seenevastaseid aineid ja HIV proteaasi inhibiitoreid.<\/p>\n<p>Isikud, kes v\u00f5tavad praegu mingeid ravimeid, peaksid enne Silagraga alustamist konsulteerima oma tervishoiuteenuse osutajaga. Kahjulike koostoimete v\u00e4ltimiseks ja Silagra ohutu kasutamise tagamiseks on oluline nende raviskeemi p\u00f5hjalik \u00fclevaade. See samm on \u00fclioluline \u00fcldise tervise ja heaolu s\u00e4ilitamiseks erektsioonih\u00e4irete ravimisel.<\/p>\n<h2>Kes peaks Silagra v\u00f5tmist v\u00e4ltima?<\/h2>\n<p>Silagra ei sobi k\u00f5igile. Mehed, kellele on s\u00fcdame-veresoonkonna probleemide t\u00f5ttu soovitatud hoiduda seksuaalsest tegevusest, peaksid selle ravimi kasutamist v\u00e4ltima. Lisaks peaksid Silagra v\u00f5tmisest hoiduma isikud, kellel on anamneesis t\u00f5sised s\u00fcdame- v\u00f5i maksaprobleemid, hiljutised insultid v\u00f5i s\u00fcdameinfarktid v\u00f5i teatud p\u00e4rilikud silmahaigused.<\/p>\n<p>Lisaks ei soovitata seda naistele ega alla 18-aastastele isikutele. Sildenafiili v\u00f5i m\u00f5ne muu Silagra komponendi suhtes allergilised inimesed peaksid samuti ravimit v\u00e4ltima. Tervishoiut\u00f6\u00f6tajaga konsulteerimine on h\u00e4davajalik, et teha kindlaks, kas Silagra on sobiv raviv\u00f5imalus.<\/p>\n<h2>Silagra v\u00f5rdlemine teiste erektsioonih\u00e4irete ravidega<\/h2>\n<p>Silagra konkureerib mitmesuguste muude ED-ravidega, sealhulgas kaubam\u00e4rgiga ravimid nagu Viagra, Cialis ja Levitra. Kuigi neil ravimitel on \u00fchine eesm\u00e4rk, erinevad need toimeainete, toime kestuse ja k\u00f5rvaltoimete profiilide poolest. Silagra toimeaine, sildenafiiltsitraat, on tuntud oma t\u00f5hususe ja ohutuse poolest, mis on v\u00f5rreldav selle kaubam\u00e4rgi vaste Viagraga.<\/p>\n<p>Cialis seevastu sisaldab tadalafiili, mis pakub pikemat toimekestust, mis kestab kuni 36 tundi. Levitra, mis sisaldab vardenafiili, valitakse sageli selle kiire alguse ja toiduga koostoimete v\u00e4iksema t\u00f5en\u00e4osuse t\u00f5ttu. L\u00f5ppkokkuv\u00f5ttes s\u00f5ltub nende ravimite valik individuaalsetest eelistustest, elustiili kaalutlustest ja talutavusest, kusjuures Silagra on kulut\u00f5hus ja usaldusv\u00e4\u00e4rne valik.<\/p>\n<h2>Kuidas osta Silagrat ohutult ja seaduslikult<\/h2>\n<p>Silagra ohutuks ja seaduslikuks ostmiseks on oluline hankida see hea mainega apteegist kas isiklikult v\u00f5i veebist. Vaja on kehtivat tervishoiuteenuse osutaja retsepti, mis tagab, et ravim vastab inimese tervislikule seisundile ja vajadustele. See samm on \u00fclioluline, et v\u00e4ltida v\u00f5ltsitud tooteid, mis v\u00f5ivad olla ebat\u00f5husad v\u00f5i kahjulikud.<\/p>\n<p>Internetist ostes on oluline kontrollida apteegi legitiimsust. Otsige Interneti-apteeke, millel on litsents ja millel on kinnitatud klientidelt positiivsed hinnangud. Ebaseaduslike allikate v\u00e4ltimine ei taga mitte ainult ravimite autentsust, vaid kaitseb ka kasutajaid v\u00f5imalike juriidiliste probleemide ja terviseriskide eest.<\/p>\n<h2>N\u00e4pun\u00e4iteid Silagra efektiivsuse maksimeerimiseks<\/h2>\n<p>Silagra efektiivsuse maksimeerimiseks on soovitatav v\u00f5tta ravimit t\u00fchja k\u00f5huga v\u00f5i p\u00e4rast kerget einet, sest raske eine v\u00f5ib aeglustada selle imendumist. Lisaks v\u00f5ib eelm\u00e4ngus osalemine aidata suurendada ravimi efektiivsust, kuna selle toimimiseks on vaja seksuaalset stimulatsiooni.<\/p>\n<p>Tervisliku eluviisi s\u00e4ilitamine, sealhulgas regulaarne treening ja tasakaalustatud toitumine, v\u00f5ivad samuti parandada Silagra \u00fcldtulemusi. Alkoholitarbimise v\u00e4hendamine ja narkootikumide v\u00e4ltimine v\u00f5ib selle t\u00f5husust veelgi suurendada. Neid n\u00f5uandeid j\u00e4rgides saavad kasutajad saavutada paremaid tulemusi ja nautida paremaid seksuaalkogemusi.<\/p>\n<h2>Levinud m\u00fc\u00fcdid ja v\u00e4\u00e4rarusaamad Silagra kohta<\/h2>\n<p>Silagra \u00fcmber on mitu m\u00fc\u00fcti, mis v\u00f5ivad selle kasutamisega seoses arusaamatusi tekitada. \u00dcks levinud eksiarvamus on see, et Silagra v\u00f5ib suurendada seksuaalset soovi. Kuid ravim ei m\u00f5juta libiidot; see aitab erektsiooni saavutada ja s\u00e4ilitada ainult siis, kui see on erutatud.<\/p>\n<p>Teine m\u00fc\u00fct on see, et Silagra v\u00f5ib erektsioonih\u00e4ireid p\u00fcsivalt ravida. Kuigi see on t\u00f5hus s\u00fcmptomite juhtimisel, ei k\u00e4sitle see p\u00f5hjuseid. Selle eeliste s\u00e4ilitamiseks on vajalik pidev kasutamine. Nende m\u00fc\u00fctide hajutamine on oluline realistlike ootuste seadmiseks ja teadliku kasutamise tagamiseks.<\/p>\n<h2>Iseloomustused ja kasutajakogemused Silagraga<\/h2>\n<p>Paljud Silagra kasutajad teatavad positiivsetest kogemustest, viidates paranenud erektsioonifunktsioonile ja suurenenud kindlustundele intiimse keskkonna suhtes. Iseloomustused t\u00f5stavad sageli esile ravimi usaldusv\u00e4\u00e4rsust ja j\u00e4rjepidevaid tulemusi, mis aitavad oluliselt kaasa kasutajate rahulolule. Veel \u00fcks sageli mainitud eelis on Silagra taskukohasus v\u00f5rreldes teiste ravimeetoditega.<\/p>\n<p>Kogemused v\u00f5ivad siiski olla erinevad, m\u00f5nel kasutajal on kergeid k\u00f5rvaltoimeid v\u00f5i nende toime algab oodatust aeglasemalt. Erinevate kasutajate arvustuste lugemine v\u00f5ib anda potentsiaalsetele kasutajatele tasakaalustatud \u00fclevaate sellest, mida oodata, mis aitab nende otsustusprotsessis.<\/p>\n<h2>Enne Silagra kasutamist konsulteerige tervishoiut\u00f6\u00f6tajaga<\/h2>\n<p>Enne Silagraga alustamist on h\u00e4davajalik konsulteerida tervishoiut\u00f6\u00f6tajaga. See konsultatsioon tagab, et ravim on kasutaja tervislikule seisundile sobiv ega avalda koostoimet teiste ravimitega, mida nad v\u00f5ivad v\u00f5tta. Tervishoiuteenuse osutaja v\u00f5ib anda kohandatud n\u00f5uandeid, annustamissoovitusi ja j\u00e4lgida v\u00f5imalikke k\u00f5rvaltoimeid.<\/p>\n<p>Avatud suhtlus tervishoiut\u00f6\u00f6tajaga annab kasutajatele v\u00f5imaluse arutada k\u00f5iki ravimiga seotud muresid v\u00f5i k\u00fcsimusi. See ennetav l\u00e4henemine on Silagra ohutuks ja t\u00f5husaks kasutamiseks \u00fclioluline.<\/p>\n<h2>Silagra n\u00f5uetekohane ladustamine ja k\u00e4sitsemine<\/h2>\n<p>Silagra n\u00f5uetekohane s\u00e4ilitamine on selle t\u00f5hususe ja s\u00e4ilivusaja s\u00e4ilitamiseks h\u00e4davajalik. Ravimit tuleb hoida originaalpakendis, niiskuse ja otsese p\u00e4ikesevalguse eest kaitstult ning toatemperatuuril. Samuti on oluline hoida seda lastele k\u00e4ttesaamatus kohas, et v\u00e4ltida juhuslikku allaneelamist.<\/p>\n<p>Silagra k\u00e4sitsemisel veenduge, et k\u00e4ed oleksid puhtad ja kuivad, et v\u00e4ltida saastumist. Kasutajad peaksid j\u00e4rgima k\u00f5iki tootja v\u00f5i apteekri antud t\u00e4iendavaid s\u00e4ilitamisjuhiseid, tagades, et ravim s\u00e4ilib kuni aegumiskuup\u00e4evani.<\/p>\n<h2>Korduma kippuvad k\u00fcsimused Silagra kohta<\/h2>\n<p>Arvestades selle laialdast kasutamist ja populaarsust, kerkivad Silagra kohta mitu levinud k\u00fcsimust. Kasutajad k\u00fcsivad sageli selle avaldumisaja, selle m\u00f5ju kestuse ja selle kohta, kas alkoholi tarbimine on ravimi v\u00f5tmise ajal ohutu. Need k\u00fcsimused r\u00f5hutavad, kui oluline on m\u00f5ista, kuidas Silagra sobib inimese elustiili ja tervisere\u017eiimiga.<\/p>\n<p>Konkreetsete p\u00e4ringute korral on soovitatav konsulteerida tervishoiut\u00f6\u00f6tajaga, kuna nad saavad anda \u00fcksikasjalikke ja isikup\u00e4raseid vastuseid. Juurdep\u00e4\u00e4s t\u00e4psele teabele ja ekspertide n\u00f5uannetele tagab, et kasutajad saavad teha Silagra-ravi kohta teadlikke otsuseid.<\/p>\n","protected":false},"excerpt":{"rendered":"<p>K\u00f5ik, mida peaksite teadma enne Silagra ostmist P\u00f5hjalik juhend Silagra, selle kasutuste, eeliste ja kaalutluste m\u00f5istmiseks enne ostmist. Mis on Silagra ja kuidas see toimib? Silagra on ravim, mida kasutatakse peamiselt meeste erektsioonih\u00e4irete (ED) raviks. See kuulub ravimite klassi, mida tuntakse 5. t\u00fc\u00fcpi fosfodiesteraasi (PDE5) inhibiitoritena. Inhibeerides ens\u00fc\u00fcmi PDE5, soodustab Silagra suurenenud verevoolu peenisesse, aidates &hellip; <a href=\"http:\/\/sabeono.com\/?page_id=819\" class=\"more-link\">Continue reading <span class=\"screen-reader-text\">Silagra kasutamise eelised erektsioonih\u00e4irete korral<\/span> <span class=\"meta-nav\">&rarr;<\/span><\/a><\/p>\n","protected":false},"author":1,"featured_media":0,"parent":0,"menu_order":0,"comment_status":"closed","ping_status":"closed","template":"","meta":{"footnotes":""},"_links":{"self":[{"href":"http:\/\/sabeono.com\/index.php?rest_route=\/wp\/v2\/pages\/819"}],"collection":[{"href":"http:\/\/sabeono.com\/index.php?rest_route=\/wp\/v2\/pages"}],"about":[{"href":"http:\/\/sabeono.com\/index.php?rest_route=\/wp\/v2\/types\/page"}],"author":[{"embeddable":true,"href":"http:\/\/sabeono.com\/index.php?rest_route=\/wp\/v2\/users\/1"}],"replies":[{"embeddable":true,"href":"http:\/\/sabeono.com\/index.php?rest_route=%2Fwp%2Fv2%2Fcomments&post=819"}],"version-history":[{"count":1,"href":"http:\/\/sabeono.com\/index.php?rest_route=\/wp\/v2\/pages\/819\/revisions"}],"predecessor-version":[{"id":820,"href":"http:\/\/sabeono.com\/index.php?rest_route=\/wp\/v2\/pages\/819\/revisions\/820"}],"wp:attachment":[{"href":"http:\/\/sabeono.com\/index.php?rest_route=%2Fwp%2Fv2%2Fmedia&parent=819"}],"curies":[{"name":"wp","href":"https:\/\/api.w.org\/{rel}","templated":true}]}}