{"id":811,"date":"2026-03-23T16:29:47","date_gmt":"2026-03-23T16:29:47","guid":{"rendered":"http:\/\/sabeono.com\/?page_id=811"},"modified":"2026-03-23T16:29:47","modified_gmt":"2026-03-23T16:29:47","slug":"kuinka-ateriat-vaikuttavat-kamagra-oral-jellyn-tehoon","status":"publish","type":"page","link":"http:\/\/sabeono.com\/?page_id=811","title":{"rendered":"Kuinka ateriat vaikuttavat Kamagra Oral Jellyn tehoon"},"content":{"rendered":"<h1>Viikonlopun suunnittelu Kamagra Oral Jellyn kanssa: ajoitus, ateriat ja alkoholi<\/h1>\n<p>Viikonlopun suunnittelu Kamagra Oral Jellyn kanssa vaatii huolellista ajoituksen, aterioiden, alkoholin nauttimisen ja turvatoimien harkitsemista optimaalisen tehon ja nautinnon varmistamiseksi.<\/p>\n<h2>Kamagra Oral Jelly: yleiskatsaus<\/h2>\n<p>Kamagra Oral Jelly on suosittu l\u00e4\u00e4ke, jota k\u00e4ytet\u00e4\u00e4n erektioh\u00e4iri\u00f6iden (ED) hoitoon. Nopeavaikutteisesta luonteestaan \u200b\u200btunnettu se sis\u00e4lt\u00e4\u00e4 vaikuttavana aineena sildenafiilisitraattia, joka on sama ainesosa, joka l\u00f6ytyy Viagrasta. Hyytel\u00f6muoto mahdollistaa nopeamman imeytymisen verenkiertoon ja tarjoaa nopeamman vaikutuksen alkamisen perinteisiin tablettimuotoihin verrattuna.<\/p>\n<p>Kamagra Oral Jelly kehitettiin alun perin tarjoamaan vaihtoehto perinteisille ED-l\u00e4\u00e4kkeille, ja se on nyt laajalti saatavilla eri makuina, mik\u00e4 tekee siit\u00e4 maukkaamman vaihtoehdon monille k\u00e4ytt\u00e4jille. Vaikka se ei ole lisensoitu kaikissa maissa, se on edelleen saatavilla useiden online-toimittajien kautta. Sen mekanismin, etujen ja rajoitusten ymm\u00e4rt\u00e4minen on ratkaisevan t\u00e4rke\u00e4\u00e4 niille, jotka harkitsevat sen k\u00e4ytt\u00f6\u00e4 viikonloppuna.<\/p>\n<h2>Ihanteellinen ajoitus Kamagra Oral Jellyn kulutukselle<\/h2>\n<p>Kamagra Oral Jellyn kulutuksen ajoitus voi vaikuttaa suuresti sen tehokkuuteen. Yleens\u00e4 on suositeltavaa ottaa hyytel\u00f6 noin 15-30 minuuttia ennen odotettua seksi\u00e4. T\u00e4m\u00e4 antaa riitt\u00e4v\u00e4sti aikaa l\u00e4\u00e4kkeen imeytymiseen ja sen vaikutusten havaittamiseen.<\/p>\n<p>Koska se alkaa nopeasti, k\u00e4ytt\u00e4j\u00e4t pit\u00e4v\u00e4t sit\u00e4 usein hy\u00f6dyllisen\u00e4 spontaaneille suunnitelmille. On kuitenkin eritt\u00e4in t\u00e4rke\u00e4\u00e4 suunnitella t\u00e4m\u00e4n ikkunan ymp\u00e4rille sen tehokkuuden maksimoimiseksi ja varmistaa samalla, ett\u00e4 romanttisia tai intiimej\u00e4 hetki\u00e4 ei kiirehdi tai h\u00e4iritse. T\u00e4m\u00e4n ajoituksen ymm\u00e4rt\u00e4minen voi auttaa huolellisessa viikonloppusuunnittelussa ja varmistaa, ett\u00e4 molemmat kumppanit ovat linjassa heid\u00e4n odotustensa kanssa.<\/p>\n<h2>Kuinka ateriat vaikuttavat Kamagra Oral Jellyn tehoon<\/h2>\n<p>Kamagra Oral Jellyn tehoon voi vaikuttaa ruoan saanti, erityisesti raskaiden tai rasvaisten aterioiden nauttiminen. T\u00e4llaiset ateriat voivat hidastaa sildenafiilisitraatin imeytymist\u00e4 ja v\u00e4hent\u00e4\u00e4 sen vaikutusten nopeutta ja voimakkuutta. Siksi on suositeltavaa nauttia hyytel\u00f6 tyhj\u00e4\u00e4n mahaan tai kevyen aterian j\u00e4lkeen parhaan tuloksen saavuttamiseksi.<\/p>\n<p>Kun suunnittelet viikonloppua, harkitse aterioiden ajoittamista Kamagra Oral Jellyn k\u00e4yt\u00f6n ymp\u00e4rille. T\u00e4m\u00e4 strateginen suunnittelu voi auttaa yll\u00e4pit\u00e4m\u00e4\u00e4n l\u00e4\u00e4kkeen tehokkuutta ja mahdollistaa samalla nautinnolliset ruokailukokemukset vaarantamatta hyytel\u00f6n suunniteltuja tuloksia.<\/p>\n<h2>Alkoholin vuorovaikutus Kamagra Oral Jellyn kanssa<\/h2>\n<p>Alkoholin kulutus on yleinen huolenaihe k\u00e4ytett\u00e4ess\u00e4 ED-l\u00e4\u00e4kkeit\u00e4, kuten Kamagra Oral Jelly. Vaikka kohtuullinen alkoholink\u00e4ytt\u00f6 ei v\u00e4ltt\u00e4m\u00e4tt\u00e4 vaikuta merkitt\u00e4v\u00e4sti l\u00e4\u00e4kkeen tehoon, liiallinen juominen voi heikent\u00e4\u00e4 sen tehoa ja lis\u00e4t\u00e4 sivuvaikutusten todenn\u00e4k\u00f6isyytt\u00e4. Alkoholi voi my\u00f6s pahentaa erektioh\u00e4iri\u00f6n taustalla olevia syit\u00e4, mik\u00e4 v\u00e4hent\u00e4\u00e4 l\u00e4\u00e4kkeen kokonaishy\u00f6tyj\u00e4.<\/p>\n<p>Niille, jotka aikovat sis\u00e4llytt\u00e4\u00e4 alkoholin viikonlopputoimintoihinsa, on suositeltavaa tehd\u00e4 se kohtuudella. Alkoholin k\u00e4yt\u00f6n m\u00e4\u00e4r\u00e4n ja ajoituksen huomioiminen hyytel\u00f6n ottohetkeen verrattuna voi auttaa s\u00e4ilytt\u00e4m\u00e4\u00e4n sen tehon ja minimoimaan ei-toivotut vuorovaikutukset.<\/p>\n<h2>Kamagra Oral Jellyn yhdist\u00e4minen muihin l\u00e4\u00e4kkeisiin<\/h2>\n<p>Kamagra Oral Jellyn yhdist\u00e4minen muihin l\u00e4\u00e4kkeisiin vaatii varovaisuutta ja tietoisuutta. Tietyt l\u00e4\u00e4kkeet, erityisesti nitraatteja sis\u00e4lt\u00e4v\u00e4t l\u00e4\u00e4kkeet, voivat vaikuttaa haitallisesti sildenafiilisitraatin kanssa, mik\u00e4 johtaa vaarallisiin verenpaineen laskuihin. Muut l\u00e4\u00e4kkeet, kuten tietyt verenpainel\u00e4\u00e4kkeet ja sienil\u00e4\u00e4kkeet, voivat my\u00f6s olla vuorovaikutuksessa Kamagra Oral Jellyn kanssa.<\/p>\n<p>Ennen kuin sis\u00e4llyt\u00e4t Kamagra Oral <a href=\"https:\/\/laakekoti.net\/ostaa-kamagra-oraaligeeli-verkossa-ilman-reseptia\">https:\/\/laakekoti.net\/ostaa-kamagra-oraaligeeli-verkossa-ilman-reseptia<\/a> Jellyn viikonloppusuunnitelmaan, on eritt\u00e4in t\u00e4rke\u00e4\u00e4 k\u00e4yd\u00e4 l\u00e4pi kaikki nykyiset l\u00e4\u00e4kkeet terveydenhuollon tarjoajan kanssa. T\u00e4m\u00e4 ennakoiva askel voi est\u00e4\u00e4 haitallisia vuorovaikutuksia ja varmistaa turvallisen ja nautinnollisen kokemuksen.<\/p>\n<h2>Suositeltu annostus ja -tiheys viikonloppuk\u00e4ytt\u00f6\u00f6n<\/h2>\n<p>Kamagra Oral Jellyn suositeltu annos on tyypillisesti 50 mg, vaikka jotkut henkil\u00f6t saattavat tarvita muutoksia terveydentilansa ja l\u00e4\u00e4kitysvasteensa perusteella. On t\u00e4rke\u00e4\u00e4 huomata, ett\u00e4 suurin suositeltu tiheys on kerran p\u00e4iv\u00e4ss\u00e4 mahdollisten sivuvaikutusten ja terveysriskien v\u00e4ltt\u00e4miseksi.<\/p>\n<p>Viikonloppuk\u00e4yt\u00f6ss\u00e4 annosten ajoituksen suunnittelu voi auttaa varmistamaan jatkuvan vaikutuksen useiden p\u00e4ivien ajan. K\u00e4ytt\u00e4jien tulee kuitenkin noudattaa tiukasti annosteluohjeita, jotta v\u00e4ltet\u00e4\u00e4n yliannostusriski, joka voi johtaa vakaviin terveydellisiin komplikaatioihin.<\/p>\n<h2>Kamagra Oral Jellyn mahdolliset sivuvaikutukset<\/h2>\n<p>Kuten kaikilla l\u00e4\u00e4kkeill\u00e4, Kamagra Oral Jellyll\u00e4 on mahdollisia sivuvaikutuksia. Yleisi\u00e4 sivuvaikutuksia ovat p\u00e4\u00e4ns\u00e4rky, kasvojen punoitus ja nen\u00e4n tukkoisuus. Jotkut k\u00e4ytt\u00e4j\u00e4t voivat my\u00f6s kokea huimausta tai ruoansulatush\u00e4iri\u00f6it\u00e4. Vaikka n\u00e4m\u00e4 ovat yleens\u00e4 lievi\u00e4, ne voivat olla kiusallisia joillekin henkil\u00f6ille.<\/p>\n<p>Vakavat sivuvaikutukset, vaikka ne ovat harvinaisia, vaativat v\u00e4lit\u00f6nt\u00e4 l\u00e4\u00e4k\u00e4rinhoitoa. N\u00e4it\u00e4 ovat \u00e4killinen n\u00e4\u00f6nmenetys tai yli nelj\u00e4 tuntia kest\u00e4v\u00e4 erektio. N\u00e4ist\u00e4 riskeist\u00e4 tiedottaminen voi auttaa k\u00e4ytt\u00e4ji\u00e4 ryhtym\u00e4\u00e4n tarvittaessa oikea-aikaisiin toimiin ja varmistamaan turvallisuutensa ja hyvinvointinsa.<\/p>\n<h2>Turvallisuusn\u00e4k\u00f6kohdat Kamagra Oral Jellyn k\u00e4yt\u00f6ss\u00e4<\/h2>\n<p>Turvallisuuden tulee olla etusijalla Kamagra Oral Jelly\u00e4 k\u00e4ytett\u00e4ess\u00e4, etenkin aktiviteetin t\u00e4yteisen\u00e4 viikonloppuna. K\u00e4ytt\u00e4jien tulee olla tietoisia omista terveydest\u00e4\u00e4n, jotka voivat olla sildenafiilin k\u00e4yt\u00f6n vasta-aiheisia, kuten vaikeita syd\u00e4n- tai maksaongelmia.<\/p>\n<p>Lis\u00e4ksi on t\u00e4rke\u00e4\u00e4 s\u00e4ilytt\u00e4\u00e4 hyytel\u00f6 oikein ja pit\u00e4\u00e4 se poissa lasten ulottuvilta. Varmistamalla, ett\u00e4 tuote on hankittu hyv\u00e4maineisista l\u00e4hteist\u00e4, voidaan my\u00f6s est\u00e4\u00e4 tuotev\u00e4\u00e4renn\u00f6sten riski, jotka voivat olla tehottomia, mutta my\u00f6s vaarallisia.<\/p>\n<h2>Kamagra Oral Jelly ja ravitsemussuositukset<\/h2>\n<p>Ruokavaliotapoilla voi olla merkitt\u00e4v\u00e4 rooli Kamagra Oral Jellyn toiminnassa. Tasapainoinen ruokavalio, jossa on runsaasti hedelmi\u00e4, vihanneksia ja v\u00e4h\u00e4rasvaisia \u200b\u200bproteiineja, voi tukea yleist\u00e4 terveytt\u00e4 ja parantaa l\u00e4\u00e4kkeen tehoa. Liiallisen sokerin ja prosessoitujen elintarvikkeiden v\u00e4ltt\u00e4minen voi entisest\u00e4\u00e4n parantaa kehon vastetta hyytel\u00f6\u00f6n.<\/p>\n<p>Yksil\u00f6ille, jotka haluavat ottaa kaiken irti viikonlopustaan, ruokavalion valintojen yhteensovittaminen Kamagra Oral Jellyn kanssa voi edist\u00e4\u00e4 tyydytt\u00e4v\u00e4mp\u00e4\u00e4 kokemusta. T\u00e4m\u00e4 kohdistus ei ainoastaan \u200b\u200boptimoi l\u00e4\u00e4kkeen vaikutuksia, vaan tukee my\u00f6s yleist\u00e4 seksuaaliterveytt\u00e4.<\/p>\n<h2>Suunnittele romanttinen viikonloppu Kamagra Oral Jellyn kanssa<\/h2>\n<p>Romanttisen viikonlopun suunnittelu Kamagra Oral Jellyn kanssa sis\u00e4lt\u00e4\u00e4 enemm\u00e4n kuin vain l\u00e4\u00e4kityksen ajoituksen. Suotuisan ymp\u00e4rist\u00f6n luominen, rentoutumisen asettaminen etusijalle ja avoimen kommunikoinnin edist\u00e4minen kumppanien v\u00e4lill\u00e4 ovat onnistuneen kokemuksen avaintekij\u00f6it\u00e4.<\/p>\n<p>Harkitse toimintoja, jotka lis\u00e4\u00e4v\u00e4t l\u00e4heisyytt\u00e4 ja vahvistavat emotionaalista yhteytt\u00e4. Olipa kyseess\u00e4 kynttil\u00e4illallinen, rauhallinen k\u00e4vely tai yksinkertaisesti hiljaista aikaa yhdess\u00e4, n\u00e4m\u00e4 hetket voivat t\u00e4ydent\u00e4\u00e4 Kamagra Oral Jellyn vaikutuksia ja tehd\u00e4 viikonlopusta todella ikimuistoisen.<\/p>\n<h2>Kamagra Oral Jellyn tehokkuuteen vaikuttavat el\u00e4m\u00e4ntapatekij\u00e4t<\/h2>\n<p>Elintapavalinnat voivat vaikuttaa merkitt\u00e4v\u00e4sti Kamagra Oral Jellyn tehoon. S\u00e4\u00e4nn\u00f6llinen liikunta, riitt\u00e4v\u00e4 uni ja stressinhallinta ovat t\u00e4rkeit\u00e4 tekij\u00f6it\u00e4, jotka voivat parantaa l\u00e4\u00e4kkeen suorituskyky\u00e4. Toisaalta tupakointi ja istuvat el\u00e4m\u00e4ntavat voivat heikent\u00e4\u00e4 sen tehoa.<\/p>\n<p>Omaksumalla terveelliset el\u00e4m\u00e4ntavat k\u00e4ytt\u00e4j\u00e4t voivat parantaa yleist\u00e4 hyvinvointiaan ja my\u00f6s maksimoida Kamagra Oral Jellyn hy\u00f6dyt. T\u00e4m\u00e4 kokonaisvaltainen l\u00e4hestymistapa voi johtaa tyydytt\u00e4v\u00e4mpiin tuloksiin ja tyydytt\u00e4v\u00e4mp\u00e4\u00e4n viikonloppukokemukseen.<\/p>\n<h2>K\u00e4ytt\u00e4jien kokemuksia ja kokemuksia<\/h2>\n<p>Monet Kamagra Oral Jellyn k\u00e4ytt\u00e4j\u00e4t kertovat my\u00f6nteisist\u00e4 kokemuksista ja mainitsevat sen nopean toiminnan ja helppok\u00e4ytt\u00f6isyyden t\u00e4rkeimpin\u00e4 etuina. Suosittelut korostavat usein hyytel\u00f6n roolia spontaanisuuden ja itseluottamuksen lis\u00e4\u00e4misess\u00e4 intiimeiss\u00e4 ymp\u00e4rist\u00f6iss\u00e4.<\/p>\n<p>Kokemukset voivat kuitenkin vaihdella, sill\u00e4 jotkut k\u00e4ytt\u00e4j\u00e4t kohtaavat sivuvaikutuksia tai pit\u00e4v\u00e4t l\u00e4\u00e4kityst\u00e4 odotettua v\u00e4hemm\u00e4n tehokkaana. N\u00e4m\u00e4 vaihtelevat kertomukset korostavat henkil\u00f6kohtaisen kokeilun ja terveydenhuollon tarjoajien kuulemisen merkityst\u00e4 sopivuuden ja tehokkuuden m\u00e4\u00e4ritt\u00e4miseksi.<\/p>\n<h2>Oikeudelliset ja eettiset n\u00e4k\u00f6kohdat<\/h2>\n<p>Kamagra Oral Jellyn laillisuus vaihtelee maittain, ja jotkut alueet kielt\u00e4v\u00e4t sen myynnin viranomaishyv\u00e4ksynn\u00e4n puutteen vuoksi. K\u00e4ytt\u00e4jien tulee olla tietoisia paikallisista m\u00e4\u00e4r\u00e4yksist\u00e4 oikeudellisten ongelmien v\u00e4ltt\u00e4miseksi.<\/p>\n<p>Eettisesti yksil\u00f6iden on otettava huomioon t\u00e4llaisten l\u00e4\u00e4kkeiden k\u00e4yt\u00f6n seuraukset, mukaan lukien kumppanien tietoisen suostumuksen merkitys ja mahdollisuus turvautua l\u00e4\u00e4kkeisiin seksuaalisen suorituskyvyn saavuttamiseksi. N\u00e4iden seikkojen harkittu navigointi on ratkaisevan t\u00e4rke\u00e4\u00e4 vastuullisen k\u00e4yt\u00f6n kannalta.<\/p>\n<h2>Terveydenhuollon tarjoajien konsultointi ennen k\u00e4ytt\u00f6\u00e4<\/h2>\n<p>Ennen kuin k\u00e4yt\u00e4t Kamagra Oral Jelly\u00e4, on eritt\u00e4in suositeltavaa kuulla terveydenhuollon tarjoajaa. T\u00e4m\u00e4 konsultaatio voi antaa k\u00e4sityksen mahdollisista vasta-aiheista, sopivista annostuksista ja yleisest\u00e4 soveltuvuudesta yksil\u00f6lle.<\/p>\n<p>Terveydenhuollon ammattilaiset voivat my\u00f6s tarjota ohjeita sivuvaikutusten hallintaan ja neuvoja yhteisvaikutuksista muiden l\u00e4\u00e4kkeiden tai terveystilojen kanssa. T\u00e4m\u00e4 ennakoiva l\u00e4hestymistapa varmistaa Kamagra Oral Jellyn turvallisen ja tietoisen k\u00e4yt\u00f6n.<\/p>\n<h2>Vaihtoehtoja Kamagra Oral Jellylle viikonlopun suunnitteluun<\/h2>\n<p>Niille, jotka etsiv\u00e4t vaihtoehtoja Kamagra Oral Jellylle, on tarjolla useita vaihtoehtoja. Muut ED-l\u00e4\u00e4kkeet, kuten Viagra tai Cialis, saattavat sopia paremmin yksil\u00f6llisiin tarpeisiin ja mieltymyksiin. Ei-l\u00e4\u00e4ketieteelliset l\u00e4hestymistavat, kuten el\u00e4m\u00e4ntapojen muutokset tai psykologinen neuvonta, voivat my\u00f6s olla tehokkaita erektioh\u00e4iri\u00f6iden hoidossa.<\/p>\n<p>N\u00e4iden vaihtoehtojen tutkiminen terveydenhuollon tarjoajan ohjauksessa voi auttaa yksil\u00f6it\u00e4 l\u00f6yt\u00e4m\u00e4\u00e4n sopivimman ratkaisun ainutlaatuiseen tilanteeseensa, mik\u00e4 varmistaa t\u00e4ytel\u00e4isen ja nautinnollisen viikonlopun.<\/p>\n","protected":false},"excerpt":{"rendered":"<p>Viikonlopun suunnittelu Kamagra Oral Jellyn kanssa: ajoitus, ateriat ja alkoholi Viikonlopun suunnittelu Kamagra Oral Jellyn kanssa vaatii huolellista ajoituksen, aterioiden, alkoholin nauttimisen ja turvatoimien harkitsemista optimaalisen tehon ja nautinnon varmistamiseksi. Kamagra Oral Jelly: yleiskatsaus Kamagra Oral Jelly on suosittu l\u00e4\u00e4ke, jota k\u00e4ytet\u00e4\u00e4n erektioh\u00e4iri\u00f6iden (ED) hoitoon. Nopeavaikutteisesta luonteestaan \u200b\u200btunnettu se sis\u00e4lt\u00e4\u00e4 vaikuttavana aineena sildenafiilisitraattia, joka on &hellip; <a href=\"http:\/\/sabeono.com\/?page_id=811\" class=\"more-link\">Continue reading <span class=\"screen-reader-text\">Kuinka ateriat vaikuttavat Kamagra Oral Jellyn tehoon<\/span> <span class=\"meta-nav\">&rarr;<\/span><\/a><\/p>\n","protected":false},"author":1,"featured_media":0,"parent":0,"menu_order":0,"comment_status":"closed","ping_status":"closed","template":"","meta":{"footnotes":""},"_links":{"self":[{"href":"http:\/\/sabeono.com\/index.php?rest_route=\/wp\/v2\/pages\/811"}],"collection":[{"href":"http:\/\/sabeono.com\/index.php?rest_route=\/wp\/v2\/pages"}],"about":[{"href":"http:\/\/sabeono.com\/index.php?rest_route=\/wp\/v2\/types\/page"}],"author":[{"embeddable":true,"href":"http:\/\/sabeono.com\/index.php?rest_route=\/wp\/v2\/users\/1"}],"replies":[{"embeddable":true,"href":"http:\/\/sabeono.com\/index.php?rest_route=%2Fwp%2Fv2%2Fcomments&post=811"}],"version-history":[{"count":1,"href":"http:\/\/sabeono.com\/index.php?rest_route=\/wp\/v2\/pages\/811\/revisions"}],"predecessor-version":[{"id":812,"href":"http:\/\/sabeono.com\/index.php?rest_route=\/wp\/v2\/pages\/811\/revisions\/812"}],"wp:attachment":[{"href":"http:\/\/sabeono.com\/index.php?rest_route=%2Fwp%2Fv2%2Fmedia&parent=811"}],"curies":[{"name":"wp","href":"https:\/\/api.w.org\/{rel}","templated":true}]}}