{"id":809,"date":"2026-03-23T16:24:44","date_gmt":"2026-03-23T16:24:44","guid":{"rendered":"http:\/\/sabeono.com\/?page_id=809"},"modified":"2026-03-23T16:24:44","modified_gmt":"2026-03-23T16:24:44","slug":"mehanizam-djelovanja-genericke-viagre","status":"publish","type":"page","link":"http:\/\/sabeono.com\/?page_id=809","title":{"rendered":"Mehanizam djelovanja generi\u010dke Viagre"},"content":{"rendered":"<h1>Kada se propisuje Viagra Generic i kako djeluje<\/h1>\n<p>Viagra Generic \u0161iroko je kori\u0161ten lijek koji se propisuje za lije\u010denje erektilne disfunkcije, s posebnim smjernicama i razmatranjima za njegovu upotrebu i u\u010dinkovitost.<\/p>\n<h2>Razumijevanje generi\u010dke Viagre: pregled<\/h2>\n<p>Viagra Generic, \u010desto poznata po aktivnom sastojku sildenafilu, lijek je koji je napravio revoluciju u lije\u010denju erektilne disfunkcije (ED). Od svog predstavljanja, ovaj je lijek ponudio pristupa\u010dniju alternativu poznatoj Viagri, \u010dine\u0107i ga dostupnim \u0161iroj populaciji. Za razliku od pandana robne marke, Viagra Generic proizvode razli\u010dite farmaceutske tvrtke, \u0161to pridonosi ni\u017eoj cijeni i \u0161irokoj dostupnosti.<\/p>\n<p>Unato\u010d tome \u0161to je generi\u010dka verzija, Viagra Generic zadr\u017eava istu u\u010dinkovitost i sigurnosni profil kao i originalni patentirani lijek. Djeluje tako da poja\u010dava protok krvi u penis, olak\u0161avaju\u0107i erekciju kao odgovor na seksualnu stimulaciju. To ima zna\u010dajne implikacije za mu\u0161karce koji se bore s ED-om, jer im pru\u017ea pouzdanu opciju za pobolj\u0161anje svog seksualnog zdravlja i ukupne kvalitete \u017eivota.<\/p>\n<h2>Medicinska stanja koja se lije\u010de generi\u010dkom Viagrom<\/h2>\n<p>Viagra Generic prvenstveno se propisuje za erektilnu disfunkciju, stanje koje karakterizira nemogu\u0107nost postizanja ili odr\u017eavanja erekcije dovoljne za zadovoljavaju\u0107u seksualnu izvedbu. Ovo stanje mo\u017ee biti uzrokovano nizom \u010dimbenika, uklju\u010duju\u0107i psiholo\u0161ke probleme, kroni\u010dne bolesti i izbor na\u010dina \u017eivota. Viagra Generic slu\u017ei kao vitalna opcija lije\u010denja za oboljele, omogu\u0107uju\u0107i im da ponovno steknu povjerenje u svoje seksualne sposobnosti.<\/p>\n<p>Osim za lije\u010denje ED-a, Viagra Generic se tako\u0111er ponekad koristi nenavedeno za druga medicinska stanja. Jedno takvo stanje je plu\u0107na arterijska hipertenzija (PAH), gdje poma\u017ee u opu\u0161tanju krvnih \u017eila u plu\u0107ima, smanjuju\u0107i optere\u0107enje srca. Me\u0111utim, doziranje i primjena za PAH razlikuju se od onih propisanih za erektilnu disfunkciju, \u0161to zahtijeva lije\u010dni\u010dki nadzor za sigurnu uporabu.<\/p>\n<h2>Mehanizam djelovanja generi\u010dke Viagre<\/h2>\n<p>U\u010dinkovitost lijeka Viagra Generic le\u017ei u njegovoj sposobnosti da inhibira enzim poznat kao fosfodiesteraza tipa 5 (PDE5). Ovaj enzim je odgovoran za razgradnju cikli\u010dkog guanozin monofosfata (cGMP), molekule koja poma\u017ee opustiti glatka mi\u0161i\u0107na tkiva i pro\u0161iriti krvne \u017eile. Blokiranjem PDE5, Viagra Generic pove\u0107ava razinu cGMP-a, \u0161to dovodi do pobolj\u0161anog protoka krvi.<\/p>\n<p>Ovaj proces je klju\u010dan tijekom seksualnog uzbu\u0111enja, jer omogu\u0107uje \u0161irenje krvnih \u017eila u penisu, \u0161to rezultira erekcijom. Va\u017eno je napomenuti da Viagra Generic ne uzrokuje izravno erekciju, ve\u0107 olak\u0161ava prirodni proces koji se javlja kao odgovor na seksualne podra\u017eaje. Ova razlika nagla\u0161ava nu\u017enost seksualnog uzbu\u0111enja da bi lijek bio u\u010dinkovit.<\/p>\n<h2>Kako Viagra Generic pobolj\u0161ava protok krvi<\/h2>\n<p>Viagra Generic pobolj\u0161ava protok krvi primarno ciljanjem na krvne \u017eile unutar penisa. Kad se mu\u0161karac seksualno uzbudi, du\u0161ikov oksid se osloba\u0111a u corpus cavernosum, spu\u017evasto tkivo u penisu. Ovo otpu\u0161tanje pokre\u0107e proizvodnju cGMP-a, koji opu\u0161ta i \u0161iri krvne \u017eile, dopu\u0161taju\u0107i da vi\u0161e krvi u\u0111e i odr\u017ei erekciju.<\/p>\n<p>Nadalje, djelovanje Viagre Generic nije ograni\u010deno na penis. Ima i sistemske u\u010dinke, pobolj\u0161avaju\u0107i cirkulaciju u cijelom tijelu. Me\u0111utim, njegovo selektivno djelovanje na enzim PDE5 \u010dini njegove u\u010dinke izra\u017eenijima u podru\u010dju penisa, \u010dime se u\u010dinkovito bavi specifi\u010dno erektilnom disfunkcijom.<\/p>\n<h2>Uobi\u010dajene smjernice za doziranje i primjenu<\/h2>\n<p>Viagra Generic obi\u010dno je dostupna u obliku tableta, s uobi\u010dajenim dozama koje uklju\u010duju 25 mg, 50 mg i 100 mg. Odgovaraju\u0107e doziranje ovisi o zdravstvenom stanju pojedinca, te\u017eini erektilne disfunkcije i odgovoru na po\u010detnu dozu. Ve\u0107ini bolesnika se savjetuje da zapo\u010dnu s dozom od 50 mg, koja se mo\u017ee prilagoditi na temelju u\u010dinkovitosti i podno\u0161ljivosti.<\/p>\n<p>Preporu\u010da se da se Viagra Generic <a href=\"https:\/\/zdravadostava.org\/narudzba-viagra-genericka-online-bez-recepta\">https:\/\/zdravadostava.org\/narudzba-viagra-genericka-online-bez-recepta<\/a> uzme otprilike 30 minuta do jedan sat prije seksualne aktivnosti. Me\u0111utim, prozor u\u010dinkovitosti mo\u017ee varirati, a neki korisnici ostvaruju dobrobiti i do \u010detiri sata nakon gutanja. Va\u017eno je napomenuti da se lijek ne smije uzimati vi\u0161e od jednom dnevno, a na njegovu u\u010dinkovitost mogu utjecati \u010dimbenici poput unosa hrane i alkohola.<\/p>\n<h2>Potencijalne nuspojave generi\u010dke Viagre<\/h2>\n<p>Iako se Viagra Generic op\u0107enito dobro podnosi, nije bez potencijalnih nuspojava. Uobi\u010dajene nuspojave uklju\u010duju glavobolje, crvenilo, dispepsiju, za\u010depljenost nosa i vrtoglavicu. Te su nuspojave obi\u010dno blage i prolazne, nestaju same od sebe bez potrebe za medicinskom intervencijom.<\/p>\n<p>Me\u0111utim, ozbiljnije nuspojave se mogu pojaviti, iako su rijetke. To uklju\u010duje iznenadni gubitak vida, o\u0161te\u0107enje sluha i prijapizam, dugotrajnu i bolnu erekciju. Ako se pojavi bilo koja od ovih te\u0161kih reakcija, klju\u010dno je odmah potra\u017eiti lije\u010dni\u010dku pomo\u0107. Pacijente se poti\u010de da razgovaraju o svim nedoumicama sa svojim lije\u010dnikom kako bi se osigurala sigurna uporaba.<\/p>\n<h2>Usporedba generi\u010dke Viagre s robnom markom Viagra<\/h2>\n<p>Viagra Generic i robna marka Viagra sadr\u017ee isti aktivni sastojak, sildenafil citrat, i djeluju na isti na\u010din u lije\u010denju erektilne disfunkcije. Primarna razlika izme\u0111u to dvoje le\u017ei u cijeni i brendiranju. Generi\u010dke verzije obi\u010dno su pristupa\u010dnije, \u0161to ih \u010dini privla\u010dnom opcijom za pacijente koji vode ra\u010duna o tro\u0161kovima.<\/p>\n<p>Unato\u010d razlici u cijeni, studije su pokazale da su profili u\u010dinkovitosti i sigurnosti generi\u010dke Viagre i Viagre robne marke jednaki. Izbor izme\u0111u to dvoje \u010desto se svodi na osobne preferencije, razmatranje tro\u0161kova i dostupnost. Pacijenti bi se trebali osje\u0107ati sigurni u svoj izbor, budu\u0107i da obje opcije pru\u017eaju u\u010dinkovito lije\u010denje erektilne disfunkcije.<\/p>\n<h2>Tko bi trebao izbjegavati Viagru Generic?<\/h2>\n<p>Iako je Viagra Generic u\u010dinkovita za mnoge, neki bi pojedinci trebali izbjegavati njezinu upotrebu. Mu\u0161karci s povije\u0161\u0107u kardiovaskularnih problema, kao \u0161to su te\u0161ke bolesti srca, nedavni mo\u017edani udar ili sr\u010dani udar, trebaju se posavjetovati sa svojim lije\u010dnikom prije upotrebe ovog lijeka. Osim toga, osobe s hipotenzijom ili nekontroliranom hipertenzijom trebaju biti oprezne zbog mogu\u0107ih u\u010dinaka na krvni tlak.<\/p>\n<p>Nadalje, Viagra Generic je kontraindicirana kod osoba koje uzimaju nitrate zbog bolova u prsima ili onih s poznatom alergijom na sildenafil. Ove interakcije mogu dovesti do zna\u010dajnih zdravstvenih rizika, uklju\u010duju\u0107i ozbiljne padove krvnog tlaka. Potrebna je temeljita lije\u010dni\u010dka procjena kako bi se utvrdilo je li Viagra Generic prikladna opcija.<\/p>\n<h2>Viagra Generic i interakcije s drugim lijekovima<\/h2>\n<p>Viagra Generic mo\u017ee stupiti u interakciju s nekoliko lijekova, potencijalno mijenjaju\u0107i njihovu u\u010dinkovitost ili pove\u0107avaju\u0107i rizik od nuspojava. Na primjer, njegova interakcija s nitratima mo\u017ee uzrokovati opasne padove krvnog tlaka, zbog \u010dega je nu\u017eno da pacijenti svom lije\u010dniku otkriju sve lijekove koje uzimaju.<\/p>\n<p>Ostali lijekovi koji mogu djelovati s Viagrom Generic uklju\u010duju odre\u0111ene lijekove protiv gljivica, antibiotike i lijekove koji se koriste za lije\u010denje HIV-a. Ove interakcije mogu utjecati na metabolizam sildenafila, zahtijevaju\u0107i prilagodbu doze ili alternativno lije\u010denje. Pacijenti bi trebali biti oprezni u raspravi o svim mogu\u0107im interakcijama sa svojim lije\u010dnikom kako bi osigurali sigurnu upotrebu.<\/p>\n<h2>Uloga generi\u010dke Viagre u lije\u010denju erektilne disfunkcije<\/h2>\n<p>Viagra Generic odigrala je klju\u010dnu ulogu u upravljanju erektilnom disfunkcijom, nude\u0107i pouzdanu i u\u010dinkovitu opciju lije\u010denja za mu\u0161karce diljem svijeta. Njegovo uvo\u0111enje ubla\u017eilo je stigmu povezanu s ED-om, poti\u010du\u0107i vi\u0161e mu\u0161karaca da potra\u017ee pomo\u0107 i pobolj\u0161aju kvalitetu svog \u017eivota.<\/p>\n<p>Vra\u0107aju\u0107i erektilnu funkciju, pokazalo se da Viagra Generic pove\u0107ava zadovoljstvo u vezi i psiholo\u0161ku dobrobit. Kao kamen temeljac lije\u010denja ED-a, on je i dalje vitalan alat za pacijente i pru\u017eatelje zdravstvenih usluga u rje\u0161avanju ovog uobi\u010dajenog, ali \u010desto zanemarenog zdravstvenog problema.<\/p>\n<h2>Razmatranja na\u010dina \u017eivota prilikom uzimanja generi\u010dke Viagre<\/h2>\n<p>Kada uzimate Viagru Generic, odre\u0111ena razmatranja na\u010dina \u017eivota mogu pobolj\u0161ati njezinu u\u010dinkovitost i minimizirati mogu\u0107e nuspojave. Odr\u017eavanje zdrave prehrane, bavljenje redovitom tjelesnom aktivno\u0161\u0107u i upravljanje stresom mogu pridonijeti pobolj\u0161anim ishodima. Osim toga, izbjegavanje pretjerane konzumacije alkohola i pu\u0161enja mo\u017ee dodatno podr\u017eati erektilnu funkciju i cjelokupno zdravlje.<\/p>\n<p>Pacijente se poti\u010de na usvajanje holisti\u010dkog pristupa zdravlju, uklju\u010duju\u0107i promjene na\u010dina \u017eivota uz lijekove za optimalne rezultate. Ova sveobuhvatna strategija ne samo da koristi seksualnom zdravlju, ve\u0107 tako\u0111er promi\u010de op\u0107u dobrobit, \u010dine\u0107i je bitnom komponentom lije\u010denja ED-a.<\/p>\n<h2>Viagra Generic: Smjernice za lije\u010dni\u010dke recepte<\/h2>\n<p>Pru\u017eatelji zdravstvenih usluga igraju klju\u010dnu ulogu u propisivanju Viagre Generic, osiguravaju\u0107i da pacijenti dobiju odgovaraju\u0107u dozu i upute za sigurnu i u\u010dinkovitu upotrebu. Lije\u010dnici bi trebali provesti temeljitu anamnezu i fizi\u010dki pregled kako bi utvrdili prikladnost Viagre Generic za svakog pacijenta.<\/p>\n<p>Osim procjene potencijalnih kontraindikacija i interakcija, lije\u010dnici bi trebali educirati pacijente o pravilnoj primjeni lijeka, postavljaju\u0107i realna o\u010dekivanja u pogledu njegovih u\u010dinaka. Stalno pra\u0107enje i naknadni pregledi mogu pomo\u0107i u rje\u0161avanju problema i optimiziranju ishoda lije\u010denja, pru\u017eaju\u0107i pacijentima najbolje mogu\u0107e iskustvo.<\/p>\n<h2>Iskustva pacijenata i izjave o generi\u010dkoj Viagri<\/h2>\n<p>Brojni pacijenti podijelili su pozitivna iskustva s Viagrom Generic, isti\u010du\u0107i njezinu u\u010dinkovitost u lije\u010denju erektilne disfunkcije i pobolj\u0161anju kvalitete \u017eivota. Mnogi korisnici izvje\u0161\u0107uju o pove\u0107anom samopouzdanju i zadovoljstvu u svojim seksualnim odnosima, pripisuju\u0107i ta pobolj\u0161anja lijeku.<\/p>\n<p>Iako se pojedina\u010dna iskustva mogu razlikovati, op\u0107i osje\u0107aj prema generi\u010dkoj Viagri je povoljan, a mnogi pacijenti cijene njenu cjenovnu dostupnost i dostupnost. Ova svjedo\u010danstva nagla\u0161avaju va\u017enost personaliziranih planova lije\u010denja i otvorene komunikacije s pru\u017eateljima zdravstvenih usluga za postizanje najboljih mogu\u0107ih ishoda.<\/p>\n<h2>Budu\u0107i razvoj generi\u010dkih formulacija Viagre<\/h2>\n<p>Budu\u0107nost generi\u010dkih formulacija Viagre je obe\u0107avaju\u0107a, s kontinuiranim istra\u017eivanjem usmjerenim na pove\u0107anje njezine u\u010dinkovitosti i smanjenje potencijalnih nuspojava. Inovacije u sustavima za isporuku lijekova i tehnikama formulacije mogu dovesti do prakti\u010dnijih i u\u010dinkovitijih opcija za pacijente u nadolaze\u0107im godinama.<\/p>\n<p>Dodatno, \u0161irenje indikacija za Viagru Generic mo\u017ee pro\u0161iriti njezinu upotrebu izvan erektilne disfunkcije, pru\u017eaju\u0107i nove na\u010dine lije\u010denja. Kako se istra\u017eivanje nastavlja, pacijenti se mogu veseliti budu\u0107im naprecima koji \u0107e dodatno pobolj\u0161ati njihova iskustva i rezultate lije\u010denja.<\/p>\n<h2>Viagra Generic: Uobi\u010dajeni mitovi i zablude<\/h2>\n<p>Unato\u010d \u0161irokoj upotrebi, Viagra Generic \u010desto je okru\u017eena mitovima i zabludama. Jedna uobi\u010dajena zabluda je da mo\u017ee pove\u0107ati seksualnu \u017eelju, \u0161to nije slu\u010daj; lijek samo olak\u0161ava fizi\u010dki odgovor na seksualno uzbu\u0111enje.<\/p>\n<p>Drugi mit je da je Viagra Generic samo za starije mu\u0161karce. U stvarnosti, erektilna disfunkcija mo\u017ee utjecati na mu\u0161karce svih dobi, a lijek mo\u017ee biti koristan bez obzira na dob. Razbijanje ovih mitova klju\u010dno je za osiguravanje da pacijenti imaju to\u010dne informacije i da mogu donositi informirane odluke o svojim mogu\u0107nostima lije\u010denja.<\/p>\n","protected":false},"excerpt":{"rendered":"<p>Kada se propisuje Viagra Generic i kako djeluje Viagra Generic \u0161iroko je kori\u0161ten lijek koji se propisuje za lije\u010denje erektilne disfunkcije, s posebnim smjernicama i razmatranjima za njegovu upotrebu i u\u010dinkovitost. Razumijevanje generi\u010dke Viagre: pregled Viagra Generic, \u010desto poznata po aktivnom sastojku sildenafilu, lijek je koji je napravio revoluciju u lije\u010denju erektilne disfunkcije (ED). Od &hellip; <a href=\"http:\/\/sabeono.com\/?page_id=809\" class=\"more-link\">Continue reading <span class=\"screen-reader-text\">Mehanizam djelovanja generi\u010dke Viagre<\/span> <span class=\"meta-nav\">&rarr;<\/span><\/a><\/p>\n","protected":false},"author":1,"featured_media":0,"parent":0,"menu_order":0,"comment_status":"closed","ping_status":"closed","template":"","meta":{"footnotes":""},"_links":{"self":[{"href":"http:\/\/sabeono.com\/index.php?rest_route=\/wp\/v2\/pages\/809"}],"collection":[{"href":"http:\/\/sabeono.com\/index.php?rest_route=\/wp\/v2\/pages"}],"about":[{"href":"http:\/\/sabeono.com\/index.php?rest_route=\/wp\/v2\/types\/page"}],"author":[{"embeddable":true,"href":"http:\/\/sabeono.com\/index.php?rest_route=\/wp\/v2\/users\/1"}],"replies":[{"embeddable":true,"href":"http:\/\/sabeono.com\/index.php?rest_route=%2Fwp%2Fv2%2Fcomments&post=809"}],"version-history":[{"count":1,"href":"http:\/\/sabeono.com\/index.php?rest_route=\/wp\/v2\/pages\/809\/revisions"}],"predecessor-version":[{"id":810,"href":"http:\/\/sabeono.com\/index.php?rest_route=\/wp\/v2\/pages\/809\/revisions\/810"}],"wp:attachment":[{"href":"http:\/\/sabeono.com\/index.php?rest_route=%2Fwp%2Fv2%2Fmedia&parent=809"}],"curies":[{"name":"wp","href":"https:\/\/api.w.org\/{rel}","templated":true}]}}