{"id":795,"date":"2026-03-23T16:01:52","date_gmt":"2026-03-23T16:01:52","guid":{"rendered":"http:\/\/sabeono.com\/?page_id=795"},"modified":"2026-03-23T16:01:52","modified_gmt":"2026-03-23T16:01:52","slug":"pruvodce-aplikaci-lumigan-0-krok-za-krokem03","status":"publish","type":"page","link":"http:\/\/sabeono.com\/?page_id=795","title":{"rendered":"Pr\u016fvodce aplikac\u00ed Lumigan 0 krok za krokem.03 %"},"content":{"rendered":"<h1>Jak aplikovat Lumigan 0.03% bezpe\u010dn\u011b a vyhn\u011bte se podr\u00e1\u017ed\u011bn\u00ed<\/h1>\n<p>Tento komplexn\u00ed pr\u016fvodce poskytuje z\u00e1kladn\u00ed informace o bezpe\u010dn\u00e9 aplikaci Lumiganu 0.03%, co\u017e v\u00e1m pom\u016f\u017ee vyhnout se podr\u00e1\u017ed\u011bn\u00ed a maximalizovat jeho v\u00fdhody.<\/p>\n<h2>Porozum\u011bn\u00ed Lumiganu 0.03%: Pou\u017eit\u00ed a v\u00fdhody<\/h2>\n<p>Lumigan 0.03% je o\u010dn\u00ed roztok prim\u00e1rn\u011b pou\u017e\u00edvan\u00fd ke sn\u00ed\u017een\u00ed nitroo\u010dn\u00edho tlaku u jedinc\u016f s glaukomem nebo o\u010dn\u00ed hypertenz\u00ed. Sn\u00ed\u017een\u00edm tlaku v oku pom\u00e1h\u00e1 p\u0159edch\u00e1zet potenci\u00e1ln\u00edmu po\u0161kozen\u00ed zrakov\u00e9ho nervu, co\u017e m\u016f\u017ee v\u00e9st ke ztr\u00e1t\u011b zraku. Tento l\u00e9k funguje tak, \u017ee zvy\u0161uje odtok vodn\u00e9 tekutiny z o\u010d\u00ed, \u010d\u00edm\u017e sni\u017euje tlak.<\/p>\n<p>Krom\u011b prim\u00e1rn\u00edho pou\u017eit\u00ed p\u0159i glaukomu je Lumigan oce\u0148ov\u00e1n tak\u00e9 pro sv\u00e9 kosmetick\u00e9 v\u00fdhody. Mnoho u\u017eivatel\u016f zjistilo, \u017ee zvy\u0161uje r\u016fst \u0159as, tak\u017ee \u0159asy vypadaj\u00ed del\u0161\u00ed, hust\u0161\u00ed a tmav\u0161\u00ed. D\u00edky t\u00e9to dvoj\u00ed funk\u010dnosti je Lumigan obl\u00edbenou volbou pro l\u00e9ka\u0159sk\u00e9 i kosmetick\u00e9 \u00fa\u010dely.<\/p>\n<h2>P\u0159\u00edprava na aplikaci Lumigan: Co pot\u0159ebujete<\/h2>\n<p>P\u0159ed aplikac\u00ed Lumiganu se ujist\u011bte, \u017ee m\u00e1te po ruce v\u0161echny pot\u0159ebn\u00e9 polo\u017eky. Budete pot\u0159ebovat l\u00e1hev Lumiganu 0.03% roztok, \u010dist\u00fd ubrousek a zrc\u00e1tko, kter\u00e9 pom\u00e1haj\u00ed s p\u0159esnou aplikac\u00ed. Je d\u016fle\u017eit\u00e9 si d\u016fkladn\u011b um\u00fdt ruce m\u00fddlem a vodou, aby nedo\u0161lo ke kontaminaci roztoku nebo o\u010d\u00ed.<\/p>\n<p>Krom\u011b toho, pokud nos\u00edte kontaktn\u00ed \u010do\u010dky, m\u011bli byste je p\u0159ed aplikac\u00ed vyjmout. Lumigan obsahuje benzalkoniumchlorid, konzerva\u010dn\u00ed l\u00e1tku, kterou mohou m\u011bkk\u00e9 kontaktn\u00ed \u010do\u010dky absorbovat. P\u0159ed op\u011btovn\u00fdm nasazen\u00edm \u010do\u010dek vy\u010dkejte alespo\u0148 15 minut po aplikaci, abyste p\u0159ede\u0161li nep\u0159\u00edzniv\u00fdm \u00fa\u010dink\u016fm.<\/p>\n<h2>Pr\u016fvodce aplikac\u00ed Lumigan 0 krok za krokem.03 %<\/h2>\n<p>Za\u010dn\u011bte t\u00edm, \u017ee m\u00edrn\u011b zaklon\u00edte hlavu dozadu a st\u00e1hnete spodn\u00ed v\u00ed\u010dko, abyste vytvo\u0159ili malou kapsu. Dr\u017ete lahvi\u010dku Lumiganu kap\u00e1tkem dol\u016f a opatrn\u011b um\u00edst\u011bte jednu kapku do kapsy, ani\u017e by se kap\u00e1tko dotklo va\u0161eho oka nebo jin\u00e9ho povrchu. To pom\u00e1h\u00e1 udr\u017eovat sterilitu roztoku.<\/p>\n<p>Po aplikaci kapky jemn\u011b zav\u0159ete o\u010di na n\u011bkolik minut, aby se l\u00e9k vst\u0159ebal. Vyhn\u011bte se nadm\u011brn\u00e9mu mrk\u00e1n\u00ed nebo ma\u010dk\u00e1n\u00ed o\u010d\u00ed, proto\u017ee to m\u016f\u017ee vytla\u010dit l\u00e9k z oka. Pomoc\u00ed \u010dist\u00e9ho kapesn\u00edku set\u0159ete p\u0159ebyte\u010dn\u00fd roztok kolem o\u010d\u00ed.<\/p>\n<h2>Doporu\u010den\u00e9 d\u00e1vkov\u00e1n\u00ed pro Lumigan 0.03 %<\/h2>\n<p>Standardn\u00ed d\u00e1vkov\u00e1n\u00ed pro Lumigan 0.03% je jedna kapka do posti\u017een\u00e9ho oka (o\u010d\u00ed) jednou denn\u011b, nejl\u00e9pe ve\u010der. Konzistence je kl\u00ed\u010dov\u00e1, proto se sna\u017ete kapky aplikovat ka\u017ed\u00fd den ve stejnou dobu. Nadm\u011brn\u00e9 u\u017e\u00edv\u00e1n\u00ed Lumiganu m\u016f\u017ee v\u00e9st ke sn\u00ed\u017een\u00ed \u00fa\u010dinnosti nebo zv\u00fd\u0161en\u00e9mu riziku ne\u017e\u00e1douc\u00edch \u00fa\u010dink\u016f, tak\u017ee dodr\u017eov\u00e1n\u00ed p\u0159edepsan\u00e9ho d\u00e1vkov\u00e1n\u00ed je z\u00e1sadn\u00ed.<\/p>\n<p>Je d\u016fle\u017eit\u00e9 dodr\u017eovat pokyny poskytovatele zdravotn\u00ed p\u00e9\u010de ohledn\u011b d\u00e1vkov\u00e1n\u00ed. Pokud vynech\u00e1te d\u00e1vku, aplikujte ji, jakmile si vzpomenete, pokud se nebl\u00ed\u017e\u00ed \u010das va\u0161\u00ed dal\u0161\u00ed d\u00e1vky. V takov\u00fdch p\u0159\u00edpadech vynechejte vynechanou d\u00e1vku a pokra\u010dujte v pravideln\u00e9m rozvrhu. Nezdvojn\u00e1sobujte d\u00e1vku, abyste nahradili vynechanou d\u00e1vku.<\/p>\n<h2>Opat\u0159en\u00ed p\u0159ed pou\u017eit\u00edm Lumiganu 0.03 %<\/h2>\n<p>P\u0159ed zah\u00e1jen\u00edm l\u00e9\u010dby Lumiganem informujte sv\u00e9ho poskytovatele zdravotn\u00ed p\u00e9\u010de o jak\u00fdchkoli alergi\u00edch nebo zdravotn\u00edch pot\u00ed\u017e\u00edch, kter\u00e9 m\u00e1te, zejm\u00e9na o\u010dn\u00edch onemocn\u011bn\u00edch, jako je iritida nebo uveitida. D\u00e1le prodiskutujte jakoukoli anamn\u00e9zu makul\u00e1rn\u00edho ed\u00e9mu nebo jin\u00fdch z\u00e1va\u017en\u00fdch o\u010dn\u00edch probl\u00e9m\u016f, proto\u017ee Lumigan nemus\u00ed b\u00fdt v t\u011bchto p\u0159\u00edpadech vhodn\u00fd.<\/p>\n<p>T\u011bhotn\u00e9 nebo koj\u00edc\u00ed \u017eeny by <a href=\"https:\/\/lekarnaonline24.cz\/lumigan-cena-bez-predpisu\">https:\/\/lekarnaonline24.cz\/lumigan-cena-bez-predpisu<\/a> m\u011bly pou\u017e\u00edvat Lumigan pouze tehdy, je-li to nezbytn\u011b nutn\u00e9, proto\u017ee \u00fa\u010dinky na nenarozen\u00e9 d\u00edt\u011b nebo koj\u00edc\u00ed d\u00edt\u011b nejsou pln\u011b zn\u00e1my. Pro zv\u00e1\u017een\u00ed potenci\u00e1ln\u00edch p\u0159\u00ednos\u016f a rizik je nezbytn\u00e1 konzultace se zdravotnick\u00fdm pracovn\u00edkem.<\/p>\n<h2>Rozpozn\u00e1n\u00ed a spr\u00e1va vedlej\u0161\u00edch \u00fa\u010dink\u016f Lumiganu<\/h2>\n<p>Lumigan je obecn\u011b dob\u0159e sn\u00e1\u0161en, ale n\u011bkte\u0159\u00ed u\u017eivatel\u00e9 mohou zaznamenat vedlej\u0161\u00ed \u00fa\u010dinky. Mezi \u010dast\u00e9 ne\u017e\u00e1douc\u00ed \u00fa\u010dinky pat\u0159\u00ed \u010derven\u00e9 o\u010di, sv\u011bd\u011bn\u00ed nebo such\u00e9 o\u010di a pocit n\u011b\u010deho v oku. Tyto p\u0159\u00edznaky jsou obvykle m\u00edrn\u00e9 a do\u010dasn\u00e9 a vymiz\u00ed, jakmile se t\u011blo p\u0159izp\u016fsob\u00ed medikaci.<\/p>\n<p>Ve vz\u00e1cn\u00fdch p\u0159\u00edpadech se mohou objevit z\u00e1va\u017en\u011bj\u0161\u00ed ne\u017e\u00e1douc\u00ed \u00fa\u010dinky, jako jsou zm\u011bny vid\u011bn\u00ed, bolest oka nebo otok. Pokud zaznamen\u00e1te jak\u00e9koli z\u00e1va\u017en\u00e9 nebo p\u0159etrv\u00e1vaj\u00edc\u00ed p\u0159\u00edznaky, je d\u016fle\u017eit\u00e9 okam\u017eit\u011b kontaktovat sv\u00e9ho poskytovatele zdravotn\u00ed p\u00e9\u010de. Mo\u017en\u00e1 budou muset upravit va\u0161i l\u00e9\u010dbu nebo prozkoumat alternativn\u00ed mo\u017enosti.<\/p>\n<h2>Lumigan 0.03 % a kontaktn\u00ed \u010do\u010dky: Co v\u011bd\u011bt<\/h2>\n<p>Jak ji\u017e bylo zm\u00edn\u011bno, Lumigan obsahuje benzalkoniumchlorid, kter\u00fd m\u016f\u017ee b\u00fdt absorbov\u00e1n m\u011bkk\u00fdmi kontaktn\u00edmi \u010do\u010dkami. To m\u016f\u017ee zp\u016fsobit podr\u00e1\u017ed\u011bn\u00ed nebo po\u0161kozen\u00ed \u010do\u010dek. Proto je d\u016fle\u017eit\u00e9 vyjmout \u010do\u010dky p\u0159ed aplikac\u00ed Lumiganu a po\u010dkat alespo\u0148 15 minut, ne\u017e je znovu nasad\u00edte.<\/p>\n<p>Pokud velmi spol\u00e9h\u00e1te na kontaktn\u00ed \u010do\u010dky, zva\u017ete mo\u017enost prodiskutovat alternativn\u00ed p\u0159\u00edpravky bez konzerva\u010dn\u00edch l\u00e1tek se sv\u00fdm poskytovatelem zdravotn\u00ed p\u00e9\u010de. Mohou navrhnout r\u016fzn\u00e9 mo\u017enosti, kter\u00e9 l\u00e9pe vyhovuj\u00ed va\u0161emu \u017eivotn\u00edmu stylu a pot\u0159eb\u00e1m.<\/p>\n<h2>Tipy, jak se vyhnout podr\u00e1\u017ed\u011bn\u00ed s Lumiganem<\/h2>\n<p>Abyste minimalizovali podr\u00e1\u017ed\u011bn\u00ed, p\u0159\u00edsn\u011b dodr\u017eujte pokyny pro aplikaci a dodr\u017eujte spr\u00e1vn\u00e9 hygienick\u00e9 postupy. P\u0159ed manipulac\u00ed s lahvi\u010dkou s o\u010dn\u00edmi kapkami nebo p\u0159ed dotykem o\u010d\u00ed si v\u017edy umyjte ruce. Nedot\u00fdkejte se \u0161pi\u010dkou kap\u00e1tka jak\u00e9hokoli povrchu, v\u010detn\u011b oka, abyste zabr\u00e1nili kontaminaci.<\/p>\n<p>Pokud poci\u0165ujete p\u0159etrv\u00e1vaj\u00edc\u00ed podr\u00e1\u017ed\u011bn\u00ed, zva\u017ete konzultaci se sv\u00fdm poskytovatelem zdravotn\u00ed p\u00e9\u010de. Mohou doporu\u010dit pou\u017eit\u00ed um\u011bl\u00fdch slz nebo lubrika\u010dn\u00edch o\u010dn\u00edch kapek ke zm\u00edrn\u011bn\u00ed suchosti nebo v p\u0159\u00edpad\u011b pot\u0159eby navrhnout alternativn\u00ed l\u00e9\u010debn\u00fd pl\u00e1n.<\/p>\n<h2>Interakce mezi Lumiganem a jin\u00fdmi l\u00e9ky<\/h2>\n<p>Je nezbytn\u00e9 informovat sv\u00e9ho poskytovatele zdravotn\u00ed p\u00e9\u010de o v\u0161ech l\u00e9c\u00edch, kter\u00e9 u\u017e\u00edv\u00e1te, v\u010detn\u011b l\u00e9k\u016f na p\u0159edpis, voln\u011b prodejn\u00fdch a bylinn\u00fdch dopl\u0148k\u016f. N\u011bkter\u00e9 l\u00e9ky mohou interagovat s Lumiganem, ovliv\u0148ovat jeho \u00fa\u010dinnost nebo zvy\u0161ovat riziko ne\u017e\u00e1douc\u00edch \u00fa\u010dink\u016f.<\/p>\n<p>Konkr\u00e9tn\u011b pou\u017eit\u00ed v\u00edce analog\u016f prostaglandinu sou\u010dasn\u011b m\u016f\u017ee sn\u00ed\u017eit \u00fa\u010dinnost ka\u017ed\u00e9ho l\u00e9ku. Pokud pou\u017e\u00edv\u00e1te jin\u00e9 o\u010dn\u00ed l\u00e9ky, odlo\u017ete jejich aplikaci alespo\u0148 o p\u011bt minut, abyste zabr\u00e1nili jejich ne\u017e\u00e1douc\u00ed interakci s Lumiganem.<\/p>\n<h2>Skladov\u00e1n\u00ed a manipulace s Lumiganem 0.03 %<\/h2>\n<p>Uchov\u00e1vejte Lumigan na chladn\u00e9m a such\u00e9m m\u00edst\u011b mimo p\u0159\u00edm\u00e9 slune\u010dn\u00ed sv\u011btlo a mimo dosah d\u011bt\u00ed. Ide\u00e1ln\u00ed skladovac\u00ed teplota je mezi 2\u00b0C a 25\u00b0C. Ujist\u011bte se, \u017ee uz\u00e1v\u011br je po ka\u017ed\u00e9m pou\u017eit\u00ed pevn\u011b uzav\u0159en, aby se zabr\u00e1nilo kontaminaci.<\/p>\n<p>Nepou\u017e\u00edvejte Lumigan po datu exspirace, proto\u017ee \u00fa\u010dinnost l\u00e9ku m\u016f\u017ee b\u00fdt ohro\u017eena. Pokud zaznamen\u00e1te jak\u00e9koli zm\u011bny v barv\u011b nebo konzistenci roztoku, zlikvidujte jej a pora\u010fte se se sv\u00fdm poskytovatelem zdravotn\u00ed p\u00e9\u010de o nov\u00fd p\u0159edpis.<\/p>\n<h2>Kdy vyhledat l\u00e9ka\u0159skou pomoc p\u0159i pou\u017e\u00edv\u00e1n\u00ed Lumiganu<\/h2>\n<p>Pokud se u v\u00e1s b\u011bhem pou\u017e\u00edv\u00e1n\u00ed Lumiganu objev\u00ed jak\u00e9koli z\u00e1va\u017en\u00e9 nebo neobvykl\u00e9 p\u0159\u00edznaky, je d\u016fle\u017eit\u00e9, abyste okam\u017eit\u011b vyhledali l\u00e9ka\u0159skou pomoc. P\u0159\u00edznaky, jako je bolest o\u010d\u00ed, zm\u011bny vid\u011bn\u00ed nebo p\u0159\u00edznaky alergick\u00e9 reakce, jako je kop\u0159ivka nebo pot\u00ed\u017ee s d\u00fdch\u00e1n\u00edm, vy\u017eaduj\u00ed okam\u017eitou pozornost.<\/p>\n<p>Nav\u00edc, pokud se stav va\u0161eho oka po n\u011bkolika t\u00fddnech l\u00e9\u010dby nezlep\u0161\u00ed nebo se zhor\u0161\u00ed, pora\u010fte se se sv\u00fdm poskytovatelem zdravotn\u00ed p\u00e9\u010de. Mo\u017en\u00e1 budou muset p\u0159ehodnotit v\u00e1\u0161 l\u00e9\u010debn\u00fd pl\u00e1n nebo prozkoumat jin\u00e9 terapeutick\u00e9 mo\u017enosti.<\/p>\n<h2>Lumigan 0.03%: M\u00fdty a fakta<\/h2>\n<p>Existuje n\u011bkolik myln\u00fdch p\u0159edstav o Lumiganu, kter\u00e9 je t\u0159eba rozpt\u00fdlit. \u010cast\u00fdm m\u00fdtem je, \u017ee Lumigan m\u016f\u017ee trvale zm\u011bnit barvu o\u010d\u00ed. I kdy\u017e m\u016f\u017ee zp\u016fsobit zv\u00fd\u0161enou hn\u011bdou pigmentaci v duhovce, tento efekt je obvykle pozvoln\u00fd a nen\u00ed b\u011b\u017en\u00fd u v\u0161ech u\u017eivatel\u016f.<\/p>\n<p>Dal\u0161\u00edm m\u00fdtem je, \u017ee Lumigan lze pou\u017e\u00edvat zam\u011bniteln\u011b s jin\u00fdmi analogy prostaglandinu. I kdy\u017e mohou sd\u00edlet podobn\u00e9 mechanismy, ka\u017ed\u00fd l\u00e9k m\u00e1 jedine\u010dn\u00e9 vlastnosti a substituce by m\u011bly b\u00fdt prov\u00e1d\u011bny pouze pod l\u00e9ka\u0159sk\u00fdm veden\u00edm.<\/p>\n<h2>Jak za\u010dlenit Lumigan do va\u0161\u00ed ka\u017edodenn\u00ed rutiny<\/h2>\n<p>Za\u010dlen\u011bn\u00ed Lumiganu do va\u0161\u00ed ka\u017edodenn\u00ed rutiny je jednoduch\u00e9, ale vy\u017eaduje d\u016fslednost. Vyberte si ka\u017ed\u00fd ve\u010der konkr\u00e9tn\u00ed \u010das pro aplikaci, nap\u0159\u00edklad p\u0159ed span\u00edm. To pom\u00e1h\u00e1 vytvo\u0159it n\u00e1vyk a zaji\u0161\u0165uje, \u017ee nezapomenete na d\u00e1vku.<\/p>\n<p>Zva\u017ete nastaven\u00ed p\u0159ipomenut\u00ed v telefonu nebo um\u00edst\u011bn\u00ed lahvi\u010dky Lumigan vedle zubn\u00edho kart\u00e1\u010dku jako vizu\u00e1ln\u00ed vod\u00edtko. Zaveden\u00ed t\u011bchto postup\u016f v\u00e1m m\u016f\u017ee pomoci udr\u017eovat pravideln\u00fd rozvrh aplikace a maximalizovat \u00fa\u010dinnost l\u00e9ku.<\/p>\n<h2>Porozum\u011bn\u00ed ingredienc\u00edm v Lumiganu 0.03 %<\/h2>\n<p>Lumigan obsahuje jako \u00fa\u010dinnou l\u00e1tku bimatoprost, syntetick\u00fd analog prostaglandinu, kter\u00fd \u00fa\u010dinn\u011b sni\u017euje nitroo\u010dn\u00ed tlak. Mezi jeho dal\u0161\u00ed slo\u017eky pat\u0159\u00ed benzalkoniumchlorid, kter\u00fd slou\u017e\u00ed jako konzerva\u010dn\u00ed prost\u0159edek, chlorid sodn\u00fd a kyselina citr\u00f3nov\u00e1, mimo jin\u00e9, kter\u00e9 pom\u00e1haj\u00ed udr\u017eovat stabilitu a pH roztoku.<\/p>\n<p>Pochopen\u00ed t\u011bchto slo\u017eek m\u016f\u017ee b\u00fdt u\u017eite\u010dn\u00e9, zejm\u00e9na pro jedince s alergiemi nebo p\u0159ecitliv\u011blost\u00ed. M\u00e1te-li obavy ohledn\u011b kter\u00e9koli z t\u011bchto slo\u017eek, prodiskutujte je se sv\u00fdm poskytovatelem zdravotn\u00ed p\u00e9\u010de, abyste se ujistili, \u017ee je Lumigan pro v\u00e1s vhodn\u00fd.<\/p>\n<h2>Dlouhodob\u00e9 u\u017e\u00edv\u00e1n\u00ed Lumiganu: Co o\u010dek\u00e1vat<\/h2>\n<p>P\u0159i dlouhodob\u00e9m u\u017e\u00edv\u00e1n\u00ed je Lumigan nad\u00e1le \u00fa\u010dinn\u00fd p\u0159i zvl\u00e1d\u00e1n\u00ed o\u010dn\u00edho tlaku a prevenci progrese glaukomu. U\u017eivatel\u00e9 mohou p\u0159i pravideln\u00e9 aplikaci o\u010dek\u00e1vat stabiln\u00ed hladiny nitroo\u010dn\u00edho tlaku. Pravideln\u00e9 kontroly u o\u010dn\u00edho specialisty jsou v\u0161ak nezbytn\u00e9 pro sledov\u00e1n\u00ed va\u0161\u00ed reakce na l\u00e9\u010dbu.<\/p>\n<p>V pr\u016fb\u011bhu \u010dasu mohou n\u011bkte\u0159\u00ed u\u017eivatel\u00e9 zaznamenat zm\u011bny v tlou\u0161\u0165ce a barv\u011b sv\u00fdch \u0159as, co\u017e je vedlej\u0161\u00ed \u00fa\u010dinek, kter\u00fd je obecn\u011b pova\u017eov\u00e1n za kosmetick\u00fd a neohro\u017euj\u00edc\u00ed. Stejn\u011b jako u jin\u00fdch dlouhodob\u00fdch l\u00e9k\u016f pr\u016fb\u011b\u017en\u00e1 komunikace s poskytovatelem zdravotn\u00ed p\u00e9\u010de zaji\u0161\u0165uje, \u017ee jak\u00e9koli zm\u011bny ve va\u0161em stavu nebo l\u00e9\u010debn\u00e9m pl\u00e1nu budou okam\u017eit\u011b \u0159e\u0161eny.<\/p>\n","protected":false},"excerpt":{"rendered":"<p>Jak aplikovat Lumigan 0.03% bezpe\u010dn\u011b a vyhn\u011bte se podr\u00e1\u017ed\u011bn\u00ed Tento komplexn\u00ed pr\u016fvodce poskytuje z\u00e1kladn\u00ed informace o bezpe\u010dn\u00e9 aplikaci Lumiganu 0.03%, co\u017e v\u00e1m pom\u016f\u017ee vyhnout se podr\u00e1\u017ed\u011bn\u00ed a maximalizovat jeho v\u00fdhody. Porozum\u011bn\u00ed Lumiganu 0.03%: Pou\u017eit\u00ed a v\u00fdhody Lumigan 0.03% je o\u010dn\u00ed roztok prim\u00e1rn\u011b pou\u017e\u00edvan\u00fd ke sn\u00ed\u017een\u00ed nitroo\u010dn\u00edho tlaku u jedinc\u016f s glaukomem nebo o\u010dn\u00ed hypertenz\u00ed. Sn\u00ed\u017een\u00edm &hellip; <a href=\"http:\/\/sabeono.com\/?page_id=795\" class=\"more-link\">Continue reading <span class=\"screen-reader-text\">Pr\u016fvodce aplikac\u00ed Lumigan 0 krok za krokem.03 %<\/span> <span class=\"meta-nav\">&rarr;<\/span><\/a><\/p>\n","protected":false},"author":1,"featured_media":0,"parent":0,"menu_order":0,"comment_status":"closed","ping_status":"closed","template":"","meta":{"footnotes":""},"_links":{"self":[{"href":"http:\/\/sabeono.com\/index.php?rest_route=\/wp\/v2\/pages\/795"}],"collection":[{"href":"http:\/\/sabeono.com\/index.php?rest_route=\/wp\/v2\/pages"}],"about":[{"href":"http:\/\/sabeono.com\/index.php?rest_route=\/wp\/v2\/types\/page"}],"author":[{"embeddable":true,"href":"http:\/\/sabeono.com\/index.php?rest_route=\/wp\/v2\/users\/1"}],"replies":[{"embeddable":true,"href":"http:\/\/sabeono.com\/index.php?rest_route=%2Fwp%2Fv2%2Fcomments&post=795"}],"version-history":[{"count":1,"href":"http:\/\/sabeono.com\/index.php?rest_route=\/wp\/v2\/pages\/795\/revisions"}],"predecessor-version":[{"id":796,"href":"http:\/\/sabeono.com\/index.php?rest_route=\/wp\/v2\/pages\/795\/revisions\/796"}],"wp:attachment":[{"href":"http:\/\/sabeono.com\/index.php?rest_route=%2Fwp%2Fv2%2Fmedia&parent=795"}],"curies":[{"name":"wp","href":"https:\/\/api.w.org\/{rel}","templated":true}]}}