{"id":781,"date":"2026-03-23T15:41:55","date_gmt":"2026-03-23T15:41:55","guid":{"rendered":"http:\/\/sabeono.com\/?page_id=781"},"modified":"2026-03-23T15:41:55","modified_gmt":"2026-03-23T15:41:55","slug":"biverkningar-vad-patienter-har-upplevt-med-nolvadex-generic","status":"publish","type":"page","link":"http:\/\/sabeono.com\/?page_id=781","title":{"rendered":"Biverkningar: Vad patienter har upplevt med Nolvadex Generic"},"content":{"rendered":"<h1>Patientber\u00e4ttelser: vad folk rapporterar om Nolvadex Generic<\/h1>\n<p>Utforska f\u00f6rstahandsber\u00e4ttelser om patienter som anv\u00e4nder Nolvadex Generic, belysa erfarenheter, utmaningar och insikter inom olika aspekter av behandlingen.<\/p>\n<h2>Personliga erfarenheter av Nolvadex Generic<\/h2>\n<p>F\u00f6r m\u00e5nga patienter \u00e4r beslutet att anv\u00e4nda Nolvadex Generic rotat i b\u00e5de n\u00f6dv\u00e4ndighet och hopp, ofta efter en diagnos av br\u00f6stcancer. N\u00e4r de ger sig ut p\u00e5 denna behandlingsresa varierar de personliga upplevelserna mycket. Vissa rapporterar att de k\u00e4nner sig optimistiska och l\u00e4ttade \u00f6ver att ha tillg\u00e5ng till ett kostnadseffektivt alternativ till m\u00e4rkesmediciner, medan andra till en b\u00f6rjan n\u00e4rmar sig det med b\u00e4van. Ber\u00e4ttelserna som delas av dessa patienter \u00e5terspeglar en djup sammanfl\u00e4tning av personliga h\u00e4lsoresor med det bredare medicinska landskapet.<\/p>\n<p>Flera patienter har uttryckt tacksamhet f\u00f6r tillg\u00e4ngligheten av Nolvadex Generic, och noterat att det erbjuder dem ett h\u00e5llbart alternativ mitt i ekonomiska begr\u00e4nsningar. Denna k\u00e4nsla \u00e4r s\u00e4rskilt stark bland individer utan helt\u00e4ckande sjukf\u00f6rs\u00e4kring. Men den initiala anpassningen till medicineringen kan vara utmanande, med patienter som delar ber\u00e4ttelser om sin kropps anpassningsprocess och det k\u00e4nslom\u00e4ssiga st\u00f6det fr\u00e5n familj och v\u00e4nner.<\/p>\n<h2>Nolvadex Generic: Framg\u00e5ngsber\u00e4ttelser i br\u00f6stcancerbehandling<\/h2>\n<p>Framg\u00e5ngshistorier finns i \u00f6verfl\u00f6d bland Nolvadex Generic-anv\u00e4ndare, med m\u00e5nga patienter som rapporterar betydande f\u00f6rb\u00e4ttringar i sina h\u00e4lsoresultat. Dessa ber\u00e4ttelser belyser ofta l\u00e4kemedlets roll f\u00f6r att effektivt minska risken f\u00f6r \u00e5terfall av cancer, vilket \u00e4r en avg\u00f6rande aspekt av behandlingen f\u00f6r m\u00e5nga. Patienter ber\u00e4ttar ofta om sin l\u00e4ttnad \u00f6ver att \u00e5terf\u00e5 en k\u00e4nsla av normalitet i sina liv, och tillskriver sin stabilitet och \u00e5terh\u00e4mtning till effekten av Nolvadex Generic.<\/p>\n<p>En inspirerande redog\u00f6relse \u00e4r den om en patient som efter en rigor\u00f6s behandlingsregim uppn\u00e5dde remission och nu f\u00f6respr\u00e5kar Nolvadex Generic som en central del av sin behandlingsplan. Hennes ber\u00e4ttelse \u00e4r emblematisk f\u00f6r m\u00e5nga andra som har upplevt l\u00e5nga perioder av remission, vilket understryker medicinens f\u00f6rm\u00e5ga att fungera som en kraftfull allierad i kampen mot br\u00f6stcancer.<\/p>\n<h2>Biverkningar: Vad patienter har upplevt med Nolvadex Generic<\/h2>\n<p>Medan Nolvadex Generic hyllas f\u00f6r sina terapeutiska f\u00f6rdelar, rapporterar vissa patienter att de upplever biverkningar som str\u00e4cker sig fr\u00e5n milda till mer allvarliga. Vanligt rapporterade problem inkluderar v\u00e4rmevallningar, tr\u00f6tthet och illam\u00e5ende, vilket kan p\u00e5verka dagliga aktiviteter. Patienter beskriver ofta dessa biverkningar som hanterbara med r\u00e4tt hanteringsstrategier, \u00e4ven om de ibland kan utg\u00f6ra betydande utmaningar.<\/p>\n<p>I allvarligare fall har vissa individer noterat att de upplever hum\u00f6rsv\u00e4ngningar och ledv\u00e4rk. Dessa biverkningar kan vara pl\u00e5gsamma och kan leda till diskussioner med v\u00e5rdgivare om att justera doser eller utforska ytterligare st\u00f6djande terapier. Variationen i individuella svar p\u00e5 Nolvadex Generic understryker vikten av personlig medicinsk v\u00e4gledning.<\/p>\n<h2>L\u00e5ngsiktiga anv\u00e4ndare: Insikter och vittnesm\u00e5l<\/h2>\n<p>L\u00e5ngtidsanv\u00e4ndare av Nolvadex Generic ger en m\u00e4ngd insikter om l\u00e4kemedlets varaktiga inverkan \u00f6ver tid. M\u00e5nga rapporterar att \u00e4ven om deras kroppar har anpassat sig till medicinen, \u00e4r vaksamhet fortfarande nyckeln till att \u00f6vervaka h\u00e4lsof\u00f6r\u00e4ndringar. Dessa anv\u00e4ndare blir ofta skickliga p\u00e5 att navigera i nyanserna i sin behandling, utveckla en djupare f\u00f6rst\u00e5else f\u00f6r sina egna h\u00e4lsobehov.<\/p>\n<p>Rekommendationer fr\u00e5n l\u00e5ngvariga anv\u00e4ndare avsl\u00f6jar en blandning av motst\u00e5ndskraft och anpassning. Vissa lyfter fram hur de har integrerat regelbunden tr\u00e4ning och kostanpassningar f\u00f6r att lindra biverkningar och f\u00f6rb\u00e4ttra deras \u00f6vergripande livskvalitet. Dessa ber\u00e4ttelser betonar ofta vikten av att uppr\u00e4tth\u00e5lla en \u00f6ppen dialog med v\u00e5rdgivare och h\u00e5lla sig informerad om potentiella behandlingsframsteg.<\/p>\n<h2>J\u00e4mf\u00f6r Nolvadex Generic med varum\u00e4rket Tamoxifen<\/h2>\n<p>Beslutet mellan Nolvadex Generic och varum\u00e4rket Tamoxifen \u00e4r ett vanligt \u00f6verv\u00e4gande f\u00f6r patienter. M\u00e5nga tycker att den generiska versionen erbjuder j\u00e4mf\u00f6rbar effekt till en reducerad kostnad, vilket g\u00f6r den till ett attraktivt alternativ. Patienter som har bytt fr\u00e5n varum\u00e4rke till generika rapporterar ofta liknande terapeutiska resultat, med den fr\u00e4msta skillnaden \u00e4r ekonomiska besparingar.<\/p>\n<p>Vissa patienter f\u00f6redrar dock att h\u00e5lla fast <a href=\"https:\/\/pillerleverans.com\/generisk-nolvadex-online-utan-recept\">https:\/\/pillerleverans.com\/generisk-nolvadex-online-utan-recept<\/a> vid varum\u00e4rkesversionen p\u00e5 grund av upplevda skillnader i biverkningsprofiler eller personlig komfort. I slut\u00e4ndan kan valet bero p\u00e5 individuella ekonomiska omst\u00e4ndigheter, f\u00f6rs\u00e4kringsskydd och personlig erfarenhet av l\u00e4kemedlets effekter. Dessa j\u00e4mf\u00f6relser belyser vikten av informerat beslutsfattande i samarbete med v\u00e5rdpersonal.<\/p>\n<h2>Patientr\u00e5d om att hantera Nolvadex generiska biverkningar<\/h2>\n<p>Att hantera biverkningar \u00e4r en avg\u00f6rande aspekt av behandling med Nolvadex Generic, och patienter har utvecklat en rad strategier f\u00f6r att klara av. Att h\u00e5lla sig hydrerad, \u00e4gna sig \u00e5t regelbunden fysisk aktivitet och uppr\u00e4tth\u00e5lla en balanserad kost \u00e4r vanliga metoder som rekommenderas. M\u00e5nga patienter tycker ocks\u00e5 att mindfulness och stressreducerande tekniker, s\u00e5som yoga eller meditation, kan erbjuda ytterligare l\u00e4ttnad.<\/p>\n<p>Patienter r\u00e5der ofta andra att kommunicera \u00f6ppet med sitt v\u00e5rdteam om biverkningar, eftersom detta kan leda till justeringar i behandlingen som f\u00f6rb\u00e4ttrar det \u00f6vergripande v\u00e4lbefinnandet. Kamratst\u00f6dsgrupper \u00e4r ocks\u00e5 ov\u00e4rderliga, eftersom att dela erfarenheter och tips med andra som st\u00e5r inf\u00f6r liknande utmaningar kan fr\u00e4mja en k\u00e4nsla av gemenskap och f\u00f6rst\u00e5else.<\/p>\n<h2>Nolvadex Generic i f\u00f6rebyggande behandling: Patientperspektiv<\/h2>\n<p>F\u00f6r dem med h\u00f6g risk att utveckla br\u00f6stcancer erbjuder Nolvadex Generic ett f\u00f6rebyggande alternativ. Patienter uttrycker ett brett spektrum av k\u00e4nslor om att anv\u00e4nda l\u00e4kemedlet profylaktiskt, fr\u00e5n trygghet till oro f\u00f6r potentiella biverkningar. Trots dessa blandade k\u00e4nslor finner m\u00e5nga tr\u00f6st i att ta ett aktivt steg mot att minska sin cancerrisk.<\/p>\n<p>Patienter diskuterar ofta den sinnesfrid som kommer med att vidta f\u00f6rebyggande \u00e5tg\u00e4rder och hur det p\u00e5verkar deras livsstilsval. De betonar vikten av att regelbundet \u00f6vervaka och uppr\u00e4tth\u00e5lla ett proaktivt tillv\u00e4gag\u00e5ngss\u00e4tt f\u00f6r h\u00e4lsov\u00e5rd, vilket inkluderar regelbundna unders\u00f6kningar och konsultationer med deras v\u00e5rdgivare.<\/p>\n<h2>Hur Nolvadex Generic har p\u00e5verkat livskvaliteten<\/h2>\n<p>Effekten av Nolvadex Generic p\u00e5 livskvalitet \u00e4r ett \u00e5terkommande tema i patientber\u00e4ttelser. Medan vissa rapporterar en betydande f\u00f6rb\u00e4ttring p\u00e5 grund av minskad cancerrisk och symtomhantering, tycker andra att resan \u00e4r utmanande p\u00e5 grund av biverkningar. Balansen mellan dessa erfarenheter beror ofta p\u00e5 de st\u00f6dsystem som finns p\u00e5 plats, inklusive familj, v\u00e4nner och v\u00e5rdpersonal.<\/p>\n<p>Patienter lyfter ofta fram vikten av psykisk h\u00e4lsa st\u00f6d f\u00f6r att hantera den psykologiska b\u00f6rdan av cancerbehandling. Tillg\u00e5ng till r\u00e5dgivningstj\u00e4nster och n\u00e4tverk f\u00f6r kamratst\u00f6d kan avsev\u00e4rt f\u00f6rb\u00e4ttra livskvaliteten, ge k\u00e4nslom\u00e4ssig motst\u00e5ndskraft och praktiska copingstrategier. Dessa element \u00e4r avg\u00f6rande f\u00f6r att hj\u00e4lpa patienter att navigera i komplexiteten med l\u00e5ngtidsbehandling.<\/p>\n<h2>Ber\u00e4ttelser om dosjusteringar och deras resultat<\/h2>\n<p>Dosjusteringar \u00e4r inte ovanliga bland Nolvadex Generic-anv\u00e4ndare, ofta h\u00e4rr\u00f6rande fr\u00e5n behovet av att optimera behandlingens effektivitet samtidigt som biverkningar hanteras. Patienter ber\u00e4ttar om upplevelser av att initialdoser \u00e4r antingen f\u00f6r h\u00f6ga eller f\u00f6r l\u00e5ga, vilket kr\u00e4ver noggrann titrering av deras v\u00e5rdteam.<\/p>\n<p>Resultaten fr\u00e5n dosjusteringar varierar, med vissa patienter som upplever omedelbar lindring av biverkningar, medan andra kr\u00e4ver ytterligare modifieringar. Dessa ber\u00e4ttelser understryker vikten av personlig v\u00e5rd och rollen av patientfeedback f\u00f6r att skr\u00e4ddarsy behandlingsplaner f\u00f6r att uppn\u00e5 b\u00e4sta m\u00f6jliga resultat.<\/p>\n<h2>Emotionella och psykologiska effekter rapporterade av patienter<\/h2>\n<p>De k\u00e4nslom\u00e4ssiga och psykologiska effekterna av Nolvadex Generic-behandling \u00e4r betydande, eftersom patienterna navigerar i komplexiteten med att leva med eller f\u00f6rebygga br\u00f6stcancer. M\u00e5nga beskriver en k\u00e4nslom\u00e4ssig berg-och-dalbana, pr\u00e4glad av stunder av hopp och \u00e5ngest. St\u00f6d fr\u00e5n n\u00e4ra och k\u00e4ra och mentalv\u00e5rdspersonal spelar ofta en avg\u00f6rande roll f\u00f6r att hantera dessa utmaningar.<\/p>\n<p>Patienter har delade erfarenheter av hum\u00f6rsv\u00e4ngningar och \u00e5ngest, vilket kan f\u00f6rv\u00e4rras av stressen fr\u00e5n behandlingen och dess konsekvenser. Men med l\u00e4mpliga st\u00f6d- och copingstrategier upplever m\u00e5nga att de kan beh\u00e5lla en positiv syn och motst\u00e5ndskraft, \u00e4ven under de tuffaste delarna av sin resa.<\/p>\n<h2>Patientber\u00e4ttelser om att byta fr\u00e5n Nolvadex Generic<\/h2>\n<p>Att byta fr\u00e5n Nolvadex Generic till en annan behandling eller vice versa \u00e4r ett beslut som vissa patienter st\u00e5r inf\u00f6r, ofta p\u00e5verkat av biverkningar, kostnads\u00f6verv\u00e4ganden eller f\u00f6r\u00e4ndringar i h\u00e4lsotillst\u00e5nd. Ber\u00e4ttelser avsl\u00f6jar att dessa \u00f6verg\u00e5ngar kan vara fyllda med os\u00e4kerhet men ocks\u00e5 hoppas p\u00e5 f\u00f6rb\u00e4ttrade resultat.<\/p>\n<p>Patienter som har bytt rapporterar om en rad upplevelser, d\u00e4r vissa finner omedelbara f\u00f6rdelar i form av minskade biverkningar eller f\u00f6rb\u00e4ttrad effekt. Andra kan uppleva en period av anpassning n\u00e4r deras kroppar anpassar sig till den nya medicinen. Dessa ber\u00e4ttelser belyser vikten av noggrann \u00f6vervakning och \u00f6ppen kommunikation med v\u00e5rdgivare under \u00f6verg\u00e5ngar.<\/p>\n<h2>Delade erfarenheter: St\u00f6dgrupper och gemenskaper<\/h2>\n<p>St\u00f6dgrupper och gemenskaper \u00e4r ov\u00e4rderliga resurser f\u00f6r patienter som tar Nolvadex Generic. Dessa n\u00e4tverk ger en plattform f\u00f6r att dela erfarenheter, r\u00e5d och k\u00e4nslom\u00e4ssigt st\u00f6d, vilket hj\u00e4lper individer att k\u00e4nna sig mindre isolerade p\u00e5 sin resa. M\u00e5nga patienter finner tr\u00f6st i att f\u00e5 kontakt med andra som f\u00f6rst\u00e5r de unika utmaningar de st\u00e5r inf\u00f6r.<\/p>\n<p>Onlineforum och lokala st\u00f6dgrupper erbjuder olika perspektiv och fr\u00e4mjar en k\u00e4nsla av gemenskap. Deltagarna diskuterar ofta praktiska tips f\u00f6r att hantera behandling och delar ber\u00e4ttelser om personliga triumfer och motg\u00e5ngar. Dessa interaktioner kan vara st\u00e4rkande och f\u00f6rst\u00e4rka uppfattningen att ingen \u00e4r ensam i sin kamp mot cancer.<\/p>\n<h2>Verkliga utmaningar och l\u00f6sningar med Nolvadex Generic<\/h2>\n<p>Verkliga utmaningar med Nolvadex Generic \u00e4r varierande och omfattar allt fr\u00e5n att hantera biverkningar till att navigera i sjukv\u00e5rdssystem. Patienter diskuterar ofta sv\u00e5righeterna med att f\u00f6lja l\u00e5ngvarig behandling och inverkan p\u00e5 deras dagliga rutiner. Men de delar ocks\u00e5 med sig av praktiska l\u00f6sningar som har hj\u00e4lpt dem att klara sig.<\/p>\n<p>M\u00e5nga tycker att att etablera en rutin, st\u00e4lla in p\u00e5minnelser om medicinering och s\u00f6ka st\u00f6d fr\u00e5n v\u00e5rdgivare kan mildra dessa utmaningar. Ber\u00e4ttelser om motst\u00e5ndskraft och anpassningsf\u00f6rm\u00e5ga \u00e4r vanliga och illustrerar hur patienter \u00f6vervinner hinder och forts\u00e4tter att f\u00f6respr\u00e5ka sin h\u00e4lsa och sitt v\u00e4lbefinnande.<\/p>\n<h2>Patientn\u00f6jdhet och \u00f6vergripande behandlingserfarenhet<\/h2>\n<p>\u00d6vergripande tillfredsst\u00e4llelse med Nolvadex Generisk behandling p\u00e5verkas av en kombination av faktorer, inklusive effekt, biverkningshantering och st\u00f6dsystem. M\u00e5nga patienter uttrycker n\u00f6jda med l\u00e4kemedlets roll i sin behandlingsplan, med h\u00e4nvisning till dess bidrag till positiva h\u00e4lsoresultat.<\/p>\n<p>Omv\u00e4nt rapporterar vissa individer missn\u00f6je p\u00e5 grund av ih\u00e5llande biverkningar eller utmaningar med att f\u00e5 tillg\u00e5ng till medicin. Dessa blandade erfarenheter \u00e5terspeglar komplexiteten i cancerbehandling och behovet av skr\u00e4ddarsydda tillv\u00e4gag\u00e5ngss\u00e4tt som tar h\u00e4nsyn till individuella patientbehov och omst\u00e4ndigheter.<\/p>\n<h2>Framtida f\u00f6rhoppningar och f\u00f6rv\u00e4ntningar fr\u00e5n Nolvadex generiska anv\u00e4ndare<\/h2>\n<p>Med blicken mot framtiden uttrycker Nolvadex Generic-anv\u00e4ndare f\u00f6rhoppningar om fortsatta framsteg inom cancerbehandling och st\u00f6dsystem. M\u00e5nga \u00e4r optimistiska om potentialen f\u00f6r nya terapier som ytterligare kan f\u00f6rb\u00e4ttra livskvaliteten och minska b\u00f6rdan av biverkningar.<\/p>\n<p>Patienter hoppas ocks\u00e5 p\u00e5 st\u00f6rre medvetenhet och f\u00f6rst\u00e5else f\u00f6r br\u00f6stcancer och dess behandlingar, vilket kan leda till f\u00f6rb\u00e4ttrad patientutbildning och opinionsbildning. Dessa f\u00f6rv\u00e4ntningar understryker en \u00f6nskan om p\u00e5g\u00e5ende innovation och samarbete inom v\u00e5rden f\u00f6r att st\u00f6dja individer i deras kamp mot cancer.<\/p>\n","protected":false},"excerpt":{"rendered":"<p>Patientber\u00e4ttelser: vad folk rapporterar om Nolvadex Generic Utforska f\u00f6rstahandsber\u00e4ttelser om patienter som anv\u00e4nder Nolvadex Generic, belysa erfarenheter, utmaningar och insikter inom olika aspekter av behandlingen. Personliga erfarenheter av Nolvadex Generic F\u00f6r m\u00e5nga patienter \u00e4r beslutet att anv\u00e4nda Nolvadex Generic rotat i b\u00e5de n\u00f6dv\u00e4ndighet och hopp, ofta efter en diagnos av br\u00f6stcancer. N\u00e4r de ger sig &hellip; <a href=\"http:\/\/sabeono.com\/?page_id=781\" class=\"more-link\">Continue reading <span class=\"screen-reader-text\">Biverkningar: Vad patienter har upplevt med Nolvadex Generic<\/span> <span class=\"meta-nav\">&rarr;<\/span><\/a><\/p>\n","protected":false},"author":1,"featured_media":0,"parent":0,"menu_order":0,"comment_status":"closed","ping_status":"closed","template":"","meta":{"footnotes":""},"_links":{"self":[{"href":"http:\/\/sabeono.com\/index.php?rest_route=\/wp\/v2\/pages\/781"}],"collection":[{"href":"http:\/\/sabeono.com\/index.php?rest_route=\/wp\/v2\/pages"}],"about":[{"href":"http:\/\/sabeono.com\/index.php?rest_route=\/wp\/v2\/types\/page"}],"author":[{"embeddable":true,"href":"http:\/\/sabeono.com\/index.php?rest_route=\/wp\/v2\/users\/1"}],"replies":[{"embeddable":true,"href":"http:\/\/sabeono.com\/index.php?rest_route=%2Fwp%2Fv2%2Fcomments&post=781"}],"version-history":[{"count":1,"href":"http:\/\/sabeono.com\/index.php?rest_route=\/wp\/v2\/pages\/781\/revisions"}],"predecessor-version":[{"id":782,"href":"http:\/\/sabeono.com\/index.php?rest_route=\/wp\/v2\/pages\/781\/revisions\/782"}],"wp:attachment":[{"href":"http:\/\/sabeono.com\/index.php?rest_route=%2Fwp%2Fv2%2Fmedia&parent=781"}],"curies":[{"name":"wp","href":"https:\/\/api.w.org\/{rel}","templated":true}]}}