{"id":1042,"date":"2026-03-25T01:00:38","date_gmt":"2026-03-25T01:00:38","guid":{"rendered":"http:\/\/sabeono.com\/?page_id=1042"},"modified":"2026-05-08T21:01:49","modified_gmt":"2026-05-08T21:01:49","slug":"intelegerea-lovegra-si-cialis-o-scurta-prezentare-generala","status":"publish","type":"page","link":"http:\/\/sabeono.com\/?page_id=1042","title":{"rendered":"\u00cen\u021belegerea Lovegra \u0219i Cialis: O scurt\u0103 prezentare general\u0103"},"content":{"rendered":"<div style=\"overflow:hidden;height:1px;\"><a href=\"https:\/\/www.caragordacantina.co.uk\/\">new independent slot sites<\/a><\/div>\n<div style=\"overflow:hidden;height:1px;\"><a href=\"https:\/\/golden-ball.co.uk\/\">pay n play casinos<\/a><\/div>\n<h1>Lovegra vs Cialis (tadalafil): debut, durata, efecte secundare, pret<\/h1>\n<p>Acest articol exploreaz\u0103 diferen\u021bele \u0219i asem\u0103n\u0103rile dintre Lovegra \u0219i Cialis, concentr\u00e2ndu-se pe timpii de apari\u021bie, durata efectelor, efectele secundare, pre\u021burile \u0219i experien\u021bele utilizatorilor.<\/p>\n<h2>\u00cen\u021belegerea Lovegra \u0219i Cialis: O scurt\u0103 prezentare general\u0103<\/h2>\n<p>Lovegra \u0219i Cialis sunt medicamente utilizate pentru a trata disfunc\u021bia sexual\u0103, dar se adreseaz\u0103 diferitelor categorii demografice. Lovegra, adesea denumit\u0103 &quot;Viagra feminin\u0103,&quot; este comercializat \u00een principal pentru femeile care se confrunt\u0103 cu tulbur\u0103ri de excitare sexual\u0103. Con\u021bine citrat de sildenafil, acela\u0219i ingredient activ g\u0103sit \u00een Viagra, care are scopul de a cre\u0219te fluxul de s\u00e2nge \u00een zona genital\u0103 feminin\u0103. Cialis, sau tadalafil, este utilizat pe scar\u0103 larg\u0103 pentru a trata disfunc\u021bia erectil\u0103 (DE) la b\u0103rba\u021bi \u0219i este cunoscut pentru efectele sale de lung\u0103 durat\u0103 \u00een compara\u021bie cu alte medicamente pentru disfunc\u021bia erectil\u0103 (DE).<\/p>\n<p>Ambele medicamente au c\u00e2\u0219tigat popularitate datorit\u0103 eficacit\u0103\u021bii lor \u0219i sunt disponibile \u00een diferite forme. Lovegra vine de obicei sub form\u0103 de tablete, \u00een timp ce Cialis este disponibil at\u00e2t sub form\u0103 de tablete, c\u00e2t \u0219i \u00een form\u0103 lichid\u0103. \u00cen\u021belegerea nuan\u021belor acestor medicamente, inclusiv utilizarea prev\u0103zut\u0103 \u0219i concentrarea demografic\u0103, este crucial\u0103 pentru oricine le consider\u0103 op\u021biuni de tratament.<\/p>\n<h2>Cum func\u021bioneaz\u0103 Lovegra \u0219i Cialis: mecanisme de ac\u021biune<\/h2>\n<p>Lovegra \u0219i Cialis func\u021bioneaz\u0103 prin mecanisme similare, dar vizeaz\u0103 procese fiziologice diferite. Lovegra func\u021bioneaz\u0103 prin inhibarea enzimei fosfodiesterazei de tip 5 (PDE5), care este responsabil\u0103 pentru reglarea fluxului sanguin \u00een zona genital\u0103. Prin blocarea PDE5, Lovegra faciliteaz\u0103 fluxul sanguin crescut, poten\u021bial \u00eembun\u0103t\u0103\u021bind excita\u021bia sexual\u0103 \u0219i sensibilitatea la femei.<\/p>\n<p>Cialis, pe de alt\u0103 parte, inhib\u0103 \u0219i enzima PDE5, dar are ca scop \u00een primul r\u00e2nd \u00eembun\u0103t\u0103\u021birea func\u021biei erectile la b\u0103rba\u021bi. Fluxul sanguin crescut c\u0103tre penis ajut\u0103 la ob\u021binerea \u0219i men\u021binerea erec\u021biei ca r\u0103spuns la stimularea sexual\u0103. Acest mecanism comun subliniaz\u0103 rolul inhibitorilor PDE5 \u00een gestionarea disfunc\u021biei sexuale, de\u0219i rezultatele specifice sunt adaptate nevoilor diferi\u021bilor utilizatori.<\/p>\n<h2>Compararea timpilor de debut: care func\u021bioneaz\u0103 mai rapid?<\/h2>\n<p>Ora de apari\u021bie a unui medicament poate influen\u021ba semnificativ experien\u021ba utilizatorului. Lovegra are efect \u00een general \u00een 30 p\u00e2n\u0103 la 45 de minute dup\u0103 ingestie, cu unele varia\u021bii bazate pe metabolismul individual \u0219i al\u021bi factori. Utilizatorii sunt sf\u0103tui\u021bi s\u0103 ia medicamentul pe stomacul gol pentru a cre\u0219te eficacitatea acestuia.<\/p>\n<p>Cialis, cunoscut pentru utilizarea sa versatil\u0103, \u00eencepe de obicei s\u0103 func\u021bioneze \u00een 30 de minute. The &quot;pastila de weekend,&quot; a\u0219a cum este numit uneori, permite mai mult\u0103 spontaneitate datorit\u0103 duratei sale prelungite a efectului. Cu toate acestea, ca \u0219i Lovegra, timpul de debut poate fi influen\u021bat de factori precum consumul de alimente \u0219i alte medicamente.<\/p>\n<h2>Durata efectelor: Lovegra vs Cialis<\/h2>\n<p>Una dintre caracteristicile distinctive dintre Lovegra \u0219i Cialis este durata efectelor acestora. Impactul Lovegra tinde s\u0103 dureze aproximativ 4 p\u00e2n\u0103 la 6 ore, oferind o fereastr\u0103 pentru activitatea sexual\u0103. Aceast\u0103 durat\u0103 este \u00een general suficient\u0103 pentru majoritatea utilizatorilor, dar poate necesita o sincronizare atent\u0103 pentru a se alinia programelor personale.<\/p>\n<p>Cialis, \u00een schimb, ofer\u0103 un avantaj semnificativ cu efectele sale de lung\u0103 durat\u0103, care pot rezista p\u00e2n\u0103 la 36 de ore. Aceast\u0103 durat\u0103 prelungit\u0103 permite o flexibilitate mai mare \u0219i o presiune mai mic\u0103 \u00een ceea ce prive\u0219te sincronizarea, ceea ce o face o alegere preferat\u0103 pentru mul\u021bi b\u0103rba\u021bi care caut\u0103 tratament pentru ED. Cu toate acestea, acest efect prelungit necesit\u0103 luarea \u00een considerare a frecven\u021bei doz\u0103rii pentru a evita poten\u021bialele efecte secundare.<\/p>\n<h2>Efecte secundare frecvente ale Lovegra \u0219i Cialis<\/h2>\n<p>At\u00e2t Lovegra, c\u00e2t \u0219i Cialis au un profil similar de efecte secundare comune, av\u00e2nd \u00een vedere mecanismele lor de ac\u021biune comparabile. Utilizatorii Lovegra pot prezenta dureri de cap, \u00eenro\u0219ire, congestie nazal\u0103 \u0219i ame\u021beli. Aceste efecte secundare sunt \u00een general u\u0219oare \u0219i tind s\u0103 se diminueze pe m\u0103sur\u0103 ce organismul se adapteaz\u0103 la medicamente.<\/p>\n<p>Utilizatorii de Cialis raporteaz\u0103 <a href=\"https:\/\/ingrijireonline.net\/lovegra-pret-fara-reteta\">Lovegra Pre\u021b<\/a> reac\u021bii adverse similare, inclusiv dureri de cap, dureri de spate, dureri musculare \u0219i indigestie. Aceste efecte sunt de obicei trec\u0103toare \u0219i pot fi adesea gestionate cu remedii f\u0103r\u0103 prescrip\u021bie medical\u0103 sau ajust\u0103ri ale stilului de via\u021b\u0103. Este important ca utilizatorii s\u0103 \u00ee\u0219i monitorizeze experien\u021bele \u0219i s\u0103 consulte furnizorii de asisten\u021b\u0103 medical\u0103 dac\u0103 efectele secundare persist\u0103 sau se agraveaz\u0103.<\/p>\n<h2>Efecte secundare rare \u0219i grave de luat \u00een considerare<\/h2>\n<p>\u00cen timp ce majoritatea utilizatorilor tolereaz\u0103 bine Lovegra \u0219i Cialis, exist\u0103 poten\u021biale efecte secundare rare \u0219i grave care necesit\u0103 pruden\u021b\u0103. Lovegra poate duce ocazional la reac\u021bii mai severe, cum ar fi pierderea vederii sau a auzului, priapism (erec\u021bie prelungit\u0103) sau reac\u021bii alergice severe. Dac\u0103 apar astfel de simptome, este necesar\u0103 asisten\u021b\u0103 medical\u0103 imediat\u0103.<\/p>\n<p>\u00cen mod similar, Cialis poate provoca reac\u021bii adverse grave, cum ar fi pierderea brusc\u0103 a auzului, modific\u0103ri ale vederii sau o erec\u021bie care dureaz\u0103 mai mult de patru ore. Aceste afec\u021biuni necesit\u0103 interven\u021bie medical\u0103 prompt\u0103 pentru a preveni deteriorarea pe termen lung. Utilizatorii ar trebui s\u0103 fie con\u0219tien\u021bi de aceste riscuri \u0219i s\u0103 discute despre orice afec\u021biuni de s\u0103n\u0103tate preexistente cu furnizorul lor de asisten\u021b\u0103 medical\u0103 \u00eenainte de a \u00eencepe tratamentul.<\/p>\n<h2>Pre\u021buri: compara\u021bie de costuri pentru Lovegra \u0219i Cialis<\/h2>\n<p>Costul Lovegra \u0219i Cialis poate varia \u00een func\u021bie de factori precum marca, doza \u0219i loca\u021bia geografic\u0103. Lovegra este adesea mai pu\u021bin costisitor dec\u00e2t Cialis, ceea ce \u00eel face o op\u021biune mai accesibil\u0103 pentru cei care caut\u0103 tratament pentru disfunc\u021bia sexual\u0103 feminin\u0103. Versiunile generice de Lovegra pot reduce \u0219i mai mult costurile, de\u0219i disponibilitatea poate diferi de la o regiune la alta.<\/p>\n<p>Cialis, fiind un brand bine stabilit pentru tratamentul ED, tinde s\u0103 fie mai costisitor. Cu toate acestea, introducerea tadalafilului generic a sc\u0103zut semnificativ pre\u021burile, oferind o alternativ\u0103 mai accesibil\u0103 pentru utilizatori. Este recomandabil ca pacien\u021bii s\u0103 compare pre\u021burile \u00eentre farmacii \u0219i s\u0103 ia \u00een considerare acoperirea de asigurare sau programele de reduceri pentru a gestiona eficient cheltuielile.<\/p>\n<h2>Disponibilitate \u0219i cerin\u021be de prescrip\u021bie<\/h2>\n<p>Disponibilitatea Lovegra \u0219i Cialis este supus\u0103 aprob\u0103rilor de reglementare \u0219i cerin\u021belor de prescrip\u021bie, care pot varia de la o \u021bar\u0103 la alta. \u00cen multe regiuni, Lovegra necesit\u0103 o re\u021bet\u0103, de\u0219i poate fi disponibil\u0103 f\u0103r\u0103 prescrip\u021bie medical\u0103 \u00een unele zone, reflect\u00e2nd abord\u0103ri diferite ale tratamentului pentru s\u0103n\u0103tatea sexual\u0103 feminin\u0103.<\/p>\n<p>Cialis este de obicei disponibil numai pe baz\u0103 de re\u021bet\u0103, asigur\u00e2ndu-se c\u0103 utilizatorii primesc \u00eendrum\u0103ri medicale adecvate \u0219i recomand\u0103ri de dozare. Aceast\u0103 supraveghere reglementar\u0103 ajut\u0103 la atenuarea poten\u021bialei utiliz\u0103ri abuzive \u0219i asigur\u0103 c\u0103 Cialis este utilizat \u00een siguran\u021b\u0103 \u0219i eficient. Pacien\u021bii trebuie s\u0103 consulte profesioni\u0219tii din domeniul s\u0103n\u0103t\u0103\u021bii pentru a naviga \u00een aceste cerin\u021be \u0219i pentru a ob\u021bine medicamentul \u00een mod legal \u0219i \u00een siguran\u021b\u0103.<\/p>\n<h2>Experien\u021be \u0219i m\u0103rturii ale utilizatorilor<\/h2>\n<p>Experien\u021bele utilizatorilor cu Lovegra \u0219i Cialis pot oferi informa\u021bii valoroase asupra eficacit\u0103\u021bii \u0219i tolerabilit\u0103\u021bii acestora. Multe femei care au folosit Lovegra raporteaz\u0103 o satisfac\u021bie sexual\u0103 \u00eembun\u0103t\u0103\u021bit\u0103 \u0219i o sensibilitate crescut\u0103, de\u0219i rezultatele individuale pot varia foarte mult. M\u0103rturiile subliniaz\u0103 adesea importan\u021ba stabilirii a\u0219tept\u0103rilor realiste \u0219i a \u00een\u021belegerii limitelor medicamentului.<\/p>\n<p>Utilizatorii Cialis \u00eemp\u0103rt\u0103\u0219esc frecvent feedback pozitiv cu privire la efectele sale de lung\u0103 durat\u0103, care permit o mai mare spontaneitate \u00een activitatea sexual\u0103. Cu toate acestea, experien\u021bele indic\u0103, de asemenea, necesitatea de a lua \u00een considerare poten\u021bialele efecte secundare \u0219i de a ajusta factorii de stil de via\u021b\u0103 \u00een consecin\u021b\u0103. Anecdotele personale pot oferi o \u00een\u021belegere mai nuan\u021bat\u0103 a acestor medicamente, dar ar trebui luate \u00een considerare \u00eempreun\u0103 cu dovezile \u0219tiin\u021bifice \u0219i sfaturile medicale.<\/p>\n<h2>Considera\u021bii pentru utilizare: cine ar trebui s\u0103 evite aceste medicamente?<\/h2>\n<p>Nu toat\u0103 lumea este un candidat potrivit pentru Lovegra sau Cialis, iar anumite popula\u021bii ar trebui s\u0103 fie precaute sau s\u0103 evite cu totul aceste medicamente. Lovegra nu este recomandat femeilor \u00eens\u0103rcinate sau care al\u0103pteaz\u0103, iar cele cu afec\u021biuni cardiovasculare trebuie s\u0103-\u0219i consulte medicul \u00eenainte de utilizare din cauza impactului poten\u021bial asupra tensiunii arteriale.<\/p>\n<p>Cialis este contraindicat persoanelor care iau medicamente cu nitra\u021bi pentru afec\u021biuni cardiace, deoarece combina\u021bia poate duce la o sc\u0103dere periculoas\u0103 a tensiunii arteriale. B\u0103rba\u021bii cu insuficien\u021b\u0103 hepatic\u0103 sau renal\u0103 sever\u0103, sau cei care au suferit accidente vasculare cerebrale sau atacuri de cord, ar trebui, de asemenea, s\u0103 evite Cialis, cu excep\u021bia cazului \u00een care un furnizor de asisten\u021b\u0103 medical\u0103 recomand\u0103 altfel. Consultarea am\u0103nun\u021bit\u0103 cu un medic este esen\u021bial\u0103 pentru a determina adecvarea \u0219i a atenua riscurile.<\/p>\n<h2>Interac\u021biuni medicamentoase: Ce s\u0103 evita\u021bi c\u00e2nd lua\u021bi Lovegra sau Cialis<\/h2>\n<p>At\u00e2t Lovegra, c\u00e2t \u0219i Cialis pot interac\u021biona cu alte medicamente, ceea ce le poate modifica eficacitatea sau cre\u0219te riscul de efecte adverse. Lovegra nu trebuie combinat cu al\u021bi inhibitori PDE5 \u0219i se recomand\u0103 pruden\u021b\u0103 atunci c\u00e2nd este administrat cu medicamente care scad tensiunea arterial\u0103 sau alcool, deoarece acestea \u00eei pot amplifica efectele.<\/p>\n<p>Interac\u021biunile Cialis includ nitra\u021bi \u0219i anumite antihipertensive, care pot provoca interac\u021biuni semnificative. \u00cen plus, produsele din grapefruit pot afecta modul \u00een care organismul metabolizeaz\u0103 Cialis, ceea ce poate duce la cre\u0219terea efectelor secundare. Utilizatorii ar trebui s\u0103 furnizeze furnizorului lor de asisten\u021b\u0103 medical\u0103 o list\u0103 complet\u0103 de medicamente \u0219i suplimente actuale pentru a evita interac\u021biunile d\u0103un\u0103toare.<\/p>\n<h2>Eficacitate: studii clinice \u0219i rezultate ale cercet\u0103rii<\/h2>\n<p>Eficacitatea Lovegra \u0219i Cialis a fost studiat\u0103 pe larg, ambele medicamente demonstr\u00e2nd beneficii semnificative \u00een popula\u021biile \u021bint\u0103. Studiile clinice cu Lovegra au ar\u0103tat \u00eembun\u0103t\u0103\u021biri ale excita\u021biei \u0219i satisfac\u021biei sexuale \u00een r\u00e2ndul femeilor, de\u0219i rezultatele pot varia \u00een func\u021bie de fiziologia individual\u0103 \u0219i de factorii psihologici.<\/p>\n<p>Cialis are un istoric bine stabilit, sus\u021binut de numeroase studii care confirm\u0103 eficacitatea sa \u00een tratarea DE. Cercet\u0103rile eviden\u021biaz\u0103 durata lung\u0103 de ac\u021biune ca un avantaj cheie, de\u0219i eficacitatea sa poate fi influen\u021bat\u0103 de factori precum v\u00e2rsta \u0219i condi\u021biile de s\u0103n\u0103tate subiacente. Cercet\u0103rile \u00een curs continu\u0103 s\u0103 exploreze modalit\u0103\u021bi de optimizare a acestor medicamente pentru o utilizare mai larg\u0103.<\/p>\n<h2>Lovegra \u0219i Cialis: stil de via\u021b\u0103 \u0219i factori dietetici<\/h2>\n<p>Eficacitatea Lovegra \u0219i Cialis poate fi influen\u021bat\u0103 de stilul de via\u021b\u0103 \u0219i de factorii dietetici. Pentru Lovegra, men\u021binerea unui stil de via\u021b\u0103 s\u0103n\u0103tos care include exerci\u021bii fizice regulate \u0219i o diet\u0103 echilibrat\u0103 \u00eei poate spori eficacitatea. Evitarea meselor bogate \u00een gr\u0103simi \u00een timpul administr\u0103rii medicamentului poate \u00eembun\u0103t\u0103\u021bi absorb\u021bia \u0219i timpul de debut.<\/p>\n<p>\u00cen mod similar, utilizatorii de Cialis sunt \u00eencuraja\u021bi s\u0103 adopte o diet\u0103 s\u0103n\u0103toas\u0103 \u0219i un regim regulat de exerci\u021bii fizice pentru a optimiza efectele medicamentului. Se recomand\u0103 evitarea consumului excesiv de alcool, deoarece poate afecta capacitatea de a ob\u021bine o erec\u021bie \u0219i poate cre\u0219te riscul de reac\u021bii adverse. \u00cen\u021belegerea acestor considera\u021bii legate de stilul de via\u021b\u0103 poate ajuta utilizatorii s\u0103 maximizeze beneficiile acestor medicamente.<\/p>\n<h2>Aspecte legale \u0219i de reglementare \u00een diferite regiuni<\/h2>\n<p>Statutul legal \u0219i aprobarea de reglementare a Lovegra \u0219i Cialis variaz\u0103 \u00een diferite regiuni, reflect\u00e2nd atitudini diferite fa\u021b\u0103 de tratamentul s\u0103n\u0103t\u0103\u021bii sexuale. \u00cen unele \u021b\u0103ri, Lovegra este disponibil f\u0103r\u0103 prescrip\u021bie medical\u0103, \u00een timp ce altele necesit\u0103 o re\u021bet\u0103, subliniind variabilitatea abord\u0103rilor de reglementare ale disfunc\u021biei sexuale feminine.<\/p>\n<p>Cialis, datorit\u0103 utiliz\u0103rii pe scar\u0103 larg\u0103 pentru ED, este reglementat mai uniform, necesit\u00e2nd de obicei o re\u021bet\u0103 \u00een majoritatea jurisdic\u021biilor. Aceste cadre legale asigur\u0103 c\u0103 medicamentele sunt utilizate \u00een siguran\u021b\u0103 \u0219i eficient, cu supraveghere medical\u0103 adecvat\u0103. Utilizatorii ar trebui s\u0103 fie con\u0219tien\u021bi de cerin\u021bele legale din regiunea lor pentru a asigura conformitatea \u0219i accesul la op\u021biuni de tratament sigure.<\/p>\n<h2>G\u00e2nduri finale: a alege \u00eentre Lovegra \u0219i Cialis<\/h2>\n<p>Decizia \u00eentre Lovegra \u0219i Cialis implic\u0103 o analiz\u0103 atent\u0103 a diver\u0219ilor factori, inclusiv disfunc\u021bia sexual\u0103 specific\u0103 abordat\u0103, debutul dorit \u0219i durata efectelor, poten\u021bialele efecte secundare \u0219i condi\u021biile personale de s\u0103n\u0103tate. Lovegra poate fi mai potrivit pentru femeile care doresc s\u0103 sporeasc\u0103 excitarea sexual\u0103, \u00een timp ce Cialis ofer\u0103 o solu\u021bie de \u00eencredere pentru b\u0103rba\u021bii care se confrunt\u0103 cu ED.<\/p>\n<p>\u00cen cele din urm\u0103, alegerea dintre aceste medicamente ar trebui s\u0103 implice o discu\u021bie am\u0103nun\u021bit\u0103 cu un furnizor de asisten\u021b\u0103 medical\u0103, lu\u00e2nd \u00een considerare nevoile individuale \u0219i istoricul medical. Prin c\u00e2nt\u0103rirea acestor considera\u021bii, utilizatorii pot lua decizii informate \u0219i pot ob\u021bine cele mai bune rezultate posibile \u00een gestionarea s\u0103n\u0103t\u0103\u021bii lor sexuale.<\/p>\n<div style=\"overflow:hidden;height:1px;\"><a href=\"https:\/\/pevenseybaylife.co.uk\/\">under 1 hour withdrawal casino uk<\/a><\/div>\n","protected":false},"excerpt":{"rendered":"<p>new independent slot sites pay n play casinos Lovegra vs Cialis (tadalafil): debut, durata, efecte secundare, pret Acest articol exploreaz\u0103 diferen\u021bele \u0219i asem\u0103n\u0103rile dintre Lovegra \u0219i Cialis, concentr\u00e2ndu-se pe timpii de apari\u021bie, durata efectelor, efectele secundare, pre\u021burile \u0219i experien\u021bele utilizatorilor. \u00cen\u021belegerea Lovegra \u0219i Cialis: O scurt\u0103 prezentare general\u0103 Lovegra \u0219i Cialis sunt medicamente utilizate pentru &hellip; <a href=\"http:\/\/sabeono.com\/?page_id=1042\" class=\"more-link\">Continue reading <span class=\"screen-reader-text\">\u00cen\u021belegerea Lovegra \u0219i Cialis: O scurt\u0103 prezentare general\u0103<\/span> <span class=\"meta-nav\">&rarr;<\/span><\/a><\/p>\n","protected":false},"author":1,"featured_media":0,"parent":0,"menu_order":0,"comment_status":"closed","ping_status":"closed","template":"","meta":{"footnotes":""},"_links":{"self":[{"href":"http:\/\/sabeono.com\/index.php?rest_route=\/wp\/v2\/pages\/1042"}],"collection":[{"href":"http:\/\/sabeono.com\/index.php?rest_route=\/wp\/v2\/pages"}],"about":[{"href":"http:\/\/sabeono.com\/index.php?rest_route=\/wp\/v2\/types\/page"}],"author":[{"embeddable":true,"href":"http:\/\/sabeono.com\/index.php?rest_route=\/wp\/v2\/users\/1"}],"replies":[{"embeddable":true,"href":"http:\/\/sabeono.com\/index.php?rest_route=%2Fwp%2Fv2%2Fcomments&post=1042"}],"version-history":[{"count":4,"href":"http:\/\/sabeono.com\/index.php?rest_route=\/wp\/v2\/pages\/1042\/revisions"}],"predecessor-version":[{"id":4417,"href":"http:\/\/sabeono.com\/index.php?rest_route=\/wp\/v2\/pages\/1042\/revisions\/4417"}],"wp:attachment":[{"href":"http:\/\/sabeono.com\/index.php?rest_route=%2Fwp%2Fv2%2Fmedia&parent=1042"}],"curies":[{"name":"wp","href":"https:\/\/api.w.org\/{rel}","templated":true}]}}