{"id":1036,"date":"2026-03-25T00:50:52","date_gmt":"2026-03-25T00:50:52","guid":{"rendered":"http:\/\/sabeono.com\/?page_id=1036"},"modified":"2026-05-06T07:18:32","modified_gmt":"2026-05-06T07:18:32","slug":"az-erekcios-zavar-es-okai-megertese","status":"publish","type":"page","link":"http:\/\/sabeono.com\/?page_id=1036","title":{"rendered":"Az erekci\u00f3s zavar \u00e9s okai meg\u00e9rt\u00e9se"},"content":{"rendered":"<div style=\"overflow:hidden;height:1px;\"><a href=\"https:\/\/pevenseybaylife.co.uk\/\">fast withdrawal casino<\/a><\/div>\n<h1>ED \u00e9s kr\u00f3nikus betegs\u00e9gek: cukorbetegs\u00e9g, magas v\u00e9rnyom\u00e1s, elh\u00edz\u00e1s: NHS \u00fatmutat\u00e1s kontra mag\u00e1n online ell\u00e1t\u00e1s<\/h1>\n<p>Az erekci\u00f3s diszfunkci\u00f3 \u00e9s a kr\u00f3nikus betegs\u00e9gek k\u00f6z\u00f6tti k\u00f6lcs\u00f6nhat\u00e1s felt\u00e1r\u00e1sa, valamint az, hogy az NHS \u00fatmutat\u00e1sa hogyan viszonyul a mag\u00e1n online ell\u00e1t\u00e1shoz az \u00e1llapot kezel\u00e9s\u00e9ben.<\/p>\n<h2>Az erekci\u00f3s zavar \u00e9s okai meg\u00e9rt\u00e9se<\/h2>\n<p>Az erekci\u00f3s diszfunkci\u00f3 (ED) egy elterjedt \u00e1llapot, amely vil\u00e1gszerte jelent\u0151s sz\u00e1m\u00fa f\u00e9rfit \u00e9rint. Jellemz\u0151je, hogy \u00e1lland\u00f3 k\u00e9ptelens\u00e9g el\u00e9rni vagy fenntartani a kiel\u00e9g\u00edt\u0151 szexu\u00e1lis teljes\u00edtm\u00e9nyhez elegend\u0151 erekci\u00f3t. M\u00edg az alkalmank\u00e9nti epiz\u00f3dok norm\u00e1lisak, a tart\u00f3s ED az alapvet\u0151 eg\u00e9szs\u00e9g\u00fcgyi probl\u00e9m\u00e1kra utalhat. Az ED okai sokr\u00e9t\u0171ek, gyakran fizikai \u00e9s pszichol\u00f3giai t\u00e9nyez\u0151k kombin\u00e1ci\u00f3j\u00e1val j\u00e1rnak egy\u00fctt.<\/p>\n<p>Fiziol\u00f3giailag az ED a p\u00e9nisz v\u00e9r\u00e1raml\u00e1s\u00e1t akad\u00e1lyoz\u00f3 \u00e9rrendszeri probl\u00e9m\u00e1kb\u00f3l, idegk\u00e1rosod\u00e1sb\u00f3l vagy hormon\u00e1lis egyens\u00falyhi\u00e1nyb\u00f3l eredhet. A pszichol\u00f3giai t\u00e9nyez\u0151k, p\u00e9ld\u00e1ul a stressz, a szorong\u00e1s \u00e9s a depresszi\u00f3 szint\u00e9n d\u00f6nt\u0151 szerepet j\u00e1tszhatnak. Az ED gyakran sz\u00e9lesebb k\u00f6r\u0171 eg\u00e9szs\u00e9g\u00fcgyi probl\u00e9m\u00e1k t\u00fcnete, mint p\u00e9ld\u00e1ul a kr\u00f3nikus betegs\u00e9gek, amelyek etiol\u00f3gi\u00e1j\u00e1nak meg\u00e9rt\u00e9s\u00e9t l\u00e9tfontoss\u00e1g\u00fav\u00e1 teszik a hat\u00e9kony kezel\u00e9shez.<\/p>\n<h2>A cukorbetegs\u00e9g hat\u00e1sa az erekci\u00f3s zavarra<\/h2>\n<p>A cukorbetegs\u00e9g az egyik legjelent\u0151sebb kr\u00f3nikus betegs\u00e9g, amely az erekci\u00f3s zavarokhoz kapcsol\u00f3dik. Becsl\u00e9sek szerint a cukorbeteg f\u00e9rfiak h\u00e1romszor nagyobb val\u00f3sz\u00edn\u0171s\u00e9ggel tapasztalnak ED-t, mint azok, akikn\u00e9l nincs ilyen \u00e1llapot. Ez nagyr\u00e9szt annak a k\u00e1rosod\u00e1snak k\u00f6sz\u00f6nhet\u0151, amelyet a magas v\u00e9rcukorszint okozhat az erekben \u00e9s az idegekben, amelyek mindkett\u0151 kritikus az erekci\u00f3s funkci\u00f3hoz.<\/p>\n<p>Id\u0151vel a cukorbetegs\u00e9g \u00e9relmeszesed\u00e9shez vezethet, amely \u00e1llapot sz\u0171k\u00edti az ereket, cs\u00f6kkenti a v\u00e9r\u00e1raml\u00e1st a test k\u00fcl\u00f6nb\u00f6z\u0151 r\u00e9szeibe, bele\u00e9rtve a p\u00e9niszt is. Ezenk\u00edv\u00fcl a diab\u00e9teszes neurop\u00e1tia, az idegk\u00e1rosod\u00e1s egyik form\u00e1ja ronthatja az erekci\u00f3hoz sz\u00fcks\u00e9ges jelek \u00e1tvitel\u00e9t. A cukorbetegs\u00e9g hat\u00e9kony kezel\u00e9se kulcsfontoss\u00e1g\u00fa az ED kock\u00e1zat\u00e1nak cs\u00f6kkent\u00e9s\u00e9ben, hangs\u00falyozva a v\u00e9rcukorszint rendszeres monitoroz\u00e1s\u00e1nak \u00e9s ellen\u0151rz\u00e9s\u00e9nek fontoss\u00e1g\u00e1t.<\/p>\n<h2>Hogyan j\u00e1rul hozz\u00e1 a magas v\u00e9rnyom\u00e1s az ED-hez<\/h2>\n<p>A magas v\u00e9rnyom\u00e1s vagy a magas v\u00e9rnyom\u00e1s egy m\u00e1sik kr\u00f3nikus \u00e1llapot, amely jelent\u0151sen hozz\u00e1j\u00e1rul az erekci\u00f3s diszfunkci\u00f3hoz. A magas v\u00e9rnyom\u00e1s k\u00e1ros\u00edthatja az art\u00e9ri\u00e1k ny\u00e1lkah\u00e1rty\u00e1j\u00e1t, aminek k\u00f6vetkezt\u00e9ben azok megkem\u00e9nyedhetnek \u00e9s sz\u0171k\u00fclhetnek. Ezt a folyamatot \u00e9relmeszesed\u00e9snek nevezik. Ez korl\u00e1tozza a v\u00e9r\u00e1raml\u00e1st, megnehez\u00edtve az erekci\u00f3hoz sz\u00fcks\u00e9ges fokozott v\u00e9rell\u00e1t\u00e1st.<\/p>\n<p>A magas v\u00e9rnyom\u00e1s kezel\u00e9s\u00e9re haszn\u00e1lt gy\u00f3gyszerek szint\u00e9n befoly\u00e1solhatj\u00e1k az erekci\u00f3s funkci\u00f3t. Egyes v\u00e9rnyom\u00e1scs\u00f6kkent\u0151 gy\u00f3gyszerek, k\u00fcl\u00f6n\u00f6sen bizonyos b\u00e9ta-blokkol\u00f3k \u00e9s diuretikumok s\u00falyosb\u00edthatj\u00e1k az ED-t\u00fcneteket. Alapvet\u0151 fontoss\u00e1g\u00fa, hogy a betegek megvitass\u00e1k ezeket a mell\u00e9khat\u00e1sokat eg\u00e9szs\u00e9g\u00fcgyi szolg\u00e1ltat\u00f3ikkal, hogy megfelel\u0151 kezel\u00e9si tervet tal\u00e1ljanak, amely figyelembe veszi mind a sz\u00edv- \u00e9s \u00e9rrendszeri eg\u00e9szs\u00e9get, mind a szexu\u00e1lis funkci\u00f3t.<\/p>\n<h2>Az elh\u00edz\u00e1s \u00e9s az erekci\u00f3s zavar k\u00f6z\u00f6tti kapcsolat<\/h2>\n<p>Az elh\u00edz\u00e1s egyre n\u00f6vekv\u0151 glob\u00e1lis eg\u00e9szs\u00e9g\u00fcgyi probl\u00e9ma, \u00e9s szorosan \u00f6sszef\u00fcgg az erekci\u00f3s diszfunkci\u00f3val. A t\u00falzott testzs\u00edr, k\u00fcl\u00f6n\u00f6sen a has k\u00f6rny\u00e9k\u00e9n, hormon\u00e1lis egyens\u00falyhi\u00e1nyhoz vezethet, p\u00e9ld\u00e1ul cs\u00f6kkenhet a tesztoszteronszint, ami d\u00f6nt\u0151 fontoss\u00e1g\u00fa a szexu\u00e1lis eg\u00e9szs\u00e9g szempontj\u00e1b\u00f3l. Ezenk\u00edv\u00fcl az elh\u00edz\u00e1s gyakran t\u00e1rsul m\u00e1s eg\u00e9szs\u00e9g\u00fcgyi \u00e1llapotokhoz, p\u00e9ld\u00e1ul cukorbetegs\u00e9ghez \u00e9s sz\u00edv- \u00e9s \u00e9rrendszeri betegs\u00e9gekhez, amelyek szint\u00e9n n\u00f6velik az ED kock\u00e1zat\u00e1t.<\/p>\n<p>A s\u00falykontroll hat\u00e9kony strat\u00e9gia az ED kock\u00e1zat\u00e1nak cs\u00f6kkent\u00e9s\u00e9re. Tanulm\u00e1nyok szerint m\u00e9g a szer\u00e9ny fogy\u00e1s is jelent\u0151sen jav\u00edthatja az erekci\u00f3s funkci\u00f3t. Ez r\u00e1vil\u00e1g\u00edt az eg\u00e9szs\u00e9ges \u00e9letm\u00f3d fontoss\u00e1g\u00e1ra, bele\u00e9rtve a kiegyens\u00falyozott \u00e9trendet \u00e9s a rendszeres fizikai aktivit\u00e1st az ED megel\u0151z\u00e9s\u00e9ben \u00e9s kezel\u00e9s\u00e9ben egyar\u00e1nt.<\/p>\n<h2>NHS \u00datmutat\u00f3 a kr\u00f3nikus betegs\u00e9gek kezel\u00e9s\u00e9hez<\/h2>\n<p>Az Egyes\u00fclt Kir\u00e1lys\u00e1gban az Orsz\u00e1gos Eg\u00e9szs\u00e9g\u00fcgyi Szolg\u00e1lat (NHS) \u00e1tfog\u00f3 \u00fatmutat\u00e1st ad az erekci\u00f3s zavarok kezel\u00e9s\u00e9hez, k\u00fcl\u00f6n\u00f6sen akkor, ha az kr\u00f3nikus betegs\u00e9gekhez kapcsol\u00f3dik. Az NHS-megk\u00f6zel\u00edt\u00e9s jellemz\u0151en alapos felm\u00e9r\u00e9st foglal mag\u00e1ban a m\u00f6g\u00f6ttes okok azonos\u00edt\u00e1s\u00e1ra, majd egy szem\u00e9lyre szabott kezel\u00e9si tervet, amely kezeli ezeket a probl\u00e9m\u00e1kat.<\/p>\n<p>A kr\u00f3nikus betegs\u00e9gekben, p\u00e9ld\u00e1ul cukorbetegs\u00e9gben <a href=\"https:\/\/megbizhatopatika.net\/\">https:\/\/megbizhatopatika.net\/<\/a> vagy magas v\u00e9rnyom\u00e1sban szenved\u0151 betegek sz\u00e1m\u00e1ra az NHS sokoldal\u00fa megk\u00f6zel\u00edt\u00e9st javasol, amely mag\u00e1ban foglalja az \u00e9letm\u00f3d m\u00f3dos\u00edt\u00e1s\u00e1t, a gy\u00f3gyszeres kezel\u00e9s m\u00f3dos\u00edt\u00e1s\u00e1t \u00e9s a pszichol\u00f3giai t\u00e1mogat\u00e1st. A p\u00e1ciens holisztikus eg\u00e9szs\u00e9g\u00e9re \u00f6sszpontos\u00edtva az NHS c\u00e9lja az erekci\u00f3s funkci\u00f3 \u00e9s az \u00e1ltal\u00e1nos \u00e9letmin\u0151s\u00e9g jav\u00edt\u00e1sa.<\/p>\n<h2>Priv\u00e1t online gondoz\u00e1si lehet\u0151s\u00e9gek az ED sz\u00e1m\u00e1ra<\/h2>\n<p>Az elm\u00falt \u00e9vekben n\u00e9pszer\u0171v\u00e9 v\u00e1ltak a mereved\u00e9si zavarok elleni priv\u00e1t online gondoz\u00e1si lehet\u0151s\u00e9gek. Ezek a szolg\u00e1ltat\u00e1sok k\u00e9nyelmes alternat\u00edv\u00e1t k\u00edn\u00e1lnak a hagyom\u00e1nyos eg\u00e9szs\u00e9g\u00fcgyi szolg\u00e1ltat\u00e1sokkal szemben, lehet\u0151v\u00e9 t\u00e9ve a betegek sz\u00e1m\u00e1ra, hogy az eg\u00e9szs\u00e9g\u00fcgyi szakemberekkel konzult\u00e1ljanak, \u00e9s otthonuk k\u00e9nyelm\u00e9b\u0151l hozz\u00e1f\u00e9rjenek a kezel\u00e9sekhez.<\/p>\n<p>Az online platformok jellemz\u0151en enged\u00e9llyel rendelkez\u0151 orvosokkal konzult\u00e1lnak, akik diagnosztiz\u00e1lhatj\u00e1k az ED-t \u00e9s sz\u00fcks\u00e9g eset\u00e9n gy\u00f3gyszereket \u00edrhatnak fel. E szolg\u00e1ltat\u00e1sok n\u00e9vtelens\u00e9ge \u00e9s k\u00e9nyelme sokak sz\u00e1m\u00e1ra vonz\u00f3, k\u00fcl\u00f6n\u00f6sen azok sz\u00e1m\u00e1ra, akik k\u00ednosan \u00e9rezhetik magukat a szexu\u00e1lis eg\u00e9szs\u00e9ggel kapcsolatos k\u00e9rd\u00e9sek szem\u00e9lyes megbesz\u00e9l\u00e9se sor\u00e1n. L\u00e9tfontoss\u00e1g\u00fa azonban annak biztos\u00edt\u00e1sa, hogy ezek a szolg\u00e1ltat\u00e1sok j\u00f3 h\u00edr\u0171ek legyenek, \u00e9s betarts\u00e1k az orvosi ir\u00e1nyelveket.<\/p>\n<h2>Az NHS \u00e9s a Private Online Care \u00f6sszehasonl\u00edt\u00e1sa ED<\/h2>\n<p>Ha \u00f6sszehasonl\u00edtjuk az NHS-t \u00e9s a mereved\u00e9si zavarok mag\u00e1n online ell\u00e1t\u00e1s\u00e1t, t\u00f6bb t\u00e9nyez\u0151 is szerepet j\u00e1tszik. Az NHS az eg\u00e9szs\u00e9g\u00fcgyi ell\u00e1t\u00e1s \u00e1tfog\u00f3 \u00e9s k\u00f6vetkezetes megk\u00f6zel\u00edt\u00e9s\u00e9r\u0151l ismert, amely ingyenes szolg\u00e1ltat\u00e1sokat k\u00edn\u00e1l a k\u00e9zbes\u00edt\u00e9s hely\u00e9n. Ez k\u00fcl\u00f6n\u00f6sen el\u0151ny\u00f6s lehet a komplex eg\u00e9szs\u00e9g\u00fcgyi sz\u00fcks\u00e9gletekkel rendelkez\u0151, multidiszciplin\u00e1ris ell\u00e1t\u00e1st ig\u00e9nyl\u0151 betegek sz\u00e1m\u00e1ra.<\/p>\n<p>Ezzel szemben a priv\u00e1t online ell\u00e1t\u00e1s gyorsas\u00e1got \u00e9s k\u00e9nyelmet k\u00edn\u00e1l, gyakran r\u00f6videbb v\u00e1rakoz\u00e1si id\u0151vel \u00e9s rugalmas konzult\u00e1ci\u00f3s lehet\u0151s\u00e9gekkel. B\u00e1r ezek a szolg\u00e1ltat\u00e1sok hat\u00e9konyak lehetnek az egyszer\u0171 esetekben, el\u0151fordulhat, hogy hi\u00e1nyzik bel\u0151l\u00fck a t\u00f6bbsz\u00f6r\u00f6s kr\u00f3nikus betegs\u00e9gben szenved\u0151 betegek ell\u00e1t\u00e1s\u00e1nak m\u00e9lys\u00e9ge. V\u00e9gs\u0151 soron az NHS \u00e9s a mag\u00e1nell\u00e1t\u00e1s k\u00f6z\u00f6tti v\u00e1laszt\u00e1st a p\u00e1ciens saj\u00e1tos sz\u00fcks\u00e9gleteinek \u00e9s k\u00f6r\u00fclm\u00e9nyeinek kell vez\u00e9relnie.<\/p>\n<h2>Az NHS \u00fatmutat\u00f3 el\u0151nyei az ED-kezel\u00e9shez<\/h2>\n<p>Az NHS sz\u00e1mos el\u0151nnyel rendelkezik az erekci\u00f3s zavarok kezel\u00e9s\u00e9ben. Egyik f\u0151 er\u0151ss\u00e9ge az \u00e1ltala k\u00edn\u00e1lt integr\u00e1lt ell\u00e1t\u00e1s, amely z\u00f6kken\u0151mentesen \u00f6sszekapcsolja a betegeket a k\u00fcl\u00f6nb\u00f6z\u0151 szakorvosokkal, akik k\u00e9pesek kezelni az ED sokr\u00e9t\u0171 term\u00e9szet\u00e9t. Ez k\u00fcl\u00f6n\u00f6sen fontos a kr\u00f3nikus betegs\u00e9gben szenved\u0151 egy\u00e9nek sz\u00e1m\u00e1ra, akikn\u00e9l a k\u00fcl\u00f6nb\u00f6z\u0151 eg\u00e9szs\u00e9g\u00fcgyi szolg\u00e1ltat\u00f3k k\u00f6z\u00f6tti koordin\u00e1ci\u00f3 kulcsfontoss\u00e1g\u00fa.<\/p>\n<p>Ezenk\u00edv\u00fcl az NHS bizony\u00edt\u00e9kokon alapul\u00f3 gyakorlatra helyezett hangs\u00falya biztos\u00edtja, hogy a betegek biztons\u00e1gos \u00e9s hat\u00e9kony kezel\u00e9st kapjanak. Az \u00e1tfog\u00f3 ell\u00e1t\u00e1sra val\u00f3 \u00f6sszpontos\u00edt\u00e1s, bele\u00e9rtve a pszichol\u00f3giai t\u00e1mogat\u00e1st, az \u00e9letm\u00f3dbeli tan\u00e1csokat \u00e9s a gy\u00f3gyszeres kezel\u00e9st, az ED kiv\u00e1lt\u00f3 okait k\u00edv\u00e1nja kezelni, nem csup\u00e1n a t\u00fcneteket.<\/p>\n<h2>Az online mag\u00e1ngondoz\u00e1s el\u0151nyei az ED-kezel\u00e9shez<\/h2>\n<p>Az online mag\u00e1nell\u00e1t\u00e1s sz\u00e1mos el\u0151nnyel j\u00e1r a mereved\u00e9si zavarok kezel\u00e9s\u00e9ben, k\u00fcl\u00f6n\u00f6sen azok sz\u00e1m\u00e1ra, akik diszkr\u00e9ci\u00f3ra \u00e9s k\u00e9nyelemre v\u00e1gynak. Ezek a szolg\u00e1ltat\u00e1sok gyakran gyorsabb hozz\u00e1f\u00e9r\u00e9st biztos\u00edtanak az eg\u00e9szs\u00e9g\u00fcgyi szakemberekhez, cs\u00f6kkentve a hagyom\u00e1nyos eg\u00e9szs\u00e9g\u00fcgyi ell\u00e1t\u00e1shoz \u00e1ltal\u00e1ban kapcsol\u00f3d\u00f3 v\u00e1rakoz\u00e1si id\u0151t. Ez k\u00fcl\u00f6n\u00f6sen el\u0151ny\u00f6s lehet az elfoglalts\u00e1gokkal rendelkez\u0151 egy\u00e9nek vagy a t\u00e1voli ter\u00fcleteken \u00e9l\u0151k sz\u00e1m\u00e1ra.<\/p>\n<p>Ezenk\u00edv\u00fcl az online konzult\u00e1ci\u00f3k szem\u00e9lyre szabott jellege vonz\u00f3 lehet, mivel gyakran szem\u00e9lyre szabott kezel\u00e9si terveket tesznek lehet\u0151v\u00e9. Mindazon\u00e1ltal elengedhetetlen, hogy a betegek gondoskodjanak arr\u00f3l, hogy az \u00e1ltaluk ig\u00e9nybe vett szolg\u00e1ltat\u00f3k legitimek legyenek, \u00e9s magas sz\u00ednvonal\u00fa ell\u00e1t\u00e1st ny\u00fajtsanak. Ezeknek a szolg\u00e1ltat\u00e1soknak a rugalmass\u00e1ga \u00e9s el\u00e9rhet\u0151s\u00e9ge sokak sz\u00e1m\u00e1ra vonz\u00f3 lehet\u0151s\u00e9get k\u00edn\u00e1l, felt\u00e9ve, hogy felel\u0151ss\u00e9gteljesen haszn\u00e1lj\u00e1k \u0151ket.<\/p>\n<h2>Gy\u00f3gyszeres \u00e9s kezel\u00e9si lehet\u0151s\u00e9gek ED<\/h2>\n<p>Sz\u00e1mos gy\u00f3gyszeres \u00e9s kezel\u00e9si lehet\u0151s\u00e9g \u00e1ll rendelkez\u00e9sre a mereved\u00e9si zavarok kezel\u00e9s\u00e9re. Az 5-\u00f6s t\u00edpus\u00fa foszfodi\u00e9szter\u00e1z (PDE5) g\u00e1tl\u00f3k, mint a szildenafil (Viagra), tadalafil (Cialis) \u00e9s vardenafil (Levitra), a leggyakrabban fel\u00edrt gy\u00f3gyszerek. Ezek a gy\u00f3gyszerek fokozz\u00e1k a nitrog\u00e9n-monoxid hat\u00e1s\u00e1t, amely term\u00e9szetes vegyi anyag, amelyet a szervezet termel a p\u00e9nisz izmainak ellaz\u00edt\u00e1s\u00e1ra, ez\u00e1ltal fokozva a v\u00e9r\u00e1raml\u00e1st.<\/p>\n<p>Az or\u00e1lis gy\u00f3gyszereken k\u00edv\u00fcl egy\u00e9b kezel\u00e9si lehet\u0151s\u00e9gek k\u00f6z\u00e9 tartozik az \u00f6ninjekci\u00f3s ter\u00e1pia, a v\u00e1kuumos erekci\u00f3s eszk\u00f6z\u00f6k \u00e9s a p\u00e9niszimplant\u00e1tumok. Minden kezel\u00e9snek megvannak a maga el\u0151nyei \u00e9s lehets\u00e9ges mell\u00e9khat\u00e1sai, \u00e9s a v\u00e1laszt\u00e1s gyakran az ED s\u00falyoss\u00e1g\u00e1t\u00f3l \u00e9s a beteg \u00e1ltal\u00e1nos eg\u00e9szs\u00e9gi \u00e1llapot\u00e1t\u00f3l f\u00fcgg. Az eg\u00e9szs\u00e9g\u00fcgyi szolg\u00e1ltat\u00f3val val\u00f3 konzult\u00e1ci\u00f3 kulcsfontoss\u00e1g\u00fa a legmegfelel\u0151bb kezel\u00e9s megtal\u00e1l\u00e1s\u00e1hoz.<\/p>\n<h2>\u00c9letm\u00f3dv\u00e1lt\u00e1sok az ED \u00e9s az \u00e1ltal\u00e1nos eg\u00e9szs\u00e9g jav\u00edt\u00e1sa \u00e9rdek\u00e9ben<\/h2>\n<p>Az eg\u00e9szs\u00e9ges \u00e9letm\u00f3d megv\u00e1ltoztat\u00e1sa jelent\u0151sen jav\u00edthatja az erekci\u00f3s zavarokat \u00e9s jav\u00edthatja az \u00e1ltal\u00e1nos eg\u00e9szs\u00e9gi \u00e1llapotot. A rendszeres fizikai aktivit\u00e1s, a kiegyens\u00falyozott \u00e9trend, az eg\u00e9szs\u00e9ges tests\u00faly meg\u0151rz\u00e9se \u00e9s a doh\u00e1nyz\u00e1s abbahagy\u00e1sa mind hat\u00e9kony strat\u00e9gi\u00e1k, amelyek hozz\u00e1j\u00e1rulnak a jobb mereved\u00e9si funkci\u00f3hoz. Az edz\u00e9s k\u00fcl\u00f6n\u00f6sen jav\u00edtja a kering\u00e9st \u00e9s n\u00f6veli a tesztoszteronszintet, ami l\u00e9tfontoss\u00e1g\u00fa a szexu\u00e1lis eg\u00e9szs\u00e9g szempontj\u00e1b\u00f3l.<\/p>\n<p>A stresszkezel\u00e9s \u00e9s a megfelel\u0151 alv\u00e1s szint\u00e9n fontos, mivel seg\u00edtenek cs\u00f6kkenteni a szorong\u00e1st \u00e9s a depresszi\u00f3t, amelyek s\u00falyosb\u00edthatj\u00e1k az ED-t. Az eg\u00e9szs\u00e9gesebb \u00e9letm\u00f3d el\u0151mozd\u00edt\u00e1s\u00e1val az egy\u00e9nek nemcsak szexu\u00e1lis eg\u00e9szs\u00e9g\u00fcket jav\u00edthatj\u00e1k, hanem m\u00e1s kr\u00f3nikus betegs\u00e9gek kock\u00e1zat\u00e1t is cs\u00f6kkenthetik.<\/p>\n<h2>Pszichol\u00f3giai t\u00e1mogat\u00e1s ED-betegek sz\u00e1m\u00e1ra<\/h2>\n<p>A pszichol\u00f3giai t\u00e1mogat\u00e1s az erekci\u00f3s diszfunkci\u00f3 kezel\u00e9s\u00e9nek kritikus \u00f6sszetev\u0151je, k\u00fcl\u00f6n\u00f6sen akkor, ha pszichol\u00f3giai t\u00e9nyez\u0151k is hozz\u00e1j\u00e1rulnak az \u00e1llapot kialakul\u00e1s\u00e1hoz. A kognit\u00edv viselked\u00e9ster\u00e1pia (CBT) az egyik hat\u00e9kony megk\u00f6zel\u00edt\u00e9s, amely seg\u00edt a betegeknek a negat\u00edv gondolkod\u00e1si mint\u00e1k kezel\u00e9s\u00e9ben \u00e9s \u00e9rzelmi j\u00f3l\u00e9t\u00fck jav\u00edt\u00e1s\u00e1ban.<\/p>\n<p>A t\u00e1mogat\u00f3 csoportok \u00e9s a tan\u00e1csad\u00e1s \u00e9rt\u00e9kes seg\u00edts\u00e9get is ny\u00fajthatnak, teret k\u00edn\u00e1lva az egy\u00e9neknek a tapasztalatok \u00e9s a megk\u00fczd\u00e9si strat\u00e9gi\u00e1k megoszt\u00e1s\u00e1ra. Az ED pszichol\u00f3giai vonatkoz\u00e1saival a betegek \u00e1tfog\u00f3bb \u00e9s tart\u00f3sabb javul\u00e1st \u00e9rhetnek el \u00e1llapotukban.<\/p>\n<h2>A rendszeres eg\u00e9szs\u00e9g\u00fcgyi monitoroz\u00e1s szerepe az ED-kezel\u00e9sben<\/h2>\n<p>A rendszeres eg\u00e9szs\u00e9g\u00fcgyi monitoroz\u00e1s kulcsszerepet j\u00e1tszik a mereved\u00e9si zavarok kezel\u00e9s\u00e9ben, k\u00fcl\u00f6n\u00f6sen a kr\u00f3nikus betegs\u00e9gben szenved\u0151k eset\u00e9ben. A rutinellen\u0151rz\u00e9sek lehet\u0151v\u00e9 teszik az eg\u00e9szs\u00e9g\u00fcgyi szolg\u00e1ltat\u00f3k sz\u00e1m\u00e1ra, hogy nyomon k\u00f6vess\u00e9k a m\u00f6g\u00f6ttes \u00e1llapotok, p\u00e9ld\u00e1ul a cukorbetegs\u00e9g \u00e9s a magas v\u00e9rnyom\u00e1s el\u0151rehalad\u00e1s\u00e1t, biztos\u00edtva, hogy ezek kontroll alatt maradjanak.<\/p>\n<p>A monitoroz\u00e1s lehet\u0151v\u00e9 teszi a kezel\u00e9si tervek id\u0151beni kiigaz\u00edt\u00e1s\u00e1t is, legyen sz\u00f3 gy\u00f3gyszeres kezel\u00e9sr\u0151l, \u00e9letm\u00f3dv\u00e1lt\u00e1sr\u00f3l vagy pszichol\u00f3giai t\u00e1mogat\u00e1sr\u00f3l. Az eg\u00e9szs\u00e9g\u00fcgyi szakemberekkel val\u00f3 rendszeres kapcsolattart\u00e1s r\u00e9v\u00e9n a betegek jobban kezelhetik ED-t, \u00e9s jav\u00edthatj\u00e1k \u00e1ltal\u00e1nos \u00e9letmin\u0151s\u00e9g\u00fcket.<\/p>\n<h2>Betegek tapasztalatai: NHS kontra Private Care for ED<\/h2>\n<p>Az NHS-szel \u00e9s a mereved\u00e9si zavarok mag\u00e1nell\u00e1t\u00e1s\u00e1val kapcsolatos betegek tapasztalatai nagyon elt\u00e9r\u0151ek, az egy\u00e9ni ig\u00e9nyek \u00e9s preferenci\u00e1k befoly\u00e1solj\u00e1k. Sok beteg \u00e9rt\u00e9keli az NHS \u00e1tfog\u00f3 \u00e9s \u00f6sszehangolt megk\u00f6zel\u00edt\u00e9s\u00e9t, amely \u00e9rt\u00e9keli a k\u00fcl\u00f6nb\u00f6z\u0151 eg\u00e9szs\u00e9g\u00fcgyi szolg\u00e1ltat\u00e1sok integr\u00e1ci\u00f3j\u00e1t \u00e9s a holisztikus ell\u00e1t\u00e1sra val\u00f3 \u00f6sszpontos\u00edt\u00e1st.<\/p>\n<p>Ezzel szemben egyes betegek el\u0151nyben r\u00e9szes\u00edtik a priv\u00e1t online ell\u00e1t\u00e1s ny\u00fajtotta k\u00e9nyelmet \u00e9s gyorsas\u00e1got, k\u00fcl\u00f6n\u00f6sen azok, akik a diszkr\u00e9ci\u00f3t \u00e9s a rugalmass\u00e1got r\u00e9szes\u00edtik el\u0151nyben. A mag\u00e1nell\u00e1t\u00e1ssal val\u00f3 el\u00e9gedetts\u00e9g azonban gyakran a szolg\u00e1ltat\u00f3 min\u0151s\u00e9g\u00e9n \u00e9s h\u00edrnev\u00e9n m\u00falik. V\u00e9gs\u0151 soron a betegek tapasztalatai r\u00e1vil\u00e1g\u00edtanak annak fontoss\u00e1g\u00e1ra, hogy olyan ell\u00e1t\u00e1si utat v\u00e1lasszunk, amely \u00f6sszhangban van a szem\u00e9lyes eg\u00e9szs\u00e9g\u00fcgyi c\u00e9ljaival \u00e9s \u00e9letm\u00f3dj\u00e1val.<\/p>\n<h2>J\u00f6v\u0151beli ir\u00e1nyok az ED-kezel\u00e9sben \u00e9s a kr\u00f3nikus betegs\u00e9gek kezel\u00e9s\u00e9ben<\/h2>\n<p>Az erectilis diszfunkci\u00f3 kezel\u00e9s\u00e9nek \u00e9s a kr\u00f3nikus betegs\u00e9gek ell\u00e1t\u00e1s\u00e1nak j\u00f6v\u0151je jelent\u0151s el\u0151rel\u00e9p\u00e9sek el\u0151tt \u00e1ll, a technol\u00f3giai innov\u00e1ci\u00f3knak \u00e9s az ilyen \u00e1llapotok m\u00f6g\u00f6ttes okok m\u00e9lyebb meg\u00e9rt\u00e9s\u00e9nek k\u00f6sz\u00f6nhet\u0151en. Az \u00faj gy\u00f3gyszerek \u00e9s ter\u00e1pi\u00e1k kutat\u00e1sa folytat\u00f3dik, a hat\u00e9konys\u00e1g jav\u00edt\u00e1s\u00e1ra \u00e9s a mell\u00e9khat\u00e1sok cs\u00f6kkent\u00e9s\u00e9re \u00f6sszpontos\u00edtva.<\/p>\n<p>Ezenk\u00edv\u00fcl a digit\u00e1lis eg\u00e9szs\u00e9g\u00fcgyi eszk\u00f6z\u00f6k, p\u00e9ld\u00e1ul a telemedicina \u00e9s a mobil eg\u00e9szs\u00e9g\u00fcgyi alkalmaz\u00e1sok integr\u00e1l\u00e1sa megv\u00e1ltoztatja a betegek ell\u00e1t\u00e1shoz val\u00f3 hozz\u00e1f\u00e9r\u00e9s\u00e9t \u00e9s eg\u00e9szs\u00e9gi \u00e1llapotuk kezel\u00e9s\u00e9t. Ezek a technol\u00f3gi\u00e1k lehet\u0151s\u00e9get k\u00edn\u00e1lnak a betegek bevon\u00e1s\u00e1nak fokoz\u00e1s\u00e1ra, \u00e9s szem\u00e9lyre szabottabb kezel\u00e9si terveket tesznek lehet\u0151v\u00e9. Az eg\u00e9szs\u00e9g\u00fcgy fejl\u0151d\u00e9s\u00e9vel a betegk\u00f6zpont\u00fa ell\u00e1t\u00e1s \u00e9s a kr\u00f3nikus betegs\u00e9gek kezel\u00e9se tov\u00e1bbra is priorit\u00e1s marad, ami utat nyit az ED-ben szenved\u0151k jobb kimenetel\u00e9hez \u00e9s \u00e9letmin\u0151s\u00e9g\u00e9hez.<\/p>\n","protected":false},"excerpt":{"rendered":"<p>fast withdrawal casino ED \u00e9s kr\u00f3nikus betegs\u00e9gek: cukorbetegs\u00e9g, magas v\u00e9rnyom\u00e1s, elh\u00edz\u00e1s: NHS \u00fatmutat\u00e1s kontra mag\u00e1n online ell\u00e1t\u00e1s Az erekci\u00f3s diszfunkci\u00f3 \u00e9s a kr\u00f3nikus betegs\u00e9gek k\u00f6z\u00f6tti k\u00f6lcs\u00f6nhat\u00e1s felt\u00e1r\u00e1sa, valamint az, hogy az NHS \u00fatmutat\u00e1sa hogyan viszonyul a mag\u00e1n online ell\u00e1t\u00e1shoz az \u00e1llapot kezel\u00e9s\u00e9ben. Az erekci\u00f3s zavar \u00e9s okai meg\u00e9rt\u00e9se Az erekci\u00f3s diszfunkci\u00f3 (ED) egy elterjedt \u00e1llapot, &hellip; <a href=\"http:\/\/sabeono.com\/?page_id=1036\" class=\"more-link\">Continue reading <span class=\"screen-reader-text\">Az erekci\u00f3s zavar \u00e9s okai meg\u00e9rt\u00e9se<\/span> <span class=\"meta-nav\">&rarr;<\/span><\/a><\/p>\n","protected":false},"author":1,"featured_media":0,"parent":0,"menu_order":0,"comment_status":"closed","ping_status":"closed","template":"","meta":{"footnotes":""},"_links":{"self":[{"href":"http:\/\/sabeono.com\/index.php?rest_route=\/wp\/v2\/pages\/1036"}],"collection":[{"href":"http:\/\/sabeono.com\/index.php?rest_route=\/wp\/v2\/pages"}],"about":[{"href":"http:\/\/sabeono.com\/index.php?rest_route=\/wp\/v2\/types\/page"}],"author":[{"embeddable":true,"href":"http:\/\/sabeono.com\/index.php?rest_route=\/wp\/v2\/users\/1"}],"replies":[{"embeddable":true,"href":"http:\/\/sabeono.com\/index.php?rest_route=%2Fwp%2Fv2%2Fcomments&post=1036"}],"version-history":[{"count":2,"href":"http:\/\/sabeono.com\/index.php?rest_route=\/wp\/v2\/pages\/1036\/revisions"}],"predecessor-version":[{"id":4151,"href":"http:\/\/sabeono.com\/index.php?rest_route=\/wp\/v2\/pages\/1036\/revisions\/4151"}],"wp:attachment":[{"href":"http:\/\/sabeono.com\/index.php?rest_route=%2Fwp%2Fv2%2Fmedia&parent=1036"}],"curies":[{"name":"wp","href":"https:\/\/api.w.org\/{rel}","templated":true}]}}