{"id":1028,"date":"2026-03-25T00:28:38","date_gmt":"2026-03-25T00:28:38","guid":{"rendered":"http:\/\/sabeono.com\/?page_id=1028"},"modified":"2026-03-25T00:28:38","modified_gmt":"2026-03-25T00:28:38","slug":"pochopenie-cenforce-co-to-je-a-ako-to-funguje","status":"publish","type":"page","link":"http:\/\/sabeono.com\/?page_id=1028","title":{"rendered":"Pochopenie Cenforce: \u010co to je a ako to funguje"},"content":{"rendered":"<h1>Cenforce a oper\u00e1cia prostaty: m\u00f4\u017eete ju pou\u017ei\u0165?<\/h1>\n<p>Sk\u00famanie pou\u017eitia Cenforce po oper\u00e1cii prostaty, vr\u00e1tane jeho bezpe\u010dnosti, interakci\u00ed s in\u00fdmi liekmi a sk\u00fasenost\u00ed pacientov.<\/p>\n<h2>Pochopenie Cenforce: \u010co to je a ako to funguje<\/h2>\n<p>Cenforce je dobre zn\u00e1my liek prim\u00e1rne pou\u017e\u00edvan\u00fd na lie\u010dbu erektilnej dysfunkcie (ED) u mu\u017eov. Obsahuje \u00fa\u010dinn\u00fa l\u00e1tku sildenafil citr\u00e1t, ktor\u00fd sa nach\u00e1dza aj vo Viagre. Lie\u010divo funguje tak, \u017ee zvy\u0161uje prietok krvi do penisu, \u010d\u00edm u\u013eah\u010duje erekciu ako odpove\u010f na sexu\u00e1lnu stimul\u00e1ciu. Cenforce je dostupn\u00fd v r\u00f4znych d\u00e1vkach, \u010do umo\u017e\u0148uje poskytovate\u013eom zdravotnej starostlivosti prisp\u00f4sobi\u0165 lie\u010dbu individu\u00e1lnym potreb\u00e1m pacienta.<\/p>\n<p>Mechanizmus \u00fa\u010dinku zah\u0155\u0148a inhib\u00edciu enz\u00fdmu fosfodiester\u00e1zy typu 5 (PDE5), ktor\u00fd reguluje prietok krvi v penise. Blokovan\u00edm tohto enz\u00fdmu pom\u00e1ha Cenforce udr\u017eiava\u0165 erekciu dostato\u010dn\u00fa na sexu\u00e1lnu aktivitu. Je d\u00f4le\u017eit\u00e9 poznamena\u0165, \u017ee Cenforce je \u00fa\u010dinn\u00fd iba pri sexu\u00e1lnom vzru\u0161en\u00ed a nezvy\u0161uje libido.<\/p>\n<h2>\u00daloha cenforce pri lie\u010dbe erektilnej dysfunkcie<\/h2>\n<p>Erektiln\u00e1 dysfunkcia je be\u017en\u00fd stav, ktor\u00fd postihuje ve\u013ea mu\u017eov, najm\u00e4 v starobe. Cenforce zohr\u00e1va k\u013e\u00fa\u010dov\u00fa \u00falohu pri zvl\u00e1dan\u00ed tohto stavu t\u00fdm, \u017ee pon\u00faka spo\u013eahliv\u00e9 rie\u0161enie na dosiahnutie a udr\u017eanie erekcie. Jeho \u00fa\u010dinnos\u0165 pri obnove sexu\u00e1lnych funkci\u00ed z neho urobila ob\u013e\u00faben\u00fa vo\u013ebu medzi pacientmi aj poskytovate\u013emi zdravotnej starostlivosti.<\/p>\n<p>Klinick\u00e9 \u0161t\u00fadie uk\u00e1zali, \u017ee Cenforce v\u00fdrazne zlep\u0161uje erektiln\u00fa funkciu, pri\u010dom mnoh\u00ed mu\u017ei po u\u017eit\u00ed lieku dosiahli \u00faspe\u0161n\u00fd pohlavn\u00fd styk. \u00da\u010dinnos\u0165 lieku a relat\u00edvne r\u00fdchly n\u00e1stup \u00fa\u010dinku z neho rob\u00ed atrakt\u00edvnu mo\u017enos\u0165 pre t\u00fdch, ktor\u00ed chc\u00fa ur\u00fdchlene rie\u0161i\u0165 ED.<\/p>\n<h2>Be\u017en\u00e9 lieky pou\u017e\u00edvan\u00e9 po oper\u00e1cii prostaty<\/h2>\n<p>Po oper\u00e1cii prostaty m\u00f4\u017ee by\u0165 pacientom predp\u00edsan\u00fd rad liekov na zvl\u00e1dnutie bolesti, prevenciu infekcie a pomoc pri zotavovan\u00ed. Be\u017ene pou\u017e\u00edvan\u00e9 lieky zah\u0155\u0148aj\u00fa lieky proti bolesti, ako je ibuprof\u00e9n a acetaminof\u00e9n, antibiotik\u00e1 na odvr\u00e1tenie infekci\u00ed a alfa-blok\u00e1tory na zmiernenie mo\u010dov\u00fdch sympt\u00f3mov.<\/p>\n<p>Okrem toho m\u00f4\u017eu niektor\u00ed pacienti dosta\u0165 hormon\u00e1lnu terapiu alebo lieky na zvl\u00e1dnutie erektilnej dysfunkcie v z\u00e1vislosti od ich stavu a pl\u00e1nu lie\u010dby. Je nevyhnutn\u00e9, aby pacienti d\u00f4sledne dodr\u017eiavali pokyny svojho lek\u00e1ra, aby sa zabezpe\u010dil hladk\u00fd proces obnovy.<\/p>\n<h2>Chirurgia prostaty: Typy a o\u010dak\u00e1vania zotavenia<\/h2>\n<p>Oper\u00e1cia prostaty sa vykon\u00e1va z r\u00f4znych d\u00f4vodov, vr\u00e1tane lie\u010dby rakoviny prostaty a ben\u00edgnej hyperpl\u00e1zie prostaty (BPH). Najbe\u017enej\u0161\u00edmi typmi oper\u00e1ci\u00ed prostaty s\u00fa radik\u00e1lna prostatekt\u00f3mia, transuretr\u00e1lna resekcia prostaty (TURP) a laserov\u00e1 chirurgia. Ka\u017ed\u00fd typ m\u00e1 in\u00e9 d\u00f4sledky na zotavenie a sexu\u00e1lnu funkciu.<\/p>\n<p>Doba zotavenia sa m\u00f4\u017ee l\u00ed\u0161i\u0165 v z\u00e1vislosti od typu vykonanej oper\u00e1cie a celkov\u00e9ho zdravotn\u00e9ho stavu jednotlivca. Vo v\u0161eobecnosti m\u00f4\u017eu pacienti o\u010dak\u00e1va\u0165 nieko\u013ekod\u0148ov\u00fd pobyt v nemocnici, po ktorom nasleduje nieko\u013ekot\u00fd\u017ed\u0148ov\u00e1 rekonvalescencia doma. Je d\u00f4le\u017eit\u00e9, aby pacienti dodr\u017eiavali poopera\u010dn\u00e9 pokyny, aby sa minimalizovali komplik\u00e1cie a podporilo sa hojenie.<\/p>\n<h2>Ako oper\u00e1cia prostaty ovplyv\u0148uje sexu\u00e1lnu funkciu<\/h2>\n<p>Oper\u00e1cia prostaty m\u00f4\u017ee v\u00fdznamne ovplyvni\u0165 sexu\u00e1lnu funkciu, <a href=\"https:\/\/rychla-lekarne.net\/cenforce-online-bez-predpisu\">https:\/\/rychla-lekarne.net\/cenforce-online-bez-predpisu<\/a> \u010do \u010dasto vedie k erektilnej dysfunkcii. Je to kv\u00f4li potenci\u00e1lnemu po\u0161kodeniu nervov po\u010das proced\u00fary, ktor\u00e9 m\u00f4\u017ee ovplyvni\u0165 schopnos\u0165 dosiahnu\u0165 alebo udr\u017ea\u0165 erekciu. Stupe\u0148 dopadu sa medzi jednotlivcami l\u00ed\u0161i, pri\u010dom niektor\u00ed maj\u00fa do\u010dasn\u00e9 probl\u00e9my a in\u00ed \u010delia dlhodob\u00fdm probl\u00e9mom.<\/p>\n<p>Okrem erektilnej dysfunkcie m\u00f4\u017ee oper\u00e1cia vies\u0165 aj k zmen\u00e1m, ako je zn\u00ed\u017een\u00e9 libido alebo zmenen\u00e1 orgazmick\u00e1 funkcia. Tieto zmeny m\u00f4\u017eu by\u0165 pre pacientov znepokojuj\u00face, a preto je d\u00f4le\u017eit\u00e9 prediskutova\u0165 potenci\u00e1lne v\u00fdsledky a mo\u017enosti lie\u010dby s poskytovate\u013emi zdravotnej starostlivosti.<\/p>\n<h2>Cenforce: Bezpe\u010dnos\u0165 a \u00fa\u010dinnos\u0165 po oper\u00e1cii prostaty<\/h2>\n<p>Pou\u017eitie Cenforce po oper\u00e1cii prostaty m\u00f4\u017ee by\u0165 \u017eivotaschopnou mo\u017enos\u0165ou pre mnoh\u00fdch pacientov, hoci jeho bezpe\u010dnos\u0165 a \u00fa\u010dinnos\u0165 m\u00f4\u017ee z\u00e1visie\u0165 od r\u00f4znych faktorov. \u0160t\u00fadie nazna\u010duj\u00fa, \u017ee sildenafil citr\u00e1t, akt\u00edvna zlo\u017eka lieku Cenforce, m\u00f4\u017ee by\u0165 \u00fa\u010dinn\u00fd pri pomoci mu\u017eom obnovi\u0165 erektiln\u00fa funkciu po oper\u00e1cii.<\/p>\n<p>Pre pacientov je v\u0161ak k\u013e\u00fa\u010dov\u00e9, aby sa pred za\u010dat\u00edm poopera\u010dn\u00e9ho z\u00e1kroku Cenforce poradili so svojimi poskytovate\u013emi zdravotnej starostlivosti. Na zaistenie bezpe\u010dn\u00e9ho a \u00fa\u010dinn\u00e9ho pou\u017e\u00edvania sa musia zv\u00e1\u017ei\u0165 individu\u00e1lne zdravotn\u00e9 podmienky, typ vykonanej oper\u00e1cie a in\u00e9 u\u017e\u00edvan\u00e9 lieky.<\/p>\n<h2>Potenci\u00e1lne interakcie medzi Cenforce a poopera\u010dn\u00fdmi liekmi<\/h2>\n<p>Pacienti zotavuj\u00faci sa po oper\u00e1cii prostaty \u010dasto u\u017e\u00edvaj\u00fa kombin\u00e1ciu liekov, ktor\u00e9 m\u00f4\u017eu interagova\u0165 s Cenforce. Napr\u00edklad dusi\u010dnany, be\u017ene predpisovan\u00e9 pri srdcov\u00fdch ochoreniach, m\u00f4\u017eu v kombin\u00e1cii so sildenafil citr\u00e1tom sp\u00f4sobi\u0165 nebezpe\u010dn\u00e9 poklesy krvn\u00e9ho tlaku.<\/p>\n<p>Okrem toho ur\u010dit\u00e9 alfa-blok\u00e1tory pou\u017e\u00edvan\u00e9 na lie\u010dbu mo\u010dov\u00fdch sympt\u00f3mov m\u00f4\u017eu tie\u017e interagova\u0165 s Cenforce, \u010do vedie k potenci\u00e1lnym ved\u013eaj\u0161\u00edm \u00fa\u010dinkom. Je nevyhnutn\u00e9 prehodnoti\u0165 v\u0161etky lieky s poskytovate\u013eom zdravotnej starostlivosti, aby sa predi\u0161lo ne\u017eiaducim interakci\u00e1m a zabezpe\u010dilo sa bezpe\u010dn\u00e9 pou\u017e\u00edvanie.<\/p>\n<h2>Konzult\u00e1cia s lek\u00e1rom: Diskusia o Cenforce po oper\u00e1cii<\/h2>\n<p>Otvoren\u00e1 komunik\u00e1cia s poskytovate\u013emi zdravotnej starostlivosti je rozhoduj\u00faca pri zva\u017eovan\u00ed Cenforce po oper\u00e1cii prostaty. Pacienti by mali so svoj\u00edm lek\u00e1rom prediskutova\u0165 svoju \u00fapln\u00fa anamn\u00e9zu, s\u00fa\u010dasn\u00e9 lieky a ak\u00e9ko\u013evek obavy t\u00fdkaj\u00face sa sexu\u00e1lnej funkcie.<\/p>\n<p>Lek\u00e1ri m\u00f4\u017eu poskytn\u00fa\u0165 usmernenia o vhodnom na\u010dasovan\u00ed a d\u00e1vkovan\u00ed lieku Cenforce, ako aj monitorova\u0165 ak\u00e9ko\u013evek ved\u013eaj\u0161ie \u00fa\u010dinky alebo interakcie. Tento pr\u00edstup zalo\u017een\u00fd na spolupr\u00e1ci pom\u00e1ha zaisti\u0165, \u017ee lie\u010dba je bezpe\u010dn\u00e1 a \u00fa\u010dinn\u00e1 pri obnove sexu\u00e1lneho zdravia po oper\u00e1cii.<\/p>\n<h2>Ved\u013eaj\u0161ie \u00fa\u010dinky Cenforce: Na \u010do si da\u0165 pozor<\/h2>\n<p>Hoci je liek Cenforce vo v\u0161eobecnosti dobre tolerovan\u00fd, u niektor\u00fdch jedincov m\u00f4\u017ee sp\u00f4sobi\u0165 ved\u013eaj\u0161ie \u00fa\u010dinky. \u010cast\u00e9 ved\u013eaj\u0161ie \u00fa\u010dinky zah\u0155\u0148aj\u00fa bolesti hlavy, n\u00e1valy hor\u00fa\u010davy, poruchy tr\u00e1venia a upchat\u00fd nos. Tieto s\u00fa zvy\u010dajne mierne a prechodn\u00e9.<\/p>\n<p>Z\u00e1va\u017enej\u0161ie ved\u013eaj\u0161ie \u00fa\u010dinky, ako je n\u00e1hla strata zraku, zmeny sluchu alebo erekcia trvaj\u00faca viac ako \u0161tyri hodiny, vy\u017eaduj\u00fa okam\u017eit\u00fa lek\u00e1rsku pomoc. Pacienti by si mali by\u0165 vedom\u00ed t\u00fdchto potenci\u00e1lnych ved\u013eaj\u0161\u00edch \u00fa\u010dinkov a kontaktova\u0165 svojho poskytovate\u013ea zdravotnej starostlivosti, ak sa u nich vyskytn\u00fa ak\u00e9ko\u013evek s\u00favisiace pr\u00edznaky.<\/p>\n<h2>Alternat\u00edvna lie\u010dba erektilnej dysfunkcie po oper\u00e1cii<\/h2>\n<p>Pre t\u00fdch, ktor\u00ed nem\u00f4\u017eu pou\u017e\u00edva\u0165 Cenforce alebo h\u013eadaj\u00fa \u010fal\u0161ie mo\u017enosti, existuje nieko\u013eko alternat\u00edvnych sp\u00f4sobov lie\u010dby erektilnej dysfunkcie. V\u00e1kuov\u00e9 erek\u010dn\u00e9 zariadenia, peniln\u00e9 implant\u00e1ty a injek\u010dn\u00e9 lieky m\u00f4\u017eu pon\u00faknu\u0165 \u017eivotaschopn\u00e9 rie\u0161enia na obnovenie sexu\u00e1lnej funkcie.<\/p>\n<p>Okrem toho m\u00f4\u017ee poradenstvo a terapia rie\u0161i\u0165 psychologick\u00e9 faktory prispievaj\u00face k erektilnej dysfunkcii a poskytuje komplexn\u00fd pr\u00edstup k lie\u010dbe. Presk\u00famanie t\u00fdchto alternat\u00edv s poskytovate\u013eom zdravotnej starostlivosti m\u00f4\u017ee pacientom pom\u00f4c\u0165 n\u00e1js\u0165 najvhodnej\u0161iu mo\u017enos\u0165 pre ich potreby.<\/p>\n<h2>Zmeny \u017eivotn\u00e9ho \u0161t\u00fdlu na podporu zotavenia a sexu\u00e1lneho zdravia<\/h2>\n<p>Zavedenie zmien \u017eivotn\u00e9ho \u0161t\u00fdlu m\u00f4\u017ee v\u00fdznamne ovplyvni\u0165 zotavenie a sexu\u00e1lne zdravie po oper\u00e1cii prostaty. Udr\u017eiavanie zdravej v\u00fd\u017eivy, pravideln\u00e9 cvi\u010denie a vyh\u00fdbanie sa faj\u010deniu a nadmernej konzum\u00e1cii alkoholu prispievaj\u00fa k celkovej pohode a m\u00f4\u017eu zlep\u0161i\u0165 erektiln\u00fa funkciu.<\/p>\n<p>Techniky zvl\u00e1dania stresu, ako s\u00fa v\u0161\u00edmavos\u0165 a relaxa\u010dn\u00e9 cvi\u010denia, m\u00f4\u017eu tie\u017e podpori\u0165 zotavenie. Tieto \u00fapravy \u017eivotn\u00e9ho \u0161t\u00fdlu v kombin\u00e1cii s lek\u00e1rskym o\u0161etren\u00edm m\u00f4\u017eu zv\u00fd\u0161i\u0165 kvalitu \u017eivota a sexu\u00e1lne zdravie pacientov po oper\u00e1cii.<\/p>\n<h2>Sk\u00fasenosti pacientov: Pou\u017eitie Cenforce po oper\u00e1cii prostaty<\/h2>\n<p>Sk\u00fasenosti pacientov s Cenforce po oper\u00e1cii prostaty sa zna\u010dne l\u00ed\u0161ia, \u010do odr\u00e1\u017ea individu\u00e1lne rozdiely v zdravotnom stave a chirurgick\u00fdch v\u00fdsledkoch. Niektor\u00ed pacienti hl\u00e1sia v\u00fdznamn\u00e9 zlep\u0161enie erektilnej funkcie, zatia\u013e \u010do in\u00ed m\u00f4\u017eu ma\u0165 minim\u00e1lny pr\u00ednos.<\/p>\n<p>Tieto sk\u00fasenosti zd\u00f4raz\u0148uj\u00fa d\u00f4le\u017eitos\u0165 personalizovan\u00fdch lie\u010debn\u00fdch pl\u00e1nov a otvorenej komunik\u00e1cie s poskytovate\u013emi zdravotnej starostlivosti. Zdie\u013eanie sk\u00fasenost\u00ed s podporn\u00fdmi skupinami alebo online f\u00f3rami m\u00f4\u017ee tie\u017e poskytn\u00fa\u0165 cenn\u00e9 poznatky a podporu pacientom, ktor\u00ed sa zorientuj\u00fa v probl\u00e9moch sexu\u00e1lneho zdravia po oper\u00e1cii.<\/p>\n<h2>Bud\u00facnos\u0165 lie\u010dby erektilnej dysfunkcie po oper\u00e1cii<\/h2>\n<p>Bud\u00facnos\u0165 lie\u010dby erektilnej dysfunkcie po oper\u00e1cii prostaty je s\u013eubn\u00e1 s neust\u00e1lym v\u00fdskumom a technologick\u00fdm pokrokom, ktor\u00fd poh\u00e1\u0148a nov\u00e9 rie\u0161enia. Inov\u00e1cie vo farmaceutike, regenerat\u00edvnej medic\u00edne a chirurgick\u00fdch technik\u00e1ch pon\u00fakaj\u00fa n\u00e1dej na lep\u0161ie v\u00fdsledky.<\/p>\n<p>V\u00fdskumn\u00edci sk\u00famaj\u00fa nov\u00e9 liekov\u00e9 formy, g\u00e9nov\u00fa terapiu a lie\u010dbu kme\u0148ov\u00fdmi bunkami ako potenci\u00e1lne mo\u017enosti na zlep\u0161enie erektilnej funkcie. Ako tento v\u00fdvoj napreduje, m\u00f4\u017eu pon\u00faka\u0165 efekt\u00edvnej\u0161ie a personalizovanej\u0161ie mo\u017enosti lie\u010dby pre pacientov zotavuj\u00facich sa po oper\u00e1cii prostaty.<\/p>\n<h2>\u010casto kladen\u00e9 ot\u00e1zky o Cenforce a chirurgii prostaty<\/h2>\n<p>Mnoho pacientov m\u00e1 ot\u00e1zky t\u00fdkaj\u00face sa pou\u017e\u00edvania Cenforce po oper\u00e1cii prostaty, vr\u00e1tane jeho bezpe\u010dnosti, potenci\u00e1lnych interakci\u00ed a \u00fa\u010dinnosti. Niektor\u00ed sa p\u00fdtaj\u00fa, \u010di je vhodn\u00fd na dlhodob\u00e9 u\u017e\u00edvanie alebo \u010di s\u00fa lep\u0161ie mo\u017enosti alternat\u00edvnej lie\u010dby.<\/p>\n<p>Je nevyhnutn\u00e9, aby pacienti vyh\u013ead\u00e1vali inform\u00e1cie zo spo\u013eahliv\u00fdch zdrojov a zap\u00e1jali sa do diskusi\u00ed so svojimi poskytovate\u013emi zdravotnej starostlivosti. V\u010faka tomu m\u00f4\u017eu robi\u0165 informovan\u00e9 rozhodnutia o mo\u017enostiach lie\u010dby a riadi\u0165 o\u010dak\u00e1vania t\u00fdkaj\u00face sa ich zotavenia a sexu\u00e1lneho zdravia.<\/p>\n","protected":false},"excerpt":{"rendered":"<p>Cenforce a oper\u00e1cia prostaty: m\u00f4\u017eete ju pou\u017ei\u0165? Sk\u00famanie pou\u017eitia Cenforce po oper\u00e1cii prostaty, vr\u00e1tane jeho bezpe\u010dnosti, interakci\u00ed s in\u00fdmi liekmi a sk\u00fasenost\u00ed pacientov. Pochopenie Cenforce: \u010co to je a ako to funguje Cenforce je dobre zn\u00e1my liek prim\u00e1rne pou\u017e\u00edvan\u00fd na lie\u010dbu erektilnej dysfunkcie (ED) u mu\u017eov. Obsahuje \u00fa\u010dinn\u00fa l\u00e1tku sildenafil citr\u00e1t, ktor\u00fd sa nach\u00e1dza aj &hellip; <a href=\"http:\/\/sabeono.com\/?page_id=1028\" class=\"more-link\">Continue reading <span class=\"screen-reader-text\">Pochopenie Cenforce: \u010co to je a ako to funguje<\/span> <span class=\"meta-nav\">&rarr;<\/span><\/a><\/p>\n","protected":false},"author":1,"featured_media":0,"parent":0,"menu_order":0,"comment_status":"closed","ping_status":"closed","template":"","meta":{"footnotes":""},"_links":{"self":[{"href":"http:\/\/sabeono.com\/index.php?rest_route=\/wp\/v2\/pages\/1028"}],"collection":[{"href":"http:\/\/sabeono.com\/index.php?rest_route=\/wp\/v2\/pages"}],"about":[{"href":"http:\/\/sabeono.com\/index.php?rest_route=\/wp\/v2\/types\/page"}],"author":[{"embeddable":true,"href":"http:\/\/sabeono.com\/index.php?rest_route=\/wp\/v2\/users\/1"}],"replies":[{"embeddable":true,"href":"http:\/\/sabeono.com\/index.php?rest_route=%2Fwp%2Fv2%2Fcomments&post=1028"}],"version-history":[{"count":1,"href":"http:\/\/sabeono.com\/index.php?rest_route=\/wp\/v2\/pages\/1028\/revisions"}],"predecessor-version":[{"id":1029,"href":"http:\/\/sabeono.com\/index.php?rest_route=\/wp\/v2\/pages\/1028\/revisions\/1029"}],"wp:attachment":[{"href":"http:\/\/sabeono.com\/index.php?rest_route=%2Fwp%2Fv2%2Fmedia&parent=1028"}],"curies":[{"name":"wp","href":"https:\/\/api.w.org\/{rel}","templated":true}]}}