{"id":1020,"date":"2026-03-25T00:05:53","date_gmt":"2026-03-25T00:05:53","guid":{"rendered":"http:\/\/sabeono.com\/?page_id=1020"},"modified":"2026-03-25T00:05:53","modified_gmt":"2026-03-25T00:05:53","slug":"korrekt-forvaringsvillkor-for-xarelto-generic","status":"publish","type":"page","link":"http:\/\/sabeono.com\/?page_id=1020","title":{"rendered":"Korrekt f\u00f6rvaringsvillkor f\u00f6r Xarelto Generic"},"content":{"rendered":"<h1>Hur man f\u00f6rvarar, reser med och fyller p\u00e5 Xarelto Generic<\/h1>\n<p>Att hantera Xarelto Generic inneb\u00e4r att f\u00f6rst\u00e5 dess f\u00f6rvaring, s\u00e4kra resor, p\u00e5fyllningsprocesser och hantering av utg\u00e5ngna l\u00e4kemedel.<\/p>\n<h2>Korrekt f\u00f6rvaringsvillkor f\u00f6r Xarelto Generic<\/h2>\n<p>Att f\u00f6rvara Xarelto Generic korrekt \u00e4r avg\u00f6rande f\u00f6r att bibeh\u00e5lla dess effektivitet. L\u00e4kemedlet b\u00f6r f\u00f6rvaras i originalf\u00f6rpackningen, som vanligtvis \u00e4r en blisterf\u00f6rpackning eller en flaska, f\u00f6r att skydda den fr\u00e5n fukt och ljus. Det rekommenderas att f\u00f6rvara det i rumstemperatur, borta fr\u00e5n direkt solljus och p\u00e5 en torr plats. Undvik att f\u00f6rvara den i badrum eller k\u00f6k d\u00e4r luftfuktigheten kan variera kraftigt.<\/p>\n<p>Se dessutom till att f\u00f6rvaringsomr\u00e5det \u00e4r utom r\u00e4ckh\u00e5ll f\u00f6r barn och husdjur f\u00f6r att f\u00f6rhindra oavsiktligt f\u00f6rt\u00e4ring. Ett medicinsk\u00e5p eller en avsedd l\u00e5da kan vara en idealisk plats, f\u00f6rutsatt att det \u00e4r svalt och torrt. Konsekventa f\u00f6rvaringsf\u00f6rh\u00e5llanden hj\u00e4lper till att bibeh\u00e5lla l\u00e4kemedlets stabilitet, vilket s\u00e4kerst\u00e4ller att det f\u00f6rblir effektivt fram till utg\u00e5ngsdatumet.<\/p>\n<h2>Resetips f\u00f6r att b\u00e4ra Xarelto Generic<\/h2>\n<p>N\u00e4r du reser med Xarelto Generic \u00e4r det viktigt att planera i f\u00f6rv\u00e4g f\u00f6r att s\u00e4kerst\u00e4lla kontinuitet i din medicinrutin. B\u00f6rja med att packa tillr\u00e4ckligt med medicin f\u00f6r hela resan, med n\u00e5gra extra doser vid resef\u00f6rseningar. F\u00f6rvara din medicin i ditt handbagage f\u00f6r att undvika risken att den f\u00f6rsvinner med incheckat bagage.<\/p>\n<p>F\u00f6r att f\u00f6rhindra f\u00f6rvirring vid s\u00e4kerhetskontroller, f\u00f6rvara l\u00e4kemedlet i originalf\u00f6rpackningen med receptetiketten intakt. Detta bekr\u00e4ftar inte bara dess legitimitet utan ger ocks\u00e5 viktig information som dosering och f\u00f6rskrivningsdetaljer, vilket kan vara anv\u00e4ndbart i n\u00f6dsituationer.<\/p>\n<h2>F\u00f6rst\u00e5 Xarelto Generic Packaging<\/h2>\n<p>Xarelto Generic \u00e4r vanligtvis f\u00f6rpackad i blisterf\u00f6rpackningar eller flaskor, utformade f\u00f6r att skydda l\u00e4kemedlet fr\u00e5n milj\u00f6faktorer som kan f\u00f6rs\u00e4mra dess kvalitet. Blisterf\u00f6rpackningar erbjuder f\u00f6rdelen med individuella fack, vilket s\u00e4kerst\u00e4ller att varje dos \u00e4r separat, vilket hj\u00e4lper till att bibeh\u00e5lla integriteten hos oanv\u00e4nda tabletter. Flaskor, \u00e4ven om de \u00e4r mer kompakta, kr\u00e4ver noggrann hantering f\u00f6r att undvika att uts\u00e4tta inneh\u00e5llet f\u00f6r luft och fukt under anv\u00e4ndning.<\/p>\n<p>F\u00f6rpackningen inneh\u00e5ller ocks\u00e5 viktig information som utg\u00e5ngsdatum, doseringsinstruktioner och batchnummer. Det \u00e4r tillr\u00e5dligt att ha denna information till hands, s\u00e4rskilt n\u00e4r du reser eller om du beh\u00f6ver r\u00e5dg\u00f6ra med en v\u00e5rdgivare ang\u00e5ende din medicin.<\/p>\n<h2>Hur man skyddar Xarelto Generic fr\u00e5n extrema temperaturer<\/h2>\n<p>Extrema temperaturer kan negativt p\u00e5verka effekten av Xarelto Generic. Under resor, s\u00e4rskilt i klimat som \u00e4r exceptionellt varmt eller kallt, \u00e4r det viktigt att h\u00e5lla din medicin vid en stabil temperatur. Undvik att l\u00e4mna den i bilar, d\u00e4r temperaturen kan fluktuera dramatiskt, och b\u00e4r den ist\u00e4llet med dig i en temperaturkontrollerad milj\u00f6.<\/p>\n<p>I situationer d\u00e4r exponering f\u00f6r extrema temperaturer \u00e4r oundviklig, \u00f6verv\u00e4g att anv\u00e4nda en isolerad v\u00e4ska eller fodral f\u00f6r att bibeh\u00e5lla en j\u00e4mn temperatur. Denna f\u00f6rsiktighets\u00e5tg\u00e4rd kan vara s\u00e4rskilt anv\u00e4ndbar under l\u00e5ngdistansflyg eller n\u00e4r du reser till destinationer med of\u00f6ruts\u00e4gbara v\u00e4derf\u00f6rh\u00e5llanden.<\/p>\n<h2>Se till att Xarelto Generic f\u00f6rblir effektiv under resor<\/h2>\n<p>F\u00f6r att s\u00e4kerst\u00e4lla effektiviteten av Xarelto Generic n\u00e4r du reser, \u00e4r det viktigt att du strikt f\u00f6ljer ditt ordinerade medicinschema. St\u00e4ll in p\u00e5minnelser eller larm f\u00f6r att ta din medicin vid samma tidpunkt varje dag, justera f\u00f6r tidszons\u00e4ndringar vid behov. Denna konsistens hj\u00e4lper till att uppr\u00e4tth\u00e5lla de terapeutiska niv\u00e5erna av medicinen i ditt blodomlopp.<\/p>\n<p>\u00d6vervaka dessutom det fysiska tillst\u00e5ndet <a href=\"https:\/\/snabbapotek.org\/kopa-generisk-xarelto-utan-recept\">https:\/\/snabbapotek.org\/kopa-generisk-xarelto-utan-recept<\/a> f\u00f6r din medicin. Om du m\u00e4rker n\u00e5gra f\u00f6r\u00e4ndringar i f\u00e4rg, konsistens eller lukt, kontakta en v\u00e5rdgivare f\u00f6r att avg\u00f6ra om l\u00e4kemedlet fortfarande \u00e4r s\u00e4kert att anv\u00e4nda. Det \u00e4r b\u00e4ttre att vara f\u00f6rsiktig f\u00f6r att f\u00f6rhindra negativa h\u00e4lsoeffekter.<\/p>\n<h2>Dokumentation som beh\u00f6vs n\u00e4r du reser med Xarelto Generic<\/h2>\n<p>N\u00e4r du reser \u00e4r det klokt att ha med sig dokumentation som verifierar ditt recept och n\u00f6dv\u00e4ndigheten av din medicin. Ett l\u00e4karbrev eller en kopia av ditt recept kan vara ov\u00e4rderligt, s\u00e4rskilt n\u00e4r du reser internationellt, d\u00e4r reglerna kan variera. Denna dokumentation kan ocks\u00e5 vara till hj\u00e4lp i h\u00e4ndelse av f\u00f6rlorad eller konfiskerad medicin, vilket underl\u00e4ttar processen att erh\u00e5lla en ers\u00e4ttningsf\u00f6rs\u00f6rjning.<\/p>\n<p>Se dessutom till att dina receptuppgifter, inklusive dosering och din l\u00e4kares kontaktinformation, \u00e4r l\u00e4ttillg\u00e4ngliga. Denna information kan vara kritisk i n\u00f6dsituationer eller om du beh\u00f6ver r\u00e5dfr\u00e5ga en v\u00e5rdgivare under dina resor.<\/p>\n<h2>Hur man fyller p\u00e5 Xarelto Generic Prescription<\/h2>\n<p>Att fylla p\u00e5 ditt Xarelto Generic-recept kr\u00e4ver samordning med din v\u00e5rdgivare och apotek. Planera i f\u00f6rv\u00e4g f\u00f6r att undvika att ta slut p\u00e5 medicin, s\u00e4rskilt om du n\u00e4rmar dig slutet p\u00e5 din leverans. Kontakta ditt apotek i f\u00f6rv\u00e4g f\u00f6r att s\u00e4kerst\u00e4lla att de har l\u00e4kemedlet i lager och f\u00f6r att f\u00f6rst\u00e5 eventuella procedurer som \u00e4r specifika f\u00f6r din plats.<\/p>\n<p>Om du reser, kontrollera om ditt apotek erbjuder onlinep\u00e5fyllning eller leveranstj\u00e4nster. Vissa apotek till\u00e5ter dig att \u00f6verf\u00f6ra recept till en annan filial, vilket g\u00f6r det l\u00e4ttare att fylla p\u00e5 din medicin n\u00e4r du \u00e4r borta fr\u00e5n hemmet. Verifiera alltid p\u00e5fyllningsprocessen innan din medicin tar slut f\u00f6r att undvika avbrott.<\/p>\n<h2>Hantera Xarelto Generic Supply utomlands<\/h2>\n<p>Att hantera din Xarelto Generic-f\u00f6rs\u00f6rjning utomlands inneb\u00e4r att du f\u00f6rst\u00e5r tillg\u00e4ngligheten av medicinen i ditt destinationsland. Unders\u00f6k lokala apotek i f\u00f6rv\u00e4g f\u00f6r att identifiera var du kan f\u00e5 ditt recept om det beh\u00f6vs. Det \u00e4r ocks\u00e5 tillr\u00e5dligt att b\u00e4ra det generiska namnet p\u00e5 l\u00e4kemedlet, eftersom varum\u00e4rken kan skilja sig \u00e5t internationellt.<\/p>\n<p>Om du beh\u00f6ver fylla p\u00e5 ditt recept utomlands kan det underl\u00e4tta processen att ha en kopia av ditt recept och din v\u00e5rdgivares kontaktuppgifter. Var medveten om potentiella skillnader i lokala h\u00e4lsov\u00e5rdsregler och f\u00f6rbered dig d\u00e4refter f\u00f6r att undvika komplikationer.<\/p>\n<h2>Viktiga \u00f6verv\u00e4ganden f\u00f6r internationella resor med Xarelto Generic<\/h2>\n<p>Internationella resor med Xarelto Generic kr\u00e4ver noggrann planering och medvetenhet om sjukv\u00e5rdssystemen i ditt destinationsland. Kontrollera om det finns n\u00e5gra restriktioner f\u00f6r att ta med medicin in i landet och se till att du har den n\u00f6dv\u00e4ndiga dokumentationen, s\u00e5som en l\u00e4karanteckning eller receptbelagda kopior, f\u00f6r att f\u00f6lja lokala best\u00e4mmelser.<\/p>\n<p>T\u00e4nk p\u00e5 tillg\u00e5ngen p\u00e5 medicinska anl\u00e4ggningar och h\u00e4lso- och sjukv\u00e5rdsstandarderna p\u00e5 ditt resm\u00e5l. Det \u00e4r f\u00f6rdelaktigt att veta var du kan s\u00f6ka l\u00e4karv\u00e5rd om det beh\u00f6vs, s\u00e4rskilt i l\u00e4nder d\u00e4r spr\u00e5kbarri\u00e4rer kan finnas. Att ha en helt\u00e4ckande resef\u00f6rs\u00e4kring som t\u00e4cker receptbelagd medicin \u00e4r ocks\u00e5 tillr\u00e5dligt f\u00f6r att skydda mot of\u00f6rutsedda medicinska utgifter.<\/p>\n<h2>Xarelto Generic och flygplatss\u00e4kerhetsprocedurer<\/h2>\n<p>Flygplatss\u00e4kerhetsprocedurer kan ibland vara ett problem f\u00f6r resen\u00e4rer som b\u00e4r medicin. F\u00f6r att undvika problem, f\u00f6rvara Xarelto Generic i originalf\u00f6rpackningen med receptetiketten synlig. Detta kommer att hj\u00e4lpa s\u00e4kerhetspersonal att snabbt identifiera medicinen och f\u00f6rst\u00e5 dess n\u00f6dv\u00e4ndighet.<\/p>\n<p>Om du \u00e4r ifr\u00e5gasatt, ha din dokumentation redo f\u00f6r att f\u00f6rklara vikten av din medicin. Det \u00e4r ocks\u00e5 bra att bekanta dig med s\u00e4kerhetsrutinerna f\u00f6r de specifika flygplatserna du ska resa genom, eftersom riktlinjerna kan variera beroende p\u00e5 land och flygbolag.<\/p>\n<h2>Alternativ till Xarelto Generic vid f\u00f6rseningar<\/h2>\n<p>I h\u00e4ndelse av resef\u00f6rseningar som f\u00f6rl\u00e4nger din resa ov\u00e4ntat, \u00e4r det klokt att ha en beredskapsplan f\u00f6r att f\u00e5 tillg\u00e5ng till ytterligare medicin. Unders\u00f6k om din destination har apotek som kan tillhandah\u00e5lla Xarelto Generic eller motsvarande antikoagulant. Att ha en lista \u00f6ver alternativ som din v\u00e5rdgivare godk\u00e4nner kan vara f\u00f6rdelaktigt i s\u00e5dana situationer.<\/p>\n<p>Uppr\u00e4tth\u00e5ll dessutom en \u00f6ppen kommunikation med din v\u00e5rdgivare om dina resplaner, s\u00e5 att de kan erbjuda v\u00e4gledning och st\u00f6d om du st\u00f6ter p\u00e5 sv\u00e5righeter att f\u00e5 tillg\u00e5ng till din medicin. Att vara f\u00f6rberedd kan lindra stress och s\u00e4kerst\u00e4lla att din h\u00e4lsa inte \u00e4ventyras under dina resor.<\/p>\n<h2>Kommunikation med v\u00e5rdgivare om Xarelto Generic Refills<\/h2>\n<p>Regelbunden kommunikation med din v\u00e5rdgivare \u00e4r avg\u00f6rande f\u00f6r att hantera ditt Xarelto Generic-recept. Informera dem om dina resplaner och eventuella utmaningar du kan m\u00f6ta n\u00e4r du fyller p\u00e5 din medicin. Detta g\u00f6r att de kan ge skr\u00e4ddarsydda r\u00e5d och eventuellt justera ditt recept f\u00f6r att tillgodose dina behov.<\/p>\n<p>Din leverant\u00f6r kan ocks\u00e5 erbjuda rekommendationer f\u00f6r att hantera din medicin utomlands och tillhandah\u00e5lla n\u00f6dv\u00e4ndig dokumentation, s\u00e5som ett detaljerat receptbrev, som kan kr\u00e4vas av apotek eller tulltj\u00e4nstem\u00e4n i andra l\u00e4nder. Att h\u00e5lla en \u00f6ppen kommunikationslinje s\u00e4kerst\u00e4ller att du har det st\u00f6d som beh\u00f6vs f\u00f6r att hantera din medicinering effektivt.<\/p>\n<h2>F\u00f6rs\u00e4kringar och kostnader f\u00f6rknippade med Xarelto Generic Refills<\/h2>\n<p>Kostnaden f\u00f6r Xarelto Generic kan variera beroende p\u00e5 ditt f\u00f6rs\u00e4kringsskydd och vilket apotek du anv\u00e4nder. Det \u00e4r viktigt att du f\u00f6rst\u00e5r din f\u00f6rs\u00e4krings villkor f\u00f6r p\u00e5fyllning av l\u00e4kemedel, oavsett om du \u00e4r hemma eller utomlands. Kontakta din f\u00f6rs\u00e4kringsgivare innan du reser f\u00f6r att klarg\u00f6ra t\u00e4ckning f\u00f6r internationella p\u00e5fyllningar och eventuella relaterade kostnader.<\/p>\n<p>Vissa f\u00f6rs\u00e4kringsplaner kan kr\u00e4va f\u00f6rhandstillst\u00e5nd f\u00f6r p\u00e5fyllning i fr\u00e4mmande l\u00e4nder, s\u00e5 planera d\u00e4refter. Att unders\u00f6ka eventuella utgifter och f\u00f6rbereda sig f\u00f6r dem kan f\u00f6rhindra ekonomiska p\u00e5frestningar och s\u00e4kerst\u00e4lla att du har kontinuerlig tillg\u00e5ng till din medicin.<\/p>\n<h2>Hur man k\u00e4nner igen och hanterar Xarelto Generic Expiration<\/h2>\n<p>Att k\u00e4nna igen utg\u00e5ngsdatumet f\u00f6r din Xarelto Generic \u00e4r avg\u00f6rande f\u00f6r att s\u00e4kerst\u00e4lla dess effektivitet. Utg\u00e5ngsdatumet \u00e4r vanligtvis tryckt p\u00e5 f\u00f6rpackningen, och anv\u00e4ndning av l\u00e4kemedlet efter detta datum kan minska dess effekt eller utg\u00f6ra h\u00e4lsorisker. Kontrollera alltid utg\u00e5ngsdatumet innan du tar din medicin, s\u00e4rskilt om du har rest med den under en l\u00e4ngre period.<\/p>\n<p>Om du uppt\u00e4cker att din medicin har g\u00e5tt ut, kontakta din v\u00e5rdgivare omedelbart f\u00f6r r\u00e5d. Anv\u00e4nd inte utg\u00e5ngen medicin, eftersom den kanske inte ger de terapeutiska f\u00f6rdelar som kr\u00e4vs f\u00f6r ditt tillst\u00e5nd. Ordna ist\u00e4llet med en ny leverans f\u00f6r att s\u00e4kerst\u00e4lla att din behandling f\u00f6rblir oavbruten.<\/p>\n<h2>S\u00e4ker kassering av oanv\u00e4nd Xarelto Generic<\/h2>\n<p>Korrekt kassering av oanv\u00e4nda eller utg\u00e5ngna Xarelto Generic \u00e4r viktigt f\u00f6r att f\u00f6rhindra oavsiktligt f\u00f6rt\u00e4ring eller milj\u00f6skador. F\u00f6lj lokala riktlinjer f\u00f6r kassering av l\u00e4kemedel, som ofta inneb\u00e4r att l\u00e4kemedlet l\u00e4mnas tillbaka till ett apotek eller ett utsett kasseringsprogram. Undvik att kasta den i soporna eller spola ner den i toaletten, eftersom det kan f\u00f6rorena vattenf\u00f6rs\u00f6rjningen.<\/p>\n<p>M\u00e5nga samh\u00e4llen erbjuder \u00e5tertagningsprogram eller avl\u00e4mningsplatser f\u00f6r s\u00e4ker kassering. Om s\u00e5dana alternativ inte \u00e4r tillg\u00e4ngliga, kontakta din apotekspersonal f\u00f6r v\u00e4gledning om kasseringsmetoder. Ansvarsfullt omh\u00e4ndertagande s\u00e4kerst\u00e4ller s\u00e4kerhet f\u00f6r andra och skyddar milj\u00f6n fr\u00e5n l\u00e4kemedelsf\u00f6roreningar.<\/p>\n","protected":false},"excerpt":{"rendered":"<p>Hur man f\u00f6rvarar, reser med och fyller p\u00e5 Xarelto Generic Att hantera Xarelto Generic inneb\u00e4r att f\u00f6rst\u00e5 dess f\u00f6rvaring, s\u00e4kra resor, p\u00e5fyllningsprocesser och hantering av utg\u00e5ngna l\u00e4kemedel. Korrekt f\u00f6rvaringsvillkor f\u00f6r Xarelto Generic Att f\u00f6rvara Xarelto Generic korrekt \u00e4r avg\u00f6rande f\u00f6r att bibeh\u00e5lla dess effektivitet. L\u00e4kemedlet b\u00f6r f\u00f6rvaras i originalf\u00f6rpackningen, som vanligtvis \u00e4r en blisterf\u00f6rpackning eller &hellip; <a href=\"http:\/\/sabeono.com\/?page_id=1020\" class=\"more-link\">Continue reading <span class=\"screen-reader-text\">Korrekt f\u00f6rvaringsvillkor f\u00f6r Xarelto Generic<\/span> <span class=\"meta-nav\">&rarr;<\/span><\/a><\/p>\n","protected":false},"author":1,"featured_media":0,"parent":0,"menu_order":0,"comment_status":"closed","ping_status":"closed","template":"","meta":{"footnotes":""},"_links":{"self":[{"href":"http:\/\/sabeono.com\/index.php?rest_route=\/wp\/v2\/pages\/1020"}],"collection":[{"href":"http:\/\/sabeono.com\/index.php?rest_route=\/wp\/v2\/pages"}],"about":[{"href":"http:\/\/sabeono.com\/index.php?rest_route=\/wp\/v2\/types\/page"}],"author":[{"embeddable":true,"href":"http:\/\/sabeono.com\/index.php?rest_route=\/wp\/v2\/users\/1"}],"replies":[{"embeddable":true,"href":"http:\/\/sabeono.com\/index.php?rest_route=%2Fwp%2Fv2%2Fcomments&post=1020"}],"version-history":[{"count":1,"href":"http:\/\/sabeono.com\/index.php?rest_route=\/wp\/v2\/pages\/1020\/revisions"}],"predecessor-version":[{"id":1021,"href":"http:\/\/sabeono.com\/index.php?rest_route=\/wp\/v2\/pages\/1020\/revisions\/1021"}],"wp:attachment":[{"href":"http:\/\/sabeono.com\/index.php?rest_route=%2Fwp%2Fv2%2Fmedia&parent=1020"}],"curies":[{"name":"wp","href":"https:\/\/api.w.org\/{rel}","templated":true}]}}