{"id":1012,"date":"2026-03-24T23:52:47","date_gmt":"2026-03-24T23:52:47","guid":{"rendered":"http:\/\/sabeono.com\/?page_id=1012"},"modified":"2026-03-24T23:52:47","modified_gmt":"2026-03-24T23:52:47","slug":"a-cialis-soft-tabs-ismertetese-osszetetel-es-hasznalat","status":"publish","type":"page","link":"http:\/\/sabeono.com\/?page_id=1012","title":{"rendered":"A Cialis Soft Tabs ismertet\u00e9se: \u00d6sszet\u00e9tel \u00e9s haszn\u00e1lat"},"content":{"rendered":"<h1>Cialis Soft Tabs vs Super P-Force: megjelen\u00e9s, id\u0151tartam, mell\u00e9khat\u00e1sok, \u00e1r<\/h1>\n<p>Az erectilis diszfunkci\u00f3 kezel\u00e9s\u00e9nek ter\u00fclet\u00e9n a Cialis Soft Tabs \u00e9s a Super P-Force kiemelkedik, mindegyik egyedi tulajdons\u00e1gokkal \u00e9s szempontokkal rendelkezik a felhaszn\u00e1l\u00f3k sz\u00e1m\u00e1ra.<\/p>\n<h2>A Cialis Soft Tabs ismertet\u00e9se: \u00d6sszet\u00e9tel \u00e9s haszn\u00e1lat<\/h2>\n<p>A Cialis Soft Tabs a n\u00e9pszer\u0171 erekci\u00f3s diszfunkci\u00f3 gy\u00f3gyszer\u00e9nek, a Cialisnak egy v\u00e1ltozata. Tartalmazz\u00e1k a tadalafil hat\u00f3anyagot, amely arr\u00f3l ismert, hogy fokozza a p\u00e9nisz v\u00e9r\u00e1raml\u00e1s\u00e1t, ez\u00e1ltal el\u0151seg\u00edti az erekci\u00f3t szexu\u00e1lis stimul\u00e1ci\u00f3 eset\u00e9n. L\u00e1gy tablettak\u00e9nt a Cialisnak ez a form\u00e1ja gyorsan felold\u00f3dik a sz\u00e1jban, alternat\u00edv\u00e1t k\u00edn\u00e1lva azok sz\u00e1m\u00e1ra, akik a tablett\u00e1k lenyel\u00e9s\u00e9vel k\u00fcszk\u00f6dnek.<\/p>\n<p>A Cialis Soft Tabs haszn\u00e1lata egyszer\u0171. \u00c1ltal\u00e1ban sz\u00fcks\u00e9g szerint veszik be, k\u00f6r\u00fclbel\u00fcl 30 perccel a szexu\u00e1lis tev\u00e9kenys\u00e9g megkezd\u00e9se el\u0151tt. A l\u00e1gy tablett\u00e1k gyors old\u00f3d\u00e1sa azt jelenti, hogy a hagyom\u00e1nyos tablett\u00e1khoz k\u00e9pest gyorsabban felsz\u00edv\u00f3dhatnak a v\u00e9r\u00e1ramba, ami potenci\u00e1lisan gyorsabb hat\u00e1st biztos\u00edt. Javasoljuk, hogy a gy\u00f3gyszer bev\u00e9tele el\u0151tt ker\u00fclje a nagy mennyis\u00e9g\u0171 alkohol vagy zs\u00edros \u00e9telek fogyaszt\u00e1s\u00e1t, mivel ezek g\u00e1tolhatj\u00e1k annak hat\u00e9konys\u00e1g\u00e1t.<\/p>\n<h2>A Super P-Force \u00e1ttekint\u00e9se: \u00d6sszetev\u0151k \u00e9s alkalmaz\u00e1s<\/h2>\n<p>A Super P-Force egy kombin\u00e1lt gy\u00f3gyszer, amelyet az erekci\u00f3s zavarok \u00e9s a korai mag\u00f6ml\u00e9s kezel\u00e9s\u00e9re terveztek. K\u00e9t hat\u00f3anyagot tartalmaz: szildenafil-citr\u00e1tot \u00e9s dapoxetint. A szildenafil, a Viagra j\u00f3l ismert \u00f6sszetev\u0151je a p\u00e9nisz v\u00e9r\u00e1raml\u00e1s\u00e1nak fokoz\u00e1s\u00e1val fejti ki hat\u00e1s\u00e1t, m\u00edg a dapoxetin egy r\u00f6vid hat\u00e1s\u00fa, szelekt\u00edv szerotonin-\u00fajrafelv\u00e9tel-g\u00e1tl\u00f3 (SSRI), amelyet az ejakul\u00e1ci\u00f3 k\u00e9sleltet\u00e9s\u00e9re haszn\u00e1lnak.<\/p>\n<p>A Super P-Force alkalmaz\u00e1sa sor\u00e1n a tablett\u00e1t k\u00f6r\u00fclbel\u00fcl egy \u00f3r\u00e1val a tervezett szexu\u00e1lis tev\u00e9kenys\u00e9g el\u0151tt kell bevenni. Ez a kett\u0151s hat\u00e1s\u00fa megk\u00f6zel\u00edt\u00e9s n\u00e9pszer\u0171 v\u00e1laszt\u00e1ss\u00e1 teszi az erekci\u00f3s neh\u00e9zs\u00e9gekkel \u00e9s az ejakul\u00e1ci\u00f3 szab\u00e1lyoz\u00e1s\u00e1val kapcsolatos probl\u00e9m\u00e1kkal k\u00fczd\u0151 f\u00e9rfiak sz\u00e1m\u00e1ra. A legt\u00f6bb gy\u00f3gyszerhez hasonl\u00f3an a felhaszn\u00e1l\u00f3knak azt tan\u00e1csoljuk, hogy k\u00f6vess\u00e9k az el\u0151\u00edrt adagol\u00e1st \u00e9s ir\u00e1nyelveket a mell\u00e9khat\u00e1sok minimaliz\u00e1l\u00e1sa \u00e9s az el\u0151ny\u00f6k maximaliz\u00e1l\u00e1sa \u00e9rdek\u00e9ben.<\/p>\n<h2>A kezd\u00e9si id\u0151k \u00f6sszehasonl\u00edt\u00e1sa: Cialis Soft Tabs vs Super P-Force<\/h2>\n<p>A megjelen\u00e9si id\u0151k \u00e9rt\u00e9kel\u00e9se sor\u00e1n mindk\u00e9t gy\u00f3gyszernek megvannak a maga el\u0151nyei. A Cialis Soft Tabs gyors old\u00f3d\u00e1suk miatt 15-30 percen bel\u00fcl elkezd hatni. Ez a gyors megjelen\u00e9s ide\u00e1lis azok sz\u00e1m\u00e1ra, akik szexu\u00e1lis tev\u00e9kenys\u00e9g\u00fckben spontaneit\u00e1sra v\u00e1gynak. A l\u00e1gy \u00f6sszet\u00e9tel biztos\u00edtja, hogy a tadalafil gyorsan felsz\u00edv\u00f3djon, ami potenci\u00e1lisan gyorsabb eredm\u00e9nyt biztos\u00edt, mint a hagyom\u00e1nyos tablett\u00e1k.<\/p>\n<p>Ezzel szemben a Super P-Force-nak \u00e1ltal\u00e1ban k\u00f6r\u00fclbel\u00fcl egy \u00f3r\u00e1ra van sz\u00fcks\u00e9ge a cs\u00facsteljes\u00edtm\u00e9ny el\u00e9r\u00e9s\u00e9hez. Ez nagyr\u00e9szt a gy\u00f3gyszer kett\u0151s hat\u00e1s\u00e1nak k\u00f6sz\u00f6nhet\u0151: a szildenafilnek id\u0151re van sz\u00fcks\u00e9ge a v\u00e9r\u00e1raml\u00e1s fokoz\u00e1s\u00e1hoz, a dapoxetinnek pedig a neurotranszmitterek szab\u00e1lyoz\u00e1s\u00e1hoz az ejakul\u00e1ci\u00f3 szab\u00e1lyoz\u00e1s\u00e1hoz. A felhaszn\u00e1l\u00f3knak ennek megfelel\u0151en kell tervezni\u00fck az ig\u00e9nyeiknek megfelel\u0151 optim\u00e1lis id\u0151z\u00edt\u00e9st.<\/p>\n<h2>Hat\u00e1s id\u0151tartama: Mennyi ideig tartanak?<\/h2>\n<p>A hat\u00e1s id\u0151tartama egy m\u00e1sik kritikus t\u00e9nyez\u0151 a felhaszn\u00e1l\u00f3k sz\u00e1m\u00e1ra. A Cialis Soft Tabs, m\u00e1s tadalafil alap\u00fa gy\u00f3gyszerekhez hasonl\u00f3an, ak\u00e1r 36 \u00f3r\u00e1ig is eltarthat. Ez a meghosszabb\u00edtott id\u0151tartam nagyobb rugalmass\u00e1got \u00e9s kisebb id\u0151z\u00edt\u00e9si nyom\u00e1st tesz lehet\u0151v\u00e9, amit sok felhaszn\u00e1l\u00f3 el\u0151ny\u00f6snek tal\u00e1l.<\/p>\n<p>Ezzel szemben a Super P-Force r\u00f6videbb hat\u00e9konys\u00e1gi ablakot k\u00edn\u00e1l, \u00e1ltal\u00e1ban k\u00f6r\u00fclbel\u00fcl 4-6 \u00f3r\u00e1ig tart. B\u00e1r ez elegend\u0151 a legt\u00f6bb tervezett szexu\u00e1lis tal\u00e1lkoz\u00e1shoz, a r\u00f6videbb id\u0151tartam pontosabb tervez\u00e9st ig\u00e9nyelhet, mint a Cialis Soft Tabs. Az id\u0151tartamot olyan egy\u00e9ni t\u00e9nyez\u0151k befoly\u00e1solj\u00e1k, mint az anyagcsere \u00e9s az \u00e1ltal\u00e1nos eg\u00e9szs\u00e9gi \u00e1llapot.<\/p>\n<h2>A Cialis Soft Tabs gyakori mell\u00e9khat\u00e1sai<\/h2>\n<p>Mint minden gy\u00f3gyszer, a Cialis Soft Tabs is okozhat mell\u00e9khat\u00e1sokat. A gyakran jelentett t\u00fcnetek k\u00f6z\u00e9 tartozik a fejf\u00e1j\u00e1s, a kipirul\u00e1s \u00e9s az em\u00e9szt\u00e9si zavar. Ezek a mell\u00e9khat\u00e1sok \u00e1ltal\u00e1ban enyh\u00e9k, \u00e9s \u00e1ltal\u00e1ban cs\u00f6kkennek, ahogy a szervezet alkalmazkodik a gy\u00f3gyszerhez.<\/p>\n<p>Ritka esetekben a felhaszn\u00e1l\u00f3k s\u00falyosabb mell\u00e9khat\u00e1sokat <a href=\"https:\/\/gyors-patika.net\/cialis-soft-tabs-online-veny-nelkul\">https:\/\/gyors-patika.net\/cialis-soft-tabs-online-veny-nelkul<\/a> tapasztalhatnak, p\u00e9ld\u00e1ul l\u00e1t\u00e1sv\u00e1ltoz\u00e1st, hirtelen hall\u00e1sveszt\u00e9st vagy elh\u00faz\u00f3d\u00f3, n\u00e9gy \u00f3r\u00e1n\u00e1l tov\u00e1bb tart\u00f3 erekci\u00f3t. Rendk\u00edv\u00fcl fontos, hogy a felhaszn\u00e1l\u00f3k azonnal forduljanak orvoshoz, ha ezek el\u0151fordulnak. Ha haszn\u00e1lat el\u0151tt konzult\u00e1l egy eg\u00e9szs\u00e9g\u00fcgyi szolg\u00e1ltat\u00f3val, az seg\u00edthet a kock\u00e1zatok cs\u00f6kkent\u00e9s\u00e9ben.<\/p>\n<h2>A Super P-Force lehets\u00e9ges mell\u00e9khat\u00e1sai<\/h2>\n<p>A kett\u0151s \u00f6sszetev\u0151vel rendelkez\u0151 Super P-Force a mell\u00e9khat\u00e1sok sz\u00e9lesebb sk\u00e1l\u00e1j\u00e1t okozhatja. A gyakran \u00e9szlelt hat\u00e1sok k\u00f6z\u00e9 tartozik a sz\u00e9d\u00fcl\u00e9s, h\u00e1nyinger \u00e9s fejf\u00e1j\u00e1s. Ezek a t\u00fcnetek gyakran \u00e1tmenetiek, \u00e9s a folyamatos haszn\u00e1lat sor\u00e1n cs\u00f6kkenhetnek.<\/p>\n<p>A szildenafil \u00e9s a dapoxetin kombin\u00e1ci\u00f3ja azonban s\u00falyosabb probl\u00e9m\u00e1khoz vezethet, mint p\u00e9ld\u00e1ul sz\u00edvdobog\u00e1s, hangulatv\u00e1ltoz\u00e1sok vagy s\u00falyos hipotenzi\u00f3, k\u00fcl\u00f6n\u00f6sen, ha nem az utas\u00edt\u00e1soknak megfelel\u0151en haszn\u00e1lj\u00e1k. Az ellenjavallatok elker\u00fcl\u00e9se \u00e9s a gy\u00f3gyszer biztons\u00e1gos haszn\u00e1lata \u00e9rdek\u00e9ben elengedhetetlen, hogy a felhaszn\u00e1l\u00f3k megbesz\u00e9lj\u00e9k eg\u00e9szs\u00e9g\u00fcgyi t\u00f6rt\u00e9net\u00fcket orvossal.<\/p>\n<h2>\u00c1r-\u00f6sszehasonl\u00edt\u00e1s: Melyik k\u00edn\u00e1l jobb \u00e9rt\u00e9ket?<\/h2>\n<p>Az erectilis diszfunkci\u00f3 kezel\u00e9s\u00e9re szolg\u00e1l\u00f3 gy\u00f3gyszerek \u00e1ra jelent\u0151sen v\u00e1ltozhat a m\u00e1rk\u00e1t\u00f3l, az adagol\u00e1st\u00f3l \u00e9s a v\u00e1s\u00e1rl\u00e1s hely\u00e9t\u0151l f\u00fcgg\u0151en. A Cialis Soft Tabs \u00e1ra \u00e1ltal\u00e1ban magasabb a m\u00e1rkanev\u00fck \u00e9s a soft tab k\u00e9sz\u00edtm\u00e9ny ny\u00fajtotta k\u00e9nyelem miatt.<\/p>\n<p>A gyakran \u00e1ltal\u00e1nos opci\u00f3k\u00e9nt el\u00e9rhet\u0151 Super P-Force megfizethet\u0151bb lehet. Az \u00e1r azonban nem lehet az egyed\u00fcli d\u00f6nt\u0151 t\u00e9nyez\u0151. A betegeknek figyelembe kell venni\u00fck az egyes gy\u00f3gyszerek konkr\u00e9t el\u0151nyeit, kezdet\u00e9t \u00e9s id\u0151tartam\u00e1t szem\u00e9lyes sz\u00fcks\u00e9gleteikhez \u00e9s preferenci\u00e1ikhoz k\u00e9pest, hogy meghat\u00e1rozz\u00e1k, melyik k\u00edn\u00e1l jobb \u00e9rt\u00e9ket.<\/p>\n<h2>Hat\u00e1smechanizmus: Hogyan m\u0171k\u00f6dik az egyes gy\u00f3gyszerek<\/h2>\n<p>A Cialis Soft Tabs \u00e9s a Super P-Force m\u0171k\u00f6d\u00e9si mechanizmusa a hat\u00f3anyagokban gy\u00f6kerezik. A Cialis Soft Tabs-ben tal\u00e1lhat\u00f3 tadalafil 5-\u00f6s t\u00edpus\u00fa foszfodi\u00e9szter\u00e1z inhibitork\u00e9nt m\u0171k\u00f6dik, ellaz\u00edtja az erekben l\u00e9v\u0151 izmokat, \u00e9s fokozza a v\u00e9r\u00e1raml\u00e1st a test bizonyos ter\u00fcletein, els\u0151sorban a p\u00e9niszben.<\/p>\n<p>A Super P-Force egyes\u00edti a szildenafil, egy m\u00e1sik foszfodi\u00e9szter\u00e1z-g\u00e1tl\u00f3 hat\u00e1s\u00e1t dapoxetinnel, amely befoly\u00e1solja a szerotoninszintet, \u00e9s k\u00e9slelteti az ejakul\u00e1ci\u00f3t. Ez a kett\u0151s mechanizmus egyszerre k\u00e9t szexu\u00e1lis eg\u00e9szs\u00e9g\u00fcgyi probl\u00e9m\u00e1t kezel, \u00e1tfog\u00f3 megold\u00e1st ny\u00fajtva az \u00f6sszetett sz\u00fcks\u00e9gletekkel rendelkez\u0151 felhaszn\u00e1l\u00f3k sz\u00e1m\u00e1ra.<\/p>\n<h2>Felhaszn\u00e1l\u00f3i v\u00e9lem\u00e9nyek \u00e9s aj\u00e1nl\u00e1sok: A felhaszn\u00e1l\u00f3k betekint\u00e9se<\/h2>\n<p>A felhaszn\u00e1l\u00f3i visszajelz\u00e9sek \u00e9rt\u00e9kes betekint\u00e9st ny\u00fajtanak az ezekkel a gy\u00f3gyszerekkel kapcsolatos val\u00f3s hat\u00e9konys\u00e1gra \u00e9s el\u00e9gedetts\u00e9gre. Sokan arr\u00f3l sz\u00e1moltak be, hogy nagyon el\u00e9gedettek a Cialis Soft Tabs-szal, jelent\u0151s el\u0151nyk\u00e9nt hivatkozva a hossz\u00fa \u00e9lettartamra \u00e9s a k\u00f6nny\u0171 haszn\u00e1latra.<\/p>\n<p>Ezzel szemben a Super P-Force pozit\u00edv \u00e9rt\u00e9kel\u00e9seket kapott kett\u0151s hat\u00e1s\u00e1r\u00f3l, k\u00fcl\u00f6n\u00f6sen az erekci\u00f3s diszfunkci\u00f3val \u00e9s a korai mag\u00f6ml\u00e9ssel k\u00fczd\u0151k k\u00f6r\u00e9ben. N\u00e9h\u00e1ny felhaszn\u00e1l\u00f3 azonban megjegyzi, hogy gondos tervez\u00e9sre van sz\u00fcks\u00e9g a r\u00f6videbb id\u0151tartam \u00e9s a hosszabb megjelen\u00e9si id\u0151 miatt, mint a Cialis Soft Tabs.<\/p>\n<h2>Biztons\u00e1g \u00e9s \u00f3vint\u00e9zked\u00e9sek: Mit kell figyelembe venni haszn\u00e1lat el\u0151tt<\/h2>\n<p>Miel\u0151tt elkezden\u00e9 az erekci\u00f3s zavarok kezel\u00e9s\u00e9re szolg\u00e1l\u00f3 gy\u00f3gyszert, a felhaszn\u00e1l\u00f3knak fontol\u00f3ra kell venni\u00fck a biztons\u00e1gi \u00e9s el\u0151vigy\u00e1zatoss\u00e1gi int\u00e9zked\u00e9seket. A Cialis Soft Tabs eset\u00e9ben fontos feljegyezni a sz\u00edv- \u00e9s \u00e9rrendszeri probl\u00e9m\u00e1kat, mivel a tadalafil k\u00f6lcs\u00f6nhat\u00e1sba l\u00e9phet a sz\u00edvgy\u00f3gyszerekkel, ami potenci\u00e1lis eg\u00e9szs\u00e9g\u00fcgyi kock\u00e1zatokhoz vezethet.<\/p>\n<p>A Super P-Force felhaszn\u00e1l\u00f3knak k\u00fcl\u00f6n\u00f6sen \u00f3vatosaknak kell lenni\u00fck, ha k\u00f3rt\u00f6rt\u00e9net\u00fckben ment\u00e1lis eg\u00e9szs\u00e9g\u00fcgyi zavarok szerepelnek, tekintettel a dapoxetin jelenl\u00e9t\u00e9re. Ezen t\u00falmen\u0151en, ha ezeket a gy\u00f3gyszereket m\u00e1s anyagokkal, k\u00fcl\u00f6n\u00f6sen nitr\u00e1tokkal kombin\u00e1lj\u00e1k, s\u00falyos eg\u00e9szs\u00e9g\u00fcgyi sz\u00f6v\u0151dm\u00e9nyekhez vezethet. A biztons\u00e1gos haszn\u00e1lat \u00e9rdek\u00e9ben alapos orvosi konzult\u00e1ci\u00f3 javasolt.<\/p>\n<h2>El\u00e9rhet\u0151s\u00e9g \u00e9s v\u00e1s\u00e1rl\u00e1si lehet\u0151s\u00e9gek<\/h2>\n<p>Mind a Cialis Soft Tabs, mind a Super P-Force sz\u00e9les k\u00f6rben el\u00e9rhet\u0151 k\u00fcl\u00f6nf\u00e9le csatorn\u00e1kon kereszt\u00fcl. Az online \u00e9s a hagyom\u00e1nyos gy\u00f3gyszert\u00e1rakban \u00e1ltal\u00e1ban megtal\u00e1lhat\u00f3k ezek a gy\u00f3gyszerek, b\u00e1r gyakran receptre van sz\u00fcks\u00e9g. Az online gy\u00f3gyszert\u00e1rak k\u00edn\u00e1lhatj\u00e1k a h\u00e1zhozsz\u00e1ll\u00edt\u00e1s k\u00e9nyelm\u00e9t, de kulcsfontoss\u00e1g\u00fa, hogy j\u00f3 h\u00edr\u0171ek legyenek a hamis\u00edtott term\u00e9kek elker\u00fcl\u00e9se \u00e9rdek\u00e9ben.<\/p>\n<p>A felhaszn\u00e1l\u00f3knak ellen\u0151rizni\u00fck kell a forr\u00e1s jogoss\u00e1g\u00e1t, \u00e9s meg kell er\u0151s\u00edteni\u00fck, hogy a gy\u00f3gyszerek megfelelnek a szab\u00e1lyoz\u00e1si szabv\u00e1nyoknak. A k\u00fcl\u00f6nb\u00f6z\u0151 sz\u00e1ll\u00edt\u00f3k \u00e1r-\u00f6sszehasonl\u00edt\u00e1sa szint\u00e9n seg\u00edthet a legjobb aj\u00e1nlat megszerz\u00e9s\u00e9ben a min\u0151s\u00e9gi kompromisszumok n\u00e9lk\u00fcl.<\/p>\n<h2>Adagol\u00e1si aj\u00e1nl\u00e1sok az optim\u00e1lis eredm\u00e9nyek \u00e9rdek\u00e9ben<\/h2>\n<p>A Cialis Soft Tabs aj\u00e1nlott adagja \u00e1ltal\u00e1ban 10 mg, amelyet a v\u00e1rhat\u00f3 szexu\u00e1lis tev\u00e9kenys\u00e9g el\u0151tt kell bevenni. Az adagol\u00e1s az egy\u00e9ni v\u00e1lasz \u00e9s a toler\u00e1lhat\u00f3s\u00e1g alapj\u00e1n m\u00f3dos\u00edthat\u00f3, de nem haladhatja meg a 20 mg-ot 24 \u00f3r\u00e1n bel\u00fcl.<\/p>\n<p>A Super P-Force eset\u00e9ben a standard adag 100 mg szildenafilt 60 mg dapoxetinnel kombin\u00e1l. Kulcsfontoss\u00e1g\u00fa ennek az adagnak a betart\u00e1sa a k\u00e1ros hat\u00e1sok elker\u00fcl\u00e9se \u00e9s a k\u00edv\u00e1nt eredm\u00e9nyek el\u00e9r\u00e9se \u00e9rdek\u00e9ben. A felhaszn\u00e1l\u00f3knak k\u00f6vetni\u00fck kell eg\u00e9szs\u00e9g\u00fcgyi szolg\u00e1ltat\u00f3juk \u00fatmutat\u00e1sait, hogy az adagot az adott k\u00f6r\u00fclm\u00e9nyeikhez igaz\u00edts\u00e1k.<\/p>\n<h2>K\u00f6lcs\u00f6nhat\u00e1sok m\u00e1s gy\u00f3gyszerekkel<\/h2>\n<p>Mind a Cialis Soft Tabs, mind a Super P-Force k\u00f6lcs\u00f6nhat\u00e1sba l\u00e9phet m\u00e1s gy\u00f3gyszerekkel, ami k\u00e1ros hat\u00e1sokhoz vezethet. A tadalafilt nem szabad nitr\u00e1tokkal vagy alfa-blokkol\u00f3val kombin\u00e1lni, mivel ezek s\u00falyos v\u00e9rnyom\u00e1ses\u00e9st okozhatnak.<\/p>\n<p>Hasonl\u00f3k\u00e9ppen, a Super P-Force nem szedhet\u0151 m\u00e1s SSRI-kkel vagy MAO-g\u00e1tl\u00f3kkal egy\u00fctt. K\u00f6lcs\u00f6nhat\u00e1s rekre\u00e1ci\u00f3s drogokkal, k\u00f6zismert nev\u00e9n &quot;poppers,&quot; jelent\u0151s eg\u00e9szs\u00e9g\u00fcgyi kock\u00e1zatot is jelenthet. A vesz\u00e9lyes k\u00f6lcs\u00f6nhat\u00e1sok elker\u00fcl\u00e9se \u00e9rdek\u00e9ben a felhaszn\u00e1l\u00f3knak meg kell adniuk a jelenlegi gy\u00f3gyszereik teljes list\u00e1j\u00e1t eg\u00e9szs\u00e9g\u00fcgyi szolg\u00e1ltat\u00f3juknak.<\/p>\n<h2>Az erekci\u00f3s zavar kezel\u00e9s\u00e9nek hat\u00e9konys\u00e1ga: \u00d6sszehasonl\u00edt\u00f3 elemz\u00e9s<\/h2>\n<p>Hat\u00e9konys\u00e1g\u00e1t tekintve mindk\u00e9t gy\u00f3gyszer hat\u00e9konynak bizonyult az erekci\u00f3s zavarok kezel\u00e9s\u00e9ben. A Cialis Soft Tabs el\u0151nye, hogy hosszabb ideig tart, \u00edgy a felhaszn\u00e1l\u00f3k sz\u00e9lesebb k\u00f6re sz\u00e1m\u00e1ra alkalmasak, akik a rugalmas id\u0151z\u00edt\u00e9st r\u00e9szes\u00edtik el\u0151nyben.<\/p>\n<p>A Super P-Force hat\u00e9konyan kezeli az erekci\u00f3s zavarokat, de a korai mag\u00f6ml\u00e9ssel is foglalkozik, holisztikusabb megk\u00f6zel\u00edt\u00e9st biztos\u00edtva azok sz\u00e1m\u00e1ra, akik mindk\u00e9t probl\u00e9m\u00e1val k\u00fczdenek. A gy\u00f3gyszerek k\u00f6z\u00f6tti v\u00e1laszt\u00e1s gyakran a felhaszn\u00e1l\u00f3 saj\u00e1tos sz\u00fcks\u00e9gleteit\u0151l \u00e9s eg\u00e9szs\u00e9gi profilj\u00e1t\u00f3l, valamint \u00e9letm\u00f3dbeli preferenci\u00e1it\u00f3l f\u00fcgg.<\/p>\n<h2>V\u00e9gs\u0151 \u00edt\u00e9let: melyik felel meg jobban az \u00d6n ig\u00e9nyeinek?<\/h2>\n<p>A Cialis Soft Tabs \u00e9s a Super P-Force k\u00f6z\u00f6tti d\u00f6nt\u00e9s v\u00e9gs\u0151 soron az egy\u00e9ni ig\u00e9nyekt\u0151l \u00e9s preferenci\u00e1kt\u00f3l f\u00fcgg. Azok sz\u00e1m\u00e1ra, akik kevesebb tervez\u00e9si korl\u00e1t mellett szeretn\u00e9nek tart\u00f3s hat\u00e1st el\u00e9rni, a Cialis Soft Tabs ide\u00e1lis v\u00e1laszt\u00e1s lehet.<\/p>\n<p>Ha azonban a korai mag\u00f6ml\u00e9s is aggodalomra ad okot, a Super P-Force \u00e1tfog\u00f3 megold\u00e1st k\u00edn\u00e1l. A felhaszn\u00e1l\u00f3knak figyelembe kell venni\u00fck az olyan t\u00e9nyez\u0151ket, mint a megjelen\u00e9si id\u0151, id\u0151tartam \u00e9s a lehets\u00e9ges mell\u00e9khat\u00e1sok, konzult\u00e1lva az eg\u00e9szs\u00e9g\u00fcgyi szolg\u00e1ltat\u00f3val, hogy meghat\u00e1rozz\u00e1k a szexu\u00e1lis eg\u00e9szs\u00e9g\u00fcgyi sz\u00fcks\u00e9gleteiknek legink\u00e1bb megfelel\u0151 lehet\u0151s\u00e9get.<\/p>\n","protected":false},"excerpt":{"rendered":"<p>Cialis Soft Tabs vs Super P-Force: megjelen\u00e9s, id\u0151tartam, mell\u00e9khat\u00e1sok, \u00e1r Az erectilis diszfunkci\u00f3 kezel\u00e9s\u00e9nek ter\u00fclet\u00e9n a Cialis Soft Tabs \u00e9s a Super P-Force kiemelkedik, mindegyik egyedi tulajdons\u00e1gokkal \u00e9s szempontokkal rendelkezik a felhaszn\u00e1l\u00f3k sz\u00e1m\u00e1ra. A Cialis Soft Tabs ismertet\u00e9se: \u00d6sszet\u00e9tel \u00e9s haszn\u00e1lat A Cialis Soft Tabs a n\u00e9pszer\u0171 erekci\u00f3s diszfunkci\u00f3 gy\u00f3gyszer\u00e9nek, a Cialisnak egy v\u00e1ltozata. Tartalmazz\u00e1k &hellip; <a href=\"http:\/\/sabeono.com\/?page_id=1012\" class=\"more-link\">Continue reading <span class=\"screen-reader-text\">A Cialis Soft Tabs ismertet\u00e9se: \u00d6sszet\u00e9tel \u00e9s haszn\u00e1lat<\/span> <span class=\"meta-nav\">&rarr;<\/span><\/a><\/p>\n","protected":false},"author":1,"featured_media":0,"parent":0,"menu_order":0,"comment_status":"closed","ping_status":"closed","template":"","meta":{"footnotes":""},"_links":{"self":[{"href":"http:\/\/sabeono.com\/index.php?rest_route=\/wp\/v2\/pages\/1012"}],"collection":[{"href":"http:\/\/sabeono.com\/index.php?rest_route=\/wp\/v2\/pages"}],"about":[{"href":"http:\/\/sabeono.com\/index.php?rest_route=\/wp\/v2\/types\/page"}],"author":[{"embeddable":true,"href":"http:\/\/sabeono.com\/index.php?rest_route=\/wp\/v2\/users\/1"}],"replies":[{"embeddable":true,"href":"http:\/\/sabeono.com\/index.php?rest_route=%2Fwp%2Fv2%2Fcomments&post=1012"}],"version-history":[{"count":1,"href":"http:\/\/sabeono.com\/index.php?rest_route=\/wp\/v2\/pages\/1012\/revisions"}],"predecessor-version":[{"id":1013,"href":"http:\/\/sabeono.com\/index.php?rest_route=\/wp\/v2\/pages\/1012\/revisions\/1013"}],"wp:attachment":[{"href":"http:\/\/sabeono.com\/index.php?rest_route=%2Fwp%2Fv2%2Fmedia&parent=1012"}],"curies":[{"name":"wp","href":"https:\/\/api.w.org\/{rel}","templated":true}]}}