{"id":1004,"date":"2026-03-24T23:28:47","date_gmt":"2026-03-24T23:28:47","guid":{"rendered":"http:\/\/sabeono.com\/?page_id=1004"},"modified":"2026-03-24T23:28:47","modified_gmt":"2026-03-24T23:28:47","slug":"prezentare-generala-a-ajutoarelor-disponibile-pentru-pierderea-in-greutate","status":"publish","type":"page","link":"http:\/\/sabeono.com\/?page_id=1004","title":{"rendered":"Prezentare general\u0103 a ajutoarelor disponibile pentru pierderea \u00een greutate"},"content":{"rendered":"<h1>Ajutoare pentru pierderea \u00een greutate pe care le vindem: orlistat, GLP-1, diet\u0103 &amp; sfaturi pentru exerci\u021bii: comanda \u0219i livrare pas cu pas<\/h1>\n<p>Explora\u021bi un ghid cuprinz\u0103tor al ajutoarelor pentru pierderea \u00een greutate, inclusiv orlistat \u0219i GLP-1, al\u0103turi de sfaturi esen\u021biale pentru diet\u0103 \u0219i exerci\u021bii fizice, cu accent pe procesele de comand\u0103 \u0219i livrare.<\/p>\n<h2>Prezentare general\u0103 a ajutoarelor disponibile pentru pierderea \u00een greutate<\/h2>\n<p>Pia\u021ba ajutoarelor pentru pierderea \u00een greutate este vast\u0103, cu numeroase op\u021biuni care r\u0103spund nevoilor \u0219i preferin\u021belor diverse. Printre cele mai populare se num\u0103r\u0103 interven\u021biile farmaceutice, cum ar fi orlistatul \u0219i agoni\u015ftii receptorilor GLP-1, ambele au demonstrat eficacitate \u00een sprijinirea eforturilor de reducere a greut\u0103\u0163ii. Aceste medicamente fac adesea parte dintr-o strategie mai ampl\u0103 care include modific\u0103ri ale stilului de via\u021b\u0103, cum ar fi modific\u0103ri ale dietei \u0219i cre\u0219terea activit\u0103\u021bii fizice.<\/p>\n<p>Orlistat este un juc\u0103tor de lung\u0103 durat\u0103 \u00een arena pierderii \u00een greutate, func\u021bion\u00e2nd \u00een primul r\u00e2nd prin inhibarea absorb\u021biei gr\u0103similor \u00een tractul digestiv. Pe de alt\u0103 parte, GLP-1, dezvoltat ini\u021bial pentru gestionarea diabetului, au c\u00e2\u0219tigat ac\u021biune datorit\u0103 beneficiilor lor de sl\u0103bire. Ambele op\u021biuni pot fi eficiente, dar necesit\u0103 luarea \u00een considerare a profilurilor \u0219i obiectivelor individuale de s\u0103n\u0103tate.<\/p>\n<h2>\u00cen\u021belegerea Orlistat: Cum func\u021bioneaz\u0103<\/h2>\n<p>Orlistat func\u021bioneaz\u0103 prin \u021bintirea enzimei lipaz\u0103, care este crucial\u0103 pentru descompunerea \u0219i absorb\u021bia gr\u0103similor alimentare. Prin inhibarea acestei enzime, orlistatul reduce cantitatea de gr\u0103sime absorbit\u0103 din diet\u0103, duc\u00e2nd la un deficit caloric care faciliteaz\u0103 pierderea \u00een greutate. Acest mecanism este unic, deoarece afecteaz\u0103 direct procesul digestiv, oferind o abordare \u021bintit\u0103 a gestion\u0103rii greut\u0103\u021bii.<\/p>\n<p>De obicei, orlistatul este prescris \u00eempreun\u0103 cu o diet\u0103 cu con\u021binut sc\u0103zut de calorii \u0219i cu con\u021binut sc\u0103zut de gr\u0103simi. Este esen\u021bial ca utilizatorii s\u0103 respecte recomand\u0103rile dietetice pentru a minimiza efectele secundare gastrointestinale, cum ar fi scaunele grase \u0219i flatulen\u021ba, care pot ap\u0103rea dac\u0103 aportul de gr\u0103simi este prea mare. Medicamentul este de obicei luat cu mese pentru a-\u0219i maximiza poten\u021bialul de blocare a gr\u0103similor.<\/p>\n<h2>Introducere \u00een GLP-1 pentru managementul greut\u0103\u021bii<\/h2>\n<p>Agoni\u015ftii receptorilor GLP-1, cum ar fi liraglutida \u015fi semaglutida, au fost dezvolta\u0163i ini\u0163ial pentru a \u00eembun\u0103t\u0103\u0163i controlul glicemic la pacien\u0163ii cu diabet de tip 2. Cu toate acestea, efectele lor de suprimare a poftei de m\u00e2ncare le-au f\u0103cut un instrument valoros \u00een gestionarea greut\u0103\u021bii. Aceste medicamente imit\u0103 ac\u021biunea hormonului natural GLP-1, care m\u0103re\u0219te secre\u021bia de insulin\u0103 \u0219i \u00eent\u00e2rzie golirea gastric\u0103, ceea ce duce la reducerea senza\u021biei de foame.<\/p>\n<p>Beneficiile duble ale GLP-1 \u00een gestionarea nivelului de zah\u0103r din s\u00e2nge \u0219i \u00een facilitarea pierderii \u00een greutate le-au f\u0103cut deosebit de atr\u0103g\u0103toare. Ele sunt de obicei administrate prin injec\u021bie, ceea ce poate fi luat \u00een considerare pentru cei care prefer\u0103 medicamentele orale. Cu toate acestea, programul de dozare o dat\u0103 pe s\u0103pt\u0103m\u00e2n\u0103 a unor GLP-1 ofer\u0103 confort \u0219i poate \u00eembun\u0103t\u0103\u021bi aderarea la planurile de tratament.<\/p>\n<h2>Compararea Orlistat \u0219i GLP-1: care este potrivit pentru dvs?<\/h2>\n<p>Alegerea dintre orlistat \u0219i GLP-1 implic\u0103 \u00een\u021belegerea mecanismelor lor distincte \u0219i a poten\u021bialelor efecte secundare. Beneficiul principal al orlistat este ac\u021biunea sa non-sistemic\u0103, ceea ce \u00eenseamn\u0103 c\u0103 func\u021bioneaz\u0103 \u00een tractul digestiv f\u0103r\u0103 o absorb\u021bie sistemic\u0103 semnificativ\u0103, ceea ce poate fi avantajos pentru cei preocupa\u021bi de efectele secundare sistemice.<\/p>\n<p>\u00cen schimb, GLP-1 ofer\u0103 beneficiul suprimarii poftei de m\u00e2ncare \u0219i regl\u0103rii glucozei, care pot fi deosebit de benefice pentru persoanele cu diabet zaharat comorbid sau prediabet. Cu toate acestea, ar trebui luate \u00een considerare poten\u021bialele reac\u021bii adverse sistemice, inclusiv grea\u021b\u0103 \u0219i v\u0103rs\u0103turi. Consultarea cu un profesionist din domeniul s\u0103n\u0103t\u0103\u021bii poate ajuta la determinarea celei mai potrivite op\u021biuni pe baza nevoilor individuale de s\u0103n\u0103tate \u0219i a preferin\u021belor stilului de via\u021b\u0103.<\/p>\n<h2>Sfaturi de diet\u0103 pentru a \u00eembun\u0103t\u0103\u021bi eficacitatea ajutorului pentru sl\u0103bire<\/h2>\n<p>Dieta joac\u0103 un rol esen\u021bial \u00een succesul ajutoarelor pentru pierderea \u00een greutate. Pentru cei care folosesc orlistat, o diet\u0103 cu con\u021binut sc\u0103zut de gr\u0103simi este esen\u021bial\u0103 pentru a minimiza efectele secundare \u0219i pentru a spori eficacitatea medicamentului. \u00cencorporarea a numeroase fructe, legume \u0219i cereale integrale poate ajuta la men\u021binerea unei diete echilibrate, reduc\u00e2nd \u00een acela\u0219i timp aportul de gr\u0103simi.<\/p>\n<p>Pentru utilizatorii de GLP-1, concentrarea asupra <a href=\"https:\/\/incredere-farmacie.org\/\">\u00cencredere Farmacie<\/a> controlului por\u021biilor \u0219i a meselor echilibrate poate ajuta \u0219i mai mult pierderea \u00een greutate. Deoarece aceste medicamente ajut\u0103 la controlul apetitului, este un moment oportun pentru a stabili obiceiuri alimentare s\u0103n\u0103toase. Sublinierea proteinelor \u0219i fibrelor poate ajuta la men\u021binerea sa\u021biet\u0103\u021bii \u0219i poate sus\u021bine obiectivele generale de gestionare a greut\u0103\u021bii.<\/p>\n<h2>Recomand\u0103ri de exerci\u021bii pentru pierderea \u00een greutate<\/h2>\n<p>Exerci\u021biile fizice sunt piatra de temelie a oric\u0103rui program de sl\u0103bire, complet\u00e2nd efectele ajutoarelor farmacologice precum orlistat \u0219i GLP-1. Activitatea fizic\u0103 regulat\u0103 nu numai c\u0103 ajut\u0103 la arderea caloriilor, ci \u0219i \u00eembun\u0103t\u0103\u021be\u0219te s\u0103n\u0103tatea cardiovascular\u0103 \u0219i \u00eembun\u0103t\u0103\u021be\u0219te starea de spirit, f\u0103c\u00e2nd-o parte integrant\u0103 a unei strategii holistice de pierdere \u00een greutate.<\/p>\n<p>Pentru cei care nu fac exerci\u021bii fizice, \u00eenceperea cu activit\u0103\u021bi de intensitate moderat\u0103, cum ar fi mersul pe jos sau mersul cu bicicleta poate fi benefic. Pe m\u0103sur\u0103 ce nivelul de fitness se \u00eembun\u0103t\u0103\u021be\u0219te, includerea antrenamentului de for\u021b\u0103 \u0219i a exerci\u021biilor cu intervale poate stimula \u0219i mai mult metabolismul \u0219i poate ajuta la men\u021binerea masei musculare slabe, care este crucial\u0103 pentru pierderea sus\u021binut\u0103 \u00een greutate.<\/p>\n<h2>Ghid pas cu pas pentru comandarea ajutoarelor pentru pierderea \u00een greutate<\/h2>\n<p>Comandarea de ajutoare pentru pierderea \u00een greutate, cum ar fi orlistat \u0219i GLP-1, \u00eencepe de obicei cu o consultare cu un furnizor de asisten\u021b\u0103 medical\u0103 pentru a determina adecvarea \u0219i pentru a ob\u021bine o re\u021bet\u0103. Odat\u0103 prescrise, aceste medicamente pot fi comandate online sau printr-o farmacie local\u0103, oferind confort \u0219i discre\u021bie utilizatorilor.<\/p>\n<p>C\u00e2nd comanda\u021bi online, asigura\u021bi-v\u0103 c\u0103 farmacia este reputat\u0103 \u0219i autorizat\u0103 s\u0103 elibereze medicamente pe baz\u0103 de re\u021bet\u0103. Urm\u00e2nd instruc\u021biunile farmaciei pentru plasarea unei comenzi, inclusiv furnizarea documenta\u021biei necesare \u0219i a detaliilor de prescrip\u021bie, va ajuta la eficientizarea procesului. Majoritatea platformelor ofer\u0103 asisten\u021b\u0103 pentru clien\u021bi pentru a ajuta cu orice \u00eentreb\u0103ri \u00een timpul procesului de comand\u0103.<\/p>\n<h2>Op\u021biuni de livrare pentru ajutoare pentru pierderea \u00een greutate<\/h2>\n<p>Op\u021biunile de livrare pentru ajutoare pentru sl\u0103bire sunt variate, multe farmacii oferind servicii de livrare la domiciliu pentru a asigura confortul \u0219i confiden\u021bialitatea. Timpul standard de livrare poate varia de la c\u00e2teva zile la o s\u0103pt\u0103m\u00e2n\u0103, \u00een func\u021bie de loca\u021bie \u0219i de serviciul ales.<\/p>\n<p>Pentru cei care necesit\u0103 livrare mai rapid\u0103, op\u021biunile de expediere expres sunt adesea disponibile la un cost suplimentar. Unele servicii ofer\u0103 \u0219i modele de abonament pentru expedieri regulate, asigur\u00e2ndu-se c\u0103 utilizatorii nu r\u0103m\u00e2n niciodat\u0103 f\u0103r\u0103 medicamente. Este esen\u021bial s\u0103 urm\u0103ri\u021bi livr\u0103rile pentru a asigura primirea la timp \u0219i depozitarea adecvat\u0103 a medicamentelor la sosire.<\/p>\n<h2>Siguran\u021ba \u0219i efectele secundare ale Orlistat<\/h2>\n<p>\u00cen timp ce orlistatul este \u00een general bine tolerat, utilizatorii ar trebui s\u0103 fie con\u0219tien\u021bi de poten\u021bialele efecte secundare, \u00een primul r\u00e2nd legate de mecanismul s\u0103u de blocare a gr\u0103similor. Efectele secundare frecvente includ probleme gastrointestinale, cum ar fi scaunele grase \u0219i flatulen\u021ba, care sunt adesea gestionabile cu ajust\u0103ri ale dietei.<\/p>\n<p>Utilizarea pe termen lung a orlistat poate necesita monitorizarea nivelurilor de vitamine liposolubile, deoarece medicamentul poate reduce absorb\u021bia acestora. Suplimentarea cu vitaminele A, D, E \u0219i K poate fi recomandat\u0103 pentru a preveni deficien\u021bele. Urm\u0103rirea regulat\u0103 a unui furnizor de asisten\u021b\u0103 medical\u0103 este esen\u021bial\u0103 pentru a monitoriza starea de s\u0103n\u0103tate \u0219i pentru a ajusta tratamentul dup\u0103 cum este necesar.<\/p>\n<h2>GLP-1: Riscuri \u0219i beneficii poten\u021biale<\/h2>\n<p>Agoni\u0219tii receptorilor GLP-1 ofer\u0103 beneficii semnificative pentru gestionarea greut\u0103\u021bii \u0219i controlul glicemic, dar au \u0219i riscuri poten\u021biale. Reac\u021biile adverse frecvente includ grea\u021b\u0103, diaree \u0219i v\u0103rs\u0103turi, care tind s\u0103 scad\u0103 \u00een timp pe m\u0103sur\u0103 ce organismul se adapteaz\u0103 la medicamente.<\/p>\n<p>Reac\u021bii adverse mai grave, dar rare, pot include pancreatit\u0103 \u0219i probleme ale vezicii biliare. Este esen\u021bial ca utilizatorii s\u0103 fie con\u0219tien\u021bi de aceste riscuri \u0219i s\u0103 raporteze prompt orice simptom neobi\u0219nuit furnizorului lor de asisten\u021b\u0103 medical\u0103. \u00cen ciuda acestor riscuri poten\u021biale, beneficiile GLP-1 \u00een ob\u021binerea pierderii \u00een greutate \u0219i \u00eembun\u0103t\u0103\u021birea s\u0103n\u0103t\u0103\u021bii metabolice sunt substan\u021biale pentru mul\u021bi utilizatori.<\/p>\n<h2>Combin\u00e2nd dieta \u0219i exerci\u021biile fizice cu ajutoare pentru pierderea \u00een greutate<\/h2>\n<p>Integrarea dietei \u0219i a exerci\u021biilor fizice cu utilizarea de ajutoare pentru pierderea \u00een greutate, cum ar fi orlistat \u0219i GLP-1, poate \u00eembun\u0103t\u0103\u021bi semnificativ rezultatele. Aceste modific\u0103ri ale stilului de via\u021b\u0103 abordeaz\u0103 cauzele fundamentale ale cre\u0219terii \u00een greutate \u0219i ajut\u0103 la sus\u021binerea pierderii \u00een greutate pe termen lung, dincolo de ceea ce poate ob\u021bine numai medicamentele.<\/p>\n<p>Stabilirea de obiective realiste \u0219i implementarea treptat\u0103 a schimb\u0103rilor \u00een alimenta\u021bie \u0219i activitate fizic\u0103 poate duce la obiceiuri durabile. Sprijinul din partea profesioni\u0219tilor, cum ar fi dieteticienii \u0219i antrenorii personali, poate oferi \u00eendrum\u0103ri \u0219i motiva\u021bii suplimentare, asigur\u00e2nd c\u0103 indivizii r\u0103m\u00e2n angaja\u021bi \u00een c\u0103l\u0103toriile lor de sl\u0103bire.<\/p>\n<h2>\u00centreb\u0103ri frecvente despre ajutoarele pentru pierderea \u00een greutate \u0219i utilizarea lor<\/h2>\n<p>Mul\u021bi oameni au \u00eentreb\u0103ri cu privire la utilizarea ajutoarelor pentru pierderea \u00een greutate precum orlistat \u0219i GLP-1. \u00centreb\u0103rile frecvente includ preocup\u0103ri cu privire la efectele secundare, durata tratamentului \u0219i interac\u021biunile cu alte medicamente. Abordarea acestor \u00eentreb\u0103ri cu informa\u021bii corecte poate atenua preocup\u0103rile \u0219i poate promova luarea deciziilor \u00een cuno\u0219tin\u021b\u0103 de cauz\u0103.<\/p>\n<p>O alt\u0103 \u00eentrebare frecvent\u0103 este despre poten\u021bialul de rec\u0103p\u0103tare \u00een greutate dup\u0103 \u00eentreruperea tratamentului. Este important s\u0103 subliniem rolul schimb\u0103rilor stilului de via\u021b\u0103 \u00een men\u021binerea pierderii \u00een greutate, deoarece medicamentele sunt de obicei cele mai eficiente atunci c\u00e2nd sunt utilizate ca parte a unui plan cuprinz\u0103tor de gestionare a greut\u0103\u021bii.<\/p>\n<h2>M\u0103rturii: Pove\u0219ti de succes cu ajutorul nostru pentru sl\u0103bit<\/h2>\n<p>Mul\u021bi utilizatori au ob\u021binut un succes semnificativ \u00een pierderea \u00een greutate cu ajutorul orlistatului \u0219i GLP-1. Aceste m\u0103rturii eviden\u021biaz\u0103 impactul transformator pe care aceste medicamente, combinate cu dieta \u0219i exerci\u021biile fizice, \u00eel pot avea asupra vie\u021bii indivizilor. Pove\u0219tile subliniaz\u0103 adesea valorile \u00eembun\u0103t\u0103\u021bite ale s\u0103n\u0103t\u0103\u021bii, nivelurile crescute de energie \u0219i \u00eencrederea \u00een sine sporit\u0103.<\/p>\n<p>De exemplu, un utilizator a raportat c\u0103 a sl\u0103bit peste 15 kilograme \u00een decurs de \u0219ase luni de la \u00eenceperea terapiei cu GLP-1, al\u0103turi de adoptarea unei diet\u0103 echilibrat\u0103 \u0219i a unei rutine regulate de exerci\u021bii fizice. Astfel de pove\u0219ti de succes pot servi drept motiva\u021bie \u0219i inspira\u021bie pentru al\u021bii care iau \u00een considerare sau folosesc \u00een prezent ajutoare pentru sl\u0103bire.<\/p>\n<h2>Sfaturi ale exper\u021bilor pentru men\u021binerea pierderii \u00een greutate<\/h2>\n<p>Men\u021binerea pierderii \u00een greutate necesit\u0103 un angajament continuu \u0219i ajust\u0103ri ale stilului de via\u021b\u0103. Exper\u021bii recomand\u0103 continuarea cu obiceiurile alimentare \u0219i de exerci\u021bii fizice dezvoltate \u00een timpul fazei de sl\u0103bire pentru a preveni rec\u0103p\u0103tarea \u00een greutate. Consecven\u021ba este esen\u021bial\u0103, \u00eempreun\u0103 cu reevaluarea periodic\u0103 a obiectivelor \u0219i strategiilor.<\/p>\n<p>\u00cen plus, a r\u0103m\u00e2ne informat cu privire la tendin\u021bele de nutri\u021bie \u0219i fitness poate oferi idei noi \u0219i poate men\u021bine un nivel ridicat de motiva\u021bie. Implicarea cu grupuri de sprijin sau comunit\u0103\u021bi de gestionare a greut\u0103\u021bii poate oferi \u00eencurajare \u0219i responsabilitate, sprijinind \u0219i mai mult succesul pe termen lung \u00een men\u021binerea unei greut\u0103\u021bi s\u0103n\u0103toase.<\/p>\n<h2>Servicii de asisten\u021b\u0103 pentru clien\u021bi \u0219i \u00eengrijire ulterioar\u0103<\/h2>\n<p>Serviciile eficiente de asisten\u021b\u0103 pentru clien\u021bi \u0219i de \u00eengrijire ulterioar\u0103 sunt componente esen\u021biale ale unei experien\u021be pozitive cu ajutorul ajutoarelor pentru pierderea \u00een greutate. Multe farmacii \u0219i furnizori de servicii medicale ofer\u0103 linii de asisten\u021b\u0103 dedicate pentru a r\u0103spunde \u00eentreb\u0103rilor \u0219i preocup\u0103rilor utilizatorilor, asigur\u00e2ndu-se c\u0103 indivizii primesc \u00eendrumarea de care au nevoie pe parcursul c\u0103l\u0103toriei lor de sl\u0103bire.<\/p>\n<p>Serviciile de \u00eengrijire ulterioar\u0103 pot include consulta\u021bii ulterioare, acces la resurse online \u0219i monitorizarea continu\u0103 a progresului \u00een s\u0103n\u0103tate. Aceste servicii \u00eei ajut\u0103 pe utilizatori s\u0103 se simt\u0103 sprijini\u021bi \u0219i conecta\u021bi, oferind asigur\u0103ri c\u0103 ajutorul exper\u021bilor este disponibil oric\u00e2nd este necesar.<\/p>\n","protected":false},"excerpt":{"rendered":"<p>Ajutoare pentru pierderea \u00een greutate pe care le vindem: orlistat, GLP-1, diet\u0103 &amp; sfaturi pentru exerci\u021bii: comanda \u0219i livrare pas cu pas Explora\u021bi un ghid cuprinz\u0103tor al ajutoarelor pentru pierderea \u00een greutate, inclusiv orlistat \u0219i GLP-1, al\u0103turi de sfaturi esen\u021biale pentru diet\u0103 \u0219i exerci\u021bii fizice, cu accent pe procesele de comand\u0103 \u0219i livrare. Prezentare general\u0103 &hellip; <a href=\"http:\/\/sabeono.com\/?page_id=1004\" class=\"more-link\">Continue reading <span class=\"screen-reader-text\">Prezentare general\u0103 a ajutoarelor disponibile pentru pierderea \u00een greutate<\/span> <span class=\"meta-nav\">&rarr;<\/span><\/a><\/p>\n","protected":false},"author":1,"featured_media":0,"parent":0,"menu_order":0,"comment_status":"closed","ping_status":"closed","template":"","meta":{"footnotes":""},"_links":{"self":[{"href":"http:\/\/sabeono.com\/index.php?rest_route=\/wp\/v2\/pages\/1004"}],"collection":[{"href":"http:\/\/sabeono.com\/index.php?rest_route=\/wp\/v2\/pages"}],"about":[{"href":"http:\/\/sabeono.com\/index.php?rest_route=\/wp\/v2\/types\/page"}],"author":[{"embeddable":true,"href":"http:\/\/sabeono.com\/index.php?rest_route=\/wp\/v2\/users\/1"}],"replies":[{"embeddable":true,"href":"http:\/\/sabeono.com\/index.php?rest_route=%2Fwp%2Fv2%2Fcomments&post=1004"}],"version-history":[{"count":1,"href":"http:\/\/sabeono.com\/index.php?rest_route=\/wp\/v2\/pages\/1004\/revisions"}],"predecessor-version":[{"id":1005,"href":"http:\/\/sabeono.com\/index.php?rest_route=\/wp\/v2\/pages\/1004\/revisions\/1005"}],"wp:attachment":[{"href":"http:\/\/sabeono.com\/index.php?rest_route=%2Fwp%2Fv2%2Fmedia&parent=1004"}],"curies":[{"name":"wp","href":"https:\/\/api.w.org\/{rel}","templated":true}]}}